{"id":100,"date":"2026-03-23T07:09:42","date_gmt":"2026-03-23T07:09:42","guid":{"rendered":"https:\/\/beoshop.azdigi.shop\/?page_id=100"},"modified":"2026-03-23T07:10:20","modified_gmt":"2026-03-23T07:10:20","slug":"chinh-sach-van","status":"publish","type":"page","link":"https:\/\/beoshop.azdigi.shop\/index.php\/chinh-sach-van\/","title":{"rendered":"Ch\u00ednh s\u00e1ch v\u1eadn chuy\u1ec3n"},"content":{"rendered":"<p><strong>CH\u00cdNH S\u00c1CH V\u1eacN CHUY\u1ec2N \u2013 BEO\u2019S SHOP<\/strong><\/p>\n<p>Beo\u2019s Shop lu\u00f4n n\u1ed7 l\u1ef1c mang \u0111\u1ebfn d\u1ecbch v\u1ee5 giao h\u00e0ng nhanh ch\u00f3ng, an to\u00e0n v\u00e0 ti\u1ec7n l\u1ee3i cho kh\u00e1ch h\u00e0ng tr\u00ean to\u00e0n qu\u1ed1c.<\/p>\n<hr \/>\n<p><strong>1. Ph\u1ea1m vi giao h\u00e0ng<\/strong><\/p>\n<ul>\n<li>Beo\u2019s Shop h\u1ed7 tr\u1ee3 giao h\u00e0ng <strong>to\u00e0n qu\u1ed1c<\/strong><\/li>\n<li>Nh\u1eadn \u0111\u01a1n h\u00e0ng 24\/7 qua website v\u00e0 c\u00e1c k\u00eanh li\u00ean h\u1ec7<\/li>\n<\/ul>\n<hr \/>\n<p><strong>2. Th\u1eddi gian giao h\u00e0ng<\/strong><\/p>\n<ul>\n<li><strong>N\u1ed9i th\u00e0nh TP. H\u1ed3 Ch\u00ed Minh:<\/strong> 1 \u2013 2 ng\u00e0y l\u00e0m vi\u1ec7c<\/li>\n<li><strong>C\u00e1c khu v\u1ef1c kh\u00e1c:<\/strong> 2 \u2013 5 ng\u00e0y l\u00e0m vi\u1ec7c (t\u00f9y khu v\u1ef1c)<\/li>\n<\/ul>\n<p><em>L\u01b0u \u00fd:<\/em> Th\u1eddi gian c\u00f3 th\u1ec3 thay \u0111\u1ed5i do \u0111i\u1ec1u ki\u1ec7n th\u1eddi ti\u1ebft, l\u1ec5 T\u1ebft ho\u1eb7c \u0111\u01a1n v\u1ecb v\u1eadn chuy\u1ec3n.<\/p>\n<hr \/>\n<p><strong>3. Ph\u00ed v\u1eadn chuy\u1ec3n<\/strong><\/p>\n<ul>\n<li>Ph\u00ed giao h\u00e0ng \u0111\u01b0\u1ee3c t\u00ednh d\u1ef1a tr\u00ean:\n<ul>\n<li>Khu v\u1ef1c nh\u1eadn h\u00e0ng<\/li>\n<li>Kh\u1ed1i l\u01b0\u1ee3ng v\u00e0 k\u00edch th\u01b0\u1edbc \u0111\u01a1n h\u00e0ng<\/li>\n<\/ul>\n<\/li>\n<li>Beo\u2019s Shop c\u00f3 th\u1ec3 \u00e1p d\u1ee5ng <strong>mi\u1ec5n ph\u00ed v\u1eadn chuy\u1ec3n<\/strong> cho c\u00e1c \u0111\u01a1n h\u00e0ng \u0111\u1ee7 \u0111i\u1ec1u ki\u1ec7n theo ch\u01b0\u01a1ng tr\u00ecnh khuy\u1ebfn m\u00e3i<\/li>\n<\/ul>\n<hr \/>\n<p><strong>4. Ki\u1ec3m tra h\u00e0ng khi nh\u1eadn<\/strong><\/p>\n<ul>\n<li>Kh\u00e1ch h\u00e0ng \u0111\u01b0\u1ee3c ki\u1ec3m tra s\u1ea3n ph\u1ea9m tr\u01b0\u1edbc khi thanh to\u00e1n (n\u1ebfu \u0111\u01a1n v\u1ecb v\u1eadn chuy\u1ec3n h\u1ed7 tr\u1ee3)<\/li>\n<li>N\u1ebfu ph\u00e1t hi\u1ec7n s\u1ea3n ph\u1ea9m b\u1ecb l\u1ed7i, h\u01b0 h\u1ecfng, vui l\u00f2ng t\u1eeb ch\u1ed1i nh\u1eadn h\u00e0ng v\u00e0 li\u00ean h\u1ec7 ngay v\u1edbi Beo\u2019s Shop<\/li>\n<\/ul>\n<hr \/>\n<p><strong>5. Tr\u00e1ch nhi\u1ec7m giao nh\u1eadn<\/strong><\/p>\n<ul>\n<li>Beo\u2019s Shop ch\u1ecbu tr\u00e1ch nhi\u1ec7m v\u1edbi \u0111\u01a1n h\u00e0ng cho \u0111\u1ebfn khi kh\u00e1ch nh\u1eadn \u0111\u1ee7 v\u00e0 \u0111\u00fang s\u1ea3n ph\u1ea9m<\/li>\n<li>Trong tr\u01b0\u1eddng h\u1ee3p ph\u00e1t sinh ch\u1eadm tr\u1ec5, shop s\u1ebd ch\u1ee7 \u0111\u1ed9ng th\u00f4ng b\u00e1o \u0111\u1ebfn kh\u00e1ch h\u00e0ng<\/li>\n<\/ul>\n<hr \/>\n<p><strong>6. Th\u00f4ng tin li\u00ean h\u1ec7<\/strong><\/p>\n<ul>\n<li>Hotline: <strong>0765 289 683<\/strong><\/li>\n<li>Email: <strong><a href=\"mailto:phanngbichtram@gmail.com\">phanngbichtram@gmail.com<\/a><\/strong><\/li>\n<\/ul>\n<hr \/>\n<p>Beo\u2019s Shop lu\u00f4n c\u1ed1 g\u1eafng c\u1ea3i thi\u1ec7n ch\u1ea5t l\u01b0\u1ee3ng d\u1ecbch v\u1ee5 \u0111\u1ec3 mang \u0111\u1ebfn tr\u1ea3i nghi\u1ec7m mua s\u1eafm t\u1ed1t nh\u1ea5t cho kh\u00e1ch h\u00e0ng.<\/p>\n<p>Xin ch\u00e2n th\u00e0nh c\u1ea3m \u01a1n!<\/p>\n","protected":false},"excerpt":{"rendered":"<p>CH\u00cdNH S\u00c1CH V\u1eacN CHUY\u1ec2N \u2013 BEO\u2019S SHOP Beo\u2019s Shop lu\u00f4n n\u1ed7 l\u1ef1c mang \u0111\u1ebfn d\u1ecbch v\u1ee5 giao h\u00e0ng nhanh ch\u00f3ng, an to\u00e0n v\u00e0 ti\u1ec7n l\u1ee3i cho kh\u00e1ch h\u00e0ng tr\u00ean to\u00e0n qu\u1ed1c. 1. Ph\u1ea1m vi giao h\u00e0ng Beo\u2019s Shop h\u1ed7 tr\u1ee3 giao h\u00e0ng to\u00e0n qu\u1ed1c Nh\u1eadn \u0111\u01a1n h\u00e0ng 24\/7 qua website v\u00e0 c\u00e1c k\u00eanh li\u00ean h\u1ec7 [&#8230;]\n","protected":false},"author":1,"featured_media":0,"parent":0,"menu_order":0,"comment_status":"closed","ping_status":"closed","template":"","meta":{"footnotes":""},"class_list":["post-100","page","type-page","status-publish","hentry"],"yoast_head":"<!-- This site is optimized with the Yoast SEO plugin v27.1.1 - https:\/\/yoast.com\/product\/yoast-seo-wordpress\/ -->\n<title>Ch\u00ednh s\u00e1ch v\u1eadn chuy\u1ec3n - thucung123<\/title>\n<meta name=\"robots\" content=\"index, follow, max-snippet:-1, max-image-preview:large, max-video-preview:-1\" \/>\n<link rel=\"canonical\" href=\"https:\/\/beoshop.azdigi.shop\/index.php\/chinh-sach-van\/\" \/>\n<meta property=\"og:locale\" content=\"vi_VN\" \/>\n<meta property=\"og:type\" content=\"article\" \/>\n<meta property=\"og:title\" content=\"Ch\u00ednh s\u00e1ch v\u1eadn chuy\u1ec3n - thucung123\" \/>\n<meta property=\"og:description\" content=\"CH\u00cdNH S\u00c1CH V\u1eacN CHUY\u1ec2N \u2013 BEO\u2019S SHOP Beo\u2019s Shop lu\u00f4n n\u1ed7 l\u1ef1c mang \u0111\u1ebfn d\u1ecbch v\u1ee5 giao h\u00e0ng nhanh ch\u00f3ng, an to\u00e0n v\u00e0 ti\u1ec7n l\u1ee3i cho kh\u00e1ch h\u00e0ng tr\u00ean to\u00e0n qu\u1ed1c. 1. Ph\u1ea1m vi giao h\u00e0ng Beo\u2019s Shop h\u1ed7 tr\u1ee3 giao h\u00e0ng to\u00e0n qu\u1ed1c Nh\u1eadn \u0111\u01a1n h\u00e0ng 24\/7 qua website v\u00e0 c\u00e1c k\u00eanh li\u00ean h\u1ec7 [...]\" \/>\n<meta property=\"og:url\" content=\"https:\/\/beoshop.azdigi.shop\/index.php\/chinh-sach-van\/\" \/>\n<meta property=\"og:site_name\" content=\"thucung123\" \/>\n<meta property=\"article:modified_time\" content=\"2026-03-23T07:10:20+00:00\" \/>\n<meta name=\"twitter:card\" content=\"summary_large_image\" \/>\n<meta name=\"twitter:label1\" content=\"\u01af\u1edbc t\u00ednh th\u1eddi gian \u0111\u1ecdc\" \/>\n\t<meta name=\"twitter:data1\" content=\"2 ph\u00fat\" \/>\n<script type=\"application\/ld+json\" class=\"yoast-schema-graph\">{\"@context\":\"https:\/\/schema.org\",\"@graph\":[{\"@type\":\"WebPage\",\"@id\":\"https:\/\/beoshop.azdigi.shop\/index.php\/chinh-sach-van\/\",\"url\":\"https:\/\/beoshop.azdigi.shop\/index.php\/chinh-sach-van\/\",\"name\":\"Ch\u00ednh s\u00e1ch v\u1eadn chuy\u1ec3n - thucung123\",\"isPartOf\":{\"@id\":\"https:\/\/beoshop.azdigi.shop\/#website\"},\"datePublished\":\"2026-03-23T07:09:42+00:00\",\"dateModified\":\"2026-03-23T07:10:20+00:00\",\"breadcrumb\":{\"@id\":\"https:\/\/beoshop.azdigi.shop\/index.php\/chinh-sach-van\/#breadcrumb\"},\"inLanguage\":\"vi\",\"potentialAction\":[{\"@type\":\"ReadAction\",\"target\":[\"https:\/\/beoshop.azdigi.shop\/index.php\/chinh-sach-van\/\"]}]},{\"@type\":\"BreadcrumbList\",\"@id\":\"https:\/\/beoshop.azdigi.shop\/index.php\/chinh-sach-van\/#breadcrumb\",\"itemListElement\":[{\"@type\":\"ListItem\",\"position\":1,\"name\":\"Trang ch\u1ee7\",\"item\":\"https:\/\/beoshop.azdigi.shop\/\"},{\"@type\":\"ListItem\",\"position\":2,\"name\":\"Ch\u00ednh s\u00e1ch v\u1eadn chuy\u1ec3n\"}]},{\"@type\":\"WebSite\",\"@id\":\"https:\/\/beoshop.azdigi.shop\/#website\",\"url\":\"https:\/\/beoshop.azdigi.shop\/\",\"name\":\"thucung123\",\"description\":\"\",\"publisher\":{\"@id\":\"https:\/\/beoshop.azdigi.shop\/#organization\"},\"potentialAction\":[{\"@type\":\"SearchAction\",\"target\":{\"@type\":\"EntryPoint\",\"urlTemplate\":\"https:\/\/beoshop.azdigi.shop\/?s={search_term_string}\"},\"query-input\":{\"@type\":\"PropertyValueSpecification\",\"valueRequired\":true,\"valueName\":\"search_term_string\"}}],\"inLanguage\":\"vi\"},{\"@type\":\"Organization\",\"@id\":\"https:\/\/beoshop.azdigi.shop\/#organization\",\"name\":\"thucung123\",\"url\":\"https:\/\/beoshop.azdigi.shop\/\",\"logo\":{\"@type\":\"ImageObject\",\"inLanguage\":\"vi\",\"@id\":\"https:\/\/beoshop.azdigi.shop\/#\/schema\/logo\/image\/\",\"url\":\"https:\/\/beoshop.azdigi.shop\/wp-content\/uploads\/2026\/03\/Black-and-White-Simple-Cat-Pet-Accessories-Logo.png\",\"contentUrl\":\"https:\/\/beoshop.azdigi.shop\/wp-content\/uploads\/2026\/03\/Black-and-White-Simple-Cat-Pet-Accessories-Logo.png\",\"width\":2000,\"height\":2000,\"caption\":\"thucung123\"},\"image\":{\"@id\":\"https:\/\/beoshop.azdigi.shop\/#\/schema\/logo\/image\/\"}}]}<\/script>\n<!-- \/ Yoast SEO plugin. -->","yoast_head_json":{"title":"Ch\u00ednh s\u00e1ch v\u1eadn chuy\u1ec3n - thucung123","robots":{"index":"index","follow":"follow","max-snippet":"max-snippet:-1","max-image-preview":"max-image-preview:large","max-video-preview":"max-video-preview:-1"},"canonical":"https:\/\/beoshop.azdigi.shop\/index.php\/chinh-sach-van\/","og_locale":"vi_VN","og_type":"article","og_title":"Ch\u00ednh s\u00e1ch v\u1eadn chuy\u1ec3n - thucung123","og_description":"CH\u00cdNH S\u00c1CH V\u1eacN CHUY\u1ec2N \u2013 BEO\u2019S SHOP Beo\u2019s Shop lu\u00f4n n\u1ed7 l\u1ef1c mang \u0111\u1ebfn d\u1ecbch v\u1ee5 giao h\u00e0ng nhanh ch\u00f3ng, an to\u00e0n v\u00e0 ti\u1ec7n l\u1ee3i cho kh\u00e1ch h\u00e0ng tr\u00ean to\u00e0n qu\u1ed1c. 1. Ph\u1ea1m vi giao h\u00e0ng Beo\u2019s Shop h\u1ed7 tr\u1ee3 giao h\u00e0ng to\u00e0n qu\u1ed1c Nh\u1eadn \u0111\u01a1n h\u00e0ng 24\/7 qua website v\u00e0 c\u00e1c k\u00eanh li\u00ean h\u1ec7 [...]","og_url":"https:\/\/beoshop.azdigi.shop\/index.php\/chinh-sach-van\/","og_site_name":"thucung123","article_modified_time":"2026-03-23T07:10:20+00:00","twitter_card":"summary_large_image","twitter_misc":{"\u01af\u1edbc t\u00ednh th\u1eddi gian \u0111\u1ecdc":"2 ph\u00fat"},"schema":{"@context":"https:\/\/schema.org","@graph":[{"@type":"WebPage","@id":"https:\/\/beoshop.azdigi.shop\/index.php\/chinh-sach-van\/","url":"https:\/\/beoshop.azdigi.shop\/index.php\/chinh-sach-van\/","name":"Ch\u00ednh s\u00e1ch v\u1eadn chuy\u1ec3n - thucung123","isPartOf":{"@id":"https:\/\/beoshop.azdigi.shop\/#website"},"datePublished":"2026-03-23T07:09:42+00:00","dateModified":"2026-03-23T07:10:20+00:00","breadcrumb":{"@id":"https:\/\/beoshop.azdigi.shop\/index.php\/chinh-sach-van\/#breadcrumb"},"inLanguage":"vi","potentialAction":[{"@type":"ReadAction","target":["https:\/\/beoshop.azdigi.shop\/index.php\/chinh-sach-van\/"]}]},{"@type":"BreadcrumbList","@id":"https:\/\/beoshop.azdigi.shop\/index.php\/chinh-sach-van\/#breadcrumb","itemListElement":[{"@type":"ListItem","position":1,"name":"Trang ch\u1ee7","item":"https:\/\/beoshop.azdigi.shop\/"},{"@type":"ListItem","position":2,"name":"Ch\u00ednh s\u00e1ch v\u1eadn chuy\u1ec3n"}]},{"@type":"WebSite","@id":"https:\/\/beoshop.azdigi.shop\/#website","url":"https:\/\/beoshop.azdigi.shop\/","name":"thucung123","description":"","publisher":{"@id":"https:\/\/beoshop.azdigi.shop\/#organization"},"potentialAction":[{"@type":"SearchAction","target":{"@type":"EntryPoint","urlTemplate":"https:\/\/beoshop.azdigi.shop\/?s={search_term_string}"},"query-input":{"@type":"PropertyValueSpecification","valueRequired":true,"valueName":"search_term_string"}}],"inLanguage":"vi"},{"@type":"Organization","@id":"https:\/\/beoshop.azdigi.shop\/#organization","name":"thucung123","url":"https:\/\/beoshop.azdigi.shop\/","logo":{"@type":"ImageObject","inLanguage":"vi","@id":"https:\/\/beoshop.azdigi.shop\/#\/schema\/logo\/image\/","url":"https:\/\/beoshop.azdigi.shop\/wp-content\/uploads\/2026\/03\/Black-and-White-Simple-Cat-Pet-Accessories-Logo.png","contentUrl":"https:\/\/beoshop.azdigi.shop\/wp-content\/uploads\/2026\/03\/Black-and-White-Simple-Cat-Pet-Accessories-Logo.png","width":2000,"height":2000,"caption":"thucung123"},"image":{"@id":"https:\/\/beoshop.azdigi.shop\/#\/schema\/logo\/image\/"}}]}},"_links":{"self":[{"href":"https:\/\/beoshop.azdigi.shop\/index.php\/wp-json\/wp\/v2\/pages\/100","targetHints":{"allow":["GET"]}}],"collection":[{"href":"https:\/\/beoshop.azdigi.shop\/index.php\/wp-json\/wp\/v2\/pages"}],"about":[{"href":"https:\/\/beoshop.azdigi.shop\/index.php\/wp-json\/wp\/v2\/types\/page"}],"author":[{"embeddable":true,"href":"https:\/\/beoshop.azdigi.shop\/index.php\/wp-json\/wp\/v2\/users\/1"}],"replies":[{"embeddable":true,"href":"https:\/\/beoshop.azdigi.shop\/index.php\/wp-json\/wp\/v2\/comments?post=100"}],"version-history":[{"count":2,"href":"https:\/\/beoshop.azdigi.shop\/index.php\/wp-json\/wp\/v2\/pages\/100\/revisions"}],"predecessor-version":[{"id":102,"href":"https:\/\/beoshop.azdigi.shop\/index.php\/wp-json\/wp\/v2\/pages\/100\/revisions\/102"}],"wp:attachment":[{"href":"https:\/\/beoshop.azdigi.shop\/index.php\/wp-json\/wp\/v2\/media?parent=100"}],"curies":[{"name":"wp","href":"https:\/\/api.w.org\/{rel}","templated":true}]}}