{"id":389,"date":"2026-04-12T10:02:23","date_gmt":"2026-04-12T10:02:23","guid":{"rendered":"https:\/\/beoshop.azdigi.shop\/?page_id=389"},"modified":"2026-04-16T05:53:34","modified_gmt":"2026-04-16T05:53:34","slug":"silver-spoon","status":"publish","type":"page","link":"https:\/\/beoshop.azdigi.shop\/index.php\/silver-spoon\/","title":{"rendered":"Silver Spoon"},"content":{"rendered":"\n  <div class=\"banner has-hover\" id=\"banner-20122119\">\n          <div class=\"banner-inner fill\">\n        <div class=\"banner-bg fill\" >\n            <div class=\"bg fill bg-fill \"><\/div>\n                        <div class=\"overlay\"><\/div>            \n                    <\/div>\n        <div class=\"banner-layers container\">\n            <div class=\"fill banner-link\"><\/div>            \n   <div id=\"text-box-1980594187\" class=\"text-box banner-layer x90 md-x90 lg-x90 y50 md-y50 lg-y50 res-text\">\n                                <div class=\"text-box-content text dark\">\n              \n              <div class=\"text-inner text-center\">\n                  \n<p>Silver Spoon l\u00e0 th\u01b0\u01a1ng hi\u1ec7u th\u1ee9c \u0103n cao c\u1ea5p cho th\u00fa c\u01b0ng ch\u1ee9a \u0111\u1ea7y t\u00ecnh y\u00eau th\u01b0\u01a1ng, v\u1edbi hy v\u1ecdng m\u00e8o c\u01b0ng c\u1ee7a b\u1ea1n s\u1ebd \u0103n ngon m\u1ed7i ng\u00e0y v\u00e0 lu\u00f4n h\u1ea1nh ph\u00fac.<\/p>\n              <\/div>\n           <\/div>\n                            \n<style>\n#text-box-1980594187 {\n  width: 60%;\n}\n#text-box-1980594187 .text-box-content {\n  font-size: 100%;\n}\n@media (min-width:550px) {\n  #text-box-1980594187 {\n    width: 40%;\n  }\n}\n<\/style>\n    <\/div>\n \n        <\/div>\n      <\/div>\n\n            \n<style>\n#banner-20122119 {\n  padding-top: 500px;\n}\n#banner-20122119 .bg.bg-loaded {\n  background-image: url(https:\/\/beoshop.azdigi.shop\/wp-content\/uploads\/2026\/04\/356881026_126780117110773_5683197053806388357_n.jpg);\n}\n#banner-20122119 .overlay {\n  background-color: rgba(0, 0, 0, 0.31);\n}\n<\/style>\n  <\/div>\n\n\n<div class=\"is-divider divider clearfix\" style=\"background-color:rgba(242, 224, 224, 0.762);\"><\/div>\n<div class=\"woocommerce columns-4 \"><div class=\"products row row-small large-columns-4 medium-columns-3 small-columns-2\">\n\n<div class=\"product-small col has-hover product type-product post-482 status-publish first instock product_cat-cho product_cat-thuc-an-cho-cho product_cat-thuc-an-hat has-post-thumbnail shipping-taxable purchasable product-type-variable\">\n\t<div class=\"col-inner\">\n\t\n<div class=\"badge-container absolute left top z-1\">\n<\/div>\n\t<div class=\"product-small box \">\n\t\t<div class=\"box-image\">\n\t\t\t<div class=\"image-fade_in_back\">\n\t\t\t\t<a href=\"https:\/\/beoshop.azdigi.shop\/index.php\/san-pham\/hat-cho-cho-truong-thanh-gran-deli-700g\/\" aria-label=\"H\u1ea1t Cho Ch\u00f3 Tr\u01b0\u1edfng Th\u00e0nh Gran Deli 700g\">\n\t\t\t\t\t<img loading=\"lazy\" decoding=\"async\" width=\"300\" height=\"300\" src=\"https:\/\/beoshop.azdigi.shop\/wp-content\/uploads\/2026\/04\/hat-cho-cho-truong-thanh-gran-deli-700g_5-300x300.webp\" class=\"attachment-woocommerce_thumbnail size-woocommerce_thumbnail\" alt=\"H\u1ea1t Cho Ch\u00f3 Tr\u01b0\u1edfng Th\u00e0nh Gran Deli 700g\" srcset=\"https:\/\/beoshop.azdigi.shop\/wp-content\/uploads\/2026\/04\/hat-cho-cho-truong-thanh-gran-deli-700g_5-300x300.webp 300w, https:\/\/beoshop.azdigi.shop\/wp-content\/uploads\/2026\/04\/hat-cho-cho-truong-thanh-gran-deli-700g_5-150x150.webp 150w, https:\/\/beoshop.azdigi.shop\/wp-content\/uploads\/2026\/04\/hat-cho-cho-truong-thanh-gran-deli-700g_5-768x768.webp 768w, https:\/\/beoshop.azdigi.shop\/wp-content\/uploads\/2026\/04\/hat-cho-cho-truong-thanh-gran-deli-700g_5-600x600.webp 600w, https:\/\/beoshop.azdigi.shop\/wp-content\/uploads\/2026\/04\/hat-cho-cho-truong-thanh-gran-deli-700g_5-100x100.webp 100w, https:\/\/beoshop.azdigi.shop\/wp-content\/uploads\/2026\/04\/hat-cho-cho-truong-thanh-gran-deli-700g_5.webp 800w\" sizes=\"auto, (max-width: 300px) 100vw, 300px\" \/><img loading=\"lazy\" decoding=\"async\" width=\"300\" height=\"300\" src=\"https:\/\/beoshop.azdigi.shop\/wp-content\/uploads\/2026\/04\/hat-cho-cho-truong-thanh-gran-deli-700g_5-300x300.webp\" class=\"show-on-hover absolute fill hide-for-small back-image\" alt=\"\" srcset=\"https:\/\/beoshop.azdigi.shop\/wp-content\/uploads\/2026\/04\/hat-cho-cho-truong-thanh-gran-deli-700g_5-300x300.webp 300w, https:\/\/beoshop.azdigi.shop\/wp-content\/uploads\/2026\/04\/hat-cho-cho-truong-thanh-gran-deli-700g_5-150x150.webp 150w, https:\/\/beoshop.azdigi.shop\/wp-content\/uploads\/2026\/04\/hat-cho-cho-truong-thanh-gran-deli-700g_5-768x768.webp 768w, https:\/\/beoshop.azdigi.shop\/wp-content\/uploads\/2026\/04\/hat-cho-cho-truong-thanh-gran-deli-700g_5-600x600.webp 600w, https:\/\/beoshop.azdigi.shop\/wp-content\/uploads\/2026\/04\/hat-cho-cho-truong-thanh-gran-deli-700g_5-100x100.webp 100w, https:\/\/beoshop.azdigi.shop\/wp-content\/uploads\/2026\/04\/hat-cho-cho-truong-thanh-gran-deli-700g_5.webp 800w\" sizes=\"auto, (max-width: 300px) 100vw, 300px\" \/>\t\t\t\t<\/a>\n\t\t\t<\/div>\n\t\t\t<div class=\"image-tools is-small top right show-on-hover\">\n\t\t\t\t\t\t\t<\/div>\n\t\t\t<div class=\"image-tools is-small hide-for-small bottom left show-on-hover\">\n\t\t\t\t\t\t\t<\/div>\n\t\t\t<div class=\"image-tools grid-tools text-center hide-for-small bottom hover-slide-in show-on-hover\">\n\t\t\t\t  <a class=\"quick-view\" data-prod=\"482\" href=\"#quick-view\">Quick View<\/a>\t\t\t<\/div>\n\t\t\t\t\t<\/div>\n\n\t\t<div class=\"box-text box-text-products\">\n\t\t\t<div class=\"title-wrapper\">\t\t<p class=\"category uppercase is-smaller no-text-overflow product-cat op-7\">\n\t\t\tCh\u00f3\t\t<\/p>\n\t<p class=\"name product-title woocommerce-loop-product__title\"><a href=\"https:\/\/beoshop.azdigi.shop\/index.php\/san-pham\/hat-cho-cho-truong-thanh-gran-deli-700g\/\" class=\"woocommerce-LoopProduct-link woocommerce-loop-product__link\">H\u1ea1t Cho Ch\u00f3 Tr\u01b0\u1edfng Th\u00e0nh Gran Deli 700g<\/a><\/p><\/div><div class=\"price-wrapper\">\n\t<span class=\"price\"><span class=\"woocommerce-Price-amount amount\"><bdi>90.000&nbsp;<span class=\"woocommerce-Price-currencySymbol\">&#8363;<\/span><\/bdi><\/span><\/span>\n\n<div class=\"rate\">\n <span class=\"point\">4.9\/5 <i class=\"icon-star\"><\/i><\/span>\n                <span class=\"total-rate\">200 \u0111\u00e1nh gi\u00e1<\/span>\n<\/div>\n\n<\/div>\t\t<\/div>\n\t<\/div>\n\t\t<\/div>\n<\/div>\n\n<div class=\"product-small col has-hover product type-product post-488 status-publish instock product_cat-meo product_cat-thuc-an-cho-meo product_cat-thuc-an-uot-meo has-post-thumbnail shipping-taxable purchasable product-type-variable\">\n\t<div class=\"col-inner\">\n\t\n<div class=\"badge-container absolute left top z-1\">\n<\/div>\n\t<div class=\"product-small box \">\n\t\t<div class=\"box-image\">\n\t\t\t<div class=\"image-fade_in_back\">\n\t\t\t\t<a href=\"https:\/\/beoshop.azdigi.shop\/index.php\/san-pham\/sup-thuong-cho-meo-silver-spoon-100-tu-thi%cc%a3t-ca-tha%cc%a3t-56g\/\" aria-label=\"S\u00fap Th\u01b0\u1edfng Cho M\u00e8o Silver Spoon 100% T\u01b0\u0300 Thi\u0323t Ca\u0301 Th\u00e2\u0323t 56g\">\n\t\t\t\t\t<img loading=\"lazy\" decoding=\"async\" width=\"300\" height=\"300\" src=\"https:\/\/beoshop.azdigi.shop\/wp-content\/uploads\/2026\/04\/sup-thuong-cho-meo-silver-spoon-thailand-56g-4-tuyp-300x300.webp\" class=\"attachment-woocommerce_thumbnail size-woocommerce_thumbnail\" alt=\"S\u00fap Th\u01b0\u1edfng Cho M\u00e8o Silver Spoon 100% T\u01b0\u0300 Thi\u0323t Ca\u0301 Th\u00e2\u0323t 56g\" srcset=\"https:\/\/beoshop.azdigi.shop\/wp-content\/uploads\/2026\/04\/sup-thuong-cho-meo-silver-spoon-thailand-56g-4-tuyp-300x300.webp 300w, https:\/\/beoshop.azdigi.shop\/wp-content\/uploads\/2026\/04\/sup-thuong-cho-meo-silver-spoon-thailand-56g-4-tuyp-150x150.webp 150w, https:\/\/beoshop.azdigi.shop\/wp-content\/uploads\/2026\/04\/sup-thuong-cho-meo-silver-spoon-thailand-56g-4-tuyp-768x768.webp 768w, https:\/\/beoshop.azdigi.shop\/wp-content\/uploads\/2026\/04\/sup-thuong-cho-meo-silver-spoon-thailand-56g-4-tuyp-600x600.webp 600w, https:\/\/beoshop.azdigi.shop\/wp-content\/uploads\/2026\/04\/sup-thuong-cho-meo-silver-spoon-thailand-56g-4-tuyp-100x100.webp 100w, https:\/\/beoshop.azdigi.shop\/wp-content\/uploads\/2026\/04\/sup-thuong-cho-meo-silver-spoon-thailand-56g-4-tuyp.webp 800w\" sizes=\"auto, (max-width: 300px) 100vw, 300px\" \/><img loading=\"lazy\" decoding=\"async\" width=\"300\" height=\"300\" src=\"https:\/\/beoshop.azdigi.shop\/wp-content\/uploads\/2026\/04\/sup-thuong-cho-meo-silver-spoon-thailand-56g-4-tuyp_2-300x300.webp\" class=\"show-on-hover absolute fill hide-for-small back-image\" alt=\"\" srcset=\"https:\/\/beoshop.azdigi.shop\/wp-content\/uploads\/2026\/04\/sup-thuong-cho-meo-silver-spoon-thailand-56g-4-tuyp_2-300x300.webp 300w, https:\/\/beoshop.azdigi.shop\/wp-content\/uploads\/2026\/04\/sup-thuong-cho-meo-silver-spoon-thailand-56g-4-tuyp_2-150x150.webp 150w, https:\/\/beoshop.azdigi.shop\/wp-content\/uploads\/2026\/04\/sup-thuong-cho-meo-silver-spoon-thailand-56g-4-tuyp_2-768x768.webp 768w, https:\/\/beoshop.azdigi.shop\/wp-content\/uploads\/2026\/04\/sup-thuong-cho-meo-silver-spoon-thailand-56g-4-tuyp_2-600x600.webp 600w, https:\/\/beoshop.azdigi.shop\/wp-content\/uploads\/2026\/04\/sup-thuong-cho-meo-silver-spoon-thailand-56g-4-tuyp_2-100x100.webp 100w, https:\/\/beoshop.azdigi.shop\/wp-content\/uploads\/2026\/04\/sup-thuong-cho-meo-silver-spoon-thailand-56g-4-tuyp_2.webp 800w\" sizes=\"auto, (max-width: 300px) 100vw, 300px\" \/>\t\t\t\t<\/a>\n\t\t\t<\/div>\n\t\t\t<div class=\"image-tools is-small top right show-on-hover\">\n\t\t\t\t\t\t\t<\/div>\n\t\t\t<div class=\"image-tools is-small hide-for-small bottom left show-on-hover\">\n\t\t\t\t\t\t\t<\/div>\n\t\t\t<div class=\"image-tools grid-tools text-center hide-for-small bottom hover-slide-in show-on-hover\">\n\t\t\t\t  <a class=\"quick-view\" data-prod=\"488\" href=\"#quick-view\">Quick View<\/a>\t\t\t<\/div>\n\t\t\t\t\t<\/div>\n\n\t\t<div class=\"box-text box-text-products\">\n\t\t\t<div class=\"title-wrapper\">\t\t<p class=\"category uppercase is-smaller no-text-overflow product-cat op-7\">\n\t\t\tM\u00e8o\t\t<\/p>\n\t<p class=\"name product-title woocommerce-loop-product__title\"><a href=\"https:\/\/beoshop.azdigi.shop\/index.php\/san-pham\/sup-thuong-cho-meo-silver-spoon-100-tu-thi%cc%a3t-ca-tha%cc%a3t-56g\/\" class=\"woocommerce-LoopProduct-link woocommerce-loop-product__link\">S\u00fap Th\u01b0\u1edfng Cho M\u00e8o Silver Spoon 100% T\u01b0\u0300 Thi\u0323t Ca\u0301 Th\u00e2\u0323t 56g<\/a><\/p><\/div><div class=\"price-wrapper\">\n\t<span class=\"price\"><span class=\"woocommerce-Price-amount amount\"><bdi>27.000&nbsp;<span class=\"woocommerce-Price-currencySymbol\">&#8363;<\/span><\/bdi><\/span><\/span>\n\n<div class=\"rate\">\n <span class=\"point\">4.9\/5 <i class=\"icon-star\"><\/i><\/span>\n                <span class=\"total-rate\">194 \u0111\u00e1nh gi\u00e1<\/span>\n<\/div>\n\n<\/div>\t\t<\/div>\n\t<\/div>\n\t\t<\/div>\n<\/div>\n\n<div class=\"product-small col has-hover product type-product post-474 status-publish instock product_cat-meo product_cat-thuc-an-cho-meo product_cat-thuc-an-uot-meo has-post-thumbnail shipping-taxable purchasable product-type-variable\">\n\t<div class=\"col-inner\">\n\t\n<div class=\"badge-container absolute left top z-1\">\n<\/div>\n\t<div class=\"product-small box \">\n\t\t<div class=\"box-image\">\n\t\t\t<div class=\"image-fade_in_back\">\n\t\t\t\t<a href=\"https:\/\/beoshop.azdigi.shop\/index.php\/san-pham\/sup-thuong-cho-meo-silver-spoon-dang-thia-10g\/\" aria-label=\"S\u00fap Th\u01b0\u1edfng Cho M\u00e8o Silver Spoon D\u1ea1ng Th\u00eca 10g\">\n\t\t\t\t\t<img loading=\"lazy\" decoding=\"async\" width=\"300\" height=\"300\" src=\"https:\/\/beoshop.azdigi.shop\/wp-content\/uploads\/2026\/04\/sup-thuong-cho-meo-silver-spoon-dang-thia-10g_5-300x300.webp\" class=\"attachment-woocommerce_thumbnail size-woocommerce_thumbnail\" alt=\"S\u00fap Th\u01b0\u1edfng Cho M\u00e8o Silver Spoon D\u1ea1ng Th\u00eca 10g\" srcset=\"https:\/\/beoshop.azdigi.shop\/wp-content\/uploads\/2026\/04\/sup-thuong-cho-meo-silver-spoon-dang-thia-10g_5-300x300.webp 300w, https:\/\/beoshop.azdigi.shop\/wp-content\/uploads\/2026\/04\/sup-thuong-cho-meo-silver-spoon-dang-thia-10g_5-150x150.webp 150w, https:\/\/beoshop.azdigi.shop\/wp-content\/uploads\/2026\/04\/sup-thuong-cho-meo-silver-spoon-dang-thia-10g_5-768x768.webp 768w, https:\/\/beoshop.azdigi.shop\/wp-content\/uploads\/2026\/04\/sup-thuong-cho-meo-silver-spoon-dang-thia-10g_5-600x600.webp 600w, https:\/\/beoshop.azdigi.shop\/wp-content\/uploads\/2026\/04\/sup-thuong-cho-meo-silver-spoon-dang-thia-10g_5-100x100.webp 100w, https:\/\/beoshop.azdigi.shop\/wp-content\/uploads\/2026\/04\/sup-thuong-cho-meo-silver-spoon-dang-thia-10g_5.webp 800w\" sizes=\"auto, (max-width: 300px) 100vw, 300px\" \/><img loading=\"lazy\" decoding=\"async\" width=\"300\" height=\"300\" src=\"https:\/\/beoshop.azdigi.shop\/wp-content\/uploads\/2026\/04\/sup-thuong-cho-meo-silver-spoon-dang-thia-10g_5-300x300.webp\" class=\"show-on-hover absolute fill hide-for-small back-image\" alt=\"\" srcset=\"https:\/\/beoshop.azdigi.shop\/wp-content\/uploads\/2026\/04\/sup-thuong-cho-meo-silver-spoon-dang-thia-10g_5-300x300.webp 300w, https:\/\/beoshop.azdigi.shop\/wp-content\/uploads\/2026\/04\/sup-thuong-cho-meo-silver-spoon-dang-thia-10g_5-150x150.webp 150w, https:\/\/beoshop.azdigi.shop\/wp-content\/uploads\/2026\/04\/sup-thuong-cho-meo-silver-spoon-dang-thia-10g_5-768x768.webp 768w, https:\/\/beoshop.azdigi.shop\/wp-content\/uploads\/2026\/04\/sup-thuong-cho-meo-silver-spoon-dang-thia-10g_5-600x600.webp 600w, https:\/\/beoshop.azdigi.shop\/wp-content\/uploads\/2026\/04\/sup-thuong-cho-meo-silver-spoon-dang-thia-10g_5-100x100.webp 100w, https:\/\/beoshop.azdigi.shop\/wp-content\/uploads\/2026\/04\/sup-thuong-cho-meo-silver-spoon-dang-thia-10g_5.webp 800w\" sizes=\"auto, (max-width: 300px) 100vw, 300px\" \/>\t\t\t\t<\/a>\n\t\t\t<\/div>\n\t\t\t<div class=\"image-tools is-small top right show-on-hover\">\n\t\t\t\t\t\t\t<\/div>\n\t\t\t<div class=\"image-tools is-small hide-for-small bottom left show-on-hover\">\n\t\t\t\t\t\t\t<\/div>\n\t\t\t<div class=\"image-tools grid-tools text-center hide-for-small bottom hover-slide-in show-on-hover\">\n\t\t\t\t  <a class=\"quick-view\" data-prod=\"474\" href=\"#quick-view\">Quick View<\/a>\t\t\t<\/div>\n\t\t\t\t\t<\/div>\n\n\t\t<div class=\"box-text box-text-products\">\n\t\t\t<div class=\"title-wrapper\">\t\t<p class=\"category uppercase is-smaller no-text-overflow product-cat op-7\">\n\t\t\tM\u00e8o\t\t<\/p>\n\t<p class=\"name product-title woocommerce-loop-product__title\"><a href=\"https:\/\/beoshop.azdigi.shop\/index.php\/san-pham\/sup-thuong-cho-meo-silver-spoon-dang-thia-10g\/\" class=\"woocommerce-LoopProduct-link woocommerce-loop-product__link\">S\u00fap Th\u01b0\u1edfng Cho M\u00e8o Silver Spoon D\u1ea1ng Th\u00eca 10g<\/a><\/p><\/div><div class=\"price-wrapper\">\n\t<span class=\"price\"><span class=\"woocommerce-Price-amount amount\"><bdi>27.000&nbsp;<span class=\"woocommerce-Price-currencySymbol\">&#8363;<\/span><\/bdi><\/span><\/span>\n\n<div class=\"rate\">\n <span class=\"point\">4.9\/5 <i class=\"icon-star\"><\/i><\/span>\n                <span class=\"total-rate\">173 \u0111\u00e1nh gi\u00e1<\/span>\n<\/div>\n\n<\/div>\t\t<\/div>\n\t<\/div>\n\t\t<\/div>\n<\/div>\n\n<div class=\"product-small col has-hover product type-product post-460 status-publish last instock product_cat-meo product_cat-thuc-an-cho-meo product_cat-thuc-an-hat-meo has-post-thumbnail sale shipping-taxable purchasable product-type-variable\">\n\t<div class=\"col-inner\">\n\t\n<div class=\"badge-container absolute left top z-1\">\n\t\t<div class=\"callout badge badge-circle\"><div class=\"badge-inner secondary on-sale\"><span class=\"onsale\">Gi\u1ea3m gi\u00e1!<\/span><\/div><\/div>\n<\/div>\n\t<div class=\"product-small box \">\n\t\t<div class=\"box-image\">\n\t\t\t<div class=\"image-fade_in_back\">\n\t\t\t\t<a href=\"https:\/\/beoshop.azdigi.shop\/index.php\/san-pham\/thuc-an-hat-cho-meo-truong-thanh-silver-spoon\/\" aria-label=\"Th\u1ee9c \u0102n H\u1ea1t Cho M\u00e8o Tr\u01b0\u1edfng Th\u00e0nh Silver Spoon\">\n\t\t\t\t\t<img loading=\"lazy\" decoding=\"async\" width=\"300\" height=\"300\" src=\"https:\/\/beoshop.azdigi.shop\/wp-content\/uploads\/2026\/04\/silver-spoon-thuc-an-hat-cho-meo-1-300x300.webp\" class=\"attachment-woocommerce_thumbnail size-woocommerce_thumbnail\" alt=\"Th\u1ee9c \u0102n H\u1ea1t Cho M\u00e8o Tr\u01b0\u1edfng Th\u00e0nh Silver Spoon\" srcset=\"https:\/\/beoshop.azdigi.shop\/wp-content\/uploads\/2026\/04\/silver-spoon-thuc-an-hat-cho-meo-1-300x300.webp 300w, https:\/\/beoshop.azdigi.shop\/wp-content\/uploads\/2026\/04\/silver-spoon-thuc-an-hat-cho-meo-1-1024x1024.webp 1024w, https:\/\/beoshop.azdigi.shop\/wp-content\/uploads\/2026\/04\/silver-spoon-thuc-an-hat-cho-meo-1-150x150.webp 150w, https:\/\/beoshop.azdigi.shop\/wp-content\/uploads\/2026\/04\/silver-spoon-thuc-an-hat-cho-meo-1-768x768.webp 768w, https:\/\/beoshop.azdigi.shop\/wp-content\/uploads\/2026\/04\/silver-spoon-thuc-an-hat-cho-meo-1-600x600.webp 600w, https:\/\/beoshop.azdigi.shop\/wp-content\/uploads\/2026\/04\/silver-spoon-thuc-an-hat-cho-meo-1-100x100.webp 100w, https:\/\/beoshop.azdigi.shop\/wp-content\/uploads\/2026\/04\/silver-spoon-thuc-an-hat-cho-meo-1.webp 1200w\" sizes=\"auto, (max-width: 300px) 100vw, 300px\" \/><img loading=\"lazy\" decoding=\"async\" width=\"300\" height=\"300\" src=\"https:\/\/beoshop.azdigi.shop\/wp-content\/uploads\/2026\/04\/thuc-an-hat-cho-meo-truong-thanh-silver-spoon-1kg_4-300x300.webp\" class=\"show-on-hover absolute fill hide-for-small back-image\" alt=\"\" srcset=\"https:\/\/beoshop.azdigi.shop\/wp-content\/uploads\/2026\/04\/thuc-an-hat-cho-meo-truong-thanh-silver-spoon-1kg_4-300x300.webp 300w, https:\/\/beoshop.azdigi.shop\/wp-content\/uploads\/2026\/04\/thuc-an-hat-cho-meo-truong-thanh-silver-spoon-1kg_4-150x150.webp 150w, https:\/\/beoshop.azdigi.shop\/wp-content\/uploads\/2026\/04\/thuc-an-hat-cho-meo-truong-thanh-silver-spoon-1kg_4-768x768.webp 768w, https:\/\/beoshop.azdigi.shop\/wp-content\/uploads\/2026\/04\/thuc-an-hat-cho-meo-truong-thanh-silver-spoon-1kg_4-600x600.webp 600w, https:\/\/beoshop.azdigi.shop\/wp-content\/uploads\/2026\/04\/thuc-an-hat-cho-meo-truong-thanh-silver-spoon-1kg_4-100x100.webp 100w, https:\/\/beoshop.azdigi.shop\/wp-content\/uploads\/2026\/04\/thuc-an-hat-cho-meo-truong-thanh-silver-spoon-1kg_4.webp 800w\" sizes=\"auto, (max-width: 300px) 100vw, 300px\" \/>\t\t\t\t<\/a>\n\t\t\t<\/div>\n\t\t\t<div class=\"image-tools is-small top right show-on-hover\">\n\t\t\t\t\t\t\t<\/div>\n\t\t\t<div class=\"image-tools is-small hide-for-small bottom left show-on-hover\">\n\t\t\t\t\t\t\t<\/div>\n\t\t\t<div class=\"image-tools grid-tools text-center hide-for-small bottom hover-slide-in show-on-hover\">\n\t\t\t\t  <a class=\"quick-view\" data-prod=\"460\" href=\"#quick-view\">Quick View<\/a>\t\t\t<\/div>\n\t\t\t\t\t<\/div>\n\n\t\t<div class=\"box-text box-text-products\">\n\t\t\t<div class=\"title-wrapper\">\t\t<p class=\"category uppercase is-smaller no-text-overflow product-cat op-7\">\n\t\t\tM\u00e8o\t\t<\/p>\n\t<p class=\"name product-title woocommerce-loop-product__title\"><a href=\"https:\/\/beoshop.azdigi.shop\/index.php\/san-pham\/thuc-an-hat-cho-meo-truong-thanh-silver-spoon\/\" class=\"woocommerce-LoopProduct-link woocommerce-loop-product__link\">Th\u1ee9c \u0102n H\u1ea1t Cho M\u00e8o Tr\u01b0\u1edfng Th\u00e0nh Silver Spoon<\/a><\/p><\/div><div class=\"price-wrapper\">\n\t<span class=\"price\"><del aria-hidden=\"true\"><span class=\"woocommerce-Price-amount amount\"><bdi>189.000&nbsp;<span class=\"woocommerce-Price-currencySymbol\">&#8363;<\/span><\/bdi><\/span><\/del> <span class=\"screen-reader-text\">Gi\u00e1 g\u1ed1c l\u00e0: 189.000&nbsp;&#8363;.<\/span><ins aria-hidden=\"true\"><span class=\"woocommerce-Price-amount amount\"><bdi>150.000&nbsp;<span class=\"woocommerce-Price-currencySymbol\">&#8363;<\/span><\/bdi><\/span><\/ins><span class=\"screen-reader-text\">Gi\u00e1 hi\u1ec7n t\u1ea1i l\u00e0: 150.000&nbsp;&#8363;.<\/span><\/span>\n\n<div class=\"rate\">\n <span class=\"point\">4.9\/5 <i class=\"icon-star\"><\/i><\/span>\n                <span class=\"total-rate\">214 \u0111\u00e1nh gi\u00e1<\/span>\n<\/div>\n\n<\/div>\t\t<\/div>\n\t<\/div>\n\t\t<\/div>\n<\/div>\n<\/div><!-- row --><\/div>\n","protected":false},"excerpt":{"rendered":"","protected":false},"author":1,"featured_media":0,"parent":0,"menu_order":0,"comment_status":"closed","ping_status":"closed","template":"","meta":{"footnotes":""},"class_list":["post-389","page","type-page","status-publish","hentry"],"yoast_head":"<!-- This site is optimized with the Yoast SEO plugin v27.1.1 - https:\/\/yoast.com\/product\/yoast-seo-wordpress\/ -->\n<title>Silver Spoon - thucung123<\/title>\n<meta name=\"robots\" content=\"index, follow, max-snippet:-1, max-image-preview:large, max-video-preview:-1\" \/>\n<link rel=\"canonical\" href=\"https:\/\/beoshop.azdigi.shop\/index.php\/silver-spoon\/\" \/>\n<meta property=\"og:locale\" content=\"vi_VN\" \/>\n<meta property=\"og:type\" content=\"article\" \/>\n<meta property=\"og:title\" content=\"Silver Spoon - thucung123\" \/>\n<meta property=\"og:url\" content=\"https:\/\/beoshop.azdigi.shop\/index.php\/silver-spoon\/\" \/>\n<meta property=\"og:site_name\" content=\"thucung123\" \/>\n<meta property=\"article:modified_time\" content=\"2026-04-16T05:53:34+00:00\" \/>\n<meta name=\"twitter:card\" content=\"summary_large_image\" \/>\n<script type=\"application\/ld+json\" class=\"yoast-schema-graph\">{\"@context\":\"https:\/\/schema.org\",\"@graph\":[{\"@type\":\"WebPage\",\"@id\":\"https:\/\/beoshop.azdigi.shop\/index.php\/silver-spoon\/\",\"url\":\"https:\/\/beoshop.azdigi.shop\/index.php\/silver-spoon\/\",\"name\":\"Silver Spoon - thucung123\",\"isPartOf\":{\"@id\":\"https:\/\/beoshop.azdigi.shop\/#website\"},\"datePublished\":\"2026-04-12T10:02:23+00:00\",\"dateModified\":\"2026-04-16T05:53:34+00:00\",\"breadcrumb\":{\"@id\":\"https:\/\/beoshop.azdigi.shop\/index.php\/silver-spoon\/#breadcrumb\"},\"inLanguage\":\"vi\",\"potentialAction\":[{\"@type\":\"ReadAction\",\"target\":[\"https:\/\/beoshop.azdigi.shop\/index.php\/silver-spoon\/\"]}]},{\"@type\":\"BreadcrumbList\",\"@id\":\"https:\/\/beoshop.azdigi.shop\/index.php\/silver-spoon\/#breadcrumb\",\"itemListElement\":[{\"@type\":\"ListItem\",\"position\":1,\"name\":\"Trang ch\u1ee7\",\"item\":\"https:\/\/beoshop.azdigi.shop\/\"},{\"@type\":\"ListItem\",\"position\":2,\"name\":\"Silver Spoon\"}]},{\"@type\":\"WebSite\",\"@id\":\"https:\/\/beoshop.azdigi.shop\/#website\",\"url\":\"https:\/\/beoshop.azdigi.shop\/\",\"name\":\"thucung123\",\"description\":\"\",\"publisher\":{\"@id\":\"https:\/\/beoshop.azdigi.shop\/#organization\"},\"potentialAction\":[{\"@type\":\"SearchAction\",\"target\":{\"@type\":\"EntryPoint\",\"urlTemplate\":\"https:\/\/beoshop.azdigi.shop\/?s={search_term_string}\"},\"query-input\":{\"@type\":\"PropertyValueSpecification\",\"valueRequired\":true,\"valueName\":\"search_term_string\"}}],\"inLanguage\":\"vi\"},{\"@type\":\"Organization\",\"@id\":\"https:\/\/beoshop.azdigi.shop\/#organization\",\"name\":\"thucung123\",\"url\":\"https:\/\/beoshop.azdigi.shop\/\",\"logo\":{\"@type\":\"ImageObject\",\"inLanguage\":\"vi\",\"@id\":\"https:\/\/beoshop.azdigi.shop\/#\/schema\/logo\/image\/\",\"url\":\"https:\/\/beoshop.azdigi.shop\/wp-content\/uploads\/2026\/03\/Black-and-White-Simple-Cat-Pet-Accessories-Logo.png\",\"contentUrl\":\"https:\/\/beoshop.azdigi.shop\/wp-content\/uploads\/2026\/03\/Black-and-White-Simple-Cat-Pet-Accessories-Logo.png\",\"width\":2000,\"height\":2000,\"caption\":\"thucung123\"},\"image\":{\"@id\":\"https:\/\/beoshop.azdigi.shop\/#\/schema\/logo\/image\/\"}}]}<\/script>\n<!-- \/ Yoast SEO plugin. -->","yoast_head_json":{"title":"Silver Spoon - thucung123","robots":{"index":"index","follow":"follow","max-snippet":"max-snippet:-1","max-image-preview":"max-image-preview:large","max-video-preview":"max-video-preview:-1"},"canonical":"https:\/\/beoshop.azdigi.shop\/index.php\/silver-spoon\/","og_locale":"vi_VN","og_type":"article","og_title":"Silver Spoon - thucung123","og_url":"https:\/\/beoshop.azdigi.shop\/index.php\/silver-spoon\/","og_site_name":"thucung123","article_modified_time":"2026-04-16T05:53:34+00:00","twitter_card":"summary_large_image","schema":{"@context":"https:\/\/schema.org","@graph":[{"@type":"WebPage","@id":"https:\/\/beoshop.azdigi.shop\/index.php\/silver-spoon\/","url":"https:\/\/beoshop.azdigi.shop\/index.php\/silver-spoon\/","name":"Silver Spoon - thucung123","isPartOf":{"@id":"https:\/\/beoshop.azdigi.shop\/#website"},"datePublished":"2026-04-12T10:02:23+00:00","dateModified":"2026-04-16T05:53:34+00:00","breadcrumb":{"@id":"https:\/\/beoshop.azdigi.shop\/index.php\/silver-spoon\/#breadcrumb"},"inLanguage":"vi","potentialAction":[{"@type":"ReadAction","target":["https:\/\/beoshop.azdigi.shop\/index.php\/silver-spoon\/"]}]},{"@type":"BreadcrumbList","@id":"https:\/\/beoshop.azdigi.shop\/index.php\/silver-spoon\/#breadcrumb","itemListElement":[{"@type":"ListItem","position":1,"name":"Trang ch\u1ee7","item":"https:\/\/beoshop.azdigi.shop\/"},{"@type":"ListItem","position":2,"name":"Silver Spoon"}]},{"@type":"WebSite","@id":"https:\/\/beoshop.azdigi.shop\/#website","url":"https:\/\/beoshop.azdigi.shop\/","name":"thucung123","description":"","publisher":{"@id":"https:\/\/beoshop.azdigi.shop\/#organization"},"potentialAction":[{"@type":"SearchAction","target":{"@type":"EntryPoint","urlTemplate":"https:\/\/beoshop.azdigi.shop\/?s={search_term_string}"},"query-input":{"@type":"PropertyValueSpecification","valueRequired":true,"valueName":"search_term_string"}}],"inLanguage":"vi"},{"@type":"Organization","@id":"https:\/\/beoshop.azdigi.shop\/#organization","name":"thucung123","url":"https:\/\/beoshop.azdigi.shop\/","logo":{"@type":"ImageObject","inLanguage":"vi","@id":"https:\/\/beoshop.azdigi.shop\/#\/schema\/logo\/image\/","url":"https:\/\/beoshop.azdigi.shop\/wp-content\/uploads\/2026\/03\/Black-and-White-Simple-Cat-Pet-Accessories-Logo.png","contentUrl":"https:\/\/beoshop.azdigi.shop\/wp-content\/uploads\/2026\/03\/Black-and-White-Simple-Cat-Pet-Accessories-Logo.png","width":2000,"height":2000,"caption":"thucung123"},"image":{"@id":"https:\/\/beoshop.azdigi.shop\/#\/schema\/logo\/image\/"}}]}},"_links":{"self":[{"href":"https:\/\/beoshop.azdigi.shop\/index.php\/wp-json\/wp\/v2\/pages\/389","targetHints":{"allow":["GET"]}}],"collection":[{"href":"https:\/\/beoshop.azdigi.shop\/index.php\/wp-json\/wp\/v2\/pages"}],"about":[{"href":"https:\/\/beoshop.azdigi.shop\/index.php\/wp-json\/wp\/v2\/types\/page"}],"author":[{"embeddable":true,"href":"https:\/\/beoshop.azdigi.shop\/index.php\/wp-json\/wp\/v2\/users\/1"}],"replies":[{"embeddable":true,"href":"https:\/\/beoshop.azdigi.shop\/index.php\/wp-json\/wp\/v2\/comments?post=389"}],"version-history":[{"count":2,"href":"https:\/\/beoshop.azdigi.shop\/index.php\/wp-json\/wp\/v2\/pages\/389\/revisions"}],"predecessor-version":[{"id":503,"href":"https:\/\/beoshop.azdigi.shop\/index.php\/wp-json\/wp\/v2\/pages\/389\/revisions\/503"}],"wp:attachment":[{"href":"https:\/\/beoshop.azdigi.shop\/index.php\/wp-json\/wp\/v2\/media?parent=389"}],"curies":[{"name":"wp","href":"https:\/\/api.w.org\/{rel}","templated":true}]}}