{"id":173,"date":"2026-03-23T08:30:48","date_gmt":"2026-03-23T08:30:48","guid":{"rendered":"https:\/\/beoshop.azdigi.shop\/?post_type=product&#038;p=173"},"modified":"2026-04-03T16:01:05","modified_gmt":"2026-04-03T16:01:05","slug":"hat-royal-canin-mini-puppy-adult-pawo","status":"publish","type":"product","link":"https:\/\/beoshop.azdigi.shop\/index.php\/san-pham\/hat-royal-canin-mini-puppy-adult-pawo\/","title":{"rendered":"H\u1ea1t Royal Canin Mini PUPPY &#038; ADULT &#8211; PAWO"},"content":{"rendered":"<h1 class=\"lead\"><strong>TH\u1ee8C \u0102N CHO CH\u00d3 ROYAL CANIN MINI<\/strong><\/h1>\n<h3 class=\"thin-font\"><em>\u0110\u1ed0I T\u01af\u1ee2NG:<\/em><\/h3>\n<p>PUPPY: D\u00e0nh cho ch\u00f3 k\u00edch c\u1ee1 Mini (c\u00e2n n\u1eb7ng t\u1ed1i \u0111a 10kg) v\u00e0 \u0111ang trong l\u1ee9a tu\u1ed5i Puppy t\u1eeb 2 \u0111\u1ebfn 10 th\u00e1ng tu\u1ed5i.<\/p>\n<p>ADULT: D\u00e0nh cho ch\u00f3 k\u00edch c\u1ee1 Mini (c\u00e2n n\u1eb7ng t\u1ed1i \u0111a 10kg) v\u00e0 \u0111ang trong l\u1ee9a tu\u1ed5i tr\u00ean 10 th\u00e1ng tu\u1ed5i.<\/p>\n<h3><em>GI\u1edaI THI\u1ec6U:<\/em><\/h3>\n<p>Nh\u1eefng ch\u00fa ch\u00f3 gi\u1ed1ng nh\u1ecf d\u01b0\u1edbi 11kg (khi tr\u01b0\u1edfng th\u00e0nh) nh\u01b0: Poodle, Ph\u1ed1c, Cocker Spaniel, Pug, Chihuahua, Ph\u1ed1c s\u00f3c Pomeranian\u2026 ch\u1ec9 c\u1ea7n nh\u1eefng lo\u1ea1i th\u1ee9c \u0103n dinh d\u01b0\u1ee1ng c\u00f3 thi\u1ebft k\u1ebf nh\u1ecf, tuy nhi\u00ean ch\u00fang l\u1ea1i c\u1ea7n nhi\u1ec1u n\u0103ng l\u01b0\u1ee3ng h\u01a1n gi\u1ed1ng ch\u00f3 l\u1edbn v\u00ec ch\u00fang c\u00f3 th\u1eddi k\u1ef3 t\u0103ng tr\u01b0\u1edfng ng\u1eafn h\u01a1n v\u00e0 m\u1ea1nh m\u1ebd h\u01a1n. Th\u00eam v\u00e0o \u0111\u00f3, tu\u1ed5i th\u1ecd trung b\u00ecnh c\u1ee7a gi\u1ed1ng ch\u00f3 nh\u1ecf cao h\u01a1n gi\u1ed1ng ch\u00f3 l\u1edbn, ch\u00ednh v\u00ec v\u1eady ch\u1ebf \u0111\u1ed9 dinh d\u01b0\u1ee1ng d\u00e0nh cho ch\u00fang c\u0169ng c\u1ea7n ph\u1ea3i kh\u1eafc khe h\u01a1n.<\/p>\n<p>T\u00f9y thu\u1ed9c v\u00e0o t\u1eebng gi\u1ed1ng ch\u00f3 m\u00e0 ch\u00fang c\u00f3 \u0111\u1eb7c t\u00ednh sinh l\u00fd, c\u1ea5u t\u1ea1o h\u00e0m, c\u1ea5u tr\u00fac x\u01b0\u01a1ng, h\u1ec7 ti\u00eau h\u00f3a v\u00e0 nhu c\u1ea7u n\u0103ng l\u01b0\u1ee3ng cao kh\u00e1c nhau. T\u1eeb \u0111\u00f3 s\u1ea3n ph\u1ea9m ROYAL CANIN MINI PUPPY lu\u00f4n cam k\u1ebft \u0111\u1ea3m b\u1ea3o:<\/p>\n<p>\u2022 Gi\u00fap duy tr\u00ec s\u1ee9c kho\u1ebb ti\u00eau h\u00f3a c\u1ee7a ch\u00f3<\/p>\n<p>\u2022 H\u1ed7 tr\u1ee3 nhu c\u1ea7u n\u0103ng l\u01b0\u1ee3ng cao \u1edf m\u1ecdi giai \u0111o\u1ea1n ph\u00e1t tri\u1ec3n c\u1ee7a ch\u00f3<\/p>\n<p>\u2022 Thi\u1ebft k\u1ebf h\u1ea1t gi\u00fap gi\u1ea3m s\u1ef1 h\u00ecnh th\u00e0nh cao r\u0103ng<\/p>\n<p>\u2022 H\u1ed7 tr\u1ee3 h\u1ec7 mi\u1ec5n d\u1ecbch kh\u1ecfe m\u1ea1nh gi\u00fap ch\u00f3 ch\u1ed1ng l\u1ea1i b\u1ec7nh t\u1eadt<\/p>\n<p>\u2022 100% dinh d\u01b0\u1ee1ng c\u00e2n b\u1eb1ng<\/p>\n<p>\u2022 100% \u0111\u1ea3m b\u1ea3o an to\u00e0n<\/p>\n<h3><em>L\u1ee2I \u00cdCH:<\/em><\/h3>\n<p>1. S\u1ee9c kh\u1ecfe ti\u00eau h\u00f3a: V\u1edbi Protein ti\u00eau h\u00f3a cao gi\u00fap h\u1ea5p th\u1ee5 ch\u1ea5t dinh d\u01b0\u1ee1ng t\u1ed1t nh\u1ea5t c\u00f3 th\u1ec3 v\u00e0 v\u1edbi c\u00e1c ch\u1ea5t dinh d\u01b0\u1ee1ng c\u1ee5 th\u1ec3 \u0111\u1ec3 h\u1ed7 tr\u1ee3 s\u1ee9c kh\u1ecfe ti\u00eau h\u00f3a.<\/p>\n<p>2. D\u01b0\u1ee1ng ch\u1ea5t gi\u00e0u n\u0103ng l\u01b0\u1ee3ng: H\u1ed7 tr\u1ee3 c\u00e1c nhu c\u1ea7u n\u0103ng l\u01b0\u1ee3ng cao trong su\u1ed1t th\u1eddi k\u1ef3 t\u0103ng tr\u01b0\u1edfng ng\u1eafn.<\/p>\n<p>3. S\u1ee9c kh\u1ecfe r\u0103ng mi\u1ec7ng: Gi\u1ea3m thi\u1ec3u s\u1ef1 h\u00ecnh th\u00e0nh m\u1ea3ng b\u00e1m r\u0103ng, cao r\u0103ng.<\/p>\n<p>4. B\u1ea3o v\u1ec7 t\u1ef1 nhi\u00ean: Gi\u00fap h\u1ed7 tr\u1ee3 b\u1ea3o v\u1ec7 t\u1ef1 nhi\u00ean cho ch\u00f3 con, nh\u1edd v\u00e0o c\u00e1c d\u01b0\u1ee1ng ch\u1ea5t ch\u1ed1ng oxi h\u00f3a \u0111\u01b0\u1ee3c khoa h\u1ecdc ch\u1ee9ng minh v\u00e0 c\u00f4ng nh\u1eadn.<\/p>\n<p>5. Duy tr\u00ec tr\u1ecdng l\u01b0\u1ee3ng l\u00fd t\u01b0\u1edfng: Th\u1ee9c \u0103n cho ch\u00f3 ROYAL CANIN Mini Adult gi\u00fap duy tr\u00ec c\u00e2n n\u1eb7ng l\u00fd t\u01b0\u1edfng c\u1ee7a c\u00e1c gi\u1ed1ng ch\u00f3 nh\u1ecf b\u1eb1ng c\u00e1ch \u0111\u00e1p \u1ee9ng nhu c\u1ea7u n\u0103ng l\u01b0\u1ee3ng cao c\u1ee7a ch\u00fang v\u00e0 k\u00edch th\u00edch qu\u00e1 tr\u00ecnh chuy\u1ec3n h\u00f3a ch\u1ea5t b\u00e9o b\u1eb1ng c\u00f4ng th\u1ee9c L-carnitine \u0111\u1ec3 th\u00fac \u0111\u1ea9y s\u1ef1 trao \u0111\u1ed5i ch\u1ea5t b\u00e9o.<\/p>\n<p>6. T\u0103ng c\u01b0\u1eddng t\u00ednh ngon mi\u1ec7ng: C\u00f4ng th\u1ee9c \u0111\u1eb7c bi\u1ec7t v\u00e0 h\u01b0\u01a1ng v\u1ecb \u0111\u1ed9c \u0111\u00e1o c\u1ee7a ROYAL CANIN Mini Adult gi\u00fap \u0111\u00e1p \u1ee9ng nhu c\u1ea7u \u0103n u\u1ed1ng c\u1ee7a gi\u1ed1ng ch\u00f3 nh\u1ecf.<\/p>\n<p>7. T\u0103ng \u0111\u1ed9 \u00f3ng m\u01b0\u1ee3t cho l\u00f4ng v\u00e0 kh\u1ecfe m\u1ea1nh l\u00e0n da: Ch\u1ee9a h\u00e0m l\u01b0\u1ee3ng EPA &amp; DHA l\u00fd t\u01b0\u1edfng \u0111\u1ec3 h\u1ed7 tr\u1ee3 l\u1edbp l\u00f4ng \u00f3ng m\u01b0\u1ee3t v\u00e0 l\u00e0n da kh\u1ecfe m\u1ea1nh.<\/p>\n<h2><em>CH\u00cdNH S\u00c1CH C\u1ee6A PAWO<\/em><\/h2>\n<p>&#8211; S\u1ea3n ph\u1ea9m cam k\u1ebft gi\u1ed1ng 100% m\u00f4 t\u1ea3<\/p>\n<p>&#8211; M\u1ed7i s\u1ea3n ph\u1ea9m khi \u0111\u01b0\u1ee3c b\u00e1n ra \u0111\u1ec1u \u0111\u01b0\u1ee3c ki\u1ec3m tra c\u1ea9n th\u1eadn tr\u01b0\u1edbc khi g\u1eedi t\u1edbi Qu\u00fd kh\u00e1ch.<\/p>\n<p>&#8211; H\u00e0ng c\u00f3 s\u1eb5n, giao h\u00e0ng ngay khi shop nh\u1eadn \u0111\u01b0\u1ee3c \u0111\u01a1n<\/p>\n<p>&#8211; H\u1ed7 tr\u1ee3 \u0111\u1ed5i tr\u1ea3, ho\u00e0n ti\u1ec1n \u0111\u1ed1i v\u1edbi s\u1ea3n ph\u1ea9m l\u1ed7i theo ch\u00ednh s\u00e1ch Shopee<\/p>\n<p>&#8211; Vui l\u00f2ng quay l\u1ea1i video qu\u00e1 tr\u00ecnh m\u1edf s\u1ea3n ph\u1ea9m \u0111\u1ec3 \u0111\u01b0\u1ee3c Pawo h\u1ed7 tr\u1ee3 nhanh nh\u1ea5t trong c\u00e1c tr\u01b0\u1eddng h\u1ee3p ph\u00e1t sinh v\u1ea5n \u0111\u1ec1 v\u1ec1 \u0111\u01a1n h\u00e0ng.<\/p>\n","protected":false},"excerpt":{"rendered":"<p>TH\u1ee8C \u0102N CHO CH\u00d3 ROYAL CANIN MINI \u0110\u1ed0I T\u01af\u1ee2NG: PUPPY: D\u00e0nh cho ch\u00f3 k\u00edch c\u1ee1 Mini (c\u00e2n n\u1eb7ng t\u1ed1i \u0111a 10kg) v\u00e0 \u0111ang trong l\u1ee9a tu\u1ed5i Puppy t\u1eeb 2 \u0111\u1ebfn 10 th\u00e1ng tu\u1ed5i. ADULT: D\u00e0nh cho ch\u00f3 k\u00edch c\u1ee1 Mini (c\u00e2n n\u1eb7ng t\u1ed1i \u0111a 10kg) v\u00e0 \u0111ang trong l\u1ee9a tu\u1ed5i tr\u00ean 10 th\u00e1ng tu\u1ed5i. GI\u1edaI [&#8230;]\n","protected":false},"featured_media":175,"comment_status":"open","ping_status":"closed","template":"","meta":[],"pwb-brand":[],"product_brand":[],"product_cat":[28,18,23],"product_tag":[],"class_list":{"0":"post-173","1":"product","2":"type-product","3":"status-publish","4":"has-post-thumbnail","6":"product_cat-cho","7":"product_cat-thuc-an-cho-cho","8":"product_cat-thuc-an-hat","10":"first","11":"instock","12":"shipping-taxable","13":"purchasable","14":"product-type-variable"},"yoast_head":"<!-- This site is optimized with the Yoast SEO plugin v27.1.1 - https:\/\/yoast.com\/product\/yoast-seo-wordpress\/ -->\n<title>H\u1ea1t Royal Canin Mini PUPPY &amp; ADULT - PAWO - thucung123<\/title>\n<meta name=\"robots\" content=\"index, follow, max-snippet:-1, max-image-preview:large, max-video-preview:-1\" \/>\n<link rel=\"canonical\" href=\"https:\/\/beoshop.azdigi.shop\/index.php\/san-pham\/hat-royal-canin-mini-puppy-adult-pawo\/\" \/>\n<meta property=\"og:locale\" content=\"vi_VN\" \/>\n<meta property=\"og:type\" content=\"article\" \/>\n<meta property=\"og:title\" content=\"H\u1ea1t Royal Canin Mini PUPPY &amp; ADULT - PAWO - thucung123\" \/>\n<meta property=\"og:description\" content=\"TH\u1ee8C \u0102N CHO CH\u00d3 ROYAL CANIN MINI \u0110\u1ed0I T\u01af\u1ee2NG: PUPPY: D\u00e0nh cho ch\u00f3 k\u00edch c\u1ee1 Mini (c\u00e2n n\u1eb7ng t\u1ed1i \u0111a 10kg) v\u00e0 \u0111ang trong l\u1ee9a tu\u1ed5i Puppy t\u1eeb 2 \u0111\u1ebfn 10 th\u00e1ng tu\u1ed5i. ADULT: D\u00e0nh cho ch\u00f3 k\u00edch c\u1ee1 Mini (c\u00e2n n\u1eb7ng t\u1ed1i \u0111a 10kg) v\u00e0 \u0111ang trong l\u1ee9a tu\u1ed5i tr\u00ean 10 th\u00e1ng tu\u1ed5i. GI\u1edaI [...]\" \/>\n<meta property=\"og:url\" content=\"https:\/\/beoshop.azdigi.shop\/index.php\/san-pham\/hat-royal-canin-mini-puppy-adult-pawo\/\" \/>\n<meta property=\"og:site_name\" content=\"thucung123\" \/>\n<meta property=\"article:modified_time\" content=\"2026-04-03T16:01:05+00:00\" \/>\n<meta property=\"og:image\" content=\"https:\/\/beoshop.azdigi.shop\/wp-content\/uploads\/2026\/03\/vn-11134207-7qukw-lfmfers74vp14a.jpg\" \/>\n\t<meta property=\"og:image:width\" content=\"1000\" \/>\n\t<meta property=\"og:image:height\" content=\"1000\" \/>\n\t<meta property=\"og:image:type\" content=\"image\/jpeg\" \/>\n<meta name=\"twitter:card\" content=\"summary_large_image\" \/>\n<meta name=\"twitter:label1\" content=\"\u01af\u1edbc t\u00ednh th\u1eddi gian \u0111\u1ecdc\" \/>\n\t<meta name=\"twitter:data1\" content=\"4 ph\u00fat\" \/>\n<script type=\"application\/ld+json\" class=\"yoast-schema-graph\">{\"@context\":\"https:\/\/schema.org\",\"@graph\":[{\"@type\":\"WebPage\",\"@id\":\"https:\/\/beoshop.azdigi.shop\/index.php\/san-pham\/hat-royal-canin-mini-puppy-adult-pawo\/\",\"url\":\"https:\/\/beoshop.azdigi.shop\/index.php\/san-pham\/hat-royal-canin-mini-puppy-adult-pawo\/\",\"name\":\"H\u1ea1t Royal Canin Mini PUPPY & ADULT - PAWO - thucung123\",\"isPartOf\":{\"@id\":\"https:\/\/beoshop.azdigi.shop\/#website\"},\"primaryImageOfPage\":{\"@id\":\"https:\/\/beoshop.azdigi.shop\/index.php\/san-pham\/hat-royal-canin-mini-puppy-adult-pawo\/#primaryimage\"},\"image\":{\"@id\":\"https:\/\/beoshop.azdigi.shop\/index.php\/san-pham\/hat-royal-canin-mini-puppy-adult-pawo\/#primaryimage\"},\"thumbnailUrl\":\"https:\/\/beoshop.azdigi.shop\/wp-content\/uploads\/2026\/03\/vn-11134207-7qukw-lfmfers74vp14a.jpg\",\"datePublished\":\"2026-03-23T08:30:48+00:00\",\"dateModified\":\"2026-04-03T16:01:05+00:00\",\"breadcrumb\":{\"@id\":\"https:\/\/beoshop.azdigi.shop\/index.php\/san-pham\/hat-royal-canin-mini-puppy-adult-pawo\/#breadcrumb\"},\"inLanguage\":\"vi\",\"potentialAction\":[{\"@type\":\"ReadAction\",\"target\":[\"https:\/\/beoshop.azdigi.shop\/index.php\/san-pham\/hat-royal-canin-mini-puppy-adult-pawo\/\"]}]},{\"@type\":\"ImageObject\",\"inLanguage\":\"vi\",\"@id\":\"https:\/\/beoshop.azdigi.shop\/index.php\/san-pham\/hat-royal-canin-mini-puppy-adult-pawo\/#primaryimage\",\"url\":\"https:\/\/beoshop.azdigi.shop\/wp-content\/uploads\/2026\/03\/vn-11134207-7qukw-lfmfers74vp14a.jpg\",\"contentUrl\":\"https:\/\/beoshop.azdigi.shop\/wp-content\/uploads\/2026\/03\/vn-11134207-7qukw-lfmfers74vp14a.jpg\",\"width\":1000,\"height\":1000},{\"@type\":\"BreadcrumbList\",\"@id\":\"https:\/\/beoshop.azdigi.shop\/index.php\/san-pham\/hat-royal-canin-mini-puppy-adult-pawo\/#breadcrumb\",\"itemListElement\":[{\"@type\":\"ListItem\",\"position\":1,\"name\":\"Trang ch\u1ee7\",\"item\":\"https:\/\/beoshop.azdigi.shop\/\"},{\"@type\":\"ListItem\",\"position\":2,\"name\":\"S\u1ea3n ph\u1ea9m\",\"item\":\"https:\/\/beoshop.azdigi.shop\/index.php\/cua-hang__trashed\/\"},{\"@type\":\"ListItem\",\"position\":3,\"name\":\"H\u1ea1t Royal Canin Mini PUPPY &#038; ADULT &#8211; PAWO\"}]},{\"@type\":\"WebSite\",\"@id\":\"https:\/\/beoshop.azdigi.shop\/#website\",\"url\":\"https:\/\/beoshop.azdigi.shop\/\",\"name\":\"thucung123\",\"description\":\"\",\"publisher\":{\"@id\":\"https:\/\/beoshop.azdigi.shop\/#organization\"},\"potentialAction\":[{\"@type\":\"SearchAction\",\"target\":{\"@type\":\"EntryPoint\",\"urlTemplate\":\"https:\/\/beoshop.azdigi.shop\/?s={search_term_string}\"},\"query-input\":{\"@type\":\"PropertyValueSpecification\",\"valueRequired\":true,\"valueName\":\"search_term_string\"}}],\"inLanguage\":\"vi\"},{\"@type\":\"Organization\",\"@id\":\"https:\/\/beoshop.azdigi.shop\/#organization\",\"name\":\"thucung123\",\"url\":\"https:\/\/beoshop.azdigi.shop\/\",\"logo\":{\"@type\":\"ImageObject\",\"inLanguage\":\"vi\",\"@id\":\"https:\/\/beoshop.azdigi.shop\/#\/schema\/logo\/image\/\",\"url\":\"https:\/\/beoshop.azdigi.shop\/wp-content\/uploads\/2026\/03\/Black-and-White-Simple-Cat-Pet-Accessories-Logo.png\",\"contentUrl\":\"https:\/\/beoshop.azdigi.shop\/wp-content\/uploads\/2026\/03\/Black-and-White-Simple-Cat-Pet-Accessories-Logo.png\",\"width\":2000,\"height\":2000,\"caption\":\"thucung123\"},\"image\":{\"@id\":\"https:\/\/beoshop.azdigi.shop\/#\/schema\/logo\/image\/\"}}]}<\/script>\n<!-- \/ Yoast SEO plugin. -->","yoast_head_json":{"title":"H\u1ea1t Royal Canin Mini PUPPY & ADULT - PAWO - thucung123","robots":{"index":"index","follow":"follow","max-snippet":"max-snippet:-1","max-image-preview":"max-image-preview:large","max-video-preview":"max-video-preview:-1"},"canonical":"https:\/\/beoshop.azdigi.shop\/index.php\/san-pham\/hat-royal-canin-mini-puppy-adult-pawo\/","og_locale":"vi_VN","og_type":"article","og_title":"H\u1ea1t Royal Canin Mini PUPPY & ADULT - PAWO - thucung123","og_description":"TH\u1ee8C \u0102N CHO CH\u00d3 ROYAL CANIN MINI \u0110\u1ed0I T\u01af\u1ee2NG: PUPPY: D\u00e0nh cho ch\u00f3 k\u00edch c\u1ee1 Mini (c\u00e2n n\u1eb7ng t\u1ed1i \u0111a 10kg) v\u00e0 \u0111ang trong l\u1ee9a tu\u1ed5i Puppy t\u1eeb 2 \u0111\u1ebfn 10 th\u00e1ng tu\u1ed5i. ADULT: D\u00e0nh cho ch\u00f3 k\u00edch c\u1ee1 Mini (c\u00e2n n\u1eb7ng t\u1ed1i \u0111a 10kg) v\u00e0 \u0111ang trong l\u1ee9a tu\u1ed5i tr\u00ean 10 th\u00e1ng tu\u1ed5i. GI\u1edaI [...]","og_url":"https:\/\/beoshop.azdigi.shop\/index.php\/san-pham\/hat-royal-canin-mini-puppy-adult-pawo\/","og_site_name":"thucung123","article_modified_time":"2026-04-03T16:01:05+00:00","og_image":[{"width":1000,"height":1000,"url":"https:\/\/beoshop.azdigi.shop\/wp-content\/uploads\/2026\/03\/vn-11134207-7qukw-lfmfers74vp14a.jpg","type":"image\/jpeg"}],"twitter_card":"summary_large_image","twitter_misc":{"\u01af\u1edbc t\u00ednh th\u1eddi gian \u0111\u1ecdc":"4 ph\u00fat"},"schema":{"@context":"https:\/\/schema.org","@graph":[{"@type":"WebPage","@id":"https:\/\/beoshop.azdigi.shop\/index.php\/san-pham\/hat-royal-canin-mini-puppy-adult-pawo\/","url":"https:\/\/beoshop.azdigi.shop\/index.php\/san-pham\/hat-royal-canin-mini-puppy-adult-pawo\/","name":"H\u1ea1t Royal Canin Mini PUPPY & ADULT - PAWO - thucung123","isPartOf":{"@id":"https:\/\/beoshop.azdigi.shop\/#website"},"primaryImageOfPage":{"@id":"https:\/\/beoshop.azdigi.shop\/index.php\/san-pham\/hat-royal-canin-mini-puppy-adult-pawo\/#primaryimage"},"image":{"@id":"https:\/\/beoshop.azdigi.shop\/index.php\/san-pham\/hat-royal-canin-mini-puppy-adult-pawo\/#primaryimage"},"thumbnailUrl":"https:\/\/beoshop.azdigi.shop\/wp-content\/uploads\/2026\/03\/vn-11134207-7qukw-lfmfers74vp14a.jpg","datePublished":"2026-03-23T08:30:48+00:00","dateModified":"2026-04-03T16:01:05+00:00","breadcrumb":{"@id":"https:\/\/beoshop.azdigi.shop\/index.php\/san-pham\/hat-royal-canin-mini-puppy-adult-pawo\/#breadcrumb"},"inLanguage":"vi","potentialAction":[{"@type":"ReadAction","target":["https:\/\/beoshop.azdigi.shop\/index.php\/san-pham\/hat-royal-canin-mini-puppy-adult-pawo\/"]}]},{"@type":"ImageObject","inLanguage":"vi","@id":"https:\/\/beoshop.azdigi.shop\/index.php\/san-pham\/hat-royal-canin-mini-puppy-adult-pawo\/#primaryimage","url":"https:\/\/beoshop.azdigi.shop\/wp-content\/uploads\/2026\/03\/vn-11134207-7qukw-lfmfers74vp14a.jpg","contentUrl":"https:\/\/beoshop.azdigi.shop\/wp-content\/uploads\/2026\/03\/vn-11134207-7qukw-lfmfers74vp14a.jpg","width":1000,"height":1000},{"@type":"BreadcrumbList","@id":"https:\/\/beoshop.azdigi.shop\/index.php\/san-pham\/hat-royal-canin-mini-puppy-adult-pawo\/#breadcrumb","itemListElement":[{"@type":"ListItem","position":1,"name":"Trang ch\u1ee7","item":"https:\/\/beoshop.azdigi.shop\/"},{"@type":"ListItem","position":2,"name":"S\u1ea3n ph\u1ea9m","item":"https:\/\/beoshop.azdigi.shop\/index.php\/cua-hang__trashed\/"},{"@type":"ListItem","position":3,"name":"H\u1ea1t Royal Canin Mini PUPPY &#038; ADULT &#8211; PAWO"}]},{"@type":"WebSite","@id":"https:\/\/beoshop.azdigi.shop\/#website","url":"https:\/\/beoshop.azdigi.shop\/","name":"thucung123","description":"","publisher":{"@id":"https:\/\/beoshop.azdigi.shop\/#organization"},"potentialAction":[{"@type":"SearchAction","target":{"@type":"EntryPoint","urlTemplate":"https:\/\/beoshop.azdigi.shop\/?s={search_term_string}"},"query-input":{"@type":"PropertyValueSpecification","valueRequired":true,"valueName":"search_term_string"}}],"inLanguage":"vi"},{"@type":"Organization","@id":"https:\/\/beoshop.azdigi.shop\/#organization","name":"thucung123","url":"https:\/\/beoshop.azdigi.shop\/","logo":{"@type":"ImageObject","inLanguage":"vi","@id":"https:\/\/beoshop.azdigi.shop\/#\/schema\/logo\/image\/","url":"https:\/\/beoshop.azdigi.shop\/wp-content\/uploads\/2026\/03\/Black-and-White-Simple-Cat-Pet-Accessories-Logo.png","contentUrl":"https:\/\/beoshop.azdigi.shop\/wp-content\/uploads\/2026\/03\/Black-and-White-Simple-Cat-Pet-Accessories-Logo.png","width":2000,"height":2000,"caption":"thucung123"},"image":{"@id":"https:\/\/beoshop.azdigi.shop\/#\/schema\/logo\/image\/"}}]}},"brands":[],"_links":{"self":[{"href":"https:\/\/beoshop.azdigi.shop\/index.php\/wp-json\/wp\/v2\/product\/173","targetHints":{"allow":["GET"]}}],"collection":[{"href":"https:\/\/beoshop.azdigi.shop\/index.php\/wp-json\/wp\/v2\/product"}],"about":[{"href":"https:\/\/beoshop.azdigi.shop\/index.php\/wp-json\/wp\/v2\/types\/product"}],"replies":[{"embeddable":true,"href":"https:\/\/beoshop.azdigi.shop\/index.php\/wp-json\/wp\/v2\/comments?post=173"}],"wp:featuredmedia":[{"embeddable":true,"href":"https:\/\/beoshop.azdigi.shop\/index.php\/wp-json\/wp\/v2\/media\/175"}],"wp:attachment":[{"href":"https:\/\/beoshop.azdigi.shop\/index.php\/wp-json\/wp\/v2\/media?parent=173"}],"wp:term":[{"taxonomy":"pwb-brand","embeddable":true,"href":"https:\/\/beoshop.azdigi.shop\/index.php\/wp-json\/wp\/v2\/pwb-brand?post=173"},{"taxonomy":"product_brand","embeddable":true,"href":"https:\/\/beoshop.azdigi.shop\/index.php\/wp-json\/wp\/v2\/product_brand?post=173"},{"taxonomy":"product_cat","embeddable":true,"href":"https:\/\/beoshop.azdigi.shop\/index.php\/wp-json\/wp\/v2\/product_cat?post=173"},{"taxonomy":"product_tag","embeddable":true,"href":"https:\/\/beoshop.azdigi.shop\/index.php\/wp-json\/wp\/v2\/product_tag?post=173"}],"curies":[{"name":"wp","href":"https:\/\/api.w.org\/{rel}","templated":true}]}}