{"id":246,"date":"2026-04-05T09:05:02","date_gmt":"2026-04-05T09:05:02","guid":{"rendered":"https:\/\/beoshop.azdigi.shop\/?post_type=product&#038;p=246"},"modified":"2026-04-23T17:03:58","modified_gmt":"2026-04-23T17:03:58","slug":"hat-cho-meo-moi-lua-tuoi-keos","status":"publish","type":"product","link":"https:\/\/beoshop.azdigi.shop\/index.php\/san-pham\/hat-cho-meo-moi-lua-tuoi-keos\/","title":{"rendered":"H\u1ea1t Cho M\u00e8o M\u1ecdi L\u1ee9a Tu\u1ed5i Keos"},"content":{"rendered":"<h1>H\u1ea1t Cho M\u00e8o M\u1ecdi L\u1ee9a Tu\u1ed5i Keos<\/h1>\n<ul>\n<li>Th\u01b0\u01a1ng hi\u1ec7u:\u00a0<strong><a title=\"Keos\" href=\"https:\/\/paddy.vn\/collections\/thuc-an-cho-meo-keos\" target=\"_blank\" rel=\"noopener\">Keos<\/a><\/strong><\/li>\n<li>Ph\u00f9 h\u1ee3p cho: M\u00e8o m\u1ecdi \u0111\u1ed9 tu\u1ed5i<\/li>\n<li><strong><a title=\"Th\u1ee9c \u0102n Cho M\u00e8o\" href=\"https:\/\/beoshop.azdigi.shop\/index.php\/meo\/\" target=\"_blank\" rel=\"noopener\">Th\u1ee9c \u0103n cho m\u00e8o<\/a><\/strong>\u00a0Keos \u0111\u01b0\u1ee3c ch\u1ebf bi\u1ebfn b\u1eb1ng c\u00f4ng ngh\u1ec7 natural shield ph\u00e1t tri\u1ec3n t\u1eeb th\u1ea3o d\u01b0\u1ee3c thi\u00ean nhi\u00ean, t\u0103ng kh\u1ea3 n\u0103ng ch\u1ed1ng oxy h\u00f3a cho c\u01a1 th\u1ec3 th\u00fa c\u01b0ng,\u00a0t\u1ed1i \u01b0u h\u1ea5p thu dinh d\u01b0\u1ee1ng v\u00e0 c\u1ea3i thi\u1ec7n h\u1ec7 ti\u00eau h\u00f3a.\u00a0Kh\u00f4ng ch\u1ec9 mang \u0111\u1ebfn nh\u1eefng b\u1eefa \u0103n ngon cho th\u00fa c\u01b0ng, c\u00f4ng ngh\u1ec7 Natural Shield khi\u1ebfn h\u1ea1t m\u00e8o t\u1ed1i \u0111a d\u01b0\u1ee1ng ch\u1ea5t thi\u00ean nhi\u00ean \u0111\u1ec3 t\u1ea1o ra l\u00e1 ch\u1eafn v\u1eefng ch\u1eafc cho s\u1ee9c \u0111\u1ec1 kh\u00e1ng, gi\u00fap th\u00fa c\u01b0ng ch\u1ed1ng l\u1ea1i b\u1ec7nh t\u1eadt v\u00e0 t\u1eadn h\u01b0\u1edfng cu\u1ed9c s\u1ed1ng l\u00e2u d\u00e0i, kh\u1ecfe m\u1ea1nh h\u01a1n.<\/li>\n<\/ul>\n<h2><b>L\u1ee3i \u00edch:<\/b><\/h2>\n<ul>\n<li>Gi\u00e0u n\u0103ng l\u01b0\u1ee3ng &amp; x\u01b0\u01a1ng kh\u1edbp ch\u1eafc kh\u1ecfe<\/li>\n<li>S\u1ee9c kh\u1ecfe tim m\u1ea1ch<\/li>\n<li>Ti\u00eau b\u00fai l\u00f4ng (hairball)<\/li>\n<li>H\u1ed7 tr\u1ee3 \u0111\u01b0\u1eddng ti\u1ebft ni\u1ec7u (urinary)<\/li>\n<li>Ti\u00eau h\u00f3a t\u1ed1t, d\u1ec5 h\u1ea5p thu dinh d\u01b0\u1ee1ng<\/li>\n<li>T\u0103ng c\u01b0\u1eddng h\u1ec7 mi\u1ec5n d\u1ecbch v\u1edbi c\u00f4ng ngh\u1ec7 natural shield<\/li>\n<\/ul>\n<h2><b>Th\u00e0nh ph\u1ea7n<\/b><\/h2>\n<ul>\n<li>Ng\u00f4, B\u1ed9t gia c\u1ea7m, L\u00faa m\u00ec, B\u1ed9t \u0111\u1eadu n\u00e0nh, C\u00e1m m\u00ec, M\u1ee1 gia c\u1ea7m (ngu\u1ed3n Omega 6), B\u1ed9t c\u00e1 (ngu\u1ed3n Omega 3), Taurine, Kho\u00e1ng ch\u1ea5t (S\u1eaft, \u0110\u1ed3ng, Mangan, K\u1ebdm, I-\u1ed1t, Selen), Vitamin ( A, D3, C, K3, B1, B2, B6, B12, PP, E (Tocopherol), Canxi D-Pantothenate, Biotin, Axit Folic, Choline), Natri Disulfate, Monocalcium Phosphate, Canxi Carbonate, Natri Clorua, Ch\u1ea5t b\u1ea3o qu\u1ea3n, Ch\u1ea5t ch\u1ed1ng oxy h\u00f3a, Palatants, chi\u1ebft xu\u1ea5t Yucca schidigera<\/li>\n<\/ul>\n<h3><b>H\u01b0\u1edbng d\u1eabn s\u1eed d\u1ee5ng<\/b><\/h3>\n<ul>\n<li>Ch\u1ecdn lo\u1ea1i th\u1ee9c \u0103n h\u1ea1t ph\u00f9 h\u1ee3p v\u1edbi tu\u1ed5i, nhu c\u1ea7u dinh d\u01b0\u1ee1ng v\u00e0 t\u00ecnh tr\u1ea1ng s\u1ee9c kh\u1ecfe c\u1ee7a m\u00e8o.<\/li>\n<li>\u0110\u1ec3 th\u1ee9c \u0103n h\u1ea1t \u1edf n\u01a1i kh\u00f4 r\u00e1o, tho\u00e1ng m\u00e1t.<\/li>\n<li>Cho m\u00e8o \u0103n th\u1ee9c \u0103n h\u1ea1t theo l\u01b0\u1ee3ng khuy\u1ebfn ngh\u1ecb tr\u00ean bao b\u00ec.<\/li>\n<li>Lu\u00f4n c\u00f3 s\u1eb5n n\u01b0\u1edbc s\u1ea1ch cho m\u00e8o u\u1ed1ng.<\/li>\n<li>V\u1ec7 sinh khay \u0103n c\u1ee7a m\u00e8o th\u01b0\u1eddng xuy\u00ean<\/li>\n<\/ul>\n","protected":false},"excerpt":{"rendered":"<p>H\u1ea1t Cho M\u00e8o M\u1ecdi L\u1ee9a Tu\u1ed5i Keos Th\u01b0\u01a1ng hi\u1ec7u:\u00a0Keos Ph\u00f9 h\u1ee3p cho: M\u00e8o m\u1ecdi \u0111\u1ed9 tu\u1ed5i Th\u1ee9c \u0103n cho m\u00e8o\u00a0Keos \u0111\u01b0\u1ee3c ch\u1ebf bi\u1ebfn b\u1eb1ng c\u00f4ng ngh\u1ec7 natural shield ph\u00e1t tri\u1ec3n t\u1eeb th\u1ea3o d\u01b0\u1ee3c thi\u00ean nhi\u00ean, t\u0103ng kh\u1ea3 n\u0103ng ch\u1ed1ng oxy h\u00f3a cho c\u01a1 th\u1ec3 th\u00fa c\u01b0ng,\u00a0t\u1ed1i \u01b0u h\u1ea5p thu dinh d\u01b0\u1ee1ng v\u00e0 c\u1ea3i thi\u1ec7n h\u1ec7 [&#8230;]\n","protected":false},"featured_media":238,"comment_status":"open","ping_status":"closed","template":"","meta":[],"pwb-brand":[52],"product_brand":[51],"product_cat":[15,39,41,40],"product_tag":[],"class_list":{"0":"post-246","1":"product","2":"type-product","3":"status-publish","4":"has-post-thumbnail","6":"pwb-brand-keos","7":"product_brand-keos","8":"product_cat-chua-phan-loai","9":"product_cat-meo","10":"product_cat-thuc-an-cho-meo","11":"product_cat-thuc-an-hat-meo","13":"first","14":"instock","15":"shipping-taxable","16":"purchasable","17":"product-type-variable"},"yoast_head":"<!-- This site is optimized with the Yoast SEO plugin v27.1.1 - https:\/\/yoast.com\/product\/yoast-seo-wordpress\/ -->\n<title>H\u1ea1t Cho M\u00e8o M\u1ecdi L\u1ee9a Tu\u1ed5i Keos - thucung123<\/title>\n<meta name=\"description\" content=\"h\u1ea1t cho m\u00e8o m\u1ecdi l\u1ee9a tu\u1ed5i Keo&#039;s !\" \/>\n<meta name=\"robots\" content=\"index, follow, max-snippet:-1, max-image-preview:large, max-video-preview:-1\" \/>\n<link rel=\"canonical\" href=\"https:\/\/beoshop.azdigi.shop\/index.php\/san-pham\/hat-cho-meo-moi-lua-tuoi-keos\/\" \/>\n<meta property=\"og:locale\" content=\"vi_VN\" \/>\n<meta property=\"og:type\" content=\"article\" \/>\n<meta property=\"og:title\" content=\"H\u1ea1t Cho M\u00e8o M\u1ecdi L\u1ee9a Tu\u1ed5i Keos - thucung123\" \/>\n<meta property=\"og:description\" content=\"h\u1ea1t cho m\u00e8o m\u1ecdi l\u1ee9a tu\u1ed5i Keo&#039;s !\" \/>\n<meta property=\"og:url\" content=\"https:\/\/beoshop.azdigi.shop\/index.php\/san-pham\/hat-cho-meo-moi-lua-tuoi-keos\/\" \/>\n<meta property=\"og:site_name\" content=\"thucung123\" \/>\n<meta property=\"article:modified_time\" content=\"2026-04-23T17:03:58+00:00\" \/>\n<meta property=\"og:image\" content=\"https:\/\/beoshop.azdigi.shop\/wp-content\/uploads\/2026\/04\/12_bccbc0af-0393-47f2-8cf8-ad427e164cd1.webp\" \/>\n\t<meta property=\"og:image:width\" content=\"800\" \/>\n\t<meta property=\"og:image:height\" content=\"800\" \/>\n\t<meta property=\"og:image:type\" content=\"image\/webp\" \/>\n<meta name=\"twitter:card\" content=\"summary_large_image\" \/>\n<meta name=\"twitter:label1\" content=\"\u01af\u1edbc t\u00ednh th\u1eddi gian \u0111\u1ecdc\" \/>\n\t<meta name=\"twitter:data1\" content=\"2 ph\u00fat\" \/>\n<script type=\"application\/ld+json\" class=\"yoast-schema-graph\">{\"@context\":\"https:\/\/schema.org\",\"@graph\":[{\"@type\":\"WebPage\",\"@id\":\"https:\/\/beoshop.azdigi.shop\/index.php\/san-pham\/hat-cho-meo-moi-lua-tuoi-keos\/\",\"url\":\"https:\/\/beoshop.azdigi.shop\/index.php\/san-pham\/hat-cho-meo-moi-lua-tuoi-keos\/\",\"name\":\"H\u1ea1t Cho M\u00e8o M\u1ecdi L\u1ee9a Tu\u1ed5i Keos - thucung123\",\"isPartOf\":{\"@id\":\"https:\/\/beoshop.azdigi.shop\/#website\"},\"primaryImageOfPage\":{\"@id\":\"https:\/\/beoshop.azdigi.shop\/index.php\/san-pham\/hat-cho-meo-moi-lua-tuoi-keos\/#primaryimage\"},\"image\":{\"@id\":\"https:\/\/beoshop.azdigi.shop\/index.php\/san-pham\/hat-cho-meo-moi-lua-tuoi-keos\/#primaryimage\"},\"thumbnailUrl\":\"https:\/\/beoshop.azdigi.shop\/wp-content\/uploads\/2026\/04\/12_bccbc0af-0393-47f2-8cf8-ad427e164cd1.webp\",\"datePublished\":\"2026-04-05T09:05:02+00:00\",\"dateModified\":\"2026-04-23T17:03:58+00:00\",\"description\":\"h\u1ea1t cho m\u00e8o m\u1ecdi l\u1ee9a tu\u1ed5i Keo's !\",\"breadcrumb\":{\"@id\":\"https:\/\/beoshop.azdigi.shop\/index.php\/san-pham\/hat-cho-meo-moi-lua-tuoi-keos\/#breadcrumb\"},\"inLanguage\":\"vi\",\"potentialAction\":[{\"@type\":\"ReadAction\",\"target\":[\"https:\/\/beoshop.azdigi.shop\/index.php\/san-pham\/hat-cho-meo-moi-lua-tuoi-keos\/\"]}]},{\"@type\":\"ImageObject\",\"inLanguage\":\"vi\",\"@id\":\"https:\/\/beoshop.azdigi.shop\/index.php\/san-pham\/hat-cho-meo-moi-lua-tuoi-keos\/#primaryimage\",\"url\":\"https:\/\/beoshop.azdigi.shop\/wp-content\/uploads\/2026\/04\/12_bccbc0af-0393-47f2-8cf8-ad427e164cd1.webp\",\"contentUrl\":\"https:\/\/beoshop.azdigi.shop\/wp-content\/uploads\/2026\/04\/12_bccbc0af-0393-47f2-8cf8-ad427e164cd1.webp\",\"width\":800,\"height\":800},{\"@type\":\"BreadcrumbList\",\"@id\":\"https:\/\/beoshop.azdigi.shop\/index.php\/san-pham\/hat-cho-meo-moi-lua-tuoi-keos\/#breadcrumb\",\"itemListElement\":[{\"@type\":\"ListItem\",\"position\":1,\"name\":\"Trang ch\u1ee7\",\"item\":\"https:\/\/beoshop.azdigi.shop\/\"},{\"@type\":\"ListItem\",\"position\":2,\"name\":\"S\u1ea3n ph\u1ea9m\",\"item\":\"https:\/\/beoshop.azdigi.shop\/index.php\/cua-hang__trashed\/\"},{\"@type\":\"ListItem\",\"position\":3,\"name\":\"H\u1ea1t Cho M\u00e8o M\u1ecdi L\u1ee9a Tu\u1ed5i Keos\"}]},{\"@type\":\"WebSite\",\"@id\":\"https:\/\/beoshop.azdigi.shop\/#website\",\"url\":\"https:\/\/beoshop.azdigi.shop\/\",\"name\":\"thucung123\",\"description\":\"\",\"publisher\":{\"@id\":\"https:\/\/beoshop.azdigi.shop\/#organization\"},\"potentialAction\":[{\"@type\":\"SearchAction\",\"target\":{\"@type\":\"EntryPoint\",\"urlTemplate\":\"https:\/\/beoshop.azdigi.shop\/?s={search_term_string}\"},\"query-input\":{\"@type\":\"PropertyValueSpecification\",\"valueRequired\":true,\"valueName\":\"search_term_string\"}}],\"inLanguage\":\"vi\"},{\"@type\":\"Organization\",\"@id\":\"https:\/\/beoshop.azdigi.shop\/#organization\",\"name\":\"thucung123\",\"url\":\"https:\/\/beoshop.azdigi.shop\/\",\"logo\":{\"@type\":\"ImageObject\",\"inLanguage\":\"vi\",\"@id\":\"https:\/\/beoshop.azdigi.shop\/#\/schema\/logo\/image\/\",\"url\":\"https:\/\/beoshop.azdigi.shop\/wp-content\/uploads\/2026\/03\/Black-and-White-Simple-Cat-Pet-Accessories-Logo.png\",\"contentUrl\":\"https:\/\/beoshop.azdigi.shop\/wp-content\/uploads\/2026\/03\/Black-and-White-Simple-Cat-Pet-Accessories-Logo.png\",\"width\":2000,\"height\":2000,\"caption\":\"thucung123\"},\"image\":{\"@id\":\"https:\/\/beoshop.azdigi.shop\/#\/schema\/logo\/image\/\"}}]}<\/script>\n<!-- \/ Yoast SEO plugin. -->","yoast_head_json":{"title":"H\u1ea1t Cho M\u00e8o M\u1ecdi L\u1ee9a Tu\u1ed5i Keos - thucung123","description":"h\u1ea1t cho m\u00e8o m\u1ecdi l\u1ee9a tu\u1ed5i Keo's !","robots":{"index":"index","follow":"follow","max-snippet":"max-snippet:-1","max-image-preview":"max-image-preview:large","max-video-preview":"max-video-preview:-1"},"canonical":"https:\/\/beoshop.azdigi.shop\/index.php\/san-pham\/hat-cho-meo-moi-lua-tuoi-keos\/","og_locale":"vi_VN","og_type":"article","og_title":"H\u1ea1t Cho M\u00e8o M\u1ecdi L\u1ee9a Tu\u1ed5i Keos - thucung123","og_description":"h\u1ea1t cho m\u00e8o m\u1ecdi l\u1ee9a tu\u1ed5i Keo's !","og_url":"https:\/\/beoshop.azdigi.shop\/index.php\/san-pham\/hat-cho-meo-moi-lua-tuoi-keos\/","og_site_name":"thucung123","article_modified_time":"2026-04-23T17:03:58+00:00","og_image":[{"width":800,"height":800,"url":"https:\/\/beoshop.azdigi.shop\/wp-content\/uploads\/2026\/04\/12_bccbc0af-0393-47f2-8cf8-ad427e164cd1.webp","type":"image\/webp"}],"twitter_card":"summary_large_image","twitter_misc":{"\u01af\u1edbc t\u00ednh th\u1eddi gian \u0111\u1ecdc":"2 ph\u00fat"},"schema":{"@context":"https:\/\/schema.org","@graph":[{"@type":"WebPage","@id":"https:\/\/beoshop.azdigi.shop\/index.php\/san-pham\/hat-cho-meo-moi-lua-tuoi-keos\/","url":"https:\/\/beoshop.azdigi.shop\/index.php\/san-pham\/hat-cho-meo-moi-lua-tuoi-keos\/","name":"H\u1ea1t Cho M\u00e8o M\u1ecdi L\u1ee9a Tu\u1ed5i Keos - thucung123","isPartOf":{"@id":"https:\/\/beoshop.azdigi.shop\/#website"},"primaryImageOfPage":{"@id":"https:\/\/beoshop.azdigi.shop\/index.php\/san-pham\/hat-cho-meo-moi-lua-tuoi-keos\/#primaryimage"},"image":{"@id":"https:\/\/beoshop.azdigi.shop\/index.php\/san-pham\/hat-cho-meo-moi-lua-tuoi-keos\/#primaryimage"},"thumbnailUrl":"https:\/\/beoshop.azdigi.shop\/wp-content\/uploads\/2026\/04\/12_bccbc0af-0393-47f2-8cf8-ad427e164cd1.webp","datePublished":"2026-04-05T09:05:02+00:00","dateModified":"2026-04-23T17:03:58+00:00","description":"h\u1ea1t cho m\u00e8o m\u1ecdi l\u1ee9a tu\u1ed5i Keo's !","breadcrumb":{"@id":"https:\/\/beoshop.azdigi.shop\/index.php\/san-pham\/hat-cho-meo-moi-lua-tuoi-keos\/#breadcrumb"},"inLanguage":"vi","potentialAction":[{"@type":"ReadAction","target":["https:\/\/beoshop.azdigi.shop\/index.php\/san-pham\/hat-cho-meo-moi-lua-tuoi-keos\/"]}]},{"@type":"ImageObject","inLanguage":"vi","@id":"https:\/\/beoshop.azdigi.shop\/index.php\/san-pham\/hat-cho-meo-moi-lua-tuoi-keos\/#primaryimage","url":"https:\/\/beoshop.azdigi.shop\/wp-content\/uploads\/2026\/04\/12_bccbc0af-0393-47f2-8cf8-ad427e164cd1.webp","contentUrl":"https:\/\/beoshop.azdigi.shop\/wp-content\/uploads\/2026\/04\/12_bccbc0af-0393-47f2-8cf8-ad427e164cd1.webp","width":800,"height":800},{"@type":"BreadcrumbList","@id":"https:\/\/beoshop.azdigi.shop\/index.php\/san-pham\/hat-cho-meo-moi-lua-tuoi-keos\/#breadcrumb","itemListElement":[{"@type":"ListItem","position":1,"name":"Trang ch\u1ee7","item":"https:\/\/beoshop.azdigi.shop\/"},{"@type":"ListItem","position":2,"name":"S\u1ea3n ph\u1ea9m","item":"https:\/\/beoshop.azdigi.shop\/index.php\/cua-hang__trashed\/"},{"@type":"ListItem","position":3,"name":"H\u1ea1t Cho M\u00e8o M\u1ecdi L\u1ee9a Tu\u1ed5i Keos"}]},{"@type":"WebSite","@id":"https:\/\/beoshop.azdigi.shop\/#website","url":"https:\/\/beoshop.azdigi.shop\/","name":"thucung123","description":"","publisher":{"@id":"https:\/\/beoshop.azdigi.shop\/#organization"},"potentialAction":[{"@type":"SearchAction","target":{"@type":"EntryPoint","urlTemplate":"https:\/\/beoshop.azdigi.shop\/?s={search_term_string}"},"query-input":{"@type":"PropertyValueSpecification","valueRequired":true,"valueName":"search_term_string"}}],"inLanguage":"vi"},{"@type":"Organization","@id":"https:\/\/beoshop.azdigi.shop\/#organization","name":"thucung123","url":"https:\/\/beoshop.azdigi.shop\/","logo":{"@type":"ImageObject","inLanguage":"vi","@id":"https:\/\/beoshop.azdigi.shop\/#\/schema\/logo\/image\/","url":"https:\/\/beoshop.azdigi.shop\/wp-content\/uploads\/2026\/03\/Black-and-White-Simple-Cat-Pet-Accessories-Logo.png","contentUrl":"https:\/\/beoshop.azdigi.shop\/wp-content\/uploads\/2026\/03\/Black-and-White-Simple-Cat-Pet-Accessories-Logo.png","width":2000,"height":2000,"caption":"thucung123"},"image":{"@id":"https:\/\/beoshop.azdigi.shop\/#\/schema\/logo\/image\/"}}]}},"brands":[{"id":52,"name":"Keo's","slug":"keos"}],"_links":{"self":[{"href":"https:\/\/beoshop.azdigi.shop\/index.php\/wp-json\/wp\/v2\/product\/246","targetHints":{"allow":["GET"]}}],"collection":[{"href":"https:\/\/beoshop.azdigi.shop\/index.php\/wp-json\/wp\/v2\/product"}],"about":[{"href":"https:\/\/beoshop.azdigi.shop\/index.php\/wp-json\/wp\/v2\/types\/product"}],"replies":[{"embeddable":true,"href":"https:\/\/beoshop.azdigi.shop\/index.php\/wp-json\/wp\/v2\/comments?post=246"}],"wp:featuredmedia":[{"embeddable":true,"href":"https:\/\/beoshop.azdigi.shop\/index.php\/wp-json\/wp\/v2\/media\/238"}],"wp:attachment":[{"href":"https:\/\/beoshop.azdigi.shop\/index.php\/wp-json\/wp\/v2\/media?parent=246"}],"wp:term":[{"taxonomy":"pwb-brand","embeddable":true,"href":"https:\/\/beoshop.azdigi.shop\/index.php\/wp-json\/wp\/v2\/pwb-brand?post=246"},{"taxonomy":"product_brand","embeddable":true,"href":"https:\/\/beoshop.azdigi.shop\/index.php\/wp-json\/wp\/v2\/product_brand?post=246"},{"taxonomy":"product_cat","embeddable":true,"href":"https:\/\/beoshop.azdigi.shop\/index.php\/wp-json\/wp\/v2\/product_cat?post=246"},{"taxonomy":"product_tag","embeddable":true,"href":"https:\/\/beoshop.azdigi.shop\/index.php\/wp-json\/wp\/v2\/product_tag?post=246"}],"curies":[{"name":"wp","href":"https:\/\/api.w.org\/{rel}","templated":true}]}}