{"id":509,"date":"2026-04-16T06:09:43","date_gmt":"2026-04-16T06:09:43","guid":{"rendered":"https:\/\/beoshop.azdigi.shop\/?post_type=product&#038;p=509"},"modified":"2026-04-16T06:09:43","modified_gmt":"2026-04-16T06:09:43","slug":"hat-cho-meo-cats-on-mix-t-1-4kg","status":"publish","type":"product","link":"https:\/\/beoshop.azdigi.shop\/index.php\/san-pham\/hat-cho-meo-cats-on-mix-t-1-4kg\/","title":{"rendered":"H\u1ea1t Cho M\u00e8o Cats On Mix T 1.4kg"},"content":{"rendered":"<h1><strong>H\u1ea1t Cho M\u00e8o Cats On Mix T 1.4kg<\/strong><\/h1>\n<ul>\n<li>Th\u01b0\u01a1ng hi\u1ec7u:\u00a0<a href=\"https:\/\/beoshop.azdigi.shop\/index.php\/cats-on\/\"><strong>Cat&#8217;s On<\/strong><\/a><\/li>\n<li>Ph\u00f9 h\u1ee3p cho: M\u00e8o m\u1ecdi l\u1ee9a tu\u1ed5i<\/li>\n<li><a title=\"Th\u1ee9c \u0102n Cho M\u00e8o\" href=\"https:\/\/beoshop.azdigi.shop\/index.php\/danh-muc-san-pham\/meo\/thuc-an-hat-meo\/\" target=\"_blank\" rel=\"noopener\"><b>Th\u1ee9c \u0103n cho m\u00e8o<\/b><\/a>\u00a0Cat\u2019s On Mix T l\u00e0 s\u1ea3n ph\u1ea9m dinh d\u01b0\u1ee1ng h\u00e0ng ng\u00e0y cho m\u00e8o cung c\u1ea5p ngu\u1ed3n \u0111\u1ea1m ch\u1ea5t l\u01b0\u1ee3ng cao t\u1eeb th\u1ecbt g\u00e0 v\u00e0 th\u1ecbt v\u1ecbt, c\u00f9ng axit b\u00e9o kh\u00f4ng b\u00e3o h\u00f2a t\u1eeb g\u00e0. Ngo\u00e0i ra, Cat\u2019s On Mix T c\u00f2n b\u1ed5 sung c\u00e1c th\u00e0nh ph\u1ea7n dinh d\u01b0\u1ee1ng kh\u00e1c \u0111\u1ec3 duy tr\u00ec s\u1ee9c kh\u1ecfe cho m\u00e8o. \u0110\u1eb7c bi\u1ec7t, s\u1ea3n ph\u1ea9m c\u00f3 d\u1ea1ng h\u1ea1t mix topping g\u00e0 s\u1ea5y v\u1edbi l\u1edbp b\u1ed9t m\u1ecbn, k\u00edch th\u00edch s\u1ef1 th\u00e8m \u0103n c\u1ee7a m\u00e8o.<\/li>\n<\/ul>\n<h2><b>L\u1ee3i \u00edch:<\/b><\/h2>\n<ul>\n<li>K\u00edch th\u00edch c\u1ea3m gi\u00e1c th\u00e8m \u0103n \u1edf m\u00e8o.<\/li>\n<li>Cung c\u1ea5p 33% \u0111\u1ea1m \u0111\u1ed9ng v\u1eadt v\u1eeba \u0111\u1ee7 \u0111\u1ec3 tr\u00e1nh c\u00e1c t\u00ecnh tr\u1ea1ng d\u01b0 \u0111\u1ea1m d\u1eabn \u0111\u1ebfn kh\u00f3 ti\u00eau h\u00f3a \u1edf m\u00e8o<\/li>\n<li>S\u1eed d\u1ee5ng men saccharomyces cerevisiae gi\u00fap t\u0103ng c\u01b0\u1eddng s\u1ee9c kh\u1ecfe \u0111\u01b0\u1eddng ru\u1ed9t. T\u1ea1o m\u00f4i tr\u01b0\u1eddng s\u1ed1ng cho vi khu\u1ea9n c\u00f3 l\u1ee3i trong h\u1ec7 ti\u00eau h\u00f3a<\/li>\n<li>S\u1ea3n ph\u1ea9m kh\u00f4ng \u0111\u1ed9n ng\u0169 c\u1ed1c<\/li>\n<li>Cranberry (Nam Vi\u1ec7t Qu\u1ea5t) gi\u00e0u ch\u1ea5t x\u01a1 v\u00e0 c\u00e1c lo\u1ea1i vitamin C, E,K1, ph\u00f2ng ch\u1ed1ng ung th\u01b0, kh\u00e1ng vi\u00eam, ng\u0103n ng\u1eeba nhi\u1ec5m tr\u00f9ng \u0111\u01b0\u1eddng h\u00f4 h\u1ea5p, b\u1ea3o v\u1ec7 s\u1ee9c kh\u1ecfe tim m\u1ea1ch, ng\u0103n ng\u1eeba c\u00e1c b\u1ec7nh vi\u00eam nhi\u1ec5m \u1edf b\u00e0ng quang v\u00e0 ti\u1ebft ni\u1ec7u<\/li>\n<li>Cung c\u1ea5p c\u00e1c lo\u1ea1i Vitamin v\u00e0 kho\u00e1ng ch\u1ea5t c\u1ea7n thi\u1ebft gi\u00fap t\u0103ng c\u01b0\u1eddng s\u1ee9c \u0111\u1ec1 kh\u00e1ng v\u00e0 kh\u1ea3 n\u0103ng mi\u1ec5n d\u1ecbch<\/li>\n<li>Chi\u1ebft xu\u1ea5t Yucca gi\u1ea3m m\u00f9i h\u00f4i ph\u00e2n<\/li>\n<\/ul>\n<h2><b>Th\u00e0nh ph\u1ea7n<\/b><\/h2>\n<ul>\n<li>Th\u1ecbt g\u00e0 \u0111\u00f4ng l\u1ea1nh 36%, v\u1ecbt \u0111\u00f4ng l\u1ea1nh 18%, gan da c\u1ea7m \u0111\u00f4ng l\u1ea1nh 8%, th\u1ecbt g\u00e0 kh\u1eed n\u01b0\u1edbc 5%, m\u1ee1 g\u00e0, n\u1ea5m men,&#8230;.<\/li>\n<\/ul>\n<h3><b>H\u01b0\u1edbng d\u1eabn s\u1eed d\u1ee5ng<\/b><\/h3>\n<ul>\n<li>\u0110\u1ec3 n\u01a1i kh\u00f4 tho\u00e1ng, tr\u00e1nh \u00e1nh s\u00e1ng m\u1eb7t tr\u1eddi tr\u1ef1c ti\u1ebfp.<\/li>\n<\/ul>\n","protected":false},"excerpt":{"rendered":"<p>H\u1ea1t Cho M\u00e8o Cats On Mix T 1.4kg Th\u01b0\u01a1ng hi\u1ec7u:\u00a0Cat&#8217;s On Ph\u00f9 h\u1ee3p cho: M\u00e8o m\u1ecdi l\u1ee9a tu\u1ed5i Th\u1ee9c \u0103n cho m\u00e8o\u00a0Cat\u2019s On Mix T l\u00e0 s\u1ea3n ph\u1ea9m dinh d\u01b0\u1ee1ng h\u00e0ng ng\u00e0y cho m\u00e8o cung c\u1ea5p ngu\u1ed3n \u0111\u1ea1m ch\u1ea5t l\u01b0\u1ee3ng cao t\u1eeb th\u1ecbt g\u00e0 v\u00e0 th\u1ecbt v\u1ecbt, c\u00f9ng axit b\u00e9o kh\u00f4ng b\u00e3o h\u00f2a t\u1eeb g\u00e0. [&#8230;]\n","protected":false},"featured_media":510,"comment_status":"open","ping_status":"closed","template":"","meta":[],"pwb-brand":[],"product_brand":[],"product_cat":[39,41,40],"product_tag":[],"class_list":{"0":"post-509","1":"product","2":"type-product","3":"status-publish","4":"has-post-thumbnail","6":"product_cat-meo","7":"product_cat-thuc-an-cho-meo","8":"product_cat-thuc-an-hat-meo","10":"first","11":"instock","12":"shipping-taxable","13":"purchasable","14":"product-type-simple"},"yoast_head":"<!-- This site is optimized with the Yoast SEO plugin v27.1.1 - https:\/\/yoast.com\/product\/yoast-seo-wordpress\/ -->\n<title>H\u1ea1t Cho M\u00e8o Cats On Mix T 1.4kg - thucung123<\/title>\n<meta name=\"description\" content=\"H\u1ea1t Cho M\u00e8o Cats On\" \/>\n<meta name=\"robots\" content=\"index, follow, max-snippet:-1, max-image-preview:large, max-video-preview:-1\" \/>\n<link rel=\"canonical\" href=\"https:\/\/beoshop.azdigi.shop\/index.php\/san-pham\/hat-cho-meo-cats-on-mix-t-1-4kg\/\" \/>\n<meta property=\"og:locale\" content=\"vi_VN\" \/>\n<meta property=\"og:type\" content=\"article\" \/>\n<meta property=\"og:title\" content=\"H\u1ea1t Cho M\u00e8o Cats On Mix T 1.4kg - thucung123\" \/>\n<meta property=\"og:description\" content=\"H\u1ea1t Cho M\u00e8o Cats On\" \/>\n<meta property=\"og:url\" content=\"https:\/\/beoshop.azdigi.shop\/index.php\/san-pham\/hat-cho-meo-cats-on-mix-t-1-4kg\/\" \/>\n<meta property=\"og:site_name\" content=\"thucung123\" \/>\n<meta property=\"og:image\" content=\"https:\/\/beoshop.azdigi.shop\/wp-content\/uploads\/2026\/04\/hat-cho-meo-cats-on-mix-t-1-4kg-501730455a29.webp\" \/>\n\t<meta property=\"og:image:width\" content=\"800\" \/>\n\t<meta property=\"og:image:height\" content=\"800\" \/>\n\t<meta property=\"og:image:type\" content=\"image\/webp\" \/>\n<meta name=\"twitter:card\" content=\"summary_large_image\" \/>\n<meta name=\"twitter:label1\" content=\"\u01af\u1edbc t\u00ednh th\u1eddi gian \u0111\u1ecdc\" \/>\n\t<meta name=\"twitter:data1\" content=\"2 ph\u00fat\" \/>\n<script type=\"application\/ld+json\" class=\"yoast-schema-graph\">{\"@context\":\"https:\/\/schema.org\",\"@graph\":[{\"@type\":\"WebPage\",\"@id\":\"https:\/\/beoshop.azdigi.shop\/index.php\/san-pham\/hat-cho-meo-cats-on-mix-t-1-4kg\/\",\"url\":\"https:\/\/beoshop.azdigi.shop\/index.php\/san-pham\/hat-cho-meo-cats-on-mix-t-1-4kg\/\",\"name\":\"H\u1ea1t Cho M\u00e8o Cats On Mix T 1.4kg - thucung123\",\"isPartOf\":{\"@id\":\"https:\/\/beoshop.azdigi.shop\/#website\"},\"primaryImageOfPage\":{\"@id\":\"https:\/\/beoshop.azdigi.shop\/index.php\/san-pham\/hat-cho-meo-cats-on-mix-t-1-4kg\/#primaryimage\"},\"image\":{\"@id\":\"https:\/\/beoshop.azdigi.shop\/index.php\/san-pham\/hat-cho-meo-cats-on-mix-t-1-4kg\/#primaryimage\"},\"thumbnailUrl\":\"https:\/\/beoshop.azdigi.shop\/wp-content\/uploads\/2026\/04\/hat-cho-meo-cats-on-mix-t-1-4kg-501730455a29.webp\",\"datePublished\":\"2026-04-16T06:09:43+00:00\",\"description\":\"H\u1ea1t Cho M\u00e8o Cats On\",\"breadcrumb\":{\"@id\":\"https:\/\/beoshop.azdigi.shop\/index.php\/san-pham\/hat-cho-meo-cats-on-mix-t-1-4kg\/#breadcrumb\"},\"inLanguage\":\"vi\",\"potentialAction\":[{\"@type\":\"ReadAction\",\"target\":[\"https:\/\/beoshop.azdigi.shop\/index.php\/san-pham\/hat-cho-meo-cats-on-mix-t-1-4kg\/\"]}]},{\"@type\":\"ImageObject\",\"inLanguage\":\"vi\",\"@id\":\"https:\/\/beoshop.azdigi.shop\/index.php\/san-pham\/hat-cho-meo-cats-on-mix-t-1-4kg\/#primaryimage\",\"url\":\"https:\/\/beoshop.azdigi.shop\/wp-content\/uploads\/2026\/04\/hat-cho-meo-cats-on-mix-t-1-4kg-501730455a29.webp\",\"contentUrl\":\"https:\/\/beoshop.azdigi.shop\/wp-content\/uploads\/2026\/04\/hat-cho-meo-cats-on-mix-t-1-4kg-501730455a29.webp\",\"width\":800,\"height\":800},{\"@type\":\"BreadcrumbList\",\"@id\":\"https:\/\/beoshop.azdigi.shop\/index.php\/san-pham\/hat-cho-meo-cats-on-mix-t-1-4kg\/#breadcrumb\",\"itemListElement\":[{\"@type\":\"ListItem\",\"position\":1,\"name\":\"Trang ch\u1ee7\",\"item\":\"https:\/\/beoshop.azdigi.shop\/\"},{\"@type\":\"ListItem\",\"position\":2,\"name\":\"S\u1ea3n ph\u1ea9m\",\"item\":\"https:\/\/beoshop.azdigi.shop\/index.php\/cua-hang__trashed\/\"},{\"@type\":\"ListItem\",\"position\":3,\"name\":\"H\u1ea1t Cho M\u00e8o Cats On Mix T 1.4kg\"}]},{\"@type\":\"WebSite\",\"@id\":\"https:\/\/beoshop.azdigi.shop\/#website\",\"url\":\"https:\/\/beoshop.azdigi.shop\/\",\"name\":\"thucung123\",\"description\":\"\",\"publisher\":{\"@id\":\"https:\/\/beoshop.azdigi.shop\/#organization\"},\"potentialAction\":[{\"@type\":\"SearchAction\",\"target\":{\"@type\":\"EntryPoint\",\"urlTemplate\":\"https:\/\/beoshop.azdigi.shop\/?s={search_term_string}\"},\"query-input\":{\"@type\":\"PropertyValueSpecification\",\"valueRequired\":true,\"valueName\":\"search_term_string\"}}],\"inLanguage\":\"vi\"},{\"@type\":\"Organization\",\"@id\":\"https:\/\/beoshop.azdigi.shop\/#organization\",\"name\":\"thucung123\",\"url\":\"https:\/\/beoshop.azdigi.shop\/\",\"logo\":{\"@type\":\"ImageObject\",\"inLanguage\":\"vi\",\"@id\":\"https:\/\/beoshop.azdigi.shop\/#\/schema\/logo\/image\/\",\"url\":\"https:\/\/beoshop.azdigi.shop\/wp-content\/uploads\/2026\/03\/Black-and-White-Simple-Cat-Pet-Accessories-Logo.png\",\"contentUrl\":\"https:\/\/beoshop.azdigi.shop\/wp-content\/uploads\/2026\/03\/Black-and-White-Simple-Cat-Pet-Accessories-Logo.png\",\"width\":2000,\"height\":2000,\"caption\":\"thucung123\"},\"image\":{\"@id\":\"https:\/\/beoshop.azdigi.shop\/#\/schema\/logo\/image\/\"}}]}<\/script>\n<!-- \/ Yoast SEO plugin. -->","yoast_head_json":{"title":"H\u1ea1t Cho M\u00e8o Cats On Mix T 1.4kg - thucung123","description":"H\u1ea1t Cho M\u00e8o Cats On","robots":{"index":"index","follow":"follow","max-snippet":"max-snippet:-1","max-image-preview":"max-image-preview:large","max-video-preview":"max-video-preview:-1"},"canonical":"https:\/\/beoshop.azdigi.shop\/index.php\/san-pham\/hat-cho-meo-cats-on-mix-t-1-4kg\/","og_locale":"vi_VN","og_type":"article","og_title":"H\u1ea1t Cho M\u00e8o Cats On Mix T 1.4kg - thucung123","og_description":"H\u1ea1t Cho M\u00e8o Cats On","og_url":"https:\/\/beoshop.azdigi.shop\/index.php\/san-pham\/hat-cho-meo-cats-on-mix-t-1-4kg\/","og_site_name":"thucung123","og_image":[{"width":800,"height":800,"url":"https:\/\/beoshop.azdigi.shop\/wp-content\/uploads\/2026\/04\/hat-cho-meo-cats-on-mix-t-1-4kg-501730455a29.webp","type":"image\/webp"}],"twitter_card":"summary_large_image","twitter_misc":{"\u01af\u1edbc t\u00ednh th\u1eddi gian \u0111\u1ecdc":"2 ph\u00fat"},"schema":{"@context":"https:\/\/schema.org","@graph":[{"@type":"WebPage","@id":"https:\/\/beoshop.azdigi.shop\/index.php\/san-pham\/hat-cho-meo-cats-on-mix-t-1-4kg\/","url":"https:\/\/beoshop.azdigi.shop\/index.php\/san-pham\/hat-cho-meo-cats-on-mix-t-1-4kg\/","name":"H\u1ea1t Cho M\u00e8o Cats On Mix T 1.4kg - thucung123","isPartOf":{"@id":"https:\/\/beoshop.azdigi.shop\/#website"},"primaryImageOfPage":{"@id":"https:\/\/beoshop.azdigi.shop\/index.php\/san-pham\/hat-cho-meo-cats-on-mix-t-1-4kg\/#primaryimage"},"image":{"@id":"https:\/\/beoshop.azdigi.shop\/index.php\/san-pham\/hat-cho-meo-cats-on-mix-t-1-4kg\/#primaryimage"},"thumbnailUrl":"https:\/\/beoshop.azdigi.shop\/wp-content\/uploads\/2026\/04\/hat-cho-meo-cats-on-mix-t-1-4kg-501730455a29.webp","datePublished":"2026-04-16T06:09:43+00:00","description":"H\u1ea1t Cho M\u00e8o Cats On","breadcrumb":{"@id":"https:\/\/beoshop.azdigi.shop\/index.php\/san-pham\/hat-cho-meo-cats-on-mix-t-1-4kg\/#breadcrumb"},"inLanguage":"vi","potentialAction":[{"@type":"ReadAction","target":["https:\/\/beoshop.azdigi.shop\/index.php\/san-pham\/hat-cho-meo-cats-on-mix-t-1-4kg\/"]}]},{"@type":"ImageObject","inLanguage":"vi","@id":"https:\/\/beoshop.azdigi.shop\/index.php\/san-pham\/hat-cho-meo-cats-on-mix-t-1-4kg\/#primaryimage","url":"https:\/\/beoshop.azdigi.shop\/wp-content\/uploads\/2026\/04\/hat-cho-meo-cats-on-mix-t-1-4kg-501730455a29.webp","contentUrl":"https:\/\/beoshop.azdigi.shop\/wp-content\/uploads\/2026\/04\/hat-cho-meo-cats-on-mix-t-1-4kg-501730455a29.webp","width":800,"height":800},{"@type":"BreadcrumbList","@id":"https:\/\/beoshop.azdigi.shop\/index.php\/san-pham\/hat-cho-meo-cats-on-mix-t-1-4kg\/#breadcrumb","itemListElement":[{"@type":"ListItem","position":1,"name":"Trang ch\u1ee7","item":"https:\/\/beoshop.azdigi.shop\/"},{"@type":"ListItem","position":2,"name":"S\u1ea3n ph\u1ea9m","item":"https:\/\/beoshop.azdigi.shop\/index.php\/cua-hang__trashed\/"},{"@type":"ListItem","position":3,"name":"H\u1ea1t Cho M\u00e8o Cats On Mix T 1.4kg"}]},{"@type":"WebSite","@id":"https:\/\/beoshop.azdigi.shop\/#website","url":"https:\/\/beoshop.azdigi.shop\/","name":"thucung123","description":"","publisher":{"@id":"https:\/\/beoshop.azdigi.shop\/#organization"},"potentialAction":[{"@type":"SearchAction","target":{"@type":"EntryPoint","urlTemplate":"https:\/\/beoshop.azdigi.shop\/?s={search_term_string}"},"query-input":{"@type":"PropertyValueSpecification","valueRequired":true,"valueName":"search_term_string"}}],"inLanguage":"vi"},{"@type":"Organization","@id":"https:\/\/beoshop.azdigi.shop\/#organization","name":"thucung123","url":"https:\/\/beoshop.azdigi.shop\/","logo":{"@type":"ImageObject","inLanguage":"vi","@id":"https:\/\/beoshop.azdigi.shop\/#\/schema\/logo\/image\/","url":"https:\/\/beoshop.azdigi.shop\/wp-content\/uploads\/2026\/03\/Black-and-White-Simple-Cat-Pet-Accessories-Logo.png","contentUrl":"https:\/\/beoshop.azdigi.shop\/wp-content\/uploads\/2026\/03\/Black-and-White-Simple-Cat-Pet-Accessories-Logo.png","width":2000,"height":2000,"caption":"thucung123"},"image":{"@id":"https:\/\/beoshop.azdigi.shop\/#\/schema\/logo\/image\/"}}]}},"brands":[],"_links":{"self":[{"href":"https:\/\/beoshop.azdigi.shop\/index.php\/wp-json\/wp\/v2\/product\/509","targetHints":{"allow":["GET"]}}],"collection":[{"href":"https:\/\/beoshop.azdigi.shop\/index.php\/wp-json\/wp\/v2\/product"}],"about":[{"href":"https:\/\/beoshop.azdigi.shop\/index.php\/wp-json\/wp\/v2\/types\/product"}],"replies":[{"embeddable":true,"href":"https:\/\/beoshop.azdigi.shop\/index.php\/wp-json\/wp\/v2\/comments?post=509"}],"wp:featuredmedia":[{"embeddable":true,"href":"https:\/\/beoshop.azdigi.shop\/index.php\/wp-json\/wp\/v2\/media\/510"}],"wp:attachment":[{"href":"https:\/\/beoshop.azdigi.shop\/index.php\/wp-json\/wp\/v2\/media?parent=509"}],"wp:term":[{"taxonomy":"pwb-brand","embeddable":true,"href":"https:\/\/beoshop.azdigi.shop\/index.php\/wp-json\/wp\/v2\/pwb-brand?post=509"},{"taxonomy":"product_brand","embeddable":true,"href":"https:\/\/beoshop.azdigi.shop\/index.php\/wp-json\/wp\/v2\/product_brand?post=509"},{"taxonomy":"product_cat","embeddable":true,"href":"https:\/\/beoshop.azdigi.shop\/index.php\/wp-json\/wp\/v2\/product_cat?post=509"},{"taxonomy":"product_tag","embeddable":true,"href":"https:\/\/beoshop.azdigi.shop\/index.php\/wp-json\/wp\/v2\/product_tag?post=509"}],"curies":[{"name":"wp","href":"https:\/\/api.w.org\/{rel}","templated":true}]}}