{"id":521,"date":"2026-04-16T06:30:10","date_gmt":"2026-04-16T06:30:10","guid":{"rendered":"https:\/\/beoshop.azdigi.shop\/?post_type=product&#038;p=521"},"modified":"2026-04-16T06:30:53","modified_gmt":"2026-04-16T06:30:53","slug":"hat-cho-cho-moi-lua-tuoi-on25-dog","status":"publish","type":"product","link":"https:\/\/beoshop.azdigi.shop\/index.php\/san-pham\/hat-cho-cho-moi-lua-tuoi-on25-dog\/","title":{"rendered":"H\u1ea1t Cho Ch\u00f3 M\u1ecdi L\u1ee9a Tu\u1ed5i ON25 DOG"},"content":{"rendered":"<h1><strong>H\u1ea1t Cho Ch\u00f3 M\u1ecdi L\u1ee9a Tu\u1ed5i ON25 DOG\u00a0<\/strong><\/h1>\n<ul>\n<li>Th\u01b0\u01a1ng hi\u1ec7u:\u00a0<strong><a href=\"https:\/\/beoshop.azdigi.shop\/index.php\/cats-on\/\">Cat&#8217;s On<\/a><\/strong><\/li>\n<li>Ph\u00f9 h\u1ee3p cho: Ch\u00f3 m\u1ecdi l\u1ee9a tu\u1ed5i<\/li>\n<li class=\"QN2lPu\">Th\u1ee9c \u0103n\u00a0<strong><a href=\"https:\/\/beoshop.azdigi.shop\/index.php\/danh-muc-san-pham\/thuc-an-cho-cho\/thuc-an-hat\/\">h\u1ea1t cho ch\u00f3<\/a><\/strong>\u00a0ON25 Dog, v\u1edbi c\u00f4ng th\u1ee9c dinh d\u01b0\u1ee1ng c\u00e2n \u0111\u1ed1i, gi\u00e0u \u0111\u1ea1m \u0111\u1ed9ng v\u1eadt, h\u1ed7 tr\u1ee3 ti\u00eau h\u00f3a, gi\u00fap ch\u00f3 \u0103n ngon mi\u1ec7ng, kh\u1ecfe m\u1ea1nh t\u1eeb b\u00ean trong v\u00e0 b\u00f3ng \u0111\u1eb9p b\u00ean ngo\u00e0i m\u00e0 Sen n\u00e0o c\u0169ng c\u00f3 th\u1ec3 y\u00ean t\u00e2m mua l\u00e2u d\u00e0i.<\/li>\n<\/ul>\n<h2 class=\"QN2lPu\"><strong>L\u1ee3i \u00edch<\/strong><\/h2>\n<ul>\n<li class=\"QN2lPu\">Cung c\u1ea5p ngu\u1ed3n \u0111\u1ea1m \u0111\u1ed9ng v\u1eadt ch\u1ea5t l\u01b0\u1ee3ng cao t\u1eeb th\u1ecbt g\u00e0, th\u1ecbt v\u1ecbt, gan thu\u1ef7 ph\u00e2n gi\u00fap ch\u00f3 duy tr\u00ec c\u01a1 b\u1eafp, t\u0103ng s\u1ee9c b\u1ec1n v\u00e0 n\u0103ng l\u01b0\u1ee3ng ho\u1ea1t \u0111\u1ed9ng m\u1ed7i ng\u00e0y<\/li>\n<li class=\"QN2lPu\">C\u00f4ng th\u1ee9c c\u00e2n \u0111\u1ed1i dinh d\u01b0\u1ee1ng ph\u00f9 h\u1ee3p cho ch\u00f3 \u1edf nhi\u1ec1u giai \u0111o\u1ea1n ph\u00e1t tri\u1ec3n<\/li>\n<li class=\"QN2lPu\">H\u1ed7 tr\u1ee3 ti\u00eau ho\u00e1 kho\u1ebb m\u1ea1nh nh\u1edd b\u1ed9 3 prebiotic FOS &amp; MOS gi\u00fap nu\u00f4i d\u01b0\u1ee1ng l\u1ee3i khu\u1ea9n \u0111\u01b0\u1eddng ru\u1ed9t, gi\u1ea3m r\u1ed1i lo\u1ea1i ti\u00eau ho\u00e1, ph\u00e2n \u0111\u1eb9p v\u00e0 gi\u1ea3m m\u00f9i h\u00f4i<\/li>\n<li class=\"QN2lPu\">Ch\u0103m s\u00f3c da l\u00f4ng to\u00e0n di\u1ec7n v\u1edbi d\u1ea7u c\u00e1, m\u1ee1 g\u00e0, vitamin v\u00e0 kho\u00e1ng ch\u1ea5t gi\u00fap da kho\u1ebb, l\u00f4ng b\u00f3ng m\u01b0\u1ee3t, h\u1ea1n ch\u1ebf r\u1ee5ng l\u00f4ng<\/li>\n<li class=\"QN2lPu\">B\u1ed5 sung taurine &amp; DL-methionine h\u1ed7 tr\u1ee3 tim m\u1ea1ch, h\u1ec7 th\u1ea7n kinh v\u00e0 duy tr\u00ec th\u1ec3 tr\u1ea1ng kh\u1ecfe m\u1ea1nh l\u00e2u d\u00e0i.<\/li>\n<li class=\"QN2lPu\">H\u1ea1t th\u01a1m ngon, d\u1ec5 \u0103n, ph\u00f9 h\u1ee3p c\u1ea3 v\u1edbi nh\u1eefng b\u00e9 ch\u00f3 k\u00e9n \u0103n.<\/li>\n<\/ul>\n<h2 class=\"QN2lPu\"><strong>Th\u00e0nh ph\u1ea7n<\/strong><\/h2>\n<ul>\n<li class=\"QN2lPu\">C\u00f4ng th\u1ee9c g\u1ed3m th\u1ecbt g\u00e0, th\u1ecbt v\u1ecbt, m\u1ee1 g\u00e0, m\u1ee1 v\u1ecbt, gan g\u00e0 th\u1ee7y ph\u00e2n, d\u1ea7u c\u00e1, b\u1ed9t \u0111\u1eadu n\u00e0nh, ng\u00f4, l\u00faa m\u00ec, b\u00e3 c\u1ee7 c\u1ea3i \u0111\u01b0\u1eddng c\u00f9ng h\u1ec7 prebiotic FOS &amp; MOS. S\u1ea3n ph\u1ea9m \u0111\u01b0\u1ee3c b\u1ed5 sung taurine, DL-methionine, vitamin A, C, D3, E, nh\u00f3m vitamin B, kho\u00e1ng ch\u1ea5t h\u1eefu c\u01a1, chi\u1ebft xu\u1ea5t tr\u00e0 polyphenol gi\u00fap t\u0103ng s\u1ee9c \u0111\u1ec1 kh\u00e1ng v\u00e0 h\u1ed7 tr\u1ee3 ti\u00eau h\u00f3a.<\/li>\n<\/ul>\n<h2 class=\"QN2lPu\"><strong>Ch<\/strong><strong>\u1ec9 ti\u00eau dinh d\u01b0\u1ee1ng<\/strong><\/h2>\n<ul>\n<li class=\"QN2lPu\">\u0110\u1ea1m th\u00f4 \u2265 26%<\/li>\n<li class=\"QN2lPu\">B\u00e9o th\u00f4 \u2265 12%<\/li>\n<li class=\"QN2lPu\">X\u01a1 th\u00f4 \u2264 6%<\/li>\n<li class=\"QN2lPu\">Kho\u00e1ng t\u1ed5ng \u2264 10%<\/li>\n<li class=\"QN2lPu\">\u0110\u1ed9 \u1ea9m \u2264 10%<\/li>\n<\/ul>\n<h2 class=\"QN2lPu\"><strong>H\u01b0\u1edbng d\u1eabn s\u1eed d\u1ee5ng<\/strong><\/h2>\n<ul>\n<li class=\"QN2lPu\">Cho ch\u00f3 \u0103n tr\u1ef1c ti\u1ebfp sau khi m\u1edf bao b\u00ec. Kh\u1ea9u ph\u1ea7n \u0103n c\u00f3 th\u1ec3 \u0111\u01b0\u1ee3c \u0111i\u1ec1u ch\u1ec9nh t\u00f9y theo c\u00e2n n\u1eb7ng, \u0111\u1ed9 tu\u1ed5i v\u00e0 m\u1ee9c \u0111\u1ed9 v\u1eadn \u0111\u1ed9ng c\u1ee7a th\u00fa c\u01b0ng.<\/li>\n<\/ul>\n<h3 class=\"QN2lPu\"><strong>L\u01b0u \u00fd<\/strong><\/h3>\n<ul>\n<li class=\"QN2lPu\">Ch\u1ec9 d\u00f9ng cho ch\u00f3. B\u1ea3o qu\u1ea3n n\u01a1i kh\u00f4 r\u00e1o, tho\u00e1ng m\u00e1t, tr\u00e1nh \u00e1nh s\u00e1ng tr\u1ef1c ti\u1ebfp. N\u1ebfu ch\u00f3 \u0111ang g\u1eb7p v\u1ea5n \u0111\u1ec1 s\u1ee9c kh\u1ecfe \u0111\u1eb7c bi\u1ec7t, n\u00ean tham kh\u1ea3o \u00fd ki\u1ebfn b\u00e1c s\u0129 th\u00fa y tr\u01b0\u1edbc khi s\u1eed d\u1ee5ng.<\/li>\n<\/ul>\n","protected":false},"excerpt":{"rendered":"<p>H\u1ea1t Cho Ch\u00f3 M\u1ecdi L\u1ee9a Tu\u1ed5i ON25 DOG\u00a0 Th\u01b0\u01a1ng hi\u1ec7u:\u00a0Cat&#8217;s On Ph\u00f9 h\u1ee3p cho: Ch\u00f3 m\u1ecdi l\u1ee9a tu\u1ed5i Th\u1ee9c \u0103n\u00a0h\u1ea1t cho ch\u00f3\u00a0ON25 Dog, v\u1edbi c\u00f4ng th\u1ee9c dinh d\u01b0\u1ee1ng c\u00e2n \u0111\u1ed1i, gi\u00e0u \u0111\u1ea1m \u0111\u1ed9ng v\u1eadt, h\u1ed7 tr\u1ee3 ti\u00eau h\u00f3a, gi\u00fap ch\u00f3 \u0103n ngon mi\u1ec7ng, kh\u1ecfe m\u1ea1nh t\u1eeb b\u00ean trong v\u00e0 b\u00f3ng \u0111\u1eb9p b\u00ean ngo\u00e0i m\u00e0 Sen [&#8230;]\n","protected":false},"featured_media":523,"comment_status":"open","ping_status":"closed","template":"","meta":[],"pwb-brand":[],"product_brand":[],"product_cat":[28,18,23],"product_tag":[],"class_list":{"0":"post-521","1":"product","2":"type-product","3":"status-publish","4":"has-post-thumbnail","6":"product_cat-cho","7":"product_cat-thuc-an-cho-cho","8":"product_cat-thuc-an-hat","10":"first","11":"instock","12":"shipping-taxable","13":"purchasable","14":"product-type-simple"},"yoast_head":"<!-- This site is optimized with the Yoast SEO plugin v27.1.1 - https:\/\/yoast.com\/product\/yoast-seo-wordpress\/ -->\n<title>H\u1ea1t Cho Ch\u00f3 M\u1ecdi L\u1ee9a Tu\u1ed5i ON25 DOG - thucung123<\/title>\n<meta name=\"description\" content=\"H\u1ea1t Cho Ch\u00f3 M\u1ecdi L\u1ee9a Tu\u1ed5\" \/>\n<meta name=\"robots\" content=\"index, follow, max-snippet:-1, max-image-preview:large, max-video-preview:-1\" \/>\n<link rel=\"canonical\" href=\"https:\/\/beoshop.azdigi.shop\/index.php\/san-pham\/hat-cho-cho-moi-lua-tuoi-on25-dog\/\" \/>\n<meta property=\"og:locale\" content=\"vi_VN\" \/>\n<meta property=\"og:type\" content=\"article\" \/>\n<meta property=\"og:title\" content=\"H\u1ea1t Cho Ch\u00f3 M\u1ecdi L\u1ee9a Tu\u1ed5i ON25 DOG - thucung123\" \/>\n<meta property=\"og:description\" content=\"H\u1ea1t Cho Ch\u00f3 M\u1ecdi L\u1ee9a Tu\u1ed5\" \/>\n<meta property=\"og:url\" content=\"https:\/\/beoshop.azdigi.shop\/index.php\/san-pham\/hat-cho-cho-moi-lua-tuoi-on25-dog\/\" \/>\n<meta property=\"og:site_name\" content=\"thucung123\" \/>\n<meta property=\"article:modified_time\" content=\"2026-04-16T06:30:53+00:00\" \/>\n<meta property=\"og:image\" content=\"https:\/\/beoshop.azdigi.shop\/wp-content\/uploads\/2026\/04\/hat-cho-cho-on25-dog.webp\" \/>\n\t<meta property=\"og:image:width\" content=\"800\" \/>\n\t<meta property=\"og:image:height\" content=\"800\" \/>\n\t<meta property=\"og:image:type\" content=\"image\/webp\" \/>\n<meta name=\"twitter:card\" content=\"summary_large_image\" \/>\n<meta name=\"twitter:label1\" content=\"\u01af\u1edbc t\u00ednh th\u1eddi gian \u0111\u1ecdc\" \/>\n\t<meta name=\"twitter:data1\" content=\"3 ph\u00fat\" \/>\n<script type=\"application\/ld+json\" class=\"yoast-schema-graph\">{\"@context\":\"https:\/\/schema.org\",\"@graph\":[{\"@type\":\"WebPage\",\"@id\":\"https:\/\/beoshop.azdigi.shop\/index.php\/san-pham\/hat-cho-cho-moi-lua-tuoi-on25-dog\/\",\"url\":\"https:\/\/beoshop.azdigi.shop\/index.php\/san-pham\/hat-cho-cho-moi-lua-tuoi-on25-dog\/\",\"name\":\"H\u1ea1t Cho Ch\u00f3 M\u1ecdi L\u1ee9a Tu\u1ed5i ON25 DOG - thucung123\",\"isPartOf\":{\"@id\":\"https:\/\/beoshop.azdigi.shop\/#website\"},\"primaryImageOfPage\":{\"@id\":\"https:\/\/beoshop.azdigi.shop\/index.php\/san-pham\/hat-cho-cho-moi-lua-tuoi-on25-dog\/#primaryimage\"},\"image\":{\"@id\":\"https:\/\/beoshop.azdigi.shop\/index.php\/san-pham\/hat-cho-cho-moi-lua-tuoi-on25-dog\/#primaryimage\"},\"thumbnailUrl\":\"https:\/\/beoshop.azdigi.shop\/wp-content\/uploads\/2026\/04\/hat-cho-cho-on25-dog.webp\",\"datePublished\":\"2026-04-16T06:30:10+00:00\",\"dateModified\":\"2026-04-16T06:30:53+00:00\",\"description\":\"H\u1ea1t Cho Ch\u00f3 M\u1ecdi L\u1ee9a Tu\u1ed5\",\"breadcrumb\":{\"@id\":\"https:\/\/beoshop.azdigi.shop\/index.php\/san-pham\/hat-cho-cho-moi-lua-tuoi-on25-dog\/#breadcrumb\"},\"inLanguage\":\"vi\",\"potentialAction\":[{\"@type\":\"ReadAction\",\"target\":[\"https:\/\/beoshop.azdigi.shop\/index.php\/san-pham\/hat-cho-cho-moi-lua-tuoi-on25-dog\/\"]}]},{\"@type\":\"ImageObject\",\"inLanguage\":\"vi\",\"@id\":\"https:\/\/beoshop.azdigi.shop\/index.php\/san-pham\/hat-cho-cho-moi-lua-tuoi-on25-dog\/#primaryimage\",\"url\":\"https:\/\/beoshop.azdigi.shop\/wp-content\/uploads\/2026\/04\/hat-cho-cho-on25-dog.webp\",\"contentUrl\":\"https:\/\/beoshop.azdigi.shop\/wp-content\/uploads\/2026\/04\/hat-cho-cho-on25-dog.webp\",\"width\":800,\"height\":800},{\"@type\":\"BreadcrumbList\",\"@id\":\"https:\/\/beoshop.azdigi.shop\/index.php\/san-pham\/hat-cho-cho-moi-lua-tuoi-on25-dog\/#breadcrumb\",\"itemListElement\":[{\"@type\":\"ListItem\",\"position\":1,\"name\":\"Trang ch\u1ee7\",\"item\":\"https:\/\/beoshop.azdigi.shop\/\"},{\"@type\":\"ListItem\",\"position\":2,\"name\":\"S\u1ea3n ph\u1ea9m\",\"item\":\"https:\/\/beoshop.azdigi.shop\/index.php\/cua-hang__trashed\/\"},{\"@type\":\"ListItem\",\"position\":3,\"name\":\"H\u1ea1t Cho Ch\u00f3 M\u1ecdi L\u1ee9a Tu\u1ed5i ON25 DOG\"}]},{\"@type\":\"WebSite\",\"@id\":\"https:\/\/beoshop.azdigi.shop\/#website\",\"url\":\"https:\/\/beoshop.azdigi.shop\/\",\"name\":\"thucung123\",\"description\":\"\",\"publisher\":{\"@id\":\"https:\/\/beoshop.azdigi.shop\/#organization\"},\"potentialAction\":[{\"@type\":\"SearchAction\",\"target\":{\"@type\":\"EntryPoint\",\"urlTemplate\":\"https:\/\/beoshop.azdigi.shop\/?s={search_term_string}\"},\"query-input\":{\"@type\":\"PropertyValueSpecification\",\"valueRequired\":true,\"valueName\":\"search_term_string\"}}],\"inLanguage\":\"vi\"},{\"@type\":\"Organization\",\"@id\":\"https:\/\/beoshop.azdigi.shop\/#organization\",\"name\":\"thucung123\",\"url\":\"https:\/\/beoshop.azdigi.shop\/\",\"logo\":{\"@type\":\"ImageObject\",\"inLanguage\":\"vi\",\"@id\":\"https:\/\/beoshop.azdigi.shop\/#\/schema\/logo\/image\/\",\"url\":\"https:\/\/beoshop.azdigi.shop\/wp-content\/uploads\/2026\/03\/Black-and-White-Simple-Cat-Pet-Accessories-Logo.png\",\"contentUrl\":\"https:\/\/beoshop.azdigi.shop\/wp-content\/uploads\/2026\/03\/Black-and-White-Simple-Cat-Pet-Accessories-Logo.png\",\"width\":2000,\"height\":2000,\"caption\":\"thucung123\"},\"image\":{\"@id\":\"https:\/\/beoshop.azdigi.shop\/#\/schema\/logo\/image\/\"}}]}<\/script>\n<!-- \/ Yoast SEO plugin. -->","yoast_head_json":{"title":"H\u1ea1t Cho Ch\u00f3 M\u1ecdi L\u1ee9a Tu\u1ed5i ON25 DOG - thucung123","description":"H\u1ea1t Cho Ch\u00f3 M\u1ecdi L\u1ee9a Tu\u1ed5","robots":{"index":"index","follow":"follow","max-snippet":"max-snippet:-1","max-image-preview":"max-image-preview:large","max-video-preview":"max-video-preview:-1"},"canonical":"https:\/\/beoshop.azdigi.shop\/index.php\/san-pham\/hat-cho-cho-moi-lua-tuoi-on25-dog\/","og_locale":"vi_VN","og_type":"article","og_title":"H\u1ea1t Cho Ch\u00f3 M\u1ecdi L\u1ee9a Tu\u1ed5i ON25 DOG - thucung123","og_description":"H\u1ea1t Cho Ch\u00f3 M\u1ecdi L\u1ee9a Tu\u1ed5","og_url":"https:\/\/beoshop.azdigi.shop\/index.php\/san-pham\/hat-cho-cho-moi-lua-tuoi-on25-dog\/","og_site_name":"thucung123","article_modified_time":"2026-04-16T06:30:53+00:00","og_image":[{"width":800,"height":800,"url":"https:\/\/beoshop.azdigi.shop\/wp-content\/uploads\/2026\/04\/hat-cho-cho-on25-dog.webp","type":"image\/webp"}],"twitter_card":"summary_large_image","twitter_misc":{"\u01af\u1edbc t\u00ednh th\u1eddi gian \u0111\u1ecdc":"3 ph\u00fat"},"schema":{"@context":"https:\/\/schema.org","@graph":[{"@type":"WebPage","@id":"https:\/\/beoshop.azdigi.shop\/index.php\/san-pham\/hat-cho-cho-moi-lua-tuoi-on25-dog\/","url":"https:\/\/beoshop.azdigi.shop\/index.php\/san-pham\/hat-cho-cho-moi-lua-tuoi-on25-dog\/","name":"H\u1ea1t Cho Ch\u00f3 M\u1ecdi L\u1ee9a Tu\u1ed5i ON25 DOG - thucung123","isPartOf":{"@id":"https:\/\/beoshop.azdigi.shop\/#website"},"primaryImageOfPage":{"@id":"https:\/\/beoshop.azdigi.shop\/index.php\/san-pham\/hat-cho-cho-moi-lua-tuoi-on25-dog\/#primaryimage"},"image":{"@id":"https:\/\/beoshop.azdigi.shop\/index.php\/san-pham\/hat-cho-cho-moi-lua-tuoi-on25-dog\/#primaryimage"},"thumbnailUrl":"https:\/\/beoshop.azdigi.shop\/wp-content\/uploads\/2026\/04\/hat-cho-cho-on25-dog.webp","datePublished":"2026-04-16T06:30:10+00:00","dateModified":"2026-04-16T06:30:53+00:00","description":"H\u1ea1t Cho Ch\u00f3 M\u1ecdi L\u1ee9a Tu\u1ed5","breadcrumb":{"@id":"https:\/\/beoshop.azdigi.shop\/index.php\/san-pham\/hat-cho-cho-moi-lua-tuoi-on25-dog\/#breadcrumb"},"inLanguage":"vi","potentialAction":[{"@type":"ReadAction","target":["https:\/\/beoshop.azdigi.shop\/index.php\/san-pham\/hat-cho-cho-moi-lua-tuoi-on25-dog\/"]}]},{"@type":"ImageObject","inLanguage":"vi","@id":"https:\/\/beoshop.azdigi.shop\/index.php\/san-pham\/hat-cho-cho-moi-lua-tuoi-on25-dog\/#primaryimage","url":"https:\/\/beoshop.azdigi.shop\/wp-content\/uploads\/2026\/04\/hat-cho-cho-on25-dog.webp","contentUrl":"https:\/\/beoshop.azdigi.shop\/wp-content\/uploads\/2026\/04\/hat-cho-cho-on25-dog.webp","width":800,"height":800},{"@type":"BreadcrumbList","@id":"https:\/\/beoshop.azdigi.shop\/index.php\/san-pham\/hat-cho-cho-moi-lua-tuoi-on25-dog\/#breadcrumb","itemListElement":[{"@type":"ListItem","position":1,"name":"Trang ch\u1ee7","item":"https:\/\/beoshop.azdigi.shop\/"},{"@type":"ListItem","position":2,"name":"S\u1ea3n ph\u1ea9m","item":"https:\/\/beoshop.azdigi.shop\/index.php\/cua-hang__trashed\/"},{"@type":"ListItem","position":3,"name":"H\u1ea1t Cho Ch\u00f3 M\u1ecdi L\u1ee9a Tu\u1ed5i ON25 DOG"}]},{"@type":"WebSite","@id":"https:\/\/beoshop.azdigi.shop\/#website","url":"https:\/\/beoshop.azdigi.shop\/","name":"thucung123","description":"","publisher":{"@id":"https:\/\/beoshop.azdigi.shop\/#organization"},"potentialAction":[{"@type":"SearchAction","target":{"@type":"EntryPoint","urlTemplate":"https:\/\/beoshop.azdigi.shop\/?s={search_term_string}"},"query-input":{"@type":"PropertyValueSpecification","valueRequired":true,"valueName":"search_term_string"}}],"inLanguage":"vi"},{"@type":"Organization","@id":"https:\/\/beoshop.azdigi.shop\/#organization","name":"thucung123","url":"https:\/\/beoshop.azdigi.shop\/","logo":{"@type":"ImageObject","inLanguage":"vi","@id":"https:\/\/beoshop.azdigi.shop\/#\/schema\/logo\/image\/","url":"https:\/\/beoshop.azdigi.shop\/wp-content\/uploads\/2026\/03\/Black-and-White-Simple-Cat-Pet-Accessories-Logo.png","contentUrl":"https:\/\/beoshop.azdigi.shop\/wp-content\/uploads\/2026\/03\/Black-and-White-Simple-Cat-Pet-Accessories-Logo.png","width":2000,"height":2000,"caption":"thucung123"},"image":{"@id":"https:\/\/beoshop.azdigi.shop\/#\/schema\/logo\/image\/"}}]}},"brands":[],"_links":{"self":[{"href":"https:\/\/beoshop.azdigi.shop\/index.php\/wp-json\/wp\/v2\/product\/521","targetHints":{"allow":["GET"]}}],"collection":[{"href":"https:\/\/beoshop.azdigi.shop\/index.php\/wp-json\/wp\/v2\/product"}],"about":[{"href":"https:\/\/beoshop.azdigi.shop\/index.php\/wp-json\/wp\/v2\/types\/product"}],"replies":[{"embeddable":true,"href":"https:\/\/beoshop.azdigi.shop\/index.php\/wp-json\/wp\/v2\/comments?post=521"}],"wp:featuredmedia":[{"embeddable":true,"href":"https:\/\/beoshop.azdigi.shop\/index.php\/wp-json\/wp\/v2\/media\/523"}],"wp:attachment":[{"href":"https:\/\/beoshop.azdigi.shop\/index.php\/wp-json\/wp\/v2\/media?parent=521"}],"wp:term":[{"taxonomy":"pwb-brand","embeddable":true,"href":"https:\/\/beoshop.azdigi.shop\/index.php\/wp-json\/wp\/v2\/pwb-brand?post=521"},{"taxonomy":"product_brand","embeddable":true,"href":"https:\/\/beoshop.azdigi.shop\/index.php\/wp-json\/wp\/v2\/product_brand?post=521"},{"taxonomy":"product_cat","embeddable":true,"href":"https:\/\/beoshop.azdigi.shop\/index.php\/wp-json\/wp\/v2\/product_cat?post=521"},{"taxonomy":"product_tag","embeddable":true,"href":"https:\/\/beoshop.azdigi.shop\/index.php\/wp-json\/wp\/v2\/product_tag?post=521"}],"curies":[{"name":"wp","href":"https:\/\/api.w.org\/{rel}","templated":true}]}}