{"id":564,"date":"2026-04-16T07:26:31","date_gmt":"2026-04-16T07:26:31","guid":{"rendered":"https:\/\/beoshop.azdigi.shop\/?post_type=product&#038;p=564"},"modified":"2026-04-16T07:27:09","modified_gmt":"2026-04-16T07:27:09","slug":"xit-khu-mui-duong-long-cho-meo-budle-clean-deodorant-530ml","status":"publish","type":"product","link":"https:\/\/beoshop.azdigi.shop\/index.php\/san-pham\/xit-khu-mui-duong-long-cho-meo-budle-clean-deodorant-530ml\/","title":{"rendered":"X\u1ecbt Kh\u1eed M\u00f9i D\u01b0\u1ee1ng L\u00f4ng Ch\u00f3 M\u00e8o Budle Clean Deodorant 530ml"},"content":{"rendered":"<h1>X\u1ecbt Kh\u1eed M\u00f9i D\u01b0\u1ee1ng L\u00f4ng Ch\u00f3 M\u00e8o Budle Clean Deodorant 530ml<\/h1>\n<p><a href=\"https:\/\/beoshop.azdigi.shop\/index.php\/danh-muc-san-pham\/meo\/cham-soc-ve-sinh-meo\/\">X\u1ecbt kh\u1eed m\u00f9i d\u01b0\u1ee1ng l\u00f4ng<\/a> Budle&#8217;Budle v\u1edbi c\u00f4ng th\u1ee9c \u0111\u1ebfn t\u1eeb thi\u00ean nhi\u00ean, ho\u00e0n to\u00e0n l\u00e0nh t\u00ednh v\u00e0 an to\u00e0n v\u1edbi th\u00fa c\u01b0ng c\u1ee7a b\u1ea1n. X\u1ecbt kh\u1eed m\u00f9i d\u01b0\u1ee1ng l\u00f4ng Budle&#8217;Budle\u00a0l\u00e0 gi\u1ea3i ph\u00e1p l\u00e0m s\u1ea1ch khi kh\u00f4ng th\u1ec3 t\u1eafm g\u1ed9i th\u01b0\u1eddng xuy\u00ean.<\/p>\n<ul>\n<li>Tinh ch\u1ea5t tr\u00e0 xanh h\u1eefu c\u01a1, m\u00ea \u0111i\u1ec7t, h\u1ea1t jojoba, hoa c\u00fac&#8230;<\/li>\n<li>Kh\u1eafc ph\u1ee5c b\u1ed9 l\u00f4ng h\u01b0 t\u1ed5n, x\u01a1 r\u1ed1i<\/li>\n<li>Kh\u1eed m\u00f9i h\u00f4i m\u1ed9t c\u00e1ch hi\u1ec7u qu\u1ea3<\/li>\n<li>M\u00f9i h\u01b0\u01a1ng t\u1ef1 nhi\u00ean mang \u0111\u1ebfn s\u1ef1 tho\u1ea3i m\u00e1i cho th\u00fa c\u01b0ng<\/li>\n<li>Ph\u00f9 h\u1ee3p cho m\u1ecdi gi\u1ed1ng ch\u00f3 m\u00e8o<\/li>\n<\/ul>\n<div id=\"eJOY__extension_root\" class=\"eJOY__extension_root_class\"><\/div>\n<div class=\"tab-showMore is-less\" data-letter=\"588\" data-des-max=\"500\"><\/div>\n","protected":false},"excerpt":{"rendered":"<p>X\u1ecbt Kh\u1eed M\u00f9i D\u01b0\u1ee1ng L\u00f4ng Ch\u00f3 M\u00e8o Budle Clean Deodorant 530ml X\u1ecbt kh\u1eed m\u00f9i d\u01b0\u1ee1ng l\u00f4ng Budle&#8217;Budle v\u1edbi c\u00f4ng th\u1ee9c \u0111\u1ebfn t\u1eeb thi\u00ean nhi\u00ean, ho\u00e0n to\u00e0n l\u00e0nh t\u00ednh v\u00e0 an to\u00e0n v\u1edbi th\u00fa c\u01b0ng c\u1ee7a b\u1ea1n. X\u1ecbt kh\u1eed m\u00f9i d\u01b0\u1ee1ng l\u00f4ng Budle&#8217;Budle\u00a0l\u00e0 gi\u1ea3i ph\u00e1p l\u00e0m s\u1ea1ch khi kh\u00f4ng th\u1ec3 t\u1eafm g\u1ed9i th\u01b0\u1eddng xuy\u00ean. Tinh ch\u1ea5t [&#8230;]\n","protected":false},"featured_media":565,"comment_status":"open","ping_status":"closed","template":"","meta":[],"pwb-brand":[],"product_brand":[],"product_cat":[61,20,28,39,62,34],"product_tag":[],"class_list":{"0":"post-564","1":"product","2":"type-product","3":"status-publish","4":"has-post-thumbnail","6":"product_cat-cham-soc-ve-sinh-meo","7":"product_cat-cham-soc-ve-sinh","8":"product_cat-cho","9":"product_cat-meo","10":"product_cat-sua-tam-phu-kien-tam-meo","11":"product_cat-sua-tam-phu-kien-tam","13":"first","14":"instock","15":"sale","16":"shipping-taxable","17":"purchasable","18":"product-type-simple"},"yoast_head":"<!-- This site is optimized with the Yoast SEO plugin v27.1.1 - https:\/\/yoast.com\/product\/yoast-seo-wordpress\/ -->\n<title>X\u1ecbt Kh\u1eed M\u00f9i D\u01b0\u1ee1ng L\u00f4ng Ch\u00f3 M\u00e8o Budle Clean Deodorant 530ml - thucung123<\/title>\n<meta name=\"description\" content=\"X\u1ecbt Kh\u1eed M\u00f9i D\u01b0\u1ee1ng L\u00f4ng Ch\u00f3 M\u00e8o\" \/>\n<meta name=\"robots\" content=\"index, follow, max-snippet:-1, max-image-preview:large, max-video-preview:-1\" \/>\n<link rel=\"canonical\" href=\"https:\/\/beoshop.azdigi.shop\/index.php\/san-pham\/xit-khu-mui-duong-long-cho-meo-budle-clean-deodorant-530ml\/\" \/>\n<meta property=\"og:locale\" content=\"vi_VN\" \/>\n<meta property=\"og:type\" content=\"article\" \/>\n<meta property=\"og:title\" content=\"X\u1ecbt Kh\u1eed M\u00f9i D\u01b0\u1ee1ng L\u00f4ng Ch\u00f3 M\u00e8o Budle Clean Deodorant 530ml - thucung123\" \/>\n<meta property=\"og:description\" content=\"X\u1ecbt Kh\u1eed M\u00f9i D\u01b0\u1ee1ng L\u00f4ng Ch\u00f3 M\u00e8o\" \/>\n<meta property=\"og:url\" content=\"https:\/\/beoshop.azdigi.shop\/index.php\/san-pham\/xit-khu-mui-duong-long-cho-meo-budle-clean-deodorant-530ml\/\" \/>\n<meta property=\"og:site_name\" content=\"thucung123\" \/>\n<meta property=\"article:modified_time\" content=\"2026-04-16T07:27:09+00:00\" \/>\n<meta property=\"og:image\" content=\"https:\/\/beoshop.azdigi.shop\/wp-content\/uploads\/2026\/04\/xit-khu-mui-duong-long-cho-meo-budle-clean-deodorant-530ml.webp\" \/>\n\t<meta property=\"og:image:width\" content=\"800\" \/>\n\t<meta property=\"og:image:height\" content=\"800\" \/>\n\t<meta property=\"og:image:type\" content=\"image\/webp\" \/>\n<meta name=\"twitter:card\" content=\"summary_large_image\" \/>\n<meta name=\"twitter:label1\" content=\"\u01af\u1edbc t\u00ednh th\u1eddi gian \u0111\u1ecdc\" \/>\n\t<meta name=\"twitter:data1\" content=\"1 ph\u00fat\" \/>\n<script type=\"application\/ld+json\" class=\"yoast-schema-graph\">{\"@context\":\"https:\/\/schema.org\",\"@graph\":[{\"@type\":\"WebPage\",\"@id\":\"https:\/\/beoshop.azdigi.shop\/index.php\/san-pham\/xit-khu-mui-duong-long-cho-meo-budle-clean-deodorant-530ml\/\",\"url\":\"https:\/\/beoshop.azdigi.shop\/index.php\/san-pham\/xit-khu-mui-duong-long-cho-meo-budle-clean-deodorant-530ml\/\",\"name\":\"X\u1ecbt Kh\u1eed M\u00f9i D\u01b0\u1ee1ng L\u00f4ng Ch\u00f3 M\u00e8o Budle Clean Deodorant 530ml - thucung123\",\"isPartOf\":{\"@id\":\"https:\/\/beoshop.azdigi.shop\/#website\"},\"primaryImageOfPage\":{\"@id\":\"https:\/\/beoshop.azdigi.shop\/index.php\/san-pham\/xit-khu-mui-duong-long-cho-meo-budle-clean-deodorant-530ml\/#primaryimage\"},\"image\":{\"@id\":\"https:\/\/beoshop.azdigi.shop\/index.php\/san-pham\/xit-khu-mui-duong-long-cho-meo-budle-clean-deodorant-530ml\/#primaryimage\"},\"thumbnailUrl\":\"https:\/\/beoshop.azdigi.shop\/wp-content\/uploads\/2026\/04\/xit-khu-mui-duong-long-cho-meo-budle-clean-deodorant-530ml.webp\",\"datePublished\":\"2026-04-16T07:26:31+00:00\",\"dateModified\":\"2026-04-16T07:27:09+00:00\",\"description\":\"X\u1ecbt Kh\u1eed M\u00f9i D\u01b0\u1ee1ng L\u00f4ng Ch\u00f3 M\u00e8o\",\"breadcrumb\":{\"@id\":\"https:\/\/beoshop.azdigi.shop\/index.php\/san-pham\/xit-khu-mui-duong-long-cho-meo-budle-clean-deodorant-530ml\/#breadcrumb\"},\"inLanguage\":\"vi\",\"potentialAction\":[{\"@type\":\"ReadAction\",\"target\":[\"https:\/\/beoshop.azdigi.shop\/index.php\/san-pham\/xit-khu-mui-duong-long-cho-meo-budle-clean-deodorant-530ml\/\"]}]},{\"@type\":\"ImageObject\",\"inLanguage\":\"vi\",\"@id\":\"https:\/\/beoshop.azdigi.shop\/index.php\/san-pham\/xit-khu-mui-duong-long-cho-meo-budle-clean-deodorant-530ml\/#primaryimage\",\"url\":\"https:\/\/beoshop.azdigi.shop\/wp-content\/uploads\/2026\/04\/xit-khu-mui-duong-long-cho-meo-budle-clean-deodorant-530ml.webp\",\"contentUrl\":\"https:\/\/beoshop.azdigi.shop\/wp-content\/uploads\/2026\/04\/xit-khu-mui-duong-long-cho-meo-budle-clean-deodorant-530ml.webp\",\"width\":800,\"height\":800},{\"@type\":\"BreadcrumbList\",\"@id\":\"https:\/\/beoshop.azdigi.shop\/index.php\/san-pham\/xit-khu-mui-duong-long-cho-meo-budle-clean-deodorant-530ml\/#breadcrumb\",\"itemListElement\":[{\"@type\":\"ListItem\",\"position\":1,\"name\":\"Trang ch\u1ee7\",\"item\":\"https:\/\/beoshop.azdigi.shop\/\"},{\"@type\":\"ListItem\",\"position\":2,\"name\":\"S\u1ea3n ph\u1ea9m\",\"item\":\"https:\/\/beoshop.azdigi.shop\/index.php\/cua-hang__trashed\/\"},{\"@type\":\"ListItem\",\"position\":3,\"name\":\"X\u1ecbt Kh\u1eed M\u00f9i D\u01b0\u1ee1ng L\u00f4ng Ch\u00f3 M\u00e8o Budle Clean Deodorant 530ml\"}]},{\"@type\":\"WebSite\",\"@id\":\"https:\/\/beoshop.azdigi.shop\/#website\",\"url\":\"https:\/\/beoshop.azdigi.shop\/\",\"name\":\"thucung123\",\"description\":\"\",\"publisher\":{\"@id\":\"https:\/\/beoshop.azdigi.shop\/#organization\"},\"potentialAction\":[{\"@type\":\"SearchAction\",\"target\":{\"@type\":\"EntryPoint\",\"urlTemplate\":\"https:\/\/beoshop.azdigi.shop\/?s={search_term_string}\"},\"query-input\":{\"@type\":\"PropertyValueSpecification\",\"valueRequired\":true,\"valueName\":\"search_term_string\"}}],\"inLanguage\":\"vi\"},{\"@type\":\"Organization\",\"@id\":\"https:\/\/beoshop.azdigi.shop\/#organization\",\"name\":\"thucung123\",\"url\":\"https:\/\/beoshop.azdigi.shop\/\",\"logo\":{\"@type\":\"ImageObject\",\"inLanguage\":\"vi\",\"@id\":\"https:\/\/beoshop.azdigi.shop\/#\/schema\/logo\/image\/\",\"url\":\"https:\/\/beoshop.azdigi.shop\/wp-content\/uploads\/2026\/03\/Black-and-White-Simple-Cat-Pet-Accessories-Logo.png\",\"contentUrl\":\"https:\/\/beoshop.azdigi.shop\/wp-content\/uploads\/2026\/03\/Black-and-White-Simple-Cat-Pet-Accessories-Logo.png\",\"width\":2000,\"height\":2000,\"caption\":\"thucung123\"},\"image\":{\"@id\":\"https:\/\/beoshop.azdigi.shop\/#\/schema\/logo\/image\/\"}}]}<\/script>\n<!-- \/ Yoast SEO plugin. -->","yoast_head_json":{"title":"X\u1ecbt Kh\u1eed M\u00f9i D\u01b0\u1ee1ng L\u00f4ng Ch\u00f3 M\u00e8o Budle Clean Deodorant 530ml - thucung123","description":"X\u1ecbt Kh\u1eed M\u00f9i D\u01b0\u1ee1ng L\u00f4ng Ch\u00f3 M\u00e8o","robots":{"index":"index","follow":"follow","max-snippet":"max-snippet:-1","max-image-preview":"max-image-preview:large","max-video-preview":"max-video-preview:-1"},"canonical":"https:\/\/beoshop.azdigi.shop\/index.php\/san-pham\/xit-khu-mui-duong-long-cho-meo-budle-clean-deodorant-530ml\/","og_locale":"vi_VN","og_type":"article","og_title":"X\u1ecbt Kh\u1eed M\u00f9i D\u01b0\u1ee1ng L\u00f4ng Ch\u00f3 M\u00e8o Budle Clean Deodorant 530ml - thucung123","og_description":"X\u1ecbt Kh\u1eed M\u00f9i D\u01b0\u1ee1ng L\u00f4ng Ch\u00f3 M\u00e8o","og_url":"https:\/\/beoshop.azdigi.shop\/index.php\/san-pham\/xit-khu-mui-duong-long-cho-meo-budle-clean-deodorant-530ml\/","og_site_name":"thucung123","article_modified_time":"2026-04-16T07:27:09+00:00","og_image":[{"width":800,"height":800,"url":"https:\/\/beoshop.azdigi.shop\/wp-content\/uploads\/2026\/04\/xit-khu-mui-duong-long-cho-meo-budle-clean-deodorant-530ml.webp","type":"image\/webp"}],"twitter_card":"summary_large_image","twitter_misc":{"\u01af\u1edbc t\u00ednh th\u1eddi gian \u0111\u1ecdc":"1 ph\u00fat"},"schema":{"@context":"https:\/\/schema.org","@graph":[{"@type":"WebPage","@id":"https:\/\/beoshop.azdigi.shop\/index.php\/san-pham\/xit-khu-mui-duong-long-cho-meo-budle-clean-deodorant-530ml\/","url":"https:\/\/beoshop.azdigi.shop\/index.php\/san-pham\/xit-khu-mui-duong-long-cho-meo-budle-clean-deodorant-530ml\/","name":"X\u1ecbt Kh\u1eed M\u00f9i D\u01b0\u1ee1ng L\u00f4ng Ch\u00f3 M\u00e8o Budle Clean Deodorant 530ml - thucung123","isPartOf":{"@id":"https:\/\/beoshop.azdigi.shop\/#website"},"primaryImageOfPage":{"@id":"https:\/\/beoshop.azdigi.shop\/index.php\/san-pham\/xit-khu-mui-duong-long-cho-meo-budle-clean-deodorant-530ml\/#primaryimage"},"image":{"@id":"https:\/\/beoshop.azdigi.shop\/index.php\/san-pham\/xit-khu-mui-duong-long-cho-meo-budle-clean-deodorant-530ml\/#primaryimage"},"thumbnailUrl":"https:\/\/beoshop.azdigi.shop\/wp-content\/uploads\/2026\/04\/xit-khu-mui-duong-long-cho-meo-budle-clean-deodorant-530ml.webp","datePublished":"2026-04-16T07:26:31+00:00","dateModified":"2026-04-16T07:27:09+00:00","description":"X\u1ecbt Kh\u1eed M\u00f9i D\u01b0\u1ee1ng L\u00f4ng Ch\u00f3 M\u00e8o","breadcrumb":{"@id":"https:\/\/beoshop.azdigi.shop\/index.php\/san-pham\/xit-khu-mui-duong-long-cho-meo-budle-clean-deodorant-530ml\/#breadcrumb"},"inLanguage":"vi","potentialAction":[{"@type":"ReadAction","target":["https:\/\/beoshop.azdigi.shop\/index.php\/san-pham\/xit-khu-mui-duong-long-cho-meo-budle-clean-deodorant-530ml\/"]}]},{"@type":"ImageObject","inLanguage":"vi","@id":"https:\/\/beoshop.azdigi.shop\/index.php\/san-pham\/xit-khu-mui-duong-long-cho-meo-budle-clean-deodorant-530ml\/#primaryimage","url":"https:\/\/beoshop.azdigi.shop\/wp-content\/uploads\/2026\/04\/xit-khu-mui-duong-long-cho-meo-budle-clean-deodorant-530ml.webp","contentUrl":"https:\/\/beoshop.azdigi.shop\/wp-content\/uploads\/2026\/04\/xit-khu-mui-duong-long-cho-meo-budle-clean-deodorant-530ml.webp","width":800,"height":800},{"@type":"BreadcrumbList","@id":"https:\/\/beoshop.azdigi.shop\/index.php\/san-pham\/xit-khu-mui-duong-long-cho-meo-budle-clean-deodorant-530ml\/#breadcrumb","itemListElement":[{"@type":"ListItem","position":1,"name":"Trang ch\u1ee7","item":"https:\/\/beoshop.azdigi.shop\/"},{"@type":"ListItem","position":2,"name":"S\u1ea3n ph\u1ea9m","item":"https:\/\/beoshop.azdigi.shop\/index.php\/cua-hang__trashed\/"},{"@type":"ListItem","position":3,"name":"X\u1ecbt Kh\u1eed M\u00f9i D\u01b0\u1ee1ng L\u00f4ng Ch\u00f3 M\u00e8o Budle Clean Deodorant 530ml"}]},{"@type":"WebSite","@id":"https:\/\/beoshop.azdigi.shop\/#website","url":"https:\/\/beoshop.azdigi.shop\/","name":"thucung123","description":"","publisher":{"@id":"https:\/\/beoshop.azdigi.shop\/#organization"},"potentialAction":[{"@type":"SearchAction","target":{"@type":"EntryPoint","urlTemplate":"https:\/\/beoshop.azdigi.shop\/?s={search_term_string}"},"query-input":{"@type":"PropertyValueSpecification","valueRequired":true,"valueName":"search_term_string"}}],"inLanguage":"vi"},{"@type":"Organization","@id":"https:\/\/beoshop.azdigi.shop\/#organization","name":"thucung123","url":"https:\/\/beoshop.azdigi.shop\/","logo":{"@type":"ImageObject","inLanguage":"vi","@id":"https:\/\/beoshop.azdigi.shop\/#\/schema\/logo\/image\/","url":"https:\/\/beoshop.azdigi.shop\/wp-content\/uploads\/2026\/03\/Black-and-White-Simple-Cat-Pet-Accessories-Logo.png","contentUrl":"https:\/\/beoshop.azdigi.shop\/wp-content\/uploads\/2026\/03\/Black-and-White-Simple-Cat-Pet-Accessories-Logo.png","width":2000,"height":2000,"caption":"thucung123"},"image":{"@id":"https:\/\/beoshop.azdigi.shop\/#\/schema\/logo\/image\/"}}]}},"brands":[],"_links":{"self":[{"href":"https:\/\/beoshop.azdigi.shop\/index.php\/wp-json\/wp\/v2\/product\/564","targetHints":{"allow":["GET"]}}],"collection":[{"href":"https:\/\/beoshop.azdigi.shop\/index.php\/wp-json\/wp\/v2\/product"}],"about":[{"href":"https:\/\/beoshop.azdigi.shop\/index.php\/wp-json\/wp\/v2\/types\/product"}],"replies":[{"embeddable":true,"href":"https:\/\/beoshop.azdigi.shop\/index.php\/wp-json\/wp\/v2\/comments?post=564"}],"wp:featuredmedia":[{"embeddable":true,"href":"https:\/\/beoshop.azdigi.shop\/index.php\/wp-json\/wp\/v2\/media\/565"}],"wp:attachment":[{"href":"https:\/\/beoshop.azdigi.shop\/index.php\/wp-json\/wp\/v2\/media?parent=564"}],"wp:term":[{"taxonomy":"pwb-brand","embeddable":true,"href":"https:\/\/beoshop.azdigi.shop\/index.php\/wp-json\/wp\/v2\/pwb-brand?post=564"},{"taxonomy":"product_brand","embeddable":true,"href":"https:\/\/beoshop.azdigi.shop\/index.php\/wp-json\/wp\/v2\/product_brand?post=564"},{"taxonomy":"product_cat","embeddable":true,"href":"https:\/\/beoshop.azdigi.shop\/index.php\/wp-json\/wp\/v2\/product_cat?post=564"},{"taxonomy":"product_tag","embeddable":true,"href":"https:\/\/beoshop.azdigi.shop\/index.php\/wp-json\/wp\/v2\/product_tag?post=564"}],"curies":[{"name":"wp","href":"https:\/\/api.w.org\/{rel}","templated":true}]}}