{"id":570,"date":"2026-04-17T09:00:40","date_gmt":"2026-04-17T09:00:40","guid":{"rendered":"https:\/\/beoshop.azdigi.shop\/?post_type=product&#038;p=570"},"modified":"2026-04-19T06:02:59","modified_gmt":"2026-04-19T06:02:59","slug":"pate-cho-cho-di-ung-royal-canin-hypoallergenic-400g","status":"publish","type":"product","link":"https:\/\/beoshop.azdigi.shop\/index.php\/san-pham\/pate-cho-cho-di-ung-royal-canin-hypoallergenic-400g\/","title":{"rendered":"Pate Cho Ch\u00f3 D\u1ecb \u1ee8ng Royal Canin Hypoallergenic 400g"},"content":{"rendered":"<h1 style=\"text-align: center;\"><strong>Pate Cho Ch\u00f3 D\u1ecb \u1ee8ng Royal Canin Hypoallergenic 400g<\/strong><\/h1>\n<ul>\n<li>Th\u01b0\u01a1ng hi\u1ec7u:\u00a0<strong><a title=\"Royal Canin Th\u1ee9c \u0102n Dinh D\u01b0\u1ee1ng Cao C\u1ea5p\" href=\"https:\/\/beoshop.azdigi.shop\/index.php\/royal-canin\/\" target=\"_blank\" rel=\"noopener\">Royal Canin<\/a><\/strong><\/li>\n<li>Ph\u00f9 h\u1ee3p cho: Ch\u00f3 (b\u1ecb d\u1ecb \u1ee9ng ho\u1eb7c c\u00f3 d\u1ea5u hi\u1ec7u b\u1ecb d\u1ecb \u1ee9ng)<\/li>\n<li><strong><a title=\"Pate Ch\u00f3\" href=\"https:\/\/beoshop.azdigi.shop\/index.php\/danh-muc-san-pham\/thuc-an-cho-cho\/thuc-an-ho-tro-dieu-tri-benh\/\" target=\"_blank\" rel=\"noopener\">Pate Cho Ch\u00f3<\/a><\/strong>\u00a0Royal Canin Hypoallergenic l\u00e0 s\u1ea3n ph\u1ea9m th\u1ee9c \u0103n \u01b0\u1edbt d\u00e0nh cho ch\u00f3 tr\u01b0\u1edfng th\u00e0nh b\u1ecb d\u1ecb \u1ee9ng th\u1ef1c ph\u1ea9m ho\u1eb7c kh\u00f4ng dung n\u1ea1p th\u1ee9c \u0103n. S\u1ea3n ph\u1ea9m \u0111\u01b0\u1ee3c s\u1ea3n xu\u1ea5t b\u1edfi th\u01b0\u01a1ng hi\u1ec7u Royal Canin n\u1ed5i ti\u1ebfng c\u1ee7a Ph\u00e1p, v\u1edbi c\u00e1c th\u00e0nh ph\u1ea7n dinh d\u01b0\u1ee1ng cao c\u1ea5p gi\u00fap h\u1ed7 tr\u1ee3 \u0111i\u1ec1u tr\u1ecb v\u00e0 ph\u00f2ng ng\u1eeba c\u00e1c v\u1ea5n \u0111\u1ec1 v\u1ec1 da v\u00e0 \u0111\u01b0\u1eddng ru\u1ed9t \u1edf ch\u00f3.\u00a0Khi nghi ng\u1edd ch\u00f3 d\u1ecb \u1ee9ng th\u1ef1c ph\u1ea9m ho\u1eb7c kh\u00f4ng dung n\u1ea1p th\u1ee9c \u0103n, c\u00f3 th\u1ec3 cho ch\u00f3 \u0111\u1ed5i sang ch\u1ebf \u0111\u1ed9 \u0103n Royal Canin Hypoallergenic m\u00e0 kh\u00f4ng c\u1ea7n b\u01b0\u1edbc chuy\u1ec3n \u0111\u1ed5i (quy t\u1eafc \u0111\u1ed5i th\u1ee9c \u0103n 7 ng\u00e0y).<\/li>\n<\/ul>\n<h2><b>L\u1ee3i \u00edch:<\/b><\/h2>\n<ul>\n<li data-sourcepos=\"5:1-5:59\">Protein \u0111\u1eadu n\u00e0nh \u0111\u01b0\u1ee3c th\u1ee7y ph\u00e2n bao g\u1ed3m c\u00e1c Peptide c\u00f3 ph\u00e2n t\u1eed l\u01b0\u1ee3ng th\u1ea5p d\u1ec5 ti\u00eau h\u00f3a v\u00e0 \u00edt g\u00e2y d\u1ecb \u1ee9ng nh\u1ea5t.<\/li>\n<li data-sourcepos=\"5:1-5:59\">S\u1ef1 k\u1ebft h\u1ee3p c\u1ee7a inositol, choline, histidine v\u00e0 axit pantothenic gi\u00fap gi\u1ea3m m\u1ea5t n\u01b0\u1edbc qua da v\u00e0 t\u0103ng c\u01b0\u1eddng b\u1ea3o v\u1ec7 c\u1ee7a da.<\/li>\n<li data-sourcepos=\"5:1-5:59\">Axit b\u00e9o Omega-3 chu\u1ed7i d\u00e0i v\u00e0 c\u00e1c axit \u0111i\u1ec1u ch\u1ec9nh c\u00e1c ph\u1ea3n \u1ee9ng da v\u00e0 gi\u00fap b\u1ea3o v\u1ec7 ni\u00eam m\u1ea1c ru\u1ed9t.<\/li>\n<li data-sourcepos=\"5:1-5:59\">K\u1ebft h\u1ee3p c\u00e1c protein d\u1ec5 ti\u00eau h\u00f3a, d\u1ea7u c\u00e1, b\u1ed9t c\u1ee7 c\u1ea3i \u0111\u01b0\u1eddng v\u00e0 g\u1ea1o \u0111\u1ec3 \u0111\u1ea3m b\u1ea3o s\u1ee9c kh\u1ecfe ti\u00eau h\u00f3a t\u1ed1i \u0111a.<\/li>\n<\/ul>\n<h2><b>Th\u00e0nh ph\u1ea7n<\/b><\/h2>\n<ul>\n<li>G\u1ea1o, protein \u0111\u1eadu n\u00e0nh ph\u00e2n l\u1eadp, ch\u1ea5t b\u00e9o \u0111\u1ed9ng v\u1eadt, gan gia c\u1ea7m th\u1ee7y ph\u00e2n, c\u1ee7 c\u1ea3i \u0111\u01b0\u1eddng, kho\u00e1ng ch\u1ea5t, d\u1ea7u \u0111\u1eadu n\u00e0nh, d\u1ea7u c\u00e1, fructo-oligo-sacarit, d\u1ea7u borage, chi\u1ebft xu\u1ea5t c\u00fac v\u1ea1n th\u1ecd (lutein),\u00a0protein \u0111\u1eadu n\u00e0nh, gan gia c\u1ea7m,\u00a0g\u1ea1o&#8230;<\/li>\n<\/ul>\n<h3><b>H\u01b0\u1edbng d\u1eabn s\u1eed d\u1ee5ng<\/b><\/h3>\n<ul>\n<li>Nh\u1eefng ch\u00fa ch\u00f3 vi\u00eam da m\u00e3n t\u00ednh c\u1ea7n ki\u1ec3m so\u00e1t dinh d\u01b0\u1ee1ng c\u00f3 th\u1ec3 duy tr\u00ec s\u1eed d\u1ee5ng Hypoallergenic su\u1ed1t \u0111\u1eddi. N\u00ean chia kh\u1ea9u ph\u1ea7n \u0103n \u1edf b\u1ea3ng d\u01b0\u1edbi th\u00e0nh 2 b\u1eefa ch\u00ednh trong ng\u00e0y.<\/li>\n<li>D\u00f9ng cho:<br \/>\n&#8211; Ph\u1ea3n \u1ee9ng d\u1ecb \u1ee9ng th\u1ef1c ph\u1ea9m v\u1edbi c\u00e1c tri\u1ec7u ch\u1ee9ng tr\u00ean da ho\u1eb7c\/v\u00e0 ti\u00eau h\u00f3a<br \/>\n&#8211; Ki\u1ec3m so\u00e1t dinh d\u01b0\u1ee1ng.<br \/>\n&#8211; Vi\u00eam da d\u1ecb \u1ee9ng \u1edf ch\u00f3 + b\u1ec7nh ng\u1ee9a m\u1ea1n t\u00ednh.<br \/>\n&#8211; Ti\u00eau ch\u1ea3y m\u1ea1n t\u00ednh.<br \/>\n&#8211; B\u1ec7nh vi\u00eam ru\u1ed9t.<br \/>\n&#8211; Thi\u1ec3u n\u0103ng t\u1ee5y ngo\u1ea1i ti\u1ebft.<br \/>\n&#8211; H\u1ed9i ch\u1ee9ng lo\u1ea1n khu\u1ea9n ru\u1ed9t non.<\/li>\n<li>KH\u00d4NG d\u00f9ng cho:<br \/>\n&#8211; Vi\u00eam t\u1ee5y, c\u00f3 ti\u1ec1n s\u1eed vi\u00eam t\u1ee5y;<br \/>\n&#8211; Ch\u00f3 \u0111ang mang thai ho\u1eb7c cho con b\u00fa.<\/li>\n<li>B\u1ea3o qu\u1ea3n n\u01a1i tho\u00e1ng m\u00e1t<\/li>\n<\/ul>\n","protected":false},"excerpt":{"rendered":"<p>Pate Cho Ch\u00f3 D\u1ecb \u1ee8ng Royal Canin Hypoallergenic 400g Th\u01b0\u01a1ng hi\u1ec7u:\u00a0Royal Canin Ph\u00f9 h\u1ee3p cho: Ch\u00f3 (b\u1ecb d\u1ecb \u1ee9ng ho\u1eb7c c\u00f3 d\u1ea5u hi\u1ec7u b\u1ecb d\u1ecb \u1ee9ng) Pate Cho Ch\u00f3\u00a0Royal Canin Hypoallergenic l\u00e0 s\u1ea3n ph\u1ea9m th\u1ee9c \u0103n \u01b0\u1edbt d\u00e0nh cho ch\u00f3 tr\u01b0\u1edfng th\u00e0nh b\u1ecb d\u1ecb \u1ee9ng th\u1ef1c ph\u1ea9m ho\u1eb7c kh\u00f4ng dung n\u1ea1p th\u1ee9c \u0103n. S\u1ea3n ph\u1ea9m [&#8230;]\n","protected":false},"featured_media":571,"comment_status":"open","ping_status":"closed","template":"","meta":[],"pwb-brand":[],"product_brand":[],"product_cat":[28,18,25,24],"product_tag":[],"class_list":{"0":"post-570","1":"product","2":"type-product","3":"status-publish","4":"has-post-thumbnail","6":"product_cat-cho","7":"product_cat-thuc-an-cho-cho","8":"product_cat-thuc-an-ho-tro-dieu-tri-benh","9":"product_cat-thuc-an-uot","11":"first","12":"instock","13":"shipping-taxable","14":"purchasable","15":"product-type-simple"},"yoast_head":"<!-- This site is optimized with the Yoast SEO plugin v27.1.1 - https:\/\/yoast.com\/product\/yoast-seo-wordpress\/ -->\n<title>Pate Cho Ch\u00f3 D\u1ecb \u1ee8ng Royal Canin Hypoallergenic 400g - thucung123<\/title>\n<meta name=\"description\" content=\"Pate Cho Ch\u00f3 D\u1ecb \u1ee8ng Royal Canin Hypoallergenic 400g\" \/>\n<meta name=\"robots\" content=\"index, follow, max-snippet:-1, max-image-preview:large, max-video-preview:-1\" \/>\n<link rel=\"canonical\" href=\"https:\/\/beoshop.azdigi.shop\/index.php\/san-pham\/pate-cho-cho-di-ung-royal-canin-hypoallergenic-400g\/\" \/>\n<meta property=\"og:locale\" content=\"vi_VN\" \/>\n<meta property=\"og:type\" content=\"article\" \/>\n<meta property=\"og:title\" content=\"Pate Cho Ch\u00f3 D\u1ecb \u1ee8ng Royal Canin Hypoallergenic 400g - thucung123\" \/>\n<meta property=\"og:description\" content=\"Pate Cho Ch\u00f3 D\u1ecb \u1ee8ng Royal Canin Hypoallergenic 400g\" \/>\n<meta property=\"og:url\" content=\"https:\/\/beoshop.azdigi.shop\/index.php\/san-pham\/pate-cho-cho-di-ung-royal-canin-hypoallergenic-400g\/\" \/>\n<meta property=\"og:site_name\" content=\"thucung123\" \/>\n<meta property=\"article:modified_time\" content=\"2026-04-19T06:02:59+00:00\" \/>\n<meta property=\"og:image\" content=\"https:\/\/beoshop.azdigi.shop\/wp-content\/uploads\/2026\/04\/1_6ee22dcd-2281-48d4-86b5-d3da3f7bed5a-1.webp\" \/>\n\t<meta property=\"og:image:width\" content=\"800\" \/>\n\t<meta property=\"og:image:height\" content=\"800\" \/>\n\t<meta property=\"og:image:type\" content=\"image\/webp\" \/>\n<meta name=\"twitter:card\" content=\"summary_large_image\" \/>\n<meta name=\"twitter:label1\" content=\"\u01af\u1edbc t\u00ednh th\u1eddi gian \u0111\u1ecdc\" \/>\n\t<meta name=\"twitter:data1\" content=\"3 ph\u00fat\" \/>\n<script type=\"application\/ld+json\" class=\"yoast-schema-graph\">{\"@context\":\"https:\/\/schema.org\",\"@graph\":[{\"@type\":\"WebPage\",\"@id\":\"https:\/\/beoshop.azdigi.shop\/index.php\/san-pham\/pate-cho-cho-di-ung-royal-canin-hypoallergenic-400g\/\",\"url\":\"https:\/\/beoshop.azdigi.shop\/index.php\/san-pham\/pate-cho-cho-di-ung-royal-canin-hypoallergenic-400g\/\",\"name\":\"Pate Cho Ch\u00f3 D\u1ecb \u1ee8ng Royal Canin Hypoallergenic 400g - thucung123\",\"isPartOf\":{\"@id\":\"https:\/\/beoshop.azdigi.shop\/#website\"},\"primaryImageOfPage\":{\"@id\":\"https:\/\/beoshop.azdigi.shop\/index.php\/san-pham\/pate-cho-cho-di-ung-royal-canin-hypoallergenic-400g\/#primaryimage\"},\"image\":{\"@id\":\"https:\/\/beoshop.azdigi.shop\/index.php\/san-pham\/pate-cho-cho-di-ung-royal-canin-hypoallergenic-400g\/#primaryimage\"},\"thumbnailUrl\":\"https:\/\/beoshop.azdigi.shop\/wp-content\/uploads\/2026\/04\/1_6ee22dcd-2281-48d4-86b5-d3da3f7bed5a-1.webp\",\"datePublished\":\"2026-04-17T09:00:40+00:00\",\"dateModified\":\"2026-04-19T06:02:59+00:00\",\"description\":\"Pate Cho Ch\u00f3 D\u1ecb \u1ee8ng Royal Canin Hypoallergenic 400g\",\"breadcrumb\":{\"@id\":\"https:\/\/beoshop.azdigi.shop\/index.php\/san-pham\/pate-cho-cho-di-ung-royal-canin-hypoallergenic-400g\/#breadcrumb\"},\"inLanguage\":\"vi\",\"potentialAction\":[{\"@type\":\"ReadAction\",\"target\":[\"https:\/\/beoshop.azdigi.shop\/index.php\/san-pham\/pate-cho-cho-di-ung-royal-canin-hypoallergenic-400g\/\"]}]},{\"@type\":\"ImageObject\",\"inLanguage\":\"vi\",\"@id\":\"https:\/\/beoshop.azdigi.shop\/index.php\/san-pham\/pate-cho-cho-di-ung-royal-canin-hypoallergenic-400g\/#primaryimage\",\"url\":\"https:\/\/beoshop.azdigi.shop\/wp-content\/uploads\/2026\/04\/1_6ee22dcd-2281-48d4-86b5-d3da3f7bed5a-1.webp\",\"contentUrl\":\"https:\/\/beoshop.azdigi.shop\/wp-content\/uploads\/2026\/04\/1_6ee22dcd-2281-48d4-86b5-d3da3f7bed5a-1.webp\",\"width\":800,\"height\":800},{\"@type\":\"BreadcrumbList\",\"@id\":\"https:\/\/beoshop.azdigi.shop\/index.php\/san-pham\/pate-cho-cho-di-ung-royal-canin-hypoallergenic-400g\/#breadcrumb\",\"itemListElement\":[{\"@type\":\"ListItem\",\"position\":1,\"name\":\"Trang ch\u1ee7\",\"item\":\"https:\/\/beoshop.azdigi.shop\/\"},{\"@type\":\"ListItem\",\"position\":2,\"name\":\"S\u1ea3n ph\u1ea9m\",\"item\":\"https:\/\/beoshop.azdigi.shop\/index.php\/cua-hang__trashed\/\"},{\"@type\":\"ListItem\",\"position\":3,\"name\":\"Pate Cho Ch\u00f3 D\u1ecb \u1ee8ng Royal Canin Hypoallergenic 400g\"}]},{\"@type\":\"WebSite\",\"@id\":\"https:\/\/beoshop.azdigi.shop\/#website\",\"url\":\"https:\/\/beoshop.azdigi.shop\/\",\"name\":\"thucung123\",\"description\":\"\",\"publisher\":{\"@id\":\"https:\/\/beoshop.azdigi.shop\/#organization\"},\"potentialAction\":[{\"@type\":\"SearchAction\",\"target\":{\"@type\":\"EntryPoint\",\"urlTemplate\":\"https:\/\/beoshop.azdigi.shop\/?s={search_term_string}\"},\"query-input\":{\"@type\":\"PropertyValueSpecification\",\"valueRequired\":true,\"valueName\":\"search_term_string\"}}],\"inLanguage\":\"vi\"},{\"@type\":\"Organization\",\"@id\":\"https:\/\/beoshop.azdigi.shop\/#organization\",\"name\":\"thucung123\",\"url\":\"https:\/\/beoshop.azdigi.shop\/\",\"logo\":{\"@type\":\"ImageObject\",\"inLanguage\":\"vi\",\"@id\":\"https:\/\/beoshop.azdigi.shop\/#\/schema\/logo\/image\/\",\"url\":\"https:\/\/beoshop.azdigi.shop\/wp-content\/uploads\/2026\/03\/Black-and-White-Simple-Cat-Pet-Accessories-Logo.png\",\"contentUrl\":\"https:\/\/beoshop.azdigi.shop\/wp-content\/uploads\/2026\/03\/Black-and-White-Simple-Cat-Pet-Accessories-Logo.png\",\"width\":2000,\"height\":2000,\"caption\":\"thucung123\"},\"image\":{\"@id\":\"https:\/\/beoshop.azdigi.shop\/#\/schema\/logo\/image\/\"}}]}<\/script>\n<!-- \/ Yoast SEO plugin. -->","yoast_head_json":{"title":"Pate Cho Ch\u00f3 D\u1ecb \u1ee8ng Royal Canin Hypoallergenic 400g - thucung123","description":"Pate Cho Ch\u00f3 D\u1ecb \u1ee8ng Royal Canin Hypoallergenic 400g","robots":{"index":"index","follow":"follow","max-snippet":"max-snippet:-1","max-image-preview":"max-image-preview:large","max-video-preview":"max-video-preview:-1"},"canonical":"https:\/\/beoshop.azdigi.shop\/index.php\/san-pham\/pate-cho-cho-di-ung-royal-canin-hypoallergenic-400g\/","og_locale":"vi_VN","og_type":"article","og_title":"Pate Cho Ch\u00f3 D\u1ecb \u1ee8ng Royal Canin Hypoallergenic 400g - thucung123","og_description":"Pate Cho Ch\u00f3 D\u1ecb \u1ee8ng Royal Canin Hypoallergenic 400g","og_url":"https:\/\/beoshop.azdigi.shop\/index.php\/san-pham\/pate-cho-cho-di-ung-royal-canin-hypoallergenic-400g\/","og_site_name":"thucung123","article_modified_time":"2026-04-19T06:02:59+00:00","og_image":[{"width":800,"height":800,"url":"https:\/\/beoshop.azdigi.shop\/wp-content\/uploads\/2026\/04\/1_6ee22dcd-2281-48d4-86b5-d3da3f7bed5a-1.webp","type":"image\/webp"}],"twitter_card":"summary_large_image","twitter_misc":{"\u01af\u1edbc t\u00ednh th\u1eddi gian \u0111\u1ecdc":"3 ph\u00fat"},"schema":{"@context":"https:\/\/schema.org","@graph":[{"@type":"WebPage","@id":"https:\/\/beoshop.azdigi.shop\/index.php\/san-pham\/pate-cho-cho-di-ung-royal-canin-hypoallergenic-400g\/","url":"https:\/\/beoshop.azdigi.shop\/index.php\/san-pham\/pate-cho-cho-di-ung-royal-canin-hypoallergenic-400g\/","name":"Pate Cho Ch\u00f3 D\u1ecb \u1ee8ng Royal Canin Hypoallergenic 400g - thucung123","isPartOf":{"@id":"https:\/\/beoshop.azdigi.shop\/#website"},"primaryImageOfPage":{"@id":"https:\/\/beoshop.azdigi.shop\/index.php\/san-pham\/pate-cho-cho-di-ung-royal-canin-hypoallergenic-400g\/#primaryimage"},"image":{"@id":"https:\/\/beoshop.azdigi.shop\/index.php\/san-pham\/pate-cho-cho-di-ung-royal-canin-hypoallergenic-400g\/#primaryimage"},"thumbnailUrl":"https:\/\/beoshop.azdigi.shop\/wp-content\/uploads\/2026\/04\/1_6ee22dcd-2281-48d4-86b5-d3da3f7bed5a-1.webp","datePublished":"2026-04-17T09:00:40+00:00","dateModified":"2026-04-19T06:02:59+00:00","description":"Pate Cho Ch\u00f3 D\u1ecb \u1ee8ng Royal Canin Hypoallergenic 400g","breadcrumb":{"@id":"https:\/\/beoshop.azdigi.shop\/index.php\/san-pham\/pate-cho-cho-di-ung-royal-canin-hypoallergenic-400g\/#breadcrumb"},"inLanguage":"vi","potentialAction":[{"@type":"ReadAction","target":["https:\/\/beoshop.azdigi.shop\/index.php\/san-pham\/pate-cho-cho-di-ung-royal-canin-hypoallergenic-400g\/"]}]},{"@type":"ImageObject","inLanguage":"vi","@id":"https:\/\/beoshop.azdigi.shop\/index.php\/san-pham\/pate-cho-cho-di-ung-royal-canin-hypoallergenic-400g\/#primaryimage","url":"https:\/\/beoshop.azdigi.shop\/wp-content\/uploads\/2026\/04\/1_6ee22dcd-2281-48d4-86b5-d3da3f7bed5a-1.webp","contentUrl":"https:\/\/beoshop.azdigi.shop\/wp-content\/uploads\/2026\/04\/1_6ee22dcd-2281-48d4-86b5-d3da3f7bed5a-1.webp","width":800,"height":800},{"@type":"BreadcrumbList","@id":"https:\/\/beoshop.azdigi.shop\/index.php\/san-pham\/pate-cho-cho-di-ung-royal-canin-hypoallergenic-400g\/#breadcrumb","itemListElement":[{"@type":"ListItem","position":1,"name":"Trang ch\u1ee7","item":"https:\/\/beoshop.azdigi.shop\/"},{"@type":"ListItem","position":2,"name":"S\u1ea3n ph\u1ea9m","item":"https:\/\/beoshop.azdigi.shop\/index.php\/cua-hang__trashed\/"},{"@type":"ListItem","position":3,"name":"Pate Cho Ch\u00f3 D\u1ecb \u1ee8ng Royal Canin Hypoallergenic 400g"}]},{"@type":"WebSite","@id":"https:\/\/beoshop.azdigi.shop\/#website","url":"https:\/\/beoshop.azdigi.shop\/","name":"thucung123","description":"","publisher":{"@id":"https:\/\/beoshop.azdigi.shop\/#organization"},"potentialAction":[{"@type":"SearchAction","target":{"@type":"EntryPoint","urlTemplate":"https:\/\/beoshop.azdigi.shop\/?s={search_term_string}"},"query-input":{"@type":"PropertyValueSpecification","valueRequired":true,"valueName":"search_term_string"}}],"inLanguage":"vi"},{"@type":"Organization","@id":"https:\/\/beoshop.azdigi.shop\/#organization","name":"thucung123","url":"https:\/\/beoshop.azdigi.shop\/","logo":{"@type":"ImageObject","inLanguage":"vi","@id":"https:\/\/beoshop.azdigi.shop\/#\/schema\/logo\/image\/","url":"https:\/\/beoshop.azdigi.shop\/wp-content\/uploads\/2026\/03\/Black-and-White-Simple-Cat-Pet-Accessories-Logo.png","contentUrl":"https:\/\/beoshop.azdigi.shop\/wp-content\/uploads\/2026\/03\/Black-and-White-Simple-Cat-Pet-Accessories-Logo.png","width":2000,"height":2000,"caption":"thucung123"},"image":{"@id":"https:\/\/beoshop.azdigi.shop\/#\/schema\/logo\/image\/"}}]}},"brands":[],"_links":{"self":[{"href":"https:\/\/beoshop.azdigi.shop\/index.php\/wp-json\/wp\/v2\/product\/570","targetHints":{"allow":["GET"]}}],"collection":[{"href":"https:\/\/beoshop.azdigi.shop\/index.php\/wp-json\/wp\/v2\/product"}],"about":[{"href":"https:\/\/beoshop.azdigi.shop\/index.php\/wp-json\/wp\/v2\/types\/product"}],"replies":[{"embeddable":true,"href":"https:\/\/beoshop.azdigi.shop\/index.php\/wp-json\/wp\/v2\/comments?post=570"}],"wp:featuredmedia":[{"embeddable":true,"href":"https:\/\/beoshop.azdigi.shop\/index.php\/wp-json\/wp\/v2\/media\/571"}],"wp:attachment":[{"href":"https:\/\/beoshop.azdigi.shop\/index.php\/wp-json\/wp\/v2\/media?parent=570"}],"wp:term":[{"taxonomy":"pwb-brand","embeddable":true,"href":"https:\/\/beoshop.azdigi.shop\/index.php\/wp-json\/wp\/v2\/pwb-brand?post=570"},{"taxonomy":"product_brand","embeddable":true,"href":"https:\/\/beoshop.azdigi.shop\/index.php\/wp-json\/wp\/v2\/product_brand?post=570"},{"taxonomy":"product_cat","embeddable":true,"href":"https:\/\/beoshop.azdigi.shop\/index.php\/wp-json\/wp\/v2\/product_cat?post=570"},{"taxonomy":"product_tag","embeddable":true,"href":"https:\/\/beoshop.azdigi.shop\/index.php\/wp-json\/wp\/v2\/product_tag?post=570"}],"curies":[{"name":"wp","href":"https:\/\/api.w.org\/{rel}","templated":true}]}}