{"id":572,"date":"2026-04-17T09:03:42","date_gmt":"2026-04-17T09:03:42","guid":{"rendered":"https:\/\/beoshop.azdigi.shop\/?post_type=product&#038;p=572"},"modified":"2026-04-19T05:59:24","modified_gmt":"2026-04-19T05:59:24","slug":"thuc-an-hat-dieu-tri-benh-cho-cho-it-beo-royal-canin-gastrointestinal-low-fat-1-5kg","status":"publish","type":"product","link":"https:\/\/beoshop.azdigi.shop\/index.php\/san-pham\/thuc-an-hat-dieu-tri-benh-cho-cho-it-beo-royal-canin-gastrointestinal-low-fat-1-5kg\/","title":{"rendered":"Th\u1ee9c \u0102n H\u1ea1t \u0110i\u1ec1u Tr\u1ecb B\u1ec7nh Cho Ch\u00f3 \u00cdt B\u00e9o Royal Canin Gastrointestinal Low Fat 1.5kg"},"content":{"rendered":"<h1 style=\"text-align: center;\"><b>Th\u1ee9c \u0102n Cho Ch\u00f3 \u00cdt B\u00e9o Royal Canin Gastrointestinal Low Fat 1.5kg<\/b><\/h1>\n<ul>\n<li>Th\u01b0\u01a1ng hi\u1ec7u:\u00a0<strong><a title=\"Royal Canin Th\u1ee9c \u0102n Dinh D\u01b0\u1ee1ng Cao C\u1ea5p\" href=\"https:\/\/beoshop.azdigi.shop\/index.php\/royal-canin\/\" target=\"_blank\" rel=\"noopener\">Royal Canin<\/a><\/strong><\/li>\n<li>Ph\u00f9 h\u1ee3p cho: Ch\u00f3 m\u1ecdi l\u1ee9a tu\u1ed5i<\/li>\n<li>Royal Canin\u00a0Gastrointestinal Low Fat\u00a0l\u00e0 m\u1ed9t lo\u1ea1i\u00a0<strong>th\u1ee9c \u0103n<\/strong><strong>\u00a0cho ch\u00f3<\/strong>\u00a0b\u1ecb r\u1ed1i lo\u1ea1n ti\u00eau h\u00f3a c\u1ea7n gi\u1ea3m l\u01b0\u1ee3ng ch\u1ea5t b\u00e9o trong ch\u1ebf \u0111\u1ed9 \u0103n. S\u1ea3n ph\u1ea9m\u00a0\u0111\u01b0\u1ee3c \u0111i\u1ec1u ch\u1ebf \u0111\u1ec3 \u0111i\u1ec1u ch\u1ec9nh qu\u00e1 tr\u00ecnh chuy\u1ec3n h\u00f3a lipid trong tr\u01b0\u1eddng h\u1ee3p t\u0103ng lipid m\u00e1u.\u00a0H\u1ea1t Royal Canin\u00a0Gastrointestinal\u00a0ch\u1ee9a h\u00e0m l\u01b0\u1ee3ng ch\u1ea5t b\u00e9o th\u1ea5p v\u00e0 h\u00e0m l\u01b0\u1ee3ng axit b\u00e9o thi\u1ebft y\u1ebfu cao ph\u00f9 h\u1ee3p \u0111\u1ec3\u00a0gi\u1ea3m b\u00e9o cho ch\u00f3\u00a0khi ch\u00fang t\u0103ng c\u00e2n nhanh. Tuy nhi\u00ean, b\u1ea1n n\u00ean tham kh\u1ea3o \u00fd ki\u1ebfn c\u1ee7a b\u00e1c s\u0129 th\u00fa y tr\u01b0\u1edbc khi cho ch\u00f3 \u0103n lo\u1ea1i th\u1ee9c \u0103n n\u00e0y \u0111\u1ec3 \u0111\u1ea3m b\u1ea3o ph\u00f9 h\u1ee3p v\u1edbi t\u00ecnh tr\u1ea1ng s\u1ee9c kh\u1ecfe v\u00e0 nhu c\u1ea7u dinh d\u01b0\u1ee1ng c\u1ee7a ch\u00fang.<\/li>\n<\/ul>\n<h2><b>L\u1ee3i \u00edch:<\/b><\/h2>\n<ul>\n<li>Ch\u1ee9a \u00edt ch\u1ea5t b\u00e9o d\u00e0nh cho nh\u1eefng ch\u00fa ch\u00f3 c\u00f3 v\u1ea5n \u0111\u1ec1 v\u1ec1 ti\u00eau h\u00f3a ch\u1ea5t b\u00e9o trong khi v\u1eabn cung c\u1ea5p \u0111\u1ee7 calo cho nhu c\u1ea7u h\u00e0ng ng\u00e0y c\u1ee7a ch\u00fang.<\/li>\n<li>S\u1ef1 k\u1ebft h\u1ee3p c\u1ee7a ch\u1ea5t x\u01a1 h\u00f2a tan v\u00e0 kh\u00f4ng h\u00f2a tan \u0111\u1ec3 th\u00fac \u0111\u1ea9y qu\u00e1 tr\u00ecnh v\u1eadn chuy\u1ec3n \u0111\u01b0\u1eddng ti\u00eau h\u00f3a kh\u1ecfe m\u1ea1nh.<\/li>\n<li>Protein d\u1ec5 ti\u00eau h\u00f3a v\u00e0 prebiotic cho qu\u00e1 tr\u00ecnh ti\u00eau h\u00f3a t\u1ed1t v\u00e0 ph\u00e2n t\u1ed1i \u01b0u.<\/li>\n<\/ul>\n<h2><b>Th\u00e0nh ph\u1ea7n<\/b><\/h2>\n<ul>\n<li data-sourcepos=\"5:1-6:0\">G\u1ea1o, protein gia c\u1ea7m, gluten b\u1eafp, ch\u1ea5t b\u00e9o \u0111\u1ed9ng v\u1eadt, b\u1ed9t c\u1ee7 c\u1ea3i \u0111\u01b0\u1eddng, protein th\u1ef1c v\u1eadt, kho\u00e1ng ch\u1ea5t, d\u1ea7u th\u1ef1c v\u1eadt, fructo-oligosaccharides, d\u1ea7u c\u00e1 (DHA), mono- v\u00e0 diglycerides c\u1ee7a axit b\u00e9o, chi\u1ebft xu\u1ea5t men (beta-glucans), lecithin, taurine, chi\u1ebft xu\u1ea5t c\u00fac v\u1ea1n th\u1ecd (lutein).<\/li>\n<\/ul>\n<h3><strong>H\u01b0\u1edbng d\u1eabn s\u1eed d\u1ee5ng<\/strong><\/h3>\n<table style=\"height: 390px;\" width=\"450\">\n<tbody>\n<tr>\n<td>Th\u1ee9c \u0103n kh\u00f4<\/td>\n<td><\/td>\n<td><\/td>\n<td><\/td>\n<\/tr>\n<tr>\n<td>C\u00e2n n\u1eb7ng (kg)<\/td>\n<td>G\u1ea7y<\/td>\n<td>B\u00ecnh th\u01b0\u1eddng<\/td>\n<td>T\u0103ng c\u00e2n<\/td>\n<\/tr>\n<tr>\n<td>5<\/td>\n<td>121 g<\/td>\n<td>106 g<\/td>\n<td>92 g<\/td>\n<\/tr>\n<tr>\n<td>10<\/td>\n<td>203 g<\/td>\n<td>179 g<\/td>\n<td>154 g<\/td>\n<\/tr>\n<tr>\n<td>20<\/td>\n<td>341 g<\/td>\n<td>300 g<\/td>\n<td>259 g<\/td>\n<\/tr>\n<tr>\n<td>30<\/td>\n<td>462 g<\/td>\n<td>407 g<\/td>\n<td>351 g<\/td>\n<\/tr>\n<tr>\n<td>40<\/td>\n<td>574 g<\/td>\n<td>505 g<\/td>\n<td>436 g<\/td>\n<\/tr>\n<\/tbody>\n<\/table>\n<h3>\u00a0*L\u01b0u \u00fd:<\/h3>\n<ul>\n<li>S\u1ea3n ph\u1ea9m th\u00edch h\u1ee3p cho ch\u00f3 b\u1ecb c\u00e1c v\u1ea5n \u0111\u1ec1 v\u1ec1 ti\u00eau h\u00f3a nh\u01b0 vi\u00eam \u0111\u1ea1i tr\u00e0ng, ti\u00eau ch\u1ea3y, t\u00e1o b\u00f3n, vi\u00eam d\u1ea1 d\u00e0y, suy dinh d\u01b0\u1ee1ng, b\u1ec7nh t\u1ee5y ho\u1eb7c b\u1ec7nh gan. Th\u1ee9c \u0103n n\u00e0y c\u0169ng c\u00f3 th\u1ec3 \u0111\u01b0\u1ee3c s\u1eed d\u1ee5ng cho ch\u00f3 b\u1ecb b\u00e9o ph\u00ec ho\u1eb7c c\u1ea7n gi\u1ea3m c\u00e2n do ch\u1ee9a \u00edt ch\u1ea5t b\u00e9o v\u00e0 n\u0103ng l\u01b0\u1ee3ng.<\/li>\n<li>N\u00ean h\u1ecfi \u00fd ki\u1ebfn c\u1ee7a b\u00e1c s\u0129 th\u00fa y tr\u01b0\u1edbc khi s\u1eed d\u1ee5ng ho\u1eb7c tr\u01b0\u1edbc khi k\u00e9o d\u00e0i th\u1eddi gian s\u1eed d\u1ee5ng. Ban \u0111\u1ea7u, n\u00ean cho \u0103n kho\u1ea3ng 2 th\u00e1ng trong tr\u01b0\u1eddng h\u1ee3p t\u0103ng lipid m\u00e1u.<\/li>\n<\/ul>\n","protected":false},"excerpt":{"rendered":"<p>Th\u1ee9c \u0102n Cho Ch\u00f3 \u00cdt B\u00e9o Royal Canin Gastrointestinal Low Fat 1.5kg Th\u01b0\u01a1ng hi\u1ec7u:\u00a0Royal Canin Ph\u00f9 h\u1ee3p cho: Ch\u00f3 m\u1ecdi l\u1ee9a tu\u1ed5i Royal Canin\u00a0Gastrointestinal Low Fat\u00a0l\u00e0 m\u1ed9t lo\u1ea1i\u00a0th\u1ee9c \u0103n\u00a0cho ch\u00f3\u00a0b\u1ecb r\u1ed1i lo\u1ea1n ti\u00eau h\u00f3a c\u1ea7n gi\u1ea3m l\u01b0\u1ee3ng ch\u1ea5t b\u00e9o trong ch\u1ebf \u0111\u1ed9 \u0103n. S\u1ea3n ph\u1ea9m\u00a0\u0111\u01b0\u1ee3c \u0111i\u1ec1u ch\u1ebf \u0111\u1ec3 \u0111i\u1ec1u ch\u1ec9nh qu\u00e1 tr\u00ecnh chuy\u1ec3n h\u00f3a lipid [&#8230;]\n","protected":false},"featured_media":573,"comment_status":"open","ping_status":"closed","template":"","meta":[],"pwb-brand":[],"product_brand":[],"product_cat":[28,18,23,25],"product_tag":[],"class_list":{"0":"post-572","1":"product","2":"type-product","3":"status-publish","4":"has-post-thumbnail","6":"product_cat-cho","7":"product_cat-thuc-an-cho-cho","8":"product_cat-thuc-an-hat","9":"product_cat-thuc-an-ho-tro-dieu-tri-benh","11":"first","12":"instock","13":"sale","14":"shipping-taxable","15":"purchasable","16":"product-type-simple"},"yoast_head":"<!-- This site is optimized with the Yoast SEO plugin v27.1.1 - https:\/\/yoast.com\/product\/yoast-seo-wordpress\/ -->\n<title>Th\u1ee9c \u0102n H\u1ea1t \u0110i\u1ec1u Tr\u1ecb B\u1ec7nh Cho Ch\u00f3 \u00cdt B\u00e9o Royal Canin Gastrointestinal Low Fat 1.5kg - thucung123<\/title>\n<meta name=\"description\" content=\"Th\u1ee9c \u0102n H\u1ea1t \u0110i\u1ec1u Tr\u1ecb B\u1ec7nh Cho Ch\u00f3 \u00cdt B\u00e9o Royal Canin Gastrointestinal Low Fat 1.5kg\" \/>\n<meta name=\"robots\" content=\"index, follow, max-snippet:-1, max-image-preview:large, max-video-preview:-1\" \/>\n<link rel=\"canonical\" href=\"https:\/\/beoshop.azdigi.shop\/index.php\/san-pham\/thuc-an-hat-dieu-tri-benh-cho-cho-it-beo-royal-canin-gastrointestinal-low-fat-1-5kg\/\" \/>\n<meta property=\"og:locale\" content=\"vi_VN\" \/>\n<meta property=\"og:type\" content=\"article\" \/>\n<meta property=\"og:title\" content=\"Th\u1ee9c \u0102n H\u1ea1t \u0110i\u1ec1u Tr\u1ecb B\u1ec7nh Cho Ch\u00f3 \u00cdt B\u00e9o Royal Canin Gastrointestinal Low Fat 1.5kg - thucung123\" \/>\n<meta property=\"og:description\" content=\"Th\u1ee9c \u0102n H\u1ea1t \u0110i\u1ec1u Tr\u1ecb B\u1ec7nh Cho Ch\u00f3 \u00cdt B\u00e9o Royal Canin Gastrointestinal Low Fat 1.5kg\" \/>\n<meta property=\"og:url\" content=\"https:\/\/beoshop.azdigi.shop\/index.php\/san-pham\/thuc-an-hat-dieu-tri-benh-cho-cho-it-beo-royal-canin-gastrointestinal-low-fat-1-5kg\/\" \/>\n<meta property=\"og:site_name\" content=\"thucung123\" \/>\n<meta property=\"article:modified_time\" content=\"2026-04-19T05:59:24+00:00\" \/>\n<meta property=\"og:image\" content=\"https:\/\/beoshop.azdigi.shop\/wp-content\/uploads\/2026\/04\/hat_ho_tro_tieu_hoa_cho_cho.webp\" \/>\n\t<meta property=\"og:image:width\" content=\"800\" \/>\n\t<meta property=\"og:image:height\" content=\"800\" \/>\n\t<meta property=\"og:image:type\" content=\"image\/webp\" \/>\n<meta name=\"twitter:card\" content=\"summary_large_image\" \/>\n<meta name=\"twitter:label1\" content=\"\u01af\u1edbc t\u00ednh th\u1eddi gian \u0111\u1ecdc\" \/>\n\t<meta name=\"twitter:data1\" content=\"3 ph\u00fat\" \/>\n<script type=\"application\/ld+json\" class=\"yoast-schema-graph\">{\"@context\":\"https:\/\/schema.org\",\"@graph\":[{\"@type\":\"WebPage\",\"@id\":\"https:\/\/beoshop.azdigi.shop\/index.php\/san-pham\/thuc-an-hat-dieu-tri-benh-cho-cho-it-beo-royal-canin-gastrointestinal-low-fat-1-5kg\/\",\"url\":\"https:\/\/beoshop.azdigi.shop\/index.php\/san-pham\/thuc-an-hat-dieu-tri-benh-cho-cho-it-beo-royal-canin-gastrointestinal-low-fat-1-5kg\/\",\"name\":\"Th\u1ee9c \u0102n H\u1ea1t \u0110i\u1ec1u Tr\u1ecb B\u1ec7nh Cho Ch\u00f3 \u00cdt B\u00e9o Royal Canin Gastrointestinal Low Fat 1.5kg - thucung123\",\"isPartOf\":{\"@id\":\"https:\/\/beoshop.azdigi.shop\/#website\"},\"primaryImageOfPage\":{\"@id\":\"https:\/\/beoshop.azdigi.shop\/index.php\/san-pham\/thuc-an-hat-dieu-tri-benh-cho-cho-it-beo-royal-canin-gastrointestinal-low-fat-1-5kg\/#primaryimage\"},\"image\":{\"@id\":\"https:\/\/beoshop.azdigi.shop\/index.php\/san-pham\/thuc-an-hat-dieu-tri-benh-cho-cho-it-beo-royal-canin-gastrointestinal-low-fat-1-5kg\/#primaryimage\"},\"thumbnailUrl\":\"https:\/\/beoshop.azdigi.shop\/wp-content\/uploads\/2026\/04\/hat_ho_tro_tieu_hoa_cho_cho.webp\",\"datePublished\":\"2026-04-17T09:03:42+00:00\",\"dateModified\":\"2026-04-19T05:59:24+00:00\",\"description\":\"Th\u1ee9c \u0102n H\u1ea1t \u0110i\u1ec1u Tr\u1ecb B\u1ec7nh Cho Ch\u00f3 \u00cdt B\u00e9o Royal Canin Gastrointestinal Low Fat 1.5kg\",\"breadcrumb\":{\"@id\":\"https:\/\/beoshop.azdigi.shop\/index.php\/san-pham\/thuc-an-hat-dieu-tri-benh-cho-cho-it-beo-royal-canin-gastrointestinal-low-fat-1-5kg\/#breadcrumb\"},\"inLanguage\":\"vi\",\"potentialAction\":[{\"@type\":\"ReadAction\",\"target\":[\"https:\/\/beoshop.azdigi.shop\/index.php\/san-pham\/thuc-an-hat-dieu-tri-benh-cho-cho-it-beo-royal-canin-gastrointestinal-low-fat-1-5kg\/\"]}]},{\"@type\":\"ImageObject\",\"inLanguage\":\"vi\",\"@id\":\"https:\/\/beoshop.azdigi.shop\/index.php\/san-pham\/thuc-an-hat-dieu-tri-benh-cho-cho-it-beo-royal-canin-gastrointestinal-low-fat-1-5kg\/#primaryimage\",\"url\":\"https:\/\/beoshop.azdigi.shop\/wp-content\/uploads\/2026\/04\/hat_ho_tro_tieu_hoa_cho_cho.webp\",\"contentUrl\":\"https:\/\/beoshop.azdigi.shop\/wp-content\/uploads\/2026\/04\/hat_ho_tro_tieu_hoa_cho_cho.webp\",\"width\":800,\"height\":800},{\"@type\":\"BreadcrumbList\",\"@id\":\"https:\/\/beoshop.azdigi.shop\/index.php\/san-pham\/thuc-an-hat-dieu-tri-benh-cho-cho-it-beo-royal-canin-gastrointestinal-low-fat-1-5kg\/#breadcrumb\",\"itemListElement\":[{\"@type\":\"ListItem\",\"position\":1,\"name\":\"Trang ch\u1ee7\",\"item\":\"https:\/\/beoshop.azdigi.shop\/\"},{\"@type\":\"ListItem\",\"position\":2,\"name\":\"S\u1ea3n ph\u1ea9m\",\"item\":\"https:\/\/beoshop.azdigi.shop\/index.php\/cua-hang__trashed\/\"},{\"@type\":\"ListItem\",\"position\":3,\"name\":\"Th\u1ee9c \u0102n H\u1ea1t \u0110i\u1ec1u Tr\u1ecb B\u1ec7nh Cho Ch\u00f3 \u00cdt B\u00e9o Royal Canin Gastrointestinal Low Fat 1.5kg\"}]},{\"@type\":\"WebSite\",\"@id\":\"https:\/\/beoshop.azdigi.shop\/#website\",\"url\":\"https:\/\/beoshop.azdigi.shop\/\",\"name\":\"thucung123\",\"description\":\"\",\"publisher\":{\"@id\":\"https:\/\/beoshop.azdigi.shop\/#organization\"},\"potentialAction\":[{\"@type\":\"SearchAction\",\"target\":{\"@type\":\"EntryPoint\",\"urlTemplate\":\"https:\/\/beoshop.azdigi.shop\/?s={search_term_string}\"},\"query-input\":{\"@type\":\"PropertyValueSpecification\",\"valueRequired\":true,\"valueName\":\"search_term_string\"}}],\"inLanguage\":\"vi\"},{\"@type\":\"Organization\",\"@id\":\"https:\/\/beoshop.azdigi.shop\/#organization\",\"name\":\"thucung123\",\"url\":\"https:\/\/beoshop.azdigi.shop\/\",\"logo\":{\"@type\":\"ImageObject\",\"inLanguage\":\"vi\",\"@id\":\"https:\/\/beoshop.azdigi.shop\/#\/schema\/logo\/image\/\",\"url\":\"https:\/\/beoshop.azdigi.shop\/wp-content\/uploads\/2026\/03\/Black-and-White-Simple-Cat-Pet-Accessories-Logo.png\",\"contentUrl\":\"https:\/\/beoshop.azdigi.shop\/wp-content\/uploads\/2026\/03\/Black-and-White-Simple-Cat-Pet-Accessories-Logo.png\",\"width\":2000,\"height\":2000,\"caption\":\"thucung123\"},\"image\":{\"@id\":\"https:\/\/beoshop.azdigi.shop\/#\/schema\/logo\/image\/\"}}]}<\/script>\n<!-- \/ Yoast SEO plugin. -->","yoast_head_json":{"title":"Th\u1ee9c \u0102n H\u1ea1t \u0110i\u1ec1u Tr\u1ecb B\u1ec7nh Cho Ch\u00f3 \u00cdt B\u00e9o Royal Canin Gastrointestinal Low Fat 1.5kg - thucung123","description":"Th\u1ee9c \u0102n H\u1ea1t \u0110i\u1ec1u Tr\u1ecb B\u1ec7nh Cho Ch\u00f3 \u00cdt B\u00e9o Royal Canin Gastrointestinal Low Fat 1.5kg","robots":{"index":"index","follow":"follow","max-snippet":"max-snippet:-1","max-image-preview":"max-image-preview:large","max-video-preview":"max-video-preview:-1"},"canonical":"https:\/\/beoshop.azdigi.shop\/index.php\/san-pham\/thuc-an-hat-dieu-tri-benh-cho-cho-it-beo-royal-canin-gastrointestinal-low-fat-1-5kg\/","og_locale":"vi_VN","og_type":"article","og_title":"Th\u1ee9c \u0102n H\u1ea1t \u0110i\u1ec1u Tr\u1ecb B\u1ec7nh Cho Ch\u00f3 \u00cdt B\u00e9o Royal Canin Gastrointestinal Low Fat 1.5kg - thucung123","og_description":"Th\u1ee9c \u0102n H\u1ea1t \u0110i\u1ec1u Tr\u1ecb B\u1ec7nh Cho Ch\u00f3 \u00cdt B\u00e9o Royal Canin Gastrointestinal Low Fat 1.5kg","og_url":"https:\/\/beoshop.azdigi.shop\/index.php\/san-pham\/thuc-an-hat-dieu-tri-benh-cho-cho-it-beo-royal-canin-gastrointestinal-low-fat-1-5kg\/","og_site_name":"thucung123","article_modified_time":"2026-04-19T05:59:24+00:00","og_image":[{"width":800,"height":800,"url":"https:\/\/beoshop.azdigi.shop\/wp-content\/uploads\/2026\/04\/hat_ho_tro_tieu_hoa_cho_cho.webp","type":"image\/webp"}],"twitter_card":"summary_large_image","twitter_misc":{"\u01af\u1edbc t\u00ednh th\u1eddi gian \u0111\u1ecdc":"3 ph\u00fat"},"schema":{"@context":"https:\/\/schema.org","@graph":[{"@type":"WebPage","@id":"https:\/\/beoshop.azdigi.shop\/index.php\/san-pham\/thuc-an-hat-dieu-tri-benh-cho-cho-it-beo-royal-canin-gastrointestinal-low-fat-1-5kg\/","url":"https:\/\/beoshop.azdigi.shop\/index.php\/san-pham\/thuc-an-hat-dieu-tri-benh-cho-cho-it-beo-royal-canin-gastrointestinal-low-fat-1-5kg\/","name":"Th\u1ee9c \u0102n H\u1ea1t \u0110i\u1ec1u Tr\u1ecb B\u1ec7nh Cho Ch\u00f3 \u00cdt B\u00e9o Royal Canin Gastrointestinal Low Fat 1.5kg - thucung123","isPartOf":{"@id":"https:\/\/beoshop.azdigi.shop\/#website"},"primaryImageOfPage":{"@id":"https:\/\/beoshop.azdigi.shop\/index.php\/san-pham\/thuc-an-hat-dieu-tri-benh-cho-cho-it-beo-royal-canin-gastrointestinal-low-fat-1-5kg\/#primaryimage"},"image":{"@id":"https:\/\/beoshop.azdigi.shop\/index.php\/san-pham\/thuc-an-hat-dieu-tri-benh-cho-cho-it-beo-royal-canin-gastrointestinal-low-fat-1-5kg\/#primaryimage"},"thumbnailUrl":"https:\/\/beoshop.azdigi.shop\/wp-content\/uploads\/2026\/04\/hat_ho_tro_tieu_hoa_cho_cho.webp","datePublished":"2026-04-17T09:03:42+00:00","dateModified":"2026-04-19T05:59:24+00:00","description":"Th\u1ee9c \u0102n H\u1ea1t \u0110i\u1ec1u Tr\u1ecb B\u1ec7nh Cho Ch\u00f3 \u00cdt B\u00e9o Royal Canin Gastrointestinal Low Fat 1.5kg","breadcrumb":{"@id":"https:\/\/beoshop.azdigi.shop\/index.php\/san-pham\/thuc-an-hat-dieu-tri-benh-cho-cho-it-beo-royal-canin-gastrointestinal-low-fat-1-5kg\/#breadcrumb"},"inLanguage":"vi","potentialAction":[{"@type":"ReadAction","target":["https:\/\/beoshop.azdigi.shop\/index.php\/san-pham\/thuc-an-hat-dieu-tri-benh-cho-cho-it-beo-royal-canin-gastrointestinal-low-fat-1-5kg\/"]}]},{"@type":"ImageObject","inLanguage":"vi","@id":"https:\/\/beoshop.azdigi.shop\/index.php\/san-pham\/thuc-an-hat-dieu-tri-benh-cho-cho-it-beo-royal-canin-gastrointestinal-low-fat-1-5kg\/#primaryimage","url":"https:\/\/beoshop.azdigi.shop\/wp-content\/uploads\/2026\/04\/hat_ho_tro_tieu_hoa_cho_cho.webp","contentUrl":"https:\/\/beoshop.azdigi.shop\/wp-content\/uploads\/2026\/04\/hat_ho_tro_tieu_hoa_cho_cho.webp","width":800,"height":800},{"@type":"BreadcrumbList","@id":"https:\/\/beoshop.azdigi.shop\/index.php\/san-pham\/thuc-an-hat-dieu-tri-benh-cho-cho-it-beo-royal-canin-gastrointestinal-low-fat-1-5kg\/#breadcrumb","itemListElement":[{"@type":"ListItem","position":1,"name":"Trang ch\u1ee7","item":"https:\/\/beoshop.azdigi.shop\/"},{"@type":"ListItem","position":2,"name":"S\u1ea3n ph\u1ea9m","item":"https:\/\/beoshop.azdigi.shop\/index.php\/cua-hang__trashed\/"},{"@type":"ListItem","position":3,"name":"Th\u1ee9c \u0102n H\u1ea1t \u0110i\u1ec1u Tr\u1ecb B\u1ec7nh Cho Ch\u00f3 \u00cdt B\u00e9o Royal Canin Gastrointestinal Low Fat 1.5kg"}]},{"@type":"WebSite","@id":"https:\/\/beoshop.azdigi.shop\/#website","url":"https:\/\/beoshop.azdigi.shop\/","name":"thucung123","description":"","publisher":{"@id":"https:\/\/beoshop.azdigi.shop\/#organization"},"potentialAction":[{"@type":"SearchAction","target":{"@type":"EntryPoint","urlTemplate":"https:\/\/beoshop.azdigi.shop\/?s={search_term_string}"},"query-input":{"@type":"PropertyValueSpecification","valueRequired":true,"valueName":"search_term_string"}}],"inLanguage":"vi"},{"@type":"Organization","@id":"https:\/\/beoshop.azdigi.shop\/#organization","name":"thucung123","url":"https:\/\/beoshop.azdigi.shop\/","logo":{"@type":"ImageObject","inLanguage":"vi","@id":"https:\/\/beoshop.azdigi.shop\/#\/schema\/logo\/image\/","url":"https:\/\/beoshop.azdigi.shop\/wp-content\/uploads\/2026\/03\/Black-and-White-Simple-Cat-Pet-Accessories-Logo.png","contentUrl":"https:\/\/beoshop.azdigi.shop\/wp-content\/uploads\/2026\/03\/Black-and-White-Simple-Cat-Pet-Accessories-Logo.png","width":2000,"height":2000,"caption":"thucung123"},"image":{"@id":"https:\/\/beoshop.azdigi.shop\/#\/schema\/logo\/image\/"}}]}},"brands":[],"_links":{"self":[{"href":"https:\/\/beoshop.azdigi.shop\/index.php\/wp-json\/wp\/v2\/product\/572","targetHints":{"allow":["GET"]}}],"collection":[{"href":"https:\/\/beoshop.azdigi.shop\/index.php\/wp-json\/wp\/v2\/product"}],"about":[{"href":"https:\/\/beoshop.azdigi.shop\/index.php\/wp-json\/wp\/v2\/types\/product"}],"replies":[{"embeddable":true,"href":"https:\/\/beoshop.azdigi.shop\/index.php\/wp-json\/wp\/v2\/comments?post=572"}],"wp:featuredmedia":[{"embeddable":true,"href":"https:\/\/beoshop.azdigi.shop\/index.php\/wp-json\/wp\/v2\/media\/573"}],"wp:attachment":[{"href":"https:\/\/beoshop.azdigi.shop\/index.php\/wp-json\/wp\/v2\/media?parent=572"}],"wp:term":[{"taxonomy":"pwb-brand","embeddable":true,"href":"https:\/\/beoshop.azdigi.shop\/index.php\/wp-json\/wp\/v2\/pwb-brand?post=572"},{"taxonomy":"product_brand","embeddable":true,"href":"https:\/\/beoshop.azdigi.shop\/index.php\/wp-json\/wp\/v2\/product_brand?post=572"},{"taxonomy":"product_cat","embeddable":true,"href":"https:\/\/beoshop.azdigi.shop\/index.php\/wp-json\/wp\/v2\/product_cat?post=572"},{"taxonomy":"product_tag","embeddable":true,"href":"https:\/\/beoshop.azdigi.shop\/index.php\/wp-json\/wp\/v2\/product_tag?post=572"}],"curies":[{"name":"wp","href":"https:\/\/api.w.org\/{rel}","templated":true}]}}