{"id":588,"date":"2026-04-17T09:29:13","date_gmt":"2026-04-17T09:29:13","guid":{"rendered":"https:\/\/beoshop.azdigi.shop\/?post_type=product&#038;p=588"},"modified":"2026-04-17T09:29:13","modified_gmt":"2026-04-17T09:29:13","slug":"banh-thuong-cho-cho-que-gam-doggyman-120g","status":"publish","type":"product","link":"https:\/\/beoshop.azdigi.shop\/index.php\/san-pham\/banh-thuong-cho-cho-que-gam-doggyman-120g\/","title":{"rendered":"B\u00e1nh Th\u01b0\u1edfng Cho Ch\u00f3 Que G\u1eb7m DoggyMan 120g"},"content":{"rendered":"<p style=\"text-align: left;\"><strong>Que G\u1eb7m Ph\u00f4 Mai DoggyMan Snack Cho Ch\u00f3 (120g)<\/strong><\/p>\n<p>\u0110\u1eb7c \u0111i\u1ec3m n\u1ed5i b\u1eadt<br \/>\nH\u01b0\u01a1ng v\u1ecb ph\u00f4 mai h\u1ea5p d\u1eabn ch\u00f3 c\u01b0ng<br \/>\nS\u1ea3n ph\u1ea9m c\u00f3 ngu\u1ed3n g\u1ed1c t\u1eeb th\u1ef1c v\u1eadt gi\u00fap th\u00fa c\u01b0ng d\u1ec5 ti\u00eau h\u00f3a.<br \/>\nGi\u00e1 tr\u1ecb dinh d\u01b0\u1ee1ng cao.<br \/>\nPh\u00f9 h\u1ee3p v\u1edbi d\u1ea1ng ch\u00f3 c\u00f3 k\u00edch th\u01b0\u1edbc nh\u1ecf, ch\u00f3 con tr\u00ean 2 th\u00e1ng v\u00e0 ch\u00f3 gi\u00e0.<\/p>\n<p>Xu\u1ea5t x\u1ee9: Vi\u1ec7t Nam<\/p>\n<p>Li\u1ec1u l\u01b0\u1ee3ng s\u1eed d\u1ee5ng:<br \/>\n&#8211; Ch\u00f3 d\u01b0\u1edbi 5kg: 1-6 c\u00e2y\/ng\u00e0y<br \/>\n&#8211; Ch\u00f3 tr\u00ean 5kg: 6-12 c\u00e2y\/ ng\u00e0y<\/p>\n<p>L\u01b0u \u00fd:<br \/>\n&#8211; Kh\u00f4ng s\u1eed cho ch\u00f3 d\u01b0\u1edbi 2 th\u00e1ng tu\u1ed5i.<br \/>\n&#8211; Kh\u00f4ng d\u00f9ng thay th\u1ebf th\u1ee9c \u0103n h\u1eb1ng ng\u00e0y.<br \/>\n&#8211; B\u1ea3o qu\u1ea3n ng\u0103n m\u00e1t sau khi m\u1edf bao b\u00ec<\/p>\n","protected":false},"excerpt":{"rendered":"<p>Que G\u1eb7m Ph\u00f4 Mai DoggyMan Snack Cho Ch\u00f3 (120g) \u0110\u1eb7c \u0111i\u1ec3m n\u1ed5i b\u1eadt H\u01b0\u01a1ng v\u1ecb ph\u00f4 mai h\u1ea5p d\u1eabn ch\u00f3 c\u01b0ng S\u1ea3n ph\u1ea9m c\u00f3 ngu\u1ed3n g\u1ed1c t\u1eeb th\u1ef1c v\u1eadt gi\u00fap th\u00fa c\u01b0ng d\u1ec5 ti\u00eau h\u00f3a. Gi\u00e1 tr\u1ecb dinh d\u01b0\u1ee1ng cao. Ph\u00f9 h\u1ee3p v\u1edbi d\u1ea1ng ch\u00f3 c\u00f3 k\u00edch th\u01b0\u1edbc nh\u1ecf, ch\u00f3 con tr\u00ean 2 th\u00e1ng v\u00e0 [&#8230;]\n","protected":false},"featured_media":591,"comment_status":"open","ping_status":"closed","template":"","meta":[],"pwb-brand":[],"product_brand":[],"product_cat":[26,27,28,18],"product_tag":[],"class_list":{"0":"post-588","1":"product","2":"type-product","3":"status-publish","4":"has-post-thumbnail","6":"product_cat-banh-thuong","7":"product_cat-banh-thuong-cho-cho","8":"product_cat-cho","9":"product_cat-thuc-an-cho-cho","11":"first","12":"instock","13":"sale","14":"shipping-taxable","15":"purchasable","16":"product-type-variable"},"yoast_head":"<!-- This site is optimized with the Yoast SEO plugin v27.1.1 - https:\/\/yoast.com\/product\/yoast-seo-wordpress\/ -->\n<title>B\u00e1nh Th\u01b0\u1edfng Cho Ch\u00f3 Que G\u1eb7m DoggyMan 120g - thucung123<\/title>\n<meta name=\"description\" content=\"B\u00e1nh Th\u01b0\u1edfng Cho Ch\u00f3 Que G\u1eb7m DoggyMan 120g\" \/>\n<meta name=\"robots\" content=\"index, follow, max-snippet:-1, max-image-preview:large, max-video-preview:-1\" \/>\n<link rel=\"canonical\" href=\"https:\/\/beoshop.azdigi.shop\/index.php\/san-pham\/banh-thuong-cho-cho-que-gam-doggyman-120g\/\" \/>\n<meta property=\"og:locale\" content=\"vi_VN\" \/>\n<meta property=\"og:type\" content=\"article\" \/>\n<meta property=\"og:title\" content=\"B\u00e1nh Th\u01b0\u1edfng Cho Ch\u00f3 Que G\u1eb7m DoggyMan 120g - thucung123\" \/>\n<meta property=\"og:description\" content=\"B\u00e1nh Th\u01b0\u1edfng Cho Ch\u00f3 Que G\u1eb7m DoggyMan 120g\" \/>\n<meta property=\"og:url\" content=\"https:\/\/beoshop.azdigi.shop\/index.php\/san-pham\/banh-thuong-cho-cho-que-gam-doggyman-120g\/\" \/>\n<meta property=\"og:site_name\" content=\"thucung123\" \/>\n<meta property=\"og:image\" content=\"https:\/\/beoshop.azdigi.shop\/wp-content\/uploads\/2026\/04\/snack-cho-cho-que-gam-doggyman-120g.webp\" \/>\n\t<meta property=\"og:image:width\" content=\"800\" \/>\n\t<meta property=\"og:image:height\" content=\"800\" \/>\n\t<meta property=\"og:image:type\" content=\"image\/webp\" \/>\n<meta name=\"twitter:card\" content=\"summary_large_image\" \/>\n<meta name=\"twitter:label1\" content=\"\u01af\u1edbc t\u00ednh th\u1eddi gian \u0111\u1ecdc\" \/>\n\t<meta name=\"twitter:data1\" content=\"1 ph\u00fat\" \/>\n<script type=\"application\/ld+json\" class=\"yoast-schema-graph\">{\"@context\":\"https:\/\/schema.org\",\"@graph\":[{\"@type\":\"WebPage\",\"@id\":\"https:\/\/beoshop.azdigi.shop\/index.php\/san-pham\/banh-thuong-cho-cho-que-gam-doggyman-120g\/\",\"url\":\"https:\/\/beoshop.azdigi.shop\/index.php\/san-pham\/banh-thuong-cho-cho-que-gam-doggyman-120g\/\",\"name\":\"B\u00e1nh Th\u01b0\u1edfng Cho Ch\u00f3 Que G\u1eb7m DoggyMan 120g - thucung123\",\"isPartOf\":{\"@id\":\"https:\/\/beoshop.azdigi.shop\/#website\"},\"primaryImageOfPage\":{\"@id\":\"https:\/\/beoshop.azdigi.shop\/index.php\/san-pham\/banh-thuong-cho-cho-que-gam-doggyman-120g\/#primaryimage\"},\"image\":{\"@id\":\"https:\/\/beoshop.azdigi.shop\/index.php\/san-pham\/banh-thuong-cho-cho-que-gam-doggyman-120g\/#primaryimage\"},\"thumbnailUrl\":\"https:\/\/beoshop.azdigi.shop\/wp-content\/uploads\/2026\/04\/snack-cho-cho-que-gam-doggyman-120g.webp\",\"datePublished\":\"2026-04-17T09:29:13+00:00\",\"description\":\"B\u00e1nh Th\u01b0\u1edfng Cho Ch\u00f3 Que G\u1eb7m DoggyMan 120g\",\"breadcrumb\":{\"@id\":\"https:\/\/beoshop.azdigi.shop\/index.php\/san-pham\/banh-thuong-cho-cho-que-gam-doggyman-120g\/#breadcrumb\"},\"inLanguage\":\"vi\",\"potentialAction\":[{\"@type\":\"ReadAction\",\"target\":[\"https:\/\/beoshop.azdigi.shop\/index.php\/san-pham\/banh-thuong-cho-cho-que-gam-doggyman-120g\/\"]}]},{\"@type\":\"ImageObject\",\"inLanguage\":\"vi\",\"@id\":\"https:\/\/beoshop.azdigi.shop\/index.php\/san-pham\/banh-thuong-cho-cho-que-gam-doggyman-120g\/#primaryimage\",\"url\":\"https:\/\/beoshop.azdigi.shop\/wp-content\/uploads\/2026\/04\/snack-cho-cho-que-gam-doggyman-120g.webp\",\"contentUrl\":\"https:\/\/beoshop.azdigi.shop\/wp-content\/uploads\/2026\/04\/snack-cho-cho-que-gam-doggyman-120g.webp\",\"width\":800,\"height\":800},{\"@type\":\"BreadcrumbList\",\"@id\":\"https:\/\/beoshop.azdigi.shop\/index.php\/san-pham\/banh-thuong-cho-cho-que-gam-doggyman-120g\/#breadcrumb\",\"itemListElement\":[{\"@type\":\"ListItem\",\"position\":1,\"name\":\"Trang ch\u1ee7\",\"item\":\"https:\/\/beoshop.azdigi.shop\/\"},{\"@type\":\"ListItem\",\"position\":2,\"name\":\"S\u1ea3n ph\u1ea9m\",\"item\":\"https:\/\/beoshop.azdigi.shop\/index.php\/cua-hang__trashed\/\"},{\"@type\":\"ListItem\",\"position\":3,\"name\":\"B\u00e1nh Th\u01b0\u1edfng Cho Ch\u00f3 Que G\u1eb7m DoggyMan 120g\"}]},{\"@type\":\"WebSite\",\"@id\":\"https:\/\/beoshop.azdigi.shop\/#website\",\"url\":\"https:\/\/beoshop.azdigi.shop\/\",\"name\":\"thucung123\",\"description\":\"\",\"publisher\":{\"@id\":\"https:\/\/beoshop.azdigi.shop\/#organization\"},\"potentialAction\":[{\"@type\":\"SearchAction\",\"target\":{\"@type\":\"EntryPoint\",\"urlTemplate\":\"https:\/\/beoshop.azdigi.shop\/?s={search_term_string}\"},\"query-input\":{\"@type\":\"PropertyValueSpecification\",\"valueRequired\":true,\"valueName\":\"search_term_string\"}}],\"inLanguage\":\"vi\"},{\"@type\":\"Organization\",\"@id\":\"https:\/\/beoshop.azdigi.shop\/#organization\",\"name\":\"thucung123\",\"url\":\"https:\/\/beoshop.azdigi.shop\/\",\"logo\":{\"@type\":\"ImageObject\",\"inLanguage\":\"vi\",\"@id\":\"https:\/\/beoshop.azdigi.shop\/#\/schema\/logo\/image\/\",\"url\":\"https:\/\/beoshop.azdigi.shop\/wp-content\/uploads\/2026\/03\/Black-and-White-Simple-Cat-Pet-Accessories-Logo.png\",\"contentUrl\":\"https:\/\/beoshop.azdigi.shop\/wp-content\/uploads\/2026\/03\/Black-and-White-Simple-Cat-Pet-Accessories-Logo.png\",\"width\":2000,\"height\":2000,\"caption\":\"thucung123\"},\"image\":{\"@id\":\"https:\/\/beoshop.azdigi.shop\/#\/schema\/logo\/image\/\"}}]}<\/script>\n<!-- \/ Yoast SEO plugin. -->","yoast_head_json":{"title":"B\u00e1nh Th\u01b0\u1edfng Cho Ch\u00f3 Que G\u1eb7m DoggyMan 120g - thucung123","description":"B\u00e1nh Th\u01b0\u1edfng Cho Ch\u00f3 Que G\u1eb7m DoggyMan 120g","robots":{"index":"index","follow":"follow","max-snippet":"max-snippet:-1","max-image-preview":"max-image-preview:large","max-video-preview":"max-video-preview:-1"},"canonical":"https:\/\/beoshop.azdigi.shop\/index.php\/san-pham\/banh-thuong-cho-cho-que-gam-doggyman-120g\/","og_locale":"vi_VN","og_type":"article","og_title":"B\u00e1nh Th\u01b0\u1edfng Cho Ch\u00f3 Que G\u1eb7m DoggyMan 120g - thucung123","og_description":"B\u00e1nh Th\u01b0\u1edfng Cho Ch\u00f3 Que G\u1eb7m DoggyMan 120g","og_url":"https:\/\/beoshop.azdigi.shop\/index.php\/san-pham\/banh-thuong-cho-cho-que-gam-doggyman-120g\/","og_site_name":"thucung123","og_image":[{"width":800,"height":800,"url":"https:\/\/beoshop.azdigi.shop\/wp-content\/uploads\/2026\/04\/snack-cho-cho-que-gam-doggyman-120g.webp","type":"image\/webp"}],"twitter_card":"summary_large_image","twitter_misc":{"\u01af\u1edbc t\u00ednh th\u1eddi gian \u0111\u1ecdc":"1 ph\u00fat"},"schema":{"@context":"https:\/\/schema.org","@graph":[{"@type":"WebPage","@id":"https:\/\/beoshop.azdigi.shop\/index.php\/san-pham\/banh-thuong-cho-cho-que-gam-doggyman-120g\/","url":"https:\/\/beoshop.azdigi.shop\/index.php\/san-pham\/banh-thuong-cho-cho-que-gam-doggyman-120g\/","name":"B\u00e1nh Th\u01b0\u1edfng Cho Ch\u00f3 Que G\u1eb7m DoggyMan 120g - thucung123","isPartOf":{"@id":"https:\/\/beoshop.azdigi.shop\/#website"},"primaryImageOfPage":{"@id":"https:\/\/beoshop.azdigi.shop\/index.php\/san-pham\/banh-thuong-cho-cho-que-gam-doggyman-120g\/#primaryimage"},"image":{"@id":"https:\/\/beoshop.azdigi.shop\/index.php\/san-pham\/banh-thuong-cho-cho-que-gam-doggyman-120g\/#primaryimage"},"thumbnailUrl":"https:\/\/beoshop.azdigi.shop\/wp-content\/uploads\/2026\/04\/snack-cho-cho-que-gam-doggyman-120g.webp","datePublished":"2026-04-17T09:29:13+00:00","description":"B\u00e1nh Th\u01b0\u1edfng Cho Ch\u00f3 Que G\u1eb7m DoggyMan 120g","breadcrumb":{"@id":"https:\/\/beoshop.azdigi.shop\/index.php\/san-pham\/banh-thuong-cho-cho-que-gam-doggyman-120g\/#breadcrumb"},"inLanguage":"vi","potentialAction":[{"@type":"ReadAction","target":["https:\/\/beoshop.azdigi.shop\/index.php\/san-pham\/banh-thuong-cho-cho-que-gam-doggyman-120g\/"]}]},{"@type":"ImageObject","inLanguage":"vi","@id":"https:\/\/beoshop.azdigi.shop\/index.php\/san-pham\/banh-thuong-cho-cho-que-gam-doggyman-120g\/#primaryimage","url":"https:\/\/beoshop.azdigi.shop\/wp-content\/uploads\/2026\/04\/snack-cho-cho-que-gam-doggyman-120g.webp","contentUrl":"https:\/\/beoshop.azdigi.shop\/wp-content\/uploads\/2026\/04\/snack-cho-cho-que-gam-doggyman-120g.webp","width":800,"height":800},{"@type":"BreadcrumbList","@id":"https:\/\/beoshop.azdigi.shop\/index.php\/san-pham\/banh-thuong-cho-cho-que-gam-doggyman-120g\/#breadcrumb","itemListElement":[{"@type":"ListItem","position":1,"name":"Trang ch\u1ee7","item":"https:\/\/beoshop.azdigi.shop\/"},{"@type":"ListItem","position":2,"name":"S\u1ea3n ph\u1ea9m","item":"https:\/\/beoshop.azdigi.shop\/index.php\/cua-hang__trashed\/"},{"@type":"ListItem","position":3,"name":"B\u00e1nh Th\u01b0\u1edfng Cho Ch\u00f3 Que G\u1eb7m DoggyMan 120g"}]},{"@type":"WebSite","@id":"https:\/\/beoshop.azdigi.shop\/#website","url":"https:\/\/beoshop.azdigi.shop\/","name":"thucung123","description":"","publisher":{"@id":"https:\/\/beoshop.azdigi.shop\/#organization"},"potentialAction":[{"@type":"SearchAction","target":{"@type":"EntryPoint","urlTemplate":"https:\/\/beoshop.azdigi.shop\/?s={search_term_string}"},"query-input":{"@type":"PropertyValueSpecification","valueRequired":true,"valueName":"search_term_string"}}],"inLanguage":"vi"},{"@type":"Organization","@id":"https:\/\/beoshop.azdigi.shop\/#organization","name":"thucung123","url":"https:\/\/beoshop.azdigi.shop\/","logo":{"@type":"ImageObject","inLanguage":"vi","@id":"https:\/\/beoshop.azdigi.shop\/#\/schema\/logo\/image\/","url":"https:\/\/beoshop.azdigi.shop\/wp-content\/uploads\/2026\/03\/Black-and-White-Simple-Cat-Pet-Accessories-Logo.png","contentUrl":"https:\/\/beoshop.azdigi.shop\/wp-content\/uploads\/2026\/03\/Black-and-White-Simple-Cat-Pet-Accessories-Logo.png","width":2000,"height":2000,"caption":"thucung123"},"image":{"@id":"https:\/\/beoshop.azdigi.shop\/#\/schema\/logo\/image\/"}}]}},"brands":[],"_links":{"self":[{"href":"https:\/\/beoshop.azdigi.shop\/index.php\/wp-json\/wp\/v2\/product\/588","targetHints":{"allow":["GET"]}}],"collection":[{"href":"https:\/\/beoshop.azdigi.shop\/index.php\/wp-json\/wp\/v2\/product"}],"about":[{"href":"https:\/\/beoshop.azdigi.shop\/index.php\/wp-json\/wp\/v2\/types\/product"}],"replies":[{"embeddable":true,"href":"https:\/\/beoshop.azdigi.shop\/index.php\/wp-json\/wp\/v2\/comments?post=588"}],"wp:featuredmedia":[{"embeddable":true,"href":"https:\/\/beoshop.azdigi.shop\/index.php\/wp-json\/wp\/v2\/media\/591"}],"wp:attachment":[{"href":"https:\/\/beoshop.azdigi.shop\/index.php\/wp-json\/wp\/v2\/media?parent=588"}],"wp:term":[{"taxonomy":"pwb-brand","embeddable":true,"href":"https:\/\/beoshop.azdigi.shop\/index.php\/wp-json\/wp\/v2\/pwb-brand?post=588"},{"taxonomy":"product_brand","embeddable":true,"href":"https:\/\/beoshop.azdigi.shop\/index.php\/wp-json\/wp\/v2\/product_brand?post=588"},{"taxonomy":"product_cat","embeddable":true,"href":"https:\/\/beoshop.azdigi.shop\/index.php\/wp-json\/wp\/v2\/product_cat?post=588"},{"taxonomy":"product_tag","embeddable":true,"href":"https:\/\/beoshop.azdigi.shop\/index.php\/wp-json\/wp\/v2\/product_tag?post=588"}],"curies":[{"name":"wp","href":"https:\/\/api.w.org\/{rel}","templated":true}]}}