{"id":594,"date":"2026-04-17T09:42:50","date_gmt":"2026-04-17T09:42:50","guid":{"rendered":"https:\/\/beoshop.azdigi.shop\/?post_type=product&#038;p=594"},"modified":"2026-04-17T09:55:49","modified_gmt":"2026-04-17T09:55:49","slug":"banh-thuong-cho-cho-banh-quy-doggyman","status":"publish","type":"product","link":"https:\/\/beoshop.azdigi.shop\/index.php\/san-pham\/banh-thuong-cho-cho-banh-quy-doggyman\/","title":{"rendered":"B\u00e1nh Th\u01b0\u1edfng Cho Ch\u00f3 B\u00e1nh Quy DoggyMan"},"content":{"rendered":"<h1 style=\"text-align: center;\"><strong>B\u00e1nh Quy DoggyMan Snack Cho Ch\u00f3 &#8211; Kh\u00f4ng ch\u1ea5t b\u1ea3o qu\u1ea3n<\/strong><\/h1>\n<p>B\u00e1nh quy dinh d\u01b0\u1ee1ng, c\u00f3 \u0111\u1ed9 c\u1ee9ng ph\u00f9 h\u1ee3p cho ch\u00f3 c\u01b0ng, gi\u00f2n tan khi nhai. K\u1ebft h\u1ee3p s\u1eefa, rau c\u1ee7\u00a0 (c\u00e0 r\u1ed1t, rau bina, b\u00ed \u0111\u1ecf), gan g\u00e0 cung c\u1ea5p nhi\u1ec1u vitamin v\u00e0 kho\u00e1ng ch\u1ea5t. Ngo\u00e0i ra c\u00f2n ch\u1ee9a nhi\u1ec1u l\u1ee3i khu\u1ea9n h\u1ed7 tr\u1ee3 ti\u00eau h\u00f3a.<\/p>\n<h2><strong>Th\u00e0nh ph\u1ea7n<\/strong><\/h2>\n<p>B\u1ed9t m\u00ec, \u0111\u01b0\u1eddng, tinh b\u1ed9t s\u1eafn, d\u1ea7u th\u1ef1c v\u1eadt, b\u1ed9t rau c\u1ee7 (b\u00f3 x\u00f4i, c\u00e0 r\u1ed1t, b\u00ed ng\u00f4), s\u1eefa b\u1ed9t, chi\u1ebft xu\u1ea5t rau di\u1ebfp xo\u0103n (bao g\u1ed3m ch\u1ea5t x\u01a1 th\u1ef1c v\u1eadt, \u0111\u01b0\u1eddng olig\u00f4), l\u1ee3i khu\u1ea9n (vi khu\u1ea9n lactic), ch\u1ea5t kho\u00e1ng (natri, canxi), b\u1ed9t n\u1edf, h\u01b0\u01a1ng li\u1ec7u, chi\u1ebft xu\u1ea5t yucca, m\u00e0u th\u1ef1c ph\u1ea9m (E102, E110, E133), vitamin E.<\/p>\n<h2><strong>H\u01b0\u1edbng d\u1eabn b\u1ea3o qu\u1ea3n:<\/strong><\/h2>\n<p>&#8211; Lu\u00f4n gi\u1eef s\u1ea3n ph\u1ea9m c\u00f2n l\u1ea1i trong t\u00fai ho\u1eb7c th\u00f9ng k\u00edn<\/p>\n<p>&#8211; B\u1ea3o qu\u1ea3n s\u1ea3n ph\u1ea9m \u1edf n\u01a1i kh\u00f4 r\u00e1o, tho\u00e1ng m\u00e1t, tr\u00e1nh ti\u1ebfp x\u00fac tr\u1ef1c ti\u1ebfp v\u1edbi \u00e1nh s\u00e1ng m\u1eb7t tr\u1eddi<\/p>\n","protected":false},"excerpt":{"rendered":"<p>B\u00e1nh Quy DoggyMan Snack Cho Ch\u00f3 &#8211; Kh\u00f4ng ch\u1ea5t b\u1ea3o qu\u1ea3n B\u00e1nh quy dinh d\u01b0\u1ee1ng, c\u00f3 \u0111\u1ed9 c\u1ee9ng ph\u00f9 h\u1ee3p cho ch\u00f3 c\u01b0ng, gi\u00f2n tan khi nhai. K\u1ebft h\u1ee3p s\u1eefa, rau c\u1ee7\u00a0 (c\u00e0 r\u1ed1t, rau bina, b\u00ed \u0111\u1ecf), gan g\u00e0 cung c\u1ea5p nhi\u1ec1u vitamin v\u00e0 kho\u00e1ng ch\u1ea5t. Ngo\u00e0i ra c\u00f2n ch\u1ee9a nhi\u1ec1u l\u1ee3i khu\u1ea9n h\u1ed7 [&#8230;]\n","protected":false},"featured_media":595,"comment_status":"open","ping_status":"closed","template":"","meta":[],"pwb-brand":[],"product_brand":[],"product_cat":[26,27,28,18],"product_tag":[],"class_list":{"0":"post-594","1":"product","2":"type-product","3":"status-publish","4":"has-post-thumbnail","6":"product_cat-banh-thuong","7":"product_cat-banh-thuong-cho-cho","8":"product_cat-cho","9":"product_cat-thuc-an-cho-cho","11":"first","12":"instock","13":"sale","14":"shipping-taxable","15":"purchasable","16":"product-type-variable"},"yoast_head":"<!-- This site is optimized with the Yoast SEO plugin v27.1.1 - https:\/\/yoast.com\/product\/yoast-seo-wordpress\/ -->\n<title>B\u00e1nh Th\u01b0\u1edfng Cho Ch\u00f3 B\u00e1nh Quy DoggyMan - thucung123<\/title>\n<meta name=\"description\" content=\"B\u00e1nh Quy DoggyMan Snack Cho Ch\u00f3 - Kh\u00f4ng ch\u1ea5t b\u1ea3o qu\u1ea3n\" \/>\n<meta name=\"robots\" content=\"index, follow, max-snippet:-1, max-image-preview:large, max-video-preview:-1\" \/>\n<link rel=\"canonical\" href=\"https:\/\/beoshop.azdigi.shop\/index.php\/san-pham\/banh-thuong-cho-cho-banh-quy-doggyman\/\" \/>\n<meta property=\"og:locale\" content=\"vi_VN\" \/>\n<meta property=\"og:type\" content=\"article\" \/>\n<meta property=\"og:title\" content=\"B\u00e1nh Th\u01b0\u1edfng Cho Ch\u00f3 B\u00e1nh Quy DoggyMan - thucung123\" \/>\n<meta property=\"og:description\" content=\"B\u00e1nh Quy DoggyMan Snack Cho Ch\u00f3 - Kh\u00f4ng ch\u1ea5t b\u1ea3o qu\u1ea3n\" \/>\n<meta property=\"og:url\" content=\"https:\/\/beoshop.azdigi.shop\/index.php\/san-pham\/banh-thuong-cho-cho-banh-quy-doggyman\/\" \/>\n<meta property=\"og:site_name\" content=\"thucung123\" \/>\n<meta property=\"article:modified_time\" content=\"2026-04-17T09:55:49+00:00\" \/>\n<meta property=\"og:image\" content=\"https:\/\/beoshop.azdigi.shop\/wp-content\/uploads\/2026\/04\/snack-cho-cho-banh-quy-doggyman.webp\" \/>\n\t<meta property=\"og:image:width\" content=\"800\" \/>\n\t<meta property=\"og:image:height\" content=\"800\" \/>\n\t<meta property=\"og:image:type\" content=\"image\/webp\" \/>\n<meta name=\"twitter:card\" content=\"summary_large_image\" \/>\n<meta name=\"twitter:label1\" content=\"\u01af\u1edbc t\u00ednh th\u1eddi gian \u0111\u1ecdc\" \/>\n\t<meta name=\"twitter:data1\" content=\"2 ph\u00fat\" \/>\n<script type=\"application\/ld+json\" class=\"yoast-schema-graph\">{\"@context\":\"https:\/\/schema.org\",\"@graph\":[{\"@type\":\"WebPage\",\"@id\":\"https:\/\/beoshop.azdigi.shop\/index.php\/san-pham\/banh-thuong-cho-cho-banh-quy-doggyman\/\",\"url\":\"https:\/\/beoshop.azdigi.shop\/index.php\/san-pham\/banh-thuong-cho-cho-banh-quy-doggyman\/\",\"name\":\"B\u00e1nh Th\u01b0\u1edfng Cho Ch\u00f3 B\u00e1nh Quy DoggyMan - thucung123\",\"isPartOf\":{\"@id\":\"https:\/\/beoshop.azdigi.shop\/#website\"},\"primaryImageOfPage\":{\"@id\":\"https:\/\/beoshop.azdigi.shop\/index.php\/san-pham\/banh-thuong-cho-cho-banh-quy-doggyman\/#primaryimage\"},\"image\":{\"@id\":\"https:\/\/beoshop.azdigi.shop\/index.php\/san-pham\/banh-thuong-cho-cho-banh-quy-doggyman\/#primaryimage\"},\"thumbnailUrl\":\"https:\/\/beoshop.azdigi.shop\/wp-content\/uploads\/2026\/04\/snack-cho-cho-banh-quy-doggyman.webp\",\"datePublished\":\"2026-04-17T09:42:50+00:00\",\"dateModified\":\"2026-04-17T09:55:49+00:00\",\"description\":\"B\u00e1nh Quy DoggyMan Snack Cho Ch\u00f3 - Kh\u00f4ng ch\u1ea5t b\u1ea3o qu\u1ea3n\",\"breadcrumb\":{\"@id\":\"https:\/\/beoshop.azdigi.shop\/index.php\/san-pham\/banh-thuong-cho-cho-banh-quy-doggyman\/#breadcrumb\"},\"inLanguage\":\"vi\",\"potentialAction\":[{\"@type\":\"ReadAction\",\"target\":[\"https:\/\/beoshop.azdigi.shop\/index.php\/san-pham\/banh-thuong-cho-cho-banh-quy-doggyman\/\"]}]},{\"@type\":\"ImageObject\",\"inLanguage\":\"vi\",\"@id\":\"https:\/\/beoshop.azdigi.shop\/index.php\/san-pham\/banh-thuong-cho-cho-banh-quy-doggyman\/#primaryimage\",\"url\":\"https:\/\/beoshop.azdigi.shop\/wp-content\/uploads\/2026\/04\/snack-cho-cho-banh-quy-doggyman.webp\",\"contentUrl\":\"https:\/\/beoshop.azdigi.shop\/wp-content\/uploads\/2026\/04\/snack-cho-cho-banh-quy-doggyman.webp\",\"width\":800,\"height\":800},{\"@type\":\"BreadcrumbList\",\"@id\":\"https:\/\/beoshop.azdigi.shop\/index.php\/san-pham\/banh-thuong-cho-cho-banh-quy-doggyman\/#breadcrumb\",\"itemListElement\":[{\"@type\":\"ListItem\",\"position\":1,\"name\":\"Trang ch\u1ee7\",\"item\":\"https:\/\/beoshop.azdigi.shop\/\"},{\"@type\":\"ListItem\",\"position\":2,\"name\":\"S\u1ea3n ph\u1ea9m\",\"item\":\"https:\/\/beoshop.azdigi.shop\/index.php\/cua-hang__trashed\/\"},{\"@type\":\"ListItem\",\"position\":3,\"name\":\"B\u00e1nh Th\u01b0\u1edfng Cho Ch\u00f3 B\u00e1nh Quy DoggyMan\"}]},{\"@type\":\"WebSite\",\"@id\":\"https:\/\/beoshop.azdigi.shop\/#website\",\"url\":\"https:\/\/beoshop.azdigi.shop\/\",\"name\":\"thucung123\",\"description\":\"\",\"publisher\":{\"@id\":\"https:\/\/beoshop.azdigi.shop\/#organization\"},\"potentialAction\":[{\"@type\":\"SearchAction\",\"target\":{\"@type\":\"EntryPoint\",\"urlTemplate\":\"https:\/\/beoshop.azdigi.shop\/?s={search_term_string}\"},\"query-input\":{\"@type\":\"PropertyValueSpecification\",\"valueRequired\":true,\"valueName\":\"search_term_string\"}}],\"inLanguage\":\"vi\"},{\"@type\":\"Organization\",\"@id\":\"https:\/\/beoshop.azdigi.shop\/#organization\",\"name\":\"thucung123\",\"url\":\"https:\/\/beoshop.azdigi.shop\/\",\"logo\":{\"@type\":\"ImageObject\",\"inLanguage\":\"vi\",\"@id\":\"https:\/\/beoshop.azdigi.shop\/#\/schema\/logo\/image\/\",\"url\":\"https:\/\/beoshop.azdigi.shop\/wp-content\/uploads\/2026\/03\/Black-and-White-Simple-Cat-Pet-Accessories-Logo.png\",\"contentUrl\":\"https:\/\/beoshop.azdigi.shop\/wp-content\/uploads\/2026\/03\/Black-and-White-Simple-Cat-Pet-Accessories-Logo.png\",\"width\":2000,\"height\":2000,\"caption\":\"thucung123\"},\"image\":{\"@id\":\"https:\/\/beoshop.azdigi.shop\/#\/schema\/logo\/image\/\"}}]}<\/script>\n<!-- \/ Yoast SEO plugin. -->","yoast_head_json":{"title":"B\u00e1nh Th\u01b0\u1edfng Cho Ch\u00f3 B\u00e1nh Quy DoggyMan - thucung123","description":"B\u00e1nh Quy DoggyMan Snack Cho Ch\u00f3 - Kh\u00f4ng ch\u1ea5t b\u1ea3o qu\u1ea3n","robots":{"index":"index","follow":"follow","max-snippet":"max-snippet:-1","max-image-preview":"max-image-preview:large","max-video-preview":"max-video-preview:-1"},"canonical":"https:\/\/beoshop.azdigi.shop\/index.php\/san-pham\/banh-thuong-cho-cho-banh-quy-doggyman\/","og_locale":"vi_VN","og_type":"article","og_title":"B\u00e1nh Th\u01b0\u1edfng Cho Ch\u00f3 B\u00e1nh Quy DoggyMan - thucung123","og_description":"B\u00e1nh Quy DoggyMan Snack Cho Ch\u00f3 - Kh\u00f4ng ch\u1ea5t b\u1ea3o qu\u1ea3n","og_url":"https:\/\/beoshop.azdigi.shop\/index.php\/san-pham\/banh-thuong-cho-cho-banh-quy-doggyman\/","og_site_name":"thucung123","article_modified_time":"2026-04-17T09:55:49+00:00","og_image":[{"width":800,"height":800,"url":"https:\/\/beoshop.azdigi.shop\/wp-content\/uploads\/2026\/04\/snack-cho-cho-banh-quy-doggyman.webp","type":"image\/webp"}],"twitter_card":"summary_large_image","twitter_misc":{"\u01af\u1edbc t\u00ednh th\u1eddi gian \u0111\u1ecdc":"2 ph\u00fat"},"schema":{"@context":"https:\/\/schema.org","@graph":[{"@type":"WebPage","@id":"https:\/\/beoshop.azdigi.shop\/index.php\/san-pham\/banh-thuong-cho-cho-banh-quy-doggyman\/","url":"https:\/\/beoshop.azdigi.shop\/index.php\/san-pham\/banh-thuong-cho-cho-banh-quy-doggyman\/","name":"B\u00e1nh Th\u01b0\u1edfng Cho Ch\u00f3 B\u00e1nh Quy DoggyMan - thucung123","isPartOf":{"@id":"https:\/\/beoshop.azdigi.shop\/#website"},"primaryImageOfPage":{"@id":"https:\/\/beoshop.azdigi.shop\/index.php\/san-pham\/banh-thuong-cho-cho-banh-quy-doggyman\/#primaryimage"},"image":{"@id":"https:\/\/beoshop.azdigi.shop\/index.php\/san-pham\/banh-thuong-cho-cho-banh-quy-doggyman\/#primaryimage"},"thumbnailUrl":"https:\/\/beoshop.azdigi.shop\/wp-content\/uploads\/2026\/04\/snack-cho-cho-banh-quy-doggyman.webp","datePublished":"2026-04-17T09:42:50+00:00","dateModified":"2026-04-17T09:55:49+00:00","description":"B\u00e1nh Quy DoggyMan Snack Cho Ch\u00f3 - Kh\u00f4ng ch\u1ea5t b\u1ea3o qu\u1ea3n","breadcrumb":{"@id":"https:\/\/beoshop.azdigi.shop\/index.php\/san-pham\/banh-thuong-cho-cho-banh-quy-doggyman\/#breadcrumb"},"inLanguage":"vi","potentialAction":[{"@type":"ReadAction","target":["https:\/\/beoshop.azdigi.shop\/index.php\/san-pham\/banh-thuong-cho-cho-banh-quy-doggyman\/"]}]},{"@type":"ImageObject","inLanguage":"vi","@id":"https:\/\/beoshop.azdigi.shop\/index.php\/san-pham\/banh-thuong-cho-cho-banh-quy-doggyman\/#primaryimage","url":"https:\/\/beoshop.azdigi.shop\/wp-content\/uploads\/2026\/04\/snack-cho-cho-banh-quy-doggyman.webp","contentUrl":"https:\/\/beoshop.azdigi.shop\/wp-content\/uploads\/2026\/04\/snack-cho-cho-banh-quy-doggyman.webp","width":800,"height":800},{"@type":"BreadcrumbList","@id":"https:\/\/beoshop.azdigi.shop\/index.php\/san-pham\/banh-thuong-cho-cho-banh-quy-doggyman\/#breadcrumb","itemListElement":[{"@type":"ListItem","position":1,"name":"Trang ch\u1ee7","item":"https:\/\/beoshop.azdigi.shop\/"},{"@type":"ListItem","position":2,"name":"S\u1ea3n ph\u1ea9m","item":"https:\/\/beoshop.azdigi.shop\/index.php\/cua-hang__trashed\/"},{"@type":"ListItem","position":3,"name":"B\u00e1nh Th\u01b0\u1edfng Cho Ch\u00f3 B\u00e1nh Quy DoggyMan"}]},{"@type":"WebSite","@id":"https:\/\/beoshop.azdigi.shop\/#website","url":"https:\/\/beoshop.azdigi.shop\/","name":"thucung123","description":"","publisher":{"@id":"https:\/\/beoshop.azdigi.shop\/#organization"},"potentialAction":[{"@type":"SearchAction","target":{"@type":"EntryPoint","urlTemplate":"https:\/\/beoshop.azdigi.shop\/?s={search_term_string}"},"query-input":{"@type":"PropertyValueSpecification","valueRequired":true,"valueName":"search_term_string"}}],"inLanguage":"vi"},{"@type":"Organization","@id":"https:\/\/beoshop.azdigi.shop\/#organization","name":"thucung123","url":"https:\/\/beoshop.azdigi.shop\/","logo":{"@type":"ImageObject","inLanguage":"vi","@id":"https:\/\/beoshop.azdigi.shop\/#\/schema\/logo\/image\/","url":"https:\/\/beoshop.azdigi.shop\/wp-content\/uploads\/2026\/03\/Black-and-White-Simple-Cat-Pet-Accessories-Logo.png","contentUrl":"https:\/\/beoshop.azdigi.shop\/wp-content\/uploads\/2026\/03\/Black-and-White-Simple-Cat-Pet-Accessories-Logo.png","width":2000,"height":2000,"caption":"thucung123"},"image":{"@id":"https:\/\/beoshop.azdigi.shop\/#\/schema\/logo\/image\/"}}]}},"brands":[],"_links":{"self":[{"href":"https:\/\/beoshop.azdigi.shop\/index.php\/wp-json\/wp\/v2\/product\/594","targetHints":{"allow":["GET"]}}],"collection":[{"href":"https:\/\/beoshop.azdigi.shop\/index.php\/wp-json\/wp\/v2\/product"}],"about":[{"href":"https:\/\/beoshop.azdigi.shop\/index.php\/wp-json\/wp\/v2\/types\/product"}],"replies":[{"embeddable":true,"href":"https:\/\/beoshop.azdigi.shop\/index.php\/wp-json\/wp\/v2\/comments?post=594"}],"wp:featuredmedia":[{"embeddable":true,"href":"https:\/\/beoshop.azdigi.shop\/index.php\/wp-json\/wp\/v2\/media\/595"}],"wp:attachment":[{"href":"https:\/\/beoshop.azdigi.shop\/index.php\/wp-json\/wp\/v2\/media?parent=594"}],"wp:term":[{"taxonomy":"pwb-brand","embeddable":true,"href":"https:\/\/beoshop.azdigi.shop\/index.php\/wp-json\/wp\/v2\/pwb-brand?post=594"},{"taxonomy":"product_brand","embeddable":true,"href":"https:\/\/beoshop.azdigi.shop\/index.php\/wp-json\/wp\/v2\/product_brand?post=594"},{"taxonomy":"product_cat","embeddable":true,"href":"https:\/\/beoshop.azdigi.shop\/index.php\/wp-json\/wp\/v2\/product_cat?post=594"},{"taxonomy":"product_tag","embeddable":true,"href":"https:\/\/beoshop.azdigi.shop\/index.php\/wp-json\/wp\/v2\/product_tag?post=594"}],"curies":[{"name":"wp","href":"https:\/\/api.w.org\/{rel}","templated":true}]}}