{"id":618,"date":"2026-04-17T16:01:54","date_gmt":"2026-04-17T16:01:54","guid":{"rendered":"https:\/\/beoshop.azdigi.shop\/?post_type=product&#038;p=618"},"modified":"2026-04-17T16:01:54","modified_gmt":"2026-04-17T16:01:54","slug":"banh-thuong-cho-cho-ga-nuong-mem-saya-doggyman-100g","status":"publish","type":"product","link":"https:\/\/beoshop.azdigi.shop\/index.php\/san-pham\/banh-thuong-cho-cho-ga-nuong-mem-saya-doggyman-100g\/","title":{"rendered":"B\u00e1nh Th\u01b0\u1edfng Cho Ch\u00f3 G\u00e0 N\u01b0\u1edbng M\u1ec1m SAYA Doggyman 100g"},"content":{"rendered":"<h1><strong><a href=\"https:\/\/beoshop.azdigi.shop\/index.php\/danh-muc-san-pham\/thuc-an-cho-cho\/banh-thuong\/\">B\u00e1nh Th\u01b0\u1edfng Cho Ch\u00f3<\/a> G\u00e0 N\u01b0\u1edbng M\u1ec1m SAYA Doggyman 100g<\/strong><\/h1>\n<h2><strong>Que g\u00e0 n\u01b0\u1edbng m\u1ec1m SAYA b\u1ed5 sung rau c\u1ee7 100g<\/strong><\/h2>\n<p>D\u00f2ng snack b\u00e1n ch\u1ea1y h\u00e0ng \u0111\u1ea7u, s\u1ea3n xu\u1ea5t t\u1ea1i nh\u00e0 m\u00e1y DoggyMan Japan \u1edf Fukuoka. Mi\u1ebfng b\u00e1nh m\u1ec1m x\u1ed1p v\u1eeba ph\u1ea3i d\u1eady m\u00f9i th\u01a1m th\u1ecbt g\u00e0 n\u01b0\u1edbng. V\u1ecb ngon ng\u1eadp tr\u00e0n trong t\u1eebng mi\u1ebfng b\u00e1nh. K\u1ebft h\u1ee3p rau bina v\u00e0 c\u00e0 r\u1ed1t cung c\u1ea5p th\u00eam nhi\u1ec1u vitamin v\u00e0 kho\u00e1ng ch\u1ea5t.<\/p>\n<h3><strong>Vi\u00ean g\u00e0 n\u01b0\u1edbng m\u1ec1m SAYA b\u1ed5 sung gan 100g<\/strong><\/h3>\n<p>D\u00f2ng snack b\u00e1n ch\u1ea1y h\u00e0ng \u0111\u1ea7u, s\u1ea3n xu\u1ea5t t\u1ea1i nh\u00e0 m\u00e1y DoggyMan Japan \u1edf Fukuoka. Mi\u1ebfng b\u00e1nh m\u1ec1m x\u1ed1p v\u1eeba ph\u1ea3i d\u1eady m\u00f9i th\u01a1m th\u1ecbt g\u00e0 n\u01b0\u1edbng. V\u1ecb ngon ng\u1eadp tr\u00e0n trong t\u1eebng mi\u1ebfng b\u00e1nh. B\u1ed5 sung gan g\u00e0 m\u1ec1m m\u1ecbn, h\u01b0\u01a1ng v\u1ecb \u0111\u1eadm \u0111\u00e0 kho\u00e1i kh\u1ea9u.<\/p>\n","protected":false},"excerpt":{"rendered":"<p>B\u00e1nh Th\u01b0\u1edfng Cho Ch\u00f3 G\u00e0 N\u01b0\u1edbng M\u1ec1m SAYA Doggyman 100g Que g\u00e0 n\u01b0\u1edbng m\u1ec1m SAYA b\u1ed5 sung rau c\u1ee7 100g D\u00f2ng snack b\u00e1n ch\u1ea1y h\u00e0ng \u0111\u1ea7u, s\u1ea3n xu\u1ea5t t\u1ea1i nh\u00e0 m\u00e1y DoggyMan Japan \u1edf Fukuoka. Mi\u1ebfng b\u00e1nh m\u1ec1m x\u1ed1p v\u1eeba ph\u1ea3i d\u1eady m\u00f9i th\u01a1m th\u1ecbt g\u00e0 n\u01b0\u1edbng. V\u1ecb ngon ng\u1eadp tr\u00e0n trong t\u1eebng mi\u1ebfng b\u00e1nh. [&#8230;]\n","protected":false},"featured_media":619,"comment_status":"open","ping_status":"closed","template":"","meta":[],"pwb-brand":[],"product_brand":[],"product_cat":[26,28,18],"product_tag":[],"class_list":{"0":"post-618","1":"product","2":"type-product","3":"status-publish","4":"has-post-thumbnail","6":"product_cat-banh-thuong","7":"product_cat-cho","8":"product_cat-thuc-an-cho-cho","10":"first","11":"instock","12":"sale","13":"shipping-taxable","14":"purchasable","15":"product-type-variable"},"yoast_head":"<!-- This site is optimized with the Yoast SEO plugin v27.1.1 - https:\/\/yoast.com\/product\/yoast-seo-wordpress\/ -->\n<title>B\u00e1nh Th\u01b0\u1edfng Cho Ch\u00f3 G\u00e0 N\u01b0\u1edbng M\u1ec1m SAYA Doggyman 100g - thucung123<\/title>\n<meta name=\"description\" content=\"B\u00e1nh Th\u01b0\u1edfng Cho Ch\u00f3\" \/>\n<meta name=\"robots\" content=\"index, follow, max-snippet:-1, max-image-preview:large, max-video-preview:-1\" \/>\n<link rel=\"canonical\" href=\"https:\/\/beoshop.azdigi.shop\/index.php\/san-pham\/banh-thuong-cho-cho-ga-nuong-mem-saya-doggyman-100g\/\" \/>\n<meta property=\"og:locale\" content=\"vi_VN\" \/>\n<meta property=\"og:type\" content=\"article\" \/>\n<meta property=\"og:title\" content=\"B\u00e1nh Th\u01b0\u1edfng Cho Ch\u00f3 G\u00e0 N\u01b0\u1edbng M\u1ec1m SAYA Doggyman 100g - thucung123\" \/>\n<meta property=\"og:description\" content=\"B\u00e1nh Th\u01b0\u1edfng Cho Ch\u00f3\" \/>\n<meta property=\"og:url\" content=\"https:\/\/beoshop.azdigi.shop\/index.php\/san-pham\/banh-thuong-cho-cho-ga-nuong-mem-saya-doggyman-100g\/\" \/>\n<meta property=\"og:site_name\" content=\"thucung123\" \/>\n<meta property=\"og:image\" content=\"https:\/\/beoshop.azdigi.shop\/wp-content\/uploads\/2026\/04\/snack-cho-cho-ga-nuong-mem-saya-doggyman-100g.webp\" \/>\n\t<meta property=\"og:image:width\" content=\"800\" \/>\n\t<meta property=\"og:image:height\" content=\"800\" \/>\n\t<meta property=\"og:image:type\" content=\"image\/webp\" \/>\n<meta name=\"twitter:card\" content=\"summary_large_image\" \/>\n<meta name=\"twitter:label1\" content=\"\u01af\u1edbc t\u00ednh th\u1eddi gian \u0111\u1ecdc\" \/>\n\t<meta name=\"twitter:data1\" content=\"1 ph\u00fat\" \/>\n<script type=\"application\/ld+json\" class=\"yoast-schema-graph\">{\"@context\":\"https:\/\/schema.org\",\"@graph\":[{\"@type\":\"WebPage\",\"@id\":\"https:\/\/beoshop.azdigi.shop\/index.php\/san-pham\/banh-thuong-cho-cho-ga-nuong-mem-saya-doggyman-100g\/\",\"url\":\"https:\/\/beoshop.azdigi.shop\/index.php\/san-pham\/banh-thuong-cho-cho-ga-nuong-mem-saya-doggyman-100g\/\",\"name\":\"B\u00e1nh Th\u01b0\u1edfng Cho Ch\u00f3 G\u00e0 N\u01b0\u1edbng M\u1ec1m SAYA Doggyman 100g - thucung123\",\"isPartOf\":{\"@id\":\"https:\/\/beoshop.azdigi.shop\/#website\"},\"primaryImageOfPage\":{\"@id\":\"https:\/\/beoshop.azdigi.shop\/index.php\/san-pham\/banh-thuong-cho-cho-ga-nuong-mem-saya-doggyman-100g\/#primaryimage\"},\"image\":{\"@id\":\"https:\/\/beoshop.azdigi.shop\/index.php\/san-pham\/banh-thuong-cho-cho-ga-nuong-mem-saya-doggyman-100g\/#primaryimage\"},\"thumbnailUrl\":\"https:\/\/beoshop.azdigi.shop\/wp-content\/uploads\/2026\/04\/snack-cho-cho-ga-nuong-mem-saya-doggyman-100g.webp\",\"datePublished\":\"2026-04-17T16:01:54+00:00\",\"description\":\"B\u00e1nh Th\u01b0\u1edfng Cho Ch\u00f3\",\"breadcrumb\":{\"@id\":\"https:\/\/beoshop.azdigi.shop\/index.php\/san-pham\/banh-thuong-cho-cho-ga-nuong-mem-saya-doggyman-100g\/#breadcrumb\"},\"inLanguage\":\"vi\",\"potentialAction\":[{\"@type\":\"ReadAction\",\"target\":[\"https:\/\/beoshop.azdigi.shop\/index.php\/san-pham\/banh-thuong-cho-cho-ga-nuong-mem-saya-doggyman-100g\/\"]}]},{\"@type\":\"ImageObject\",\"inLanguage\":\"vi\",\"@id\":\"https:\/\/beoshop.azdigi.shop\/index.php\/san-pham\/banh-thuong-cho-cho-ga-nuong-mem-saya-doggyman-100g\/#primaryimage\",\"url\":\"https:\/\/beoshop.azdigi.shop\/wp-content\/uploads\/2026\/04\/snack-cho-cho-ga-nuong-mem-saya-doggyman-100g.webp\",\"contentUrl\":\"https:\/\/beoshop.azdigi.shop\/wp-content\/uploads\/2026\/04\/snack-cho-cho-ga-nuong-mem-saya-doggyman-100g.webp\",\"width\":800,\"height\":800},{\"@type\":\"BreadcrumbList\",\"@id\":\"https:\/\/beoshop.azdigi.shop\/index.php\/san-pham\/banh-thuong-cho-cho-ga-nuong-mem-saya-doggyman-100g\/#breadcrumb\",\"itemListElement\":[{\"@type\":\"ListItem\",\"position\":1,\"name\":\"Trang ch\u1ee7\",\"item\":\"https:\/\/beoshop.azdigi.shop\/\"},{\"@type\":\"ListItem\",\"position\":2,\"name\":\"S\u1ea3n ph\u1ea9m\",\"item\":\"https:\/\/beoshop.azdigi.shop\/index.php\/cua-hang__trashed\/\"},{\"@type\":\"ListItem\",\"position\":3,\"name\":\"B\u00e1nh Th\u01b0\u1edfng Cho Ch\u00f3 G\u00e0 N\u01b0\u1edbng M\u1ec1m SAYA Doggyman 100g\"}]},{\"@type\":\"WebSite\",\"@id\":\"https:\/\/beoshop.azdigi.shop\/#website\",\"url\":\"https:\/\/beoshop.azdigi.shop\/\",\"name\":\"thucung123\",\"description\":\"\",\"publisher\":{\"@id\":\"https:\/\/beoshop.azdigi.shop\/#organization\"},\"potentialAction\":[{\"@type\":\"SearchAction\",\"target\":{\"@type\":\"EntryPoint\",\"urlTemplate\":\"https:\/\/beoshop.azdigi.shop\/?s={search_term_string}\"},\"query-input\":{\"@type\":\"PropertyValueSpecification\",\"valueRequired\":true,\"valueName\":\"search_term_string\"}}],\"inLanguage\":\"vi\"},{\"@type\":\"Organization\",\"@id\":\"https:\/\/beoshop.azdigi.shop\/#organization\",\"name\":\"thucung123\",\"url\":\"https:\/\/beoshop.azdigi.shop\/\",\"logo\":{\"@type\":\"ImageObject\",\"inLanguage\":\"vi\",\"@id\":\"https:\/\/beoshop.azdigi.shop\/#\/schema\/logo\/image\/\",\"url\":\"https:\/\/beoshop.azdigi.shop\/wp-content\/uploads\/2026\/03\/Black-and-White-Simple-Cat-Pet-Accessories-Logo.png\",\"contentUrl\":\"https:\/\/beoshop.azdigi.shop\/wp-content\/uploads\/2026\/03\/Black-and-White-Simple-Cat-Pet-Accessories-Logo.png\",\"width\":2000,\"height\":2000,\"caption\":\"thucung123\"},\"image\":{\"@id\":\"https:\/\/beoshop.azdigi.shop\/#\/schema\/logo\/image\/\"}}]}<\/script>\n<!-- \/ Yoast SEO plugin. -->","yoast_head_json":{"title":"B\u00e1nh Th\u01b0\u1edfng Cho Ch\u00f3 G\u00e0 N\u01b0\u1edbng M\u1ec1m SAYA Doggyman 100g - thucung123","description":"B\u00e1nh Th\u01b0\u1edfng Cho Ch\u00f3","robots":{"index":"index","follow":"follow","max-snippet":"max-snippet:-1","max-image-preview":"max-image-preview:large","max-video-preview":"max-video-preview:-1"},"canonical":"https:\/\/beoshop.azdigi.shop\/index.php\/san-pham\/banh-thuong-cho-cho-ga-nuong-mem-saya-doggyman-100g\/","og_locale":"vi_VN","og_type":"article","og_title":"B\u00e1nh Th\u01b0\u1edfng Cho Ch\u00f3 G\u00e0 N\u01b0\u1edbng M\u1ec1m SAYA Doggyman 100g - thucung123","og_description":"B\u00e1nh Th\u01b0\u1edfng Cho Ch\u00f3","og_url":"https:\/\/beoshop.azdigi.shop\/index.php\/san-pham\/banh-thuong-cho-cho-ga-nuong-mem-saya-doggyman-100g\/","og_site_name":"thucung123","og_image":[{"width":800,"height":800,"url":"https:\/\/beoshop.azdigi.shop\/wp-content\/uploads\/2026\/04\/snack-cho-cho-ga-nuong-mem-saya-doggyman-100g.webp","type":"image\/webp"}],"twitter_card":"summary_large_image","twitter_misc":{"\u01af\u1edbc t\u00ednh th\u1eddi gian \u0111\u1ecdc":"1 ph\u00fat"},"schema":{"@context":"https:\/\/schema.org","@graph":[{"@type":"WebPage","@id":"https:\/\/beoshop.azdigi.shop\/index.php\/san-pham\/banh-thuong-cho-cho-ga-nuong-mem-saya-doggyman-100g\/","url":"https:\/\/beoshop.azdigi.shop\/index.php\/san-pham\/banh-thuong-cho-cho-ga-nuong-mem-saya-doggyman-100g\/","name":"B\u00e1nh Th\u01b0\u1edfng Cho Ch\u00f3 G\u00e0 N\u01b0\u1edbng M\u1ec1m SAYA Doggyman 100g - thucung123","isPartOf":{"@id":"https:\/\/beoshop.azdigi.shop\/#website"},"primaryImageOfPage":{"@id":"https:\/\/beoshop.azdigi.shop\/index.php\/san-pham\/banh-thuong-cho-cho-ga-nuong-mem-saya-doggyman-100g\/#primaryimage"},"image":{"@id":"https:\/\/beoshop.azdigi.shop\/index.php\/san-pham\/banh-thuong-cho-cho-ga-nuong-mem-saya-doggyman-100g\/#primaryimage"},"thumbnailUrl":"https:\/\/beoshop.azdigi.shop\/wp-content\/uploads\/2026\/04\/snack-cho-cho-ga-nuong-mem-saya-doggyman-100g.webp","datePublished":"2026-04-17T16:01:54+00:00","description":"B\u00e1nh Th\u01b0\u1edfng Cho Ch\u00f3","breadcrumb":{"@id":"https:\/\/beoshop.azdigi.shop\/index.php\/san-pham\/banh-thuong-cho-cho-ga-nuong-mem-saya-doggyman-100g\/#breadcrumb"},"inLanguage":"vi","potentialAction":[{"@type":"ReadAction","target":["https:\/\/beoshop.azdigi.shop\/index.php\/san-pham\/banh-thuong-cho-cho-ga-nuong-mem-saya-doggyman-100g\/"]}]},{"@type":"ImageObject","inLanguage":"vi","@id":"https:\/\/beoshop.azdigi.shop\/index.php\/san-pham\/banh-thuong-cho-cho-ga-nuong-mem-saya-doggyman-100g\/#primaryimage","url":"https:\/\/beoshop.azdigi.shop\/wp-content\/uploads\/2026\/04\/snack-cho-cho-ga-nuong-mem-saya-doggyman-100g.webp","contentUrl":"https:\/\/beoshop.azdigi.shop\/wp-content\/uploads\/2026\/04\/snack-cho-cho-ga-nuong-mem-saya-doggyman-100g.webp","width":800,"height":800},{"@type":"BreadcrumbList","@id":"https:\/\/beoshop.azdigi.shop\/index.php\/san-pham\/banh-thuong-cho-cho-ga-nuong-mem-saya-doggyman-100g\/#breadcrumb","itemListElement":[{"@type":"ListItem","position":1,"name":"Trang ch\u1ee7","item":"https:\/\/beoshop.azdigi.shop\/"},{"@type":"ListItem","position":2,"name":"S\u1ea3n ph\u1ea9m","item":"https:\/\/beoshop.azdigi.shop\/index.php\/cua-hang__trashed\/"},{"@type":"ListItem","position":3,"name":"B\u00e1nh Th\u01b0\u1edfng Cho Ch\u00f3 G\u00e0 N\u01b0\u1edbng M\u1ec1m SAYA Doggyman 100g"}]},{"@type":"WebSite","@id":"https:\/\/beoshop.azdigi.shop\/#website","url":"https:\/\/beoshop.azdigi.shop\/","name":"thucung123","description":"","publisher":{"@id":"https:\/\/beoshop.azdigi.shop\/#organization"},"potentialAction":[{"@type":"SearchAction","target":{"@type":"EntryPoint","urlTemplate":"https:\/\/beoshop.azdigi.shop\/?s={search_term_string}"},"query-input":{"@type":"PropertyValueSpecification","valueRequired":true,"valueName":"search_term_string"}}],"inLanguage":"vi"},{"@type":"Organization","@id":"https:\/\/beoshop.azdigi.shop\/#organization","name":"thucung123","url":"https:\/\/beoshop.azdigi.shop\/","logo":{"@type":"ImageObject","inLanguage":"vi","@id":"https:\/\/beoshop.azdigi.shop\/#\/schema\/logo\/image\/","url":"https:\/\/beoshop.azdigi.shop\/wp-content\/uploads\/2026\/03\/Black-and-White-Simple-Cat-Pet-Accessories-Logo.png","contentUrl":"https:\/\/beoshop.azdigi.shop\/wp-content\/uploads\/2026\/03\/Black-and-White-Simple-Cat-Pet-Accessories-Logo.png","width":2000,"height":2000,"caption":"thucung123"},"image":{"@id":"https:\/\/beoshop.azdigi.shop\/#\/schema\/logo\/image\/"}}]}},"brands":[],"_links":{"self":[{"href":"https:\/\/beoshop.azdigi.shop\/index.php\/wp-json\/wp\/v2\/product\/618","targetHints":{"allow":["GET"]}}],"collection":[{"href":"https:\/\/beoshop.azdigi.shop\/index.php\/wp-json\/wp\/v2\/product"}],"about":[{"href":"https:\/\/beoshop.azdigi.shop\/index.php\/wp-json\/wp\/v2\/types\/product"}],"replies":[{"embeddable":true,"href":"https:\/\/beoshop.azdigi.shop\/index.php\/wp-json\/wp\/v2\/comments?post=618"}],"wp:featuredmedia":[{"embeddable":true,"href":"https:\/\/beoshop.azdigi.shop\/index.php\/wp-json\/wp\/v2\/media\/619"}],"wp:attachment":[{"href":"https:\/\/beoshop.azdigi.shop\/index.php\/wp-json\/wp\/v2\/media?parent=618"}],"wp:term":[{"taxonomy":"pwb-brand","embeddable":true,"href":"https:\/\/beoshop.azdigi.shop\/index.php\/wp-json\/wp\/v2\/pwb-brand?post=618"},{"taxonomy":"product_brand","embeddable":true,"href":"https:\/\/beoshop.azdigi.shop\/index.php\/wp-json\/wp\/v2\/product_brand?post=618"},{"taxonomy":"product_cat","embeddable":true,"href":"https:\/\/beoshop.azdigi.shop\/index.php\/wp-json\/wp\/v2\/product_cat?post=618"},{"taxonomy":"product_tag","embeddable":true,"href":"https:\/\/beoshop.azdigi.shop\/index.php\/wp-json\/wp\/v2\/product_tag?post=618"}],"curies":[{"name":"wp","href":"https:\/\/api.w.org\/{rel}","templated":true}]}}