{"id":626,"date":"2026-04-17T16:34:00","date_gmt":"2026-04-17T16:34:00","guid":{"rendered":"https:\/\/beoshop.azdigi.shop\/?post_type=product&#038;p=626"},"modified":"2026-04-17T16:51:00","modified_gmt":"2026-04-17T16:51:00","slug":"gel-dinh-duong-cho-cho-meo-virbac-nutri-plus-120g","status":"publish","type":"product","link":"https:\/\/beoshop.azdigi.shop\/index.php\/san-pham\/gel-dinh-duong-cho-cho-meo-virbac-nutri-plus-120g\/","title":{"rendered":"Gel Dinh D\u01b0\u1ee1ng Cho Ch\u00f3 M\u00e8o Virbac Nutri-Plus 120g"},"content":{"rendered":"<h1><strong>Gel Dinh D\u01b0\u1ee1ng Cho Ch\u00f3 M\u00e8o Virbac Nutri-Plus 120g<\/strong><\/h1>\n<ul>\n<li>Th\u01b0\u01a1ng hi\u1ec7u:\u00a0<strong>Virbac<\/strong><\/li>\n<li>Ph\u00f9 h\u1ee3p cho: Ch\u00f3\/m\u00e8o m\u1ecdi l\u1ee9a tu\u1ed5i (\u0111\u1eb7c bi\u1ec7t l\u00e0 ch\u00f3 m\u00e8o \u0111ang l\u1edbn, \u0111ang mang thai hay nu\u00f4i con nh\u1ecf; Ch\u00f3 s\u0103n, ch\u00f3 nghi\u1ec7p v\u1ee5; Ch\u00f3 m\u00e8o c\u1ea7n h\u1ed3i ph\u1ee5c sau khi \u1ed1m, ph\u1eabu thu\u1eadt; Ch\u00f3 m\u00e8o sinh ra y\u1ebfu, c\u00f2i x\u01b0\u01a1ng, nh\u1eb9 c\u00e2n, thi\u1ebfu s\u1eefa.)<\/li>\n<li>Nutri-plus\u00a0l\u00e0 m\u1ed9t lo\u1ea1i\u00a0gel dinh d\u01b0\u1ee1ng cho ch\u00f3 m\u00e8o, c\u00f3 v\u1ecb th\u01a1m v\u00e0 r\u1ea5t ngon mi\u1ec7ng. \u0110i\u1ec3m \u0111\u1eb7c bi\u1ec7t c\u1ee7a s\u1ea3n ph\u1ea9m n\u00e0y so v\u1edbi c\u00e1c lo\u1ea1i th\u1ee9c \u0103n kh\u00e1c l\u00e0 s\u1eed d\u1ee5ng c\u00e1c ch\u1ea5t dinh d\u01b0\u1ee1ng t\u1eeb ngu\u1ed3n g\u1ed1c \u0111\u1ed9ng v\u1eadt, gi\u00fap ch\u00f3 m\u00e8o chuy\u1ec3n \u0111\u1ed5i c\u00e1c ch\u1ea5t dinh d\u01b0\u1ee1ng th\u00e0nh n\u0103ng l\u01b0\u1ee3ng nhanh h\u01a1n v\u00e0 d\u1ec5 d\u00e0ng h\u01a1n. B\u1ea1n c\u00f3 th\u1ec3 cho th\u00fa c\u01b0ng c\u1ee7a m\u00ecnh s\u1eed d\u1ee5ng Nutriplus Gel \u0111\u1ec3 gi\u00fap c\u1ea3i thi\u1ec7n kh\u1ea9u v\u1ecb v\u00e0 ng\u0103n ng\u1eeba m\u1ea5t c\u00e2n.<\/li>\n<\/ul>\n<h2><b>L\u1ee3i \u00edch:<\/b><\/h2>\n<ul>\n<li>B\u1ed5 sung \u0111\u1ea7y \u0111\u1ee7 c\u00e1c d\u01b0\u1ee1ng ch\u1ea5t, cung c\u1ea5p n\u0103ng l\u01b0\u1ee3ng c\u00f9ng t\u1ea5t c\u1ea3 c\u00e1c vitamin v\u00e0 kho\u00e1ng ch\u1ea5t c\u1ea7n thi\u1ebft cho ch\u00f3, m\u00e8o v\u1eadt c\u01b0ng c\u1ee7a b\u1ea1n:<\/li>\n<li>Ch\u1ee9a nhi\u1ec1u ch\u1ea5t b\u00e9o v\u00e0 carbohydrate d\u1ea1ng d\u1ec5 ti\u00eau h\u00f3a gi\u00fap ch\u00f3 con, m\u00e8o con mau l\u1edbn.<\/li>\n<li>H\u1ed7 tr\u1ee3 s\u1ee9c kh\u1ecfe ch\u00f3 m\u1eb9 mang thai, t\u0103ng l\u01b0\u1ee3ng s\u1eefa, ch\u1ea5t l\u01b0\u1ee3ng s\u1eefa \u0111\u1ea3m b\u1ea3o.<\/li>\n<li>B\u1ed3i b\u1ed5 c\u01a1 th\u1ec3 ch\u00f3 nghi\u1ec7p v\u1ee5, ch\u00f3 s\u0103n.<\/li>\n<li>T\u0103ng c\u01b0\u1eddng s\u1ee9c kh\u1ecfe cho ch\u00f3 b\u1ecb th\u01b0\u01a1ng, ch\u00f3 b\u1ecb \u1ed1m, ch\u00f3 sau ph\u1eabu thu\u1eadt,\u2026<\/li>\n<\/ul>\n<h2><b>Th\u00e0nh ph\u1ea7n dinh d\u01b0\u1ee1ng<\/b><\/h2>\n<p>Calcium pantothenate\u2026\u2026\u2026\u2026\u2026.\u2026\u2026\u2026&#8230;&#8230;35,25mg<\/p>\n<p>Folic acid\u2026\u2026\u2026\u2026\u2026\u2026\u2026\u2026\u2026\u2026\u2026\u2026\u2026.\u2026&#8230;\u2026&#8230;&#8230;&#8230;.3,5mg<\/p>\n<p>Iron\u2026\u2026\u2026\u2026\u2026\u2026\u2026\u2026\u2026\u2026\u2026\u2026\u2026\u2026\u2026&#8230;&#8230;..\u2026&#8230;&#8230;\u2026&#8230;..8,8mg<\/p>\n<p>Iodine\u2026\u2026\u2026\u2026\u2026\u2026\u2026\u2026\u2026\u2026\u2026\u2026\u2026\u2026\u2026.\u2026&#8230;&#8230;&#8230;&#8230;&#8230;.8,8mg<\/p>\n<p>Manganese\u2026\u2026\u2026\u2026\u2026\u2026\u2026\u2026\u2026\u2026\u2026\u2026.\u2026&#8230;\u2026&#8230;&#8230;..17,65mg<\/p>\n<p>Magnesium\u2026\u2026\u2026\u2026\u2026\u2026\u2026\u2026\u2026\u2026\u2026\u2026&#8230;&#8230;.\u2026&#8230;\u2026&#8230;7,00mg<\/p>\n<p>Vitamin A\u2026\u2026\u2026\u2026\u2026\u2026\u2026\u2026\u2026\u2026\u2026\u2026\u2026\u2026&#8230;\u2026&#8230;&#8230;&#8230;.17635<\/p>\n<p>IU Vitamin D\u2026\u2026\u2026\u2026\u2026\u2026\u2026\u2026\u2026\u2026\u2026.\u2026&#8230;..\u2026.\u2026&#8230;882<\/p>\n<p>IU Vitamin E\u2026\u2026\u2026\u2026\u2026\u2026\u2026\u2026\u2026\u2026&#8230;&#8230;&#8230;\u2026\u2026.\u2026&#8230;..106<\/p>\n<p>IU Thiamine hydrochloride (B1) \u2026&#8230;\u2026&#8230;35,25 mg<\/p>\n<p>Riboflavin (B2) \u2026\u2026\u2026\u2026\u2026\u2026\u2026\u2026\u2026\u2026\u2026&#8230;..\u2026&#8230;\u2026.3,5 mg<\/p>\n<p>Pyridoxine hydrochloride (B6) &#8230;&#8230;&#8230;\u2026&#8230;..7,6 mg<\/p>\n<p>Cyanocobalamin (B12) \u2026\u2026\u2026\u2026.\u2026&#8230;\u2026\u2026&#8230;..0,03525 mg<\/p>\n<p>Niacinamide (nicotinamide)\u2026\u2026\u2026\u2026.\u2026&#8230;\u2026.35,25 mg<\/p>\n<p>T\u00e1 d\u01b0\u1ee3c g\u1ed3m triglycerides, meat peptone, glucose, maltose qs\u2026\u2026\u2026120,5g<\/p>\n<h3><b>H\u01b0\u1edbng d\u1eabn s\u1eed d\u1ee5ng<\/b><\/h3>\n<p>Nutri-plus gel c\u00f3 th\u1ec3 d\u00f9ng t\u1eeb 3 \u2013 5 ng\u00e0y.<\/p>\n<ul>\n<li>1-2 th\u00eca cho 5kg th\u1ec3 tr\u1ecdng\/ng\u00e0y (kho\u1ea3ng 10cm khi b\u01a1m thu\u1ed1c ra kh\u1ecfi \u1ed1ng). Trong tr\u01b0\u1eddng h\u1ee3p th\u00fa b\u1ecb qu\u00e1 suy nh\u01b0\u1ee3c ho\u1eb7c \u0111ang h\u1ed3i s\u1ee9c.<\/li>\n<li>Nutri-plus gel c\u00f3 th\u1ec3 d\u00f9ng nh\u01b0 l\u00e0 m\u1ed9t ngu\u1ed3n th\u1ee9c \u0103n cho ch\u00f3, th\u1ee9c \u0103n cho m\u00e8o duy nh\u1ea5t v\u1edbi li\u1ec1u 2-4 th\u00eca\/ 5kg th\u1ec3 tr\u1ecdng m\u1ed7i ng\u00e0y.<\/li>\n<\/ul>\n","protected":false},"excerpt":{"rendered":"<p>Gel Dinh D\u01b0\u1ee1ng Cho Ch\u00f3 M\u00e8o Virbac Nutri-Plus 120g Th\u01b0\u01a1ng hi\u1ec7u:\u00a0Virbac Ph\u00f9 h\u1ee3p cho: Ch\u00f3\/m\u00e8o m\u1ecdi l\u1ee9a tu\u1ed5i (\u0111\u1eb7c bi\u1ec7t l\u00e0 ch\u00f3 m\u00e8o \u0111ang l\u1edbn, \u0111ang mang thai hay nu\u00f4i con nh\u1ecf; Ch\u00f3 s\u0103n, ch\u00f3 nghi\u1ec7p v\u1ee5; Ch\u00f3 m\u00e8o c\u1ea7n h\u1ed3i ph\u1ee5c sau khi \u1ed1m, ph\u1eabu thu\u1eadt; Ch\u00f3 m\u00e8o sinh ra y\u1ebfu, c\u00f2i x\u01b0\u01a1ng, nh\u1eb9 [&#8230;]\n","protected":false},"featured_media":627,"comment_status":"open","ping_status":"closed","template":"","meta":[],"pwb-brand":[],"product_brand":[],"product_cat":[57,19,28,39,29,58],"product_tag":[],"class_list":{"0":"post-626","1":"product","2":"type-product","3":"status-publish","4":"has-post-thumbnail","6":"product_cat-cham-soc-suc-khoe-meo","7":"product_cat-cham-soc-suc-khoe","8":"product_cat-cho","9":"product_cat-meo","10":"product_cat-vitamin-cho-cho","11":"product_cat-vitamin-cho-meo","13":"first","14":"instock","15":"shipping-taxable","16":"purchasable","17":"product-type-simple"},"yoast_head":"<!-- This site is optimized with the Yoast SEO plugin v27.1.1 - https:\/\/yoast.com\/product\/yoast-seo-wordpress\/ -->\n<title>Gel Dinh D\u01b0\u1ee1ng Cho Ch\u00f3 M\u00e8o Virbac Nutri-Plus 120g - thucung123<\/title>\n<meta name=\"description\" content=\"Gel Dinh D\u01b0\u1ee1ng Cho Ch\u00f3 M\u00e8o Virbac Nutri-Plus 120g\" \/>\n<meta name=\"robots\" content=\"index, follow, max-snippet:-1, max-image-preview:large, max-video-preview:-1\" \/>\n<link rel=\"canonical\" href=\"https:\/\/beoshop.azdigi.shop\/index.php\/san-pham\/gel-dinh-duong-cho-cho-meo-virbac-nutri-plus-120g\/\" \/>\n<meta property=\"og:locale\" content=\"vi_VN\" \/>\n<meta property=\"og:type\" content=\"article\" \/>\n<meta property=\"og:title\" content=\"Gel Dinh D\u01b0\u1ee1ng Cho Ch\u00f3 M\u00e8o Virbac Nutri-Plus 120g - thucung123\" \/>\n<meta property=\"og:description\" content=\"Gel Dinh D\u01b0\u1ee1ng Cho Ch\u00f3 M\u00e8o Virbac Nutri-Plus 120g\" \/>\n<meta property=\"og:url\" content=\"https:\/\/beoshop.azdigi.shop\/index.php\/san-pham\/gel-dinh-duong-cho-cho-meo-virbac-nutri-plus-120g\/\" \/>\n<meta property=\"og:site_name\" content=\"thucung123\" \/>\n<meta property=\"article:modified_time\" content=\"2026-04-17T16:51:00+00:00\" \/>\n<meta property=\"og:image\" content=\"https:\/\/beoshop.azdigi.shop\/wp-content\/uploads\/2026\/04\/thuc-an-dinh-duong-cho-cho-meo-gel-virbac-nutri-plus_1.webp\" \/>\n\t<meta property=\"og:image:width\" content=\"800\" \/>\n\t<meta property=\"og:image:height\" content=\"800\" \/>\n\t<meta property=\"og:image:type\" content=\"image\/webp\" \/>\n<meta name=\"twitter:card\" content=\"summary_large_image\" \/>\n<meta name=\"twitter:label1\" content=\"\u01af\u1edbc t\u00ednh th\u1eddi gian \u0111\u1ecdc\" \/>\n\t<meta name=\"twitter:data1\" content=\"3 ph\u00fat\" \/>\n<script type=\"application\/ld+json\" class=\"yoast-schema-graph\">{\"@context\":\"https:\/\/schema.org\",\"@graph\":[{\"@type\":\"WebPage\",\"@id\":\"https:\/\/beoshop.azdigi.shop\/index.php\/san-pham\/gel-dinh-duong-cho-cho-meo-virbac-nutri-plus-120g\/\",\"url\":\"https:\/\/beoshop.azdigi.shop\/index.php\/san-pham\/gel-dinh-duong-cho-cho-meo-virbac-nutri-plus-120g\/\",\"name\":\"Gel Dinh D\u01b0\u1ee1ng Cho Ch\u00f3 M\u00e8o Virbac Nutri-Plus 120g - thucung123\",\"isPartOf\":{\"@id\":\"https:\/\/beoshop.azdigi.shop\/#website\"},\"primaryImageOfPage\":{\"@id\":\"https:\/\/beoshop.azdigi.shop\/index.php\/san-pham\/gel-dinh-duong-cho-cho-meo-virbac-nutri-plus-120g\/#primaryimage\"},\"image\":{\"@id\":\"https:\/\/beoshop.azdigi.shop\/index.php\/san-pham\/gel-dinh-duong-cho-cho-meo-virbac-nutri-plus-120g\/#primaryimage\"},\"thumbnailUrl\":\"https:\/\/beoshop.azdigi.shop\/wp-content\/uploads\/2026\/04\/thuc-an-dinh-duong-cho-cho-meo-gel-virbac-nutri-plus_1.webp\",\"datePublished\":\"2026-04-17T16:34:00+00:00\",\"dateModified\":\"2026-04-17T16:51:00+00:00\",\"description\":\"Gel Dinh D\u01b0\u1ee1ng Cho Ch\u00f3 M\u00e8o Virbac Nutri-Plus 120g\",\"breadcrumb\":{\"@id\":\"https:\/\/beoshop.azdigi.shop\/index.php\/san-pham\/gel-dinh-duong-cho-cho-meo-virbac-nutri-plus-120g\/#breadcrumb\"},\"inLanguage\":\"vi\",\"potentialAction\":[{\"@type\":\"ReadAction\",\"target\":[\"https:\/\/beoshop.azdigi.shop\/index.php\/san-pham\/gel-dinh-duong-cho-cho-meo-virbac-nutri-plus-120g\/\"]}]},{\"@type\":\"ImageObject\",\"inLanguage\":\"vi\",\"@id\":\"https:\/\/beoshop.azdigi.shop\/index.php\/san-pham\/gel-dinh-duong-cho-cho-meo-virbac-nutri-plus-120g\/#primaryimage\",\"url\":\"https:\/\/beoshop.azdigi.shop\/wp-content\/uploads\/2026\/04\/thuc-an-dinh-duong-cho-cho-meo-gel-virbac-nutri-plus_1.webp\",\"contentUrl\":\"https:\/\/beoshop.azdigi.shop\/wp-content\/uploads\/2026\/04\/thuc-an-dinh-duong-cho-cho-meo-gel-virbac-nutri-plus_1.webp\",\"width\":800,\"height\":800},{\"@type\":\"BreadcrumbList\",\"@id\":\"https:\/\/beoshop.azdigi.shop\/index.php\/san-pham\/gel-dinh-duong-cho-cho-meo-virbac-nutri-plus-120g\/#breadcrumb\",\"itemListElement\":[{\"@type\":\"ListItem\",\"position\":1,\"name\":\"Trang ch\u1ee7\",\"item\":\"https:\/\/beoshop.azdigi.shop\/\"},{\"@type\":\"ListItem\",\"position\":2,\"name\":\"S\u1ea3n ph\u1ea9m\",\"item\":\"https:\/\/beoshop.azdigi.shop\/index.php\/cua-hang__trashed\/\"},{\"@type\":\"ListItem\",\"position\":3,\"name\":\"Gel Dinh D\u01b0\u1ee1ng Cho Ch\u00f3 M\u00e8o Virbac Nutri-Plus 120g\"}]},{\"@type\":\"WebSite\",\"@id\":\"https:\/\/beoshop.azdigi.shop\/#website\",\"url\":\"https:\/\/beoshop.azdigi.shop\/\",\"name\":\"thucung123\",\"description\":\"\",\"publisher\":{\"@id\":\"https:\/\/beoshop.azdigi.shop\/#organization\"},\"potentialAction\":[{\"@type\":\"SearchAction\",\"target\":{\"@type\":\"EntryPoint\",\"urlTemplate\":\"https:\/\/beoshop.azdigi.shop\/?s={search_term_string}\"},\"query-input\":{\"@type\":\"PropertyValueSpecification\",\"valueRequired\":true,\"valueName\":\"search_term_string\"}}],\"inLanguage\":\"vi\"},{\"@type\":\"Organization\",\"@id\":\"https:\/\/beoshop.azdigi.shop\/#organization\",\"name\":\"thucung123\",\"url\":\"https:\/\/beoshop.azdigi.shop\/\",\"logo\":{\"@type\":\"ImageObject\",\"inLanguage\":\"vi\",\"@id\":\"https:\/\/beoshop.azdigi.shop\/#\/schema\/logo\/image\/\",\"url\":\"https:\/\/beoshop.azdigi.shop\/wp-content\/uploads\/2026\/03\/Black-and-White-Simple-Cat-Pet-Accessories-Logo.png\",\"contentUrl\":\"https:\/\/beoshop.azdigi.shop\/wp-content\/uploads\/2026\/03\/Black-and-White-Simple-Cat-Pet-Accessories-Logo.png\",\"width\":2000,\"height\":2000,\"caption\":\"thucung123\"},\"image\":{\"@id\":\"https:\/\/beoshop.azdigi.shop\/#\/schema\/logo\/image\/\"}}]}<\/script>\n<!-- \/ Yoast SEO plugin. -->","yoast_head_json":{"title":"Gel Dinh D\u01b0\u1ee1ng Cho Ch\u00f3 M\u00e8o Virbac Nutri-Plus 120g - thucung123","description":"Gel Dinh D\u01b0\u1ee1ng Cho Ch\u00f3 M\u00e8o Virbac Nutri-Plus 120g","robots":{"index":"index","follow":"follow","max-snippet":"max-snippet:-1","max-image-preview":"max-image-preview:large","max-video-preview":"max-video-preview:-1"},"canonical":"https:\/\/beoshop.azdigi.shop\/index.php\/san-pham\/gel-dinh-duong-cho-cho-meo-virbac-nutri-plus-120g\/","og_locale":"vi_VN","og_type":"article","og_title":"Gel Dinh D\u01b0\u1ee1ng Cho Ch\u00f3 M\u00e8o Virbac Nutri-Plus 120g - thucung123","og_description":"Gel Dinh D\u01b0\u1ee1ng Cho Ch\u00f3 M\u00e8o Virbac Nutri-Plus 120g","og_url":"https:\/\/beoshop.azdigi.shop\/index.php\/san-pham\/gel-dinh-duong-cho-cho-meo-virbac-nutri-plus-120g\/","og_site_name":"thucung123","article_modified_time":"2026-04-17T16:51:00+00:00","og_image":[{"width":800,"height":800,"url":"https:\/\/beoshop.azdigi.shop\/wp-content\/uploads\/2026\/04\/thuc-an-dinh-duong-cho-cho-meo-gel-virbac-nutri-plus_1.webp","type":"image\/webp"}],"twitter_card":"summary_large_image","twitter_misc":{"\u01af\u1edbc t\u00ednh th\u1eddi gian \u0111\u1ecdc":"3 ph\u00fat"},"schema":{"@context":"https:\/\/schema.org","@graph":[{"@type":"WebPage","@id":"https:\/\/beoshop.azdigi.shop\/index.php\/san-pham\/gel-dinh-duong-cho-cho-meo-virbac-nutri-plus-120g\/","url":"https:\/\/beoshop.azdigi.shop\/index.php\/san-pham\/gel-dinh-duong-cho-cho-meo-virbac-nutri-plus-120g\/","name":"Gel Dinh D\u01b0\u1ee1ng Cho Ch\u00f3 M\u00e8o Virbac Nutri-Plus 120g - thucung123","isPartOf":{"@id":"https:\/\/beoshop.azdigi.shop\/#website"},"primaryImageOfPage":{"@id":"https:\/\/beoshop.azdigi.shop\/index.php\/san-pham\/gel-dinh-duong-cho-cho-meo-virbac-nutri-plus-120g\/#primaryimage"},"image":{"@id":"https:\/\/beoshop.azdigi.shop\/index.php\/san-pham\/gel-dinh-duong-cho-cho-meo-virbac-nutri-plus-120g\/#primaryimage"},"thumbnailUrl":"https:\/\/beoshop.azdigi.shop\/wp-content\/uploads\/2026\/04\/thuc-an-dinh-duong-cho-cho-meo-gel-virbac-nutri-plus_1.webp","datePublished":"2026-04-17T16:34:00+00:00","dateModified":"2026-04-17T16:51:00+00:00","description":"Gel Dinh D\u01b0\u1ee1ng Cho Ch\u00f3 M\u00e8o Virbac Nutri-Plus 120g","breadcrumb":{"@id":"https:\/\/beoshop.azdigi.shop\/index.php\/san-pham\/gel-dinh-duong-cho-cho-meo-virbac-nutri-plus-120g\/#breadcrumb"},"inLanguage":"vi","potentialAction":[{"@type":"ReadAction","target":["https:\/\/beoshop.azdigi.shop\/index.php\/san-pham\/gel-dinh-duong-cho-cho-meo-virbac-nutri-plus-120g\/"]}]},{"@type":"ImageObject","inLanguage":"vi","@id":"https:\/\/beoshop.azdigi.shop\/index.php\/san-pham\/gel-dinh-duong-cho-cho-meo-virbac-nutri-plus-120g\/#primaryimage","url":"https:\/\/beoshop.azdigi.shop\/wp-content\/uploads\/2026\/04\/thuc-an-dinh-duong-cho-cho-meo-gel-virbac-nutri-plus_1.webp","contentUrl":"https:\/\/beoshop.azdigi.shop\/wp-content\/uploads\/2026\/04\/thuc-an-dinh-duong-cho-cho-meo-gel-virbac-nutri-plus_1.webp","width":800,"height":800},{"@type":"BreadcrumbList","@id":"https:\/\/beoshop.azdigi.shop\/index.php\/san-pham\/gel-dinh-duong-cho-cho-meo-virbac-nutri-plus-120g\/#breadcrumb","itemListElement":[{"@type":"ListItem","position":1,"name":"Trang ch\u1ee7","item":"https:\/\/beoshop.azdigi.shop\/"},{"@type":"ListItem","position":2,"name":"S\u1ea3n ph\u1ea9m","item":"https:\/\/beoshop.azdigi.shop\/index.php\/cua-hang__trashed\/"},{"@type":"ListItem","position":3,"name":"Gel Dinh D\u01b0\u1ee1ng Cho Ch\u00f3 M\u00e8o Virbac Nutri-Plus 120g"}]},{"@type":"WebSite","@id":"https:\/\/beoshop.azdigi.shop\/#website","url":"https:\/\/beoshop.azdigi.shop\/","name":"thucung123","description":"","publisher":{"@id":"https:\/\/beoshop.azdigi.shop\/#organization"},"potentialAction":[{"@type":"SearchAction","target":{"@type":"EntryPoint","urlTemplate":"https:\/\/beoshop.azdigi.shop\/?s={search_term_string}"},"query-input":{"@type":"PropertyValueSpecification","valueRequired":true,"valueName":"search_term_string"}}],"inLanguage":"vi"},{"@type":"Organization","@id":"https:\/\/beoshop.azdigi.shop\/#organization","name":"thucung123","url":"https:\/\/beoshop.azdigi.shop\/","logo":{"@type":"ImageObject","inLanguage":"vi","@id":"https:\/\/beoshop.azdigi.shop\/#\/schema\/logo\/image\/","url":"https:\/\/beoshop.azdigi.shop\/wp-content\/uploads\/2026\/03\/Black-and-White-Simple-Cat-Pet-Accessories-Logo.png","contentUrl":"https:\/\/beoshop.azdigi.shop\/wp-content\/uploads\/2026\/03\/Black-and-White-Simple-Cat-Pet-Accessories-Logo.png","width":2000,"height":2000,"caption":"thucung123"},"image":{"@id":"https:\/\/beoshop.azdigi.shop\/#\/schema\/logo\/image\/"}}]}},"brands":[],"_links":{"self":[{"href":"https:\/\/beoshop.azdigi.shop\/index.php\/wp-json\/wp\/v2\/product\/626","targetHints":{"allow":["GET"]}}],"collection":[{"href":"https:\/\/beoshop.azdigi.shop\/index.php\/wp-json\/wp\/v2\/product"}],"about":[{"href":"https:\/\/beoshop.azdigi.shop\/index.php\/wp-json\/wp\/v2\/types\/product"}],"replies":[{"embeddable":true,"href":"https:\/\/beoshop.azdigi.shop\/index.php\/wp-json\/wp\/v2\/comments?post=626"}],"wp:featuredmedia":[{"embeddable":true,"href":"https:\/\/beoshop.azdigi.shop\/index.php\/wp-json\/wp\/v2\/media\/627"}],"wp:attachment":[{"href":"https:\/\/beoshop.azdigi.shop\/index.php\/wp-json\/wp\/v2\/media?parent=626"}],"wp:term":[{"taxonomy":"pwb-brand","embeddable":true,"href":"https:\/\/beoshop.azdigi.shop\/index.php\/wp-json\/wp\/v2\/pwb-brand?post=626"},{"taxonomy":"product_brand","embeddable":true,"href":"https:\/\/beoshop.azdigi.shop\/index.php\/wp-json\/wp\/v2\/product_brand?post=626"},{"taxonomy":"product_cat","embeddable":true,"href":"https:\/\/beoshop.azdigi.shop\/index.php\/wp-json\/wp\/v2\/product_cat?post=626"},{"taxonomy":"product_tag","embeddable":true,"href":"https:\/\/beoshop.azdigi.shop\/index.php\/wp-json\/wp\/v2\/product_tag?post=626"}],"curies":[{"name":"wp","href":"https:\/\/api.w.org\/{rel}","templated":true}]}}