{"id":671,"date":"2026-04-18T18:11:42","date_gmt":"2026-04-18T18:11:42","guid":{"rendered":"https:\/\/beoshop.azdigi.shop\/?post_type=product&#038;p=671"},"modified":"2026-04-18T18:11:42","modified_gmt":"2026-04-18T18:11:42","slug":"sua-tam-thao-duoc-tri-ve-ran-cho-cho-budle-flea-tick-300g","status":"publish","type":"product","link":"https:\/\/beoshop.azdigi.shop\/index.php\/san-pham\/sua-tam-thao-duoc-tri-ve-ran-cho-cho-budle-flea-tick-300g\/","title":{"rendered":"S\u1eefa T\u1eafm Th\u1ea3o D\u01b0\u1ee3c Tr\u1ecb Ve R\u1eadn Cho Ch\u00f3 Budle Flea &#038; Tick 300g"},"content":{"rendered":"<div class=\"productView-moreItem\">\n<h1 class=\"productView-title\" style=\"text-align: center;\">S\u1eefa T\u1eafm Th\u1ea3o D\u01b0\u1ee3c Tr\u1ecb Ve R\u1eadn Cho Ch\u00f3<\/h1>\n<\/div>\n<div class=\"productView-moreItem\">\n<p>D\u1ea7u g\u1ed9i tr\u1ecb ve cho ch\u00f3 Budle&#8217;Budle Flea &amp; Tick Shampoo c\u00f3 th\u00e0nh ph\u1ea7n thi\u00ean nhi\u00ean d\u1ecbu nh\u1eb9, c\u00f9ng c\u00f4ng ngh\u1ec7 hi\u1ec7n \u0111\u1ea1i gi\u00fap \u0111\u00e1nh bay c\u00e1c lo\u1ea1i ve r\u1eadn tr\u00ean l\u00f4ng, b\u1ea3o v\u1ec7 s\u1ee9c kh\u1ecfe cho th\u00fa c\u01b0ng c\u1ee7a b\u1ea1n.<\/p>\n<h2>C\u00f4ng d\u1ee5ng<\/h2>\n<ul>\n<li>D\u1ea7u g\u1ed9i \u0111\u1eb7c tr\u1ecb c\u00e1c b\u1ec7nh v\u1ec1 da cho ch\u00f3<\/li>\n<li>K\u1ebft h\u1ee3p t\u1eeb 17 lo\u1ea1i th\u1ea3o d\u01b0\u1ee3c c\u1ed5 truy\u1ec1n ph\u01b0\u01a1ng \u0110\u00f4ng an to\u00e0n v\u00e0 l\u00e0nh t\u00ednh<\/li>\n<li>\u0110\u1ea9y l\u00f9i ve v\u00e0 b\u1ecd ch\u00e9t, c\u00e1c b\u1ec7nh vi\u00eam da, n\u1ea5m, g\u00e0u.<\/li>\n<li>Gi\u1ea3m thi\u1ec3u m\u00f9i h\u00f4i v\u00e0 t\u00e1i t\u1ea1o da, tr\u1ea3 l\u1ea1i cho th\u00fa c\u01b0ng m\u1ed9t l\u00e0n da kh\u1ecfe m\u1ea1nh v\u00e0 b\u1ed9 l\u00f4ng b\u00f3ng m\u01b0\u1ee3t.<\/li>\n<\/ul>\n<div id=\"eJOY__extension_root\" class=\"eJOY__extension_root_class\"><\/div>\n<div class=\"tab-showMore is-less\" data-letter=\"636\" data-des-max=\"500\"><\/div>\n<\/div>\n","protected":false},"excerpt":{"rendered":"<p>S\u1eefa T\u1eafm Th\u1ea3o D\u01b0\u1ee3c Tr\u1ecb Ve R\u1eadn Cho Ch\u00f3 D\u1ea7u g\u1ed9i tr\u1ecb ve cho ch\u00f3 Budle&#8217;Budle Flea &amp; Tick Shampoo c\u00f3 th\u00e0nh ph\u1ea7n thi\u00ean nhi\u00ean d\u1ecbu nh\u1eb9, c\u00f9ng c\u00f4ng ngh\u1ec7 hi\u1ec7n \u0111\u1ea1i gi\u00fap \u0111\u00e1nh bay c\u00e1c lo\u1ea1i ve r\u1eadn tr\u00ean l\u00f4ng, b\u1ea3o v\u1ec7 s\u1ee9c kh\u1ecfe cho th\u00fa c\u01b0ng c\u1ee7a b\u1ea1n. C\u00f4ng d\u1ee5ng D\u1ea7u g\u1ed9i \u0111\u1eb7c [&#8230;]\n","protected":false},"featured_media":672,"comment_status":"open","ping_status":"closed","template":"","meta":[],"pwb-brand":[],"product_brand":[],"product_cat":[19,20,28,30,34],"product_tag":[],"class_list":{"0":"post-671","1":"product","2":"type-product","3":"status-publish","4":"has-post-thumbnail","6":"product_cat-cham-soc-suc-khoe","7":"product_cat-cham-soc-ve-sinh","8":"product_cat-cho","9":"product_cat-dieu-tri","10":"product_cat-sua-tam-phu-kien-tam","12":"first","13":"instock","14":"sale","15":"shipping-taxable","16":"purchasable","17":"product-type-simple"},"yoast_head":"<!-- This site is optimized with the Yoast SEO plugin v27.1.1 - https:\/\/yoast.com\/product\/yoast-seo-wordpress\/ -->\n<title>S\u1eefa T\u1eafm Th\u1ea3o D\u01b0\u1ee3c Tr\u1ecb Ve R\u1eadn Cho Ch\u00f3 Budle Flea &amp; Tick 300g - thucung123<\/title>\n<meta name=\"description\" content=\"S\u1eefa T\u1eafm Th\u1ea3o D\u01b0\u1ee3c Tr\u1ecb Ve R\u1eadn Cho Ch\u00f3 Budle Flea &amp; Tick 300g\" \/>\n<meta name=\"robots\" content=\"index, follow, max-snippet:-1, max-image-preview:large, max-video-preview:-1\" \/>\n<link rel=\"canonical\" href=\"https:\/\/beoshop.azdigi.shop\/index.php\/san-pham\/sua-tam-thao-duoc-tri-ve-ran-cho-cho-budle-flea-tick-300g\/\" \/>\n<meta property=\"og:locale\" content=\"vi_VN\" \/>\n<meta property=\"og:type\" content=\"article\" \/>\n<meta property=\"og:title\" content=\"S\u1eefa T\u1eafm Th\u1ea3o D\u01b0\u1ee3c Tr\u1ecb Ve R\u1eadn Cho Ch\u00f3 Budle Flea &amp; Tick 300g - thucung123\" \/>\n<meta property=\"og:description\" content=\"S\u1eefa T\u1eafm Th\u1ea3o D\u01b0\u1ee3c Tr\u1ecb Ve R\u1eadn Cho Ch\u00f3 Budle Flea &amp; Tick 300g\" \/>\n<meta property=\"og:url\" content=\"https:\/\/beoshop.azdigi.shop\/index.php\/san-pham\/sua-tam-thao-duoc-tri-ve-ran-cho-cho-budle-flea-tick-300g\/\" \/>\n<meta property=\"og:site_name\" content=\"thucung123\" \/>\n<meta property=\"og:image\" content=\"https:\/\/beoshop.azdigi.shop\/wp-content\/uploads\/2026\/04\/sua-tam-ngua-ve-ran-thao-duoc-cho-cho-budle-flea-tick-300ml.webp\" \/>\n\t<meta property=\"og:image:width\" content=\"800\" \/>\n\t<meta property=\"og:image:height\" content=\"800\" \/>\n\t<meta property=\"og:image:type\" content=\"image\/webp\" \/>\n<meta name=\"twitter:card\" content=\"summary_large_image\" \/>\n<meta name=\"twitter:label1\" content=\"\u01af\u1edbc t\u00ednh th\u1eddi gian \u0111\u1ecdc\" \/>\n\t<meta name=\"twitter:data1\" content=\"1 ph\u00fat\" \/>\n<script type=\"application\/ld+json\" class=\"yoast-schema-graph\">{\"@context\":\"https:\/\/schema.org\",\"@graph\":[{\"@type\":\"WebPage\",\"@id\":\"https:\/\/beoshop.azdigi.shop\/index.php\/san-pham\/sua-tam-thao-duoc-tri-ve-ran-cho-cho-budle-flea-tick-300g\/\",\"url\":\"https:\/\/beoshop.azdigi.shop\/index.php\/san-pham\/sua-tam-thao-duoc-tri-ve-ran-cho-cho-budle-flea-tick-300g\/\",\"name\":\"S\u1eefa T\u1eafm Th\u1ea3o D\u01b0\u1ee3c Tr\u1ecb Ve R\u1eadn Cho Ch\u00f3 Budle Flea & Tick 300g - thucung123\",\"isPartOf\":{\"@id\":\"https:\/\/beoshop.azdigi.shop\/#website\"},\"primaryImageOfPage\":{\"@id\":\"https:\/\/beoshop.azdigi.shop\/index.php\/san-pham\/sua-tam-thao-duoc-tri-ve-ran-cho-cho-budle-flea-tick-300g\/#primaryimage\"},\"image\":{\"@id\":\"https:\/\/beoshop.azdigi.shop\/index.php\/san-pham\/sua-tam-thao-duoc-tri-ve-ran-cho-cho-budle-flea-tick-300g\/#primaryimage\"},\"thumbnailUrl\":\"https:\/\/beoshop.azdigi.shop\/wp-content\/uploads\/2026\/04\/sua-tam-ngua-ve-ran-thao-duoc-cho-cho-budle-flea-tick-300ml.webp\",\"datePublished\":\"2026-04-18T18:11:42+00:00\",\"description\":\"S\u1eefa T\u1eafm Th\u1ea3o D\u01b0\u1ee3c Tr\u1ecb Ve R\u1eadn Cho Ch\u00f3 Budle Flea & Tick 300g\",\"breadcrumb\":{\"@id\":\"https:\/\/beoshop.azdigi.shop\/index.php\/san-pham\/sua-tam-thao-duoc-tri-ve-ran-cho-cho-budle-flea-tick-300g\/#breadcrumb\"},\"inLanguage\":\"vi\",\"potentialAction\":[{\"@type\":\"ReadAction\",\"target\":[\"https:\/\/beoshop.azdigi.shop\/index.php\/san-pham\/sua-tam-thao-duoc-tri-ve-ran-cho-cho-budle-flea-tick-300g\/\"]}]},{\"@type\":\"ImageObject\",\"inLanguage\":\"vi\",\"@id\":\"https:\/\/beoshop.azdigi.shop\/index.php\/san-pham\/sua-tam-thao-duoc-tri-ve-ran-cho-cho-budle-flea-tick-300g\/#primaryimage\",\"url\":\"https:\/\/beoshop.azdigi.shop\/wp-content\/uploads\/2026\/04\/sua-tam-ngua-ve-ran-thao-duoc-cho-cho-budle-flea-tick-300ml.webp\",\"contentUrl\":\"https:\/\/beoshop.azdigi.shop\/wp-content\/uploads\/2026\/04\/sua-tam-ngua-ve-ran-thao-duoc-cho-cho-budle-flea-tick-300ml.webp\",\"width\":800,\"height\":800},{\"@type\":\"BreadcrumbList\",\"@id\":\"https:\/\/beoshop.azdigi.shop\/index.php\/san-pham\/sua-tam-thao-duoc-tri-ve-ran-cho-cho-budle-flea-tick-300g\/#breadcrumb\",\"itemListElement\":[{\"@type\":\"ListItem\",\"position\":1,\"name\":\"Trang ch\u1ee7\",\"item\":\"https:\/\/beoshop.azdigi.shop\/\"},{\"@type\":\"ListItem\",\"position\":2,\"name\":\"S\u1ea3n ph\u1ea9m\",\"item\":\"https:\/\/beoshop.azdigi.shop\/index.php\/cua-hang__trashed\/\"},{\"@type\":\"ListItem\",\"position\":3,\"name\":\"S\u1eefa T\u1eafm Th\u1ea3o D\u01b0\u1ee3c Tr\u1ecb Ve R\u1eadn Cho Ch\u00f3 Budle Flea &#038; Tick 300g\"}]},{\"@type\":\"WebSite\",\"@id\":\"https:\/\/beoshop.azdigi.shop\/#website\",\"url\":\"https:\/\/beoshop.azdigi.shop\/\",\"name\":\"thucung123\",\"description\":\"\",\"publisher\":{\"@id\":\"https:\/\/beoshop.azdigi.shop\/#organization\"},\"potentialAction\":[{\"@type\":\"SearchAction\",\"target\":{\"@type\":\"EntryPoint\",\"urlTemplate\":\"https:\/\/beoshop.azdigi.shop\/?s={search_term_string}\"},\"query-input\":{\"@type\":\"PropertyValueSpecification\",\"valueRequired\":true,\"valueName\":\"search_term_string\"}}],\"inLanguage\":\"vi\"},{\"@type\":\"Organization\",\"@id\":\"https:\/\/beoshop.azdigi.shop\/#organization\",\"name\":\"thucung123\",\"url\":\"https:\/\/beoshop.azdigi.shop\/\",\"logo\":{\"@type\":\"ImageObject\",\"inLanguage\":\"vi\",\"@id\":\"https:\/\/beoshop.azdigi.shop\/#\/schema\/logo\/image\/\",\"url\":\"https:\/\/beoshop.azdigi.shop\/wp-content\/uploads\/2026\/03\/Black-and-White-Simple-Cat-Pet-Accessories-Logo.png\",\"contentUrl\":\"https:\/\/beoshop.azdigi.shop\/wp-content\/uploads\/2026\/03\/Black-and-White-Simple-Cat-Pet-Accessories-Logo.png\",\"width\":2000,\"height\":2000,\"caption\":\"thucung123\"},\"image\":{\"@id\":\"https:\/\/beoshop.azdigi.shop\/#\/schema\/logo\/image\/\"}}]}<\/script>\n<!-- \/ Yoast SEO plugin. -->","yoast_head_json":{"title":"S\u1eefa T\u1eafm Th\u1ea3o D\u01b0\u1ee3c Tr\u1ecb Ve R\u1eadn Cho Ch\u00f3 Budle Flea & Tick 300g - thucung123","description":"S\u1eefa T\u1eafm Th\u1ea3o D\u01b0\u1ee3c Tr\u1ecb Ve R\u1eadn Cho Ch\u00f3 Budle Flea & Tick 300g","robots":{"index":"index","follow":"follow","max-snippet":"max-snippet:-1","max-image-preview":"max-image-preview:large","max-video-preview":"max-video-preview:-1"},"canonical":"https:\/\/beoshop.azdigi.shop\/index.php\/san-pham\/sua-tam-thao-duoc-tri-ve-ran-cho-cho-budle-flea-tick-300g\/","og_locale":"vi_VN","og_type":"article","og_title":"S\u1eefa T\u1eafm Th\u1ea3o D\u01b0\u1ee3c Tr\u1ecb Ve R\u1eadn Cho Ch\u00f3 Budle Flea & Tick 300g - thucung123","og_description":"S\u1eefa T\u1eafm Th\u1ea3o D\u01b0\u1ee3c Tr\u1ecb Ve R\u1eadn Cho Ch\u00f3 Budle Flea & Tick 300g","og_url":"https:\/\/beoshop.azdigi.shop\/index.php\/san-pham\/sua-tam-thao-duoc-tri-ve-ran-cho-cho-budle-flea-tick-300g\/","og_site_name":"thucung123","og_image":[{"width":800,"height":800,"url":"https:\/\/beoshop.azdigi.shop\/wp-content\/uploads\/2026\/04\/sua-tam-ngua-ve-ran-thao-duoc-cho-cho-budle-flea-tick-300ml.webp","type":"image\/webp"}],"twitter_card":"summary_large_image","twitter_misc":{"\u01af\u1edbc t\u00ednh th\u1eddi gian \u0111\u1ecdc":"1 ph\u00fat"},"schema":{"@context":"https:\/\/schema.org","@graph":[{"@type":"WebPage","@id":"https:\/\/beoshop.azdigi.shop\/index.php\/san-pham\/sua-tam-thao-duoc-tri-ve-ran-cho-cho-budle-flea-tick-300g\/","url":"https:\/\/beoshop.azdigi.shop\/index.php\/san-pham\/sua-tam-thao-duoc-tri-ve-ran-cho-cho-budle-flea-tick-300g\/","name":"S\u1eefa T\u1eafm Th\u1ea3o D\u01b0\u1ee3c Tr\u1ecb Ve R\u1eadn Cho Ch\u00f3 Budle Flea & Tick 300g - thucung123","isPartOf":{"@id":"https:\/\/beoshop.azdigi.shop\/#website"},"primaryImageOfPage":{"@id":"https:\/\/beoshop.azdigi.shop\/index.php\/san-pham\/sua-tam-thao-duoc-tri-ve-ran-cho-cho-budle-flea-tick-300g\/#primaryimage"},"image":{"@id":"https:\/\/beoshop.azdigi.shop\/index.php\/san-pham\/sua-tam-thao-duoc-tri-ve-ran-cho-cho-budle-flea-tick-300g\/#primaryimage"},"thumbnailUrl":"https:\/\/beoshop.azdigi.shop\/wp-content\/uploads\/2026\/04\/sua-tam-ngua-ve-ran-thao-duoc-cho-cho-budle-flea-tick-300ml.webp","datePublished":"2026-04-18T18:11:42+00:00","description":"S\u1eefa T\u1eafm Th\u1ea3o D\u01b0\u1ee3c Tr\u1ecb Ve R\u1eadn Cho Ch\u00f3 Budle Flea & Tick 300g","breadcrumb":{"@id":"https:\/\/beoshop.azdigi.shop\/index.php\/san-pham\/sua-tam-thao-duoc-tri-ve-ran-cho-cho-budle-flea-tick-300g\/#breadcrumb"},"inLanguage":"vi","potentialAction":[{"@type":"ReadAction","target":["https:\/\/beoshop.azdigi.shop\/index.php\/san-pham\/sua-tam-thao-duoc-tri-ve-ran-cho-cho-budle-flea-tick-300g\/"]}]},{"@type":"ImageObject","inLanguage":"vi","@id":"https:\/\/beoshop.azdigi.shop\/index.php\/san-pham\/sua-tam-thao-duoc-tri-ve-ran-cho-cho-budle-flea-tick-300g\/#primaryimage","url":"https:\/\/beoshop.azdigi.shop\/wp-content\/uploads\/2026\/04\/sua-tam-ngua-ve-ran-thao-duoc-cho-cho-budle-flea-tick-300ml.webp","contentUrl":"https:\/\/beoshop.azdigi.shop\/wp-content\/uploads\/2026\/04\/sua-tam-ngua-ve-ran-thao-duoc-cho-cho-budle-flea-tick-300ml.webp","width":800,"height":800},{"@type":"BreadcrumbList","@id":"https:\/\/beoshop.azdigi.shop\/index.php\/san-pham\/sua-tam-thao-duoc-tri-ve-ran-cho-cho-budle-flea-tick-300g\/#breadcrumb","itemListElement":[{"@type":"ListItem","position":1,"name":"Trang ch\u1ee7","item":"https:\/\/beoshop.azdigi.shop\/"},{"@type":"ListItem","position":2,"name":"S\u1ea3n ph\u1ea9m","item":"https:\/\/beoshop.azdigi.shop\/index.php\/cua-hang__trashed\/"},{"@type":"ListItem","position":3,"name":"S\u1eefa T\u1eafm Th\u1ea3o D\u01b0\u1ee3c Tr\u1ecb Ve R\u1eadn Cho Ch\u00f3 Budle Flea &#038; Tick 300g"}]},{"@type":"WebSite","@id":"https:\/\/beoshop.azdigi.shop\/#website","url":"https:\/\/beoshop.azdigi.shop\/","name":"thucung123","description":"","publisher":{"@id":"https:\/\/beoshop.azdigi.shop\/#organization"},"potentialAction":[{"@type":"SearchAction","target":{"@type":"EntryPoint","urlTemplate":"https:\/\/beoshop.azdigi.shop\/?s={search_term_string}"},"query-input":{"@type":"PropertyValueSpecification","valueRequired":true,"valueName":"search_term_string"}}],"inLanguage":"vi"},{"@type":"Organization","@id":"https:\/\/beoshop.azdigi.shop\/#organization","name":"thucung123","url":"https:\/\/beoshop.azdigi.shop\/","logo":{"@type":"ImageObject","inLanguage":"vi","@id":"https:\/\/beoshop.azdigi.shop\/#\/schema\/logo\/image\/","url":"https:\/\/beoshop.azdigi.shop\/wp-content\/uploads\/2026\/03\/Black-and-White-Simple-Cat-Pet-Accessories-Logo.png","contentUrl":"https:\/\/beoshop.azdigi.shop\/wp-content\/uploads\/2026\/03\/Black-and-White-Simple-Cat-Pet-Accessories-Logo.png","width":2000,"height":2000,"caption":"thucung123"},"image":{"@id":"https:\/\/beoshop.azdigi.shop\/#\/schema\/logo\/image\/"}}]}},"brands":[],"_links":{"self":[{"href":"https:\/\/beoshop.azdigi.shop\/index.php\/wp-json\/wp\/v2\/product\/671","targetHints":{"allow":["GET"]}}],"collection":[{"href":"https:\/\/beoshop.azdigi.shop\/index.php\/wp-json\/wp\/v2\/product"}],"about":[{"href":"https:\/\/beoshop.azdigi.shop\/index.php\/wp-json\/wp\/v2\/types\/product"}],"replies":[{"embeddable":true,"href":"https:\/\/beoshop.azdigi.shop\/index.php\/wp-json\/wp\/v2\/comments?post=671"}],"wp:featuredmedia":[{"embeddable":true,"href":"https:\/\/beoshop.azdigi.shop\/index.php\/wp-json\/wp\/v2\/media\/672"}],"wp:attachment":[{"href":"https:\/\/beoshop.azdigi.shop\/index.php\/wp-json\/wp\/v2\/media?parent=671"}],"wp:term":[{"taxonomy":"pwb-brand","embeddable":true,"href":"https:\/\/beoshop.azdigi.shop\/index.php\/wp-json\/wp\/v2\/pwb-brand?post=671"},{"taxonomy":"product_brand","embeddable":true,"href":"https:\/\/beoshop.azdigi.shop\/index.php\/wp-json\/wp\/v2\/product_brand?post=671"},{"taxonomy":"product_cat","embeddable":true,"href":"https:\/\/beoshop.azdigi.shop\/index.php\/wp-json\/wp\/v2\/product_cat?post=671"},{"taxonomy":"product_tag","embeddable":true,"href":"https:\/\/beoshop.azdigi.shop\/index.php\/wp-json\/wp\/v2\/product_tag?post=671"}],"curies":[{"name":"wp","href":"https:\/\/api.w.org\/{rel}","templated":true}]}}