{"id":680,"date":"2026-04-18T18:25:51","date_gmt":"2026-04-18T18:25:51","guid":{"rendered":"https:\/\/beoshop.azdigi.shop\/?post_type=product&#038;p=680"},"modified":"2026-04-19T11:52:38","modified_gmt":"2026-04-19T11:52:38","slug":"xo-giun-virbac-endogard-cho-cho-1-vien-10kg","status":"publish","type":"product","link":"https:\/\/beoshop.azdigi.shop\/index.php\/san-pham\/xo-giun-virbac-endogard-cho-cho-1-vien-10kg\/","title":{"rendered":"X\u1ed5 Giun Virbac Endogard Cho Ch\u00f3 (1 vi\u00ean 10kg)"},"content":{"rendered":"<p><strong>L\u01b0u \u00fd:<\/strong>\u00a0<em>An to\u00e0n khi s\u1eed d\u1ee5ng cho t\u1ea5t c\u1ea3 c\u00e1c gi\u1ed1ng ch\u00f3 v\u00e0 l\u1ee9a tu\u1ed5i: c\u00f3 th\u1ec3 d\u00f9ng cho ch\u00f3 con, ch\u00f3 \u0111ang mang thai v\u00e0 nh\u1eefng gi\u1ed1ng ch\u00f3 nh\u1ea1y c\u1ea3m nh\u01b0 ch\u00f3 ch\u0103n c\u1eebu, ch\u00f3 Collie.<\/em><\/p>\n<div class=\"tab-showMore is-less\" data-letter=\"354\" data-des-max=\"500\"><\/div>\n","protected":false},"excerpt":{"rendered":"<p>X\u1ed5 Giun Virbac Endogard Cho Ch\u00f3 (1 vi\u00ean 10kg)<\/p>\n","protected":false},"featured_media":681,"comment_status":"open","ping_status":"closed","template":"","meta":[],"pwb-brand":[],"product_brand":[],"product_cat":[19,28,31],"product_tag":[],"class_list":{"0":"post-680","1":"product","2":"type-product","3":"status-publish","4":"has-post-thumbnail","6":"product_cat-cham-soc-suc-khoe","7":"product_cat-cho","8":"product_cat-thuc-pham-chuc-nang","10":"first","11":"instock","12":"shipping-taxable","13":"purchasable","14":"product-type-simple"},"yoast_head":"<!-- This site is optimized with the Yoast SEO plugin v27.1.1 - https:\/\/yoast.com\/product\/yoast-seo-wordpress\/ -->\n<title>X\u1ed5 Giun Virbac Endogard Cho Ch\u00f3 (1 vi\u00ean 10kg) - thucung123<\/title>\n<meta name=\"description\" content=\"X\u1ed5 Giun Virbac Endogard Cho Ch\u00f3\" \/>\n<meta name=\"robots\" content=\"index, follow, max-snippet:-1, max-image-preview:large, max-video-preview:-1\" \/>\n<link rel=\"canonical\" href=\"https:\/\/beoshop.azdigi.shop\/index.php\/san-pham\/xo-giun-virbac-endogard-cho-cho-1-vien-10kg\/\" \/>\n<meta property=\"og:locale\" content=\"vi_VN\" \/>\n<meta property=\"og:type\" content=\"article\" \/>\n<meta property=\"og:title\" content=\"X\u1ed5 Giun Virbac Endogard Cho Ch\u00f3 (1 vi\u00ean 10kg) - thucung123\" \/>\n<meta property=\"og:description\" content=\"X\u1ed5 Giun Virbac Endogard Cho Ch\u00f3\" \/>\n<meta property=\"og:url\" content=\"https:\/\/beoshop.azdigi.shop\/index.php\/san-pham\/xo-giun-virbac-endogard-cho-cho-1-vien-10kg\/\" \/>\n<meta property=\"og:site_name\" content=\"thucung123\" \/>\n<meta property=\"article:modified_time\" content=\"2026-04-19T11:52:38+00:00\" \/>\n<meta property=\"og:image\" content=\"https:\/\/beoshop.azdigi.shop\/wp-content\/uploads\/2026\/04\/xo-giun-cho-virbac-endogard.webp\" \/>\n\t<meta property=\"og:image:width\" content=\"1000\" \/>\n\t<meta property=\"og:image:height\" content=\"1000\" \/>\n\t<meta property=\"og:image:type\" content=\"image\/webp\" \/>\n<meta name=\"twitter:card\" content=\"summary_large_image\" \/>\n<meta name=\"twitter:label1\" content=\"\u01af\u1edbc t\u00ednh th\u1eddi gian \u0111\u1ecdc\" \/>\n\t<meta name=\"twitter:data1\" content=\"1 ph\u00fat\" \/>\n<script type=\"application\/ld+json\" class=\"yoast-schema-graph\">{\"@context\":\"https:\/\/schema.org\",\"@graph\":[{\"@type\":\"WebPage\",\"@id\":\"https:\/\/beoshop.azdigi.shop\/index.php\/san-pham\/xo-giun-virbac-endogard-cho-cho-1-vien-10kg\/\",\"url\":\"https:\/\/beoshop.azdigi.shop\/index.php\/san-pham\/xo-giun-virbac-endogard-cho-cho-1-vien-10kg\/\",\"name\":\"X\u1ed5 Giun Virbac Endogard Cho Ch\u00f3 (1 vi\u00ean 10kg) - thucung123\",\"isPartOf\":{\"@id\":\"https:\/\/beoshop.azdigi.shop\/#website\"},\"primaryImageOfPage\":{\"@id\":\"https:\/\/beoshop.azdigi.shop\/index.php\/san-pham\/xo-giun-virbac-endogard-cho-cho-1-vien-10kg\/#primaryimage\"},\"image\":{\"@id\":\"https:\/\/beoshop.azdigi.shop\/index.php\/san-pham\/xo-giun-virbac-endogard-cho-cho-1-vien-10kg\/#primaryimage\"},\"thumbnailUrl\":\"https:\/\/beoshop.azdigi.shop\/wp-content\/uploads\/2026\/04\/xo-giun-cho-virbac-endogard.webp\",\"datePublished\":\"2026-04-18T18:25:51+00:00\",\"dateModified\":\"2026-04-19T11:52:38+00:00\",\"description\":\"X\u1ed5 Giun Virbac Endogard Cho Ch\u00f3\",\"breadcrumb\":{\"@id\":\"https:\/\/beoshop.azdigi.shop\/index.php\/san-pham\/xo-giun-virbac-endogard-cho-cho-1-vien-10kg\/#breadcrumb\"},\"inLanguage\":\"vi\",\"potentialAction\":[{\"@type\":\"ReadAction\",\"target\":[\"https:\/\/beoshop.azdigi.shop\/index.php\/san-pham\/xo-giun-virbac-endogard-cho-cho-1-vien-10kg\/\"]}]},{\"@type\":\"ImageObject\",\"inLanguage\":\"vi\",\"@id\":\"https:\/\/beoshop.azdigi.shop\/index.php\/san-pham\/xo-giun-virbac-endogard-cho-cho-1-vien-10kg\/#primaryimage\",\"url\":\"https:\/\/beoshop.azdigi.shop\/wp-content\/uploads\/2026\/04\/xo-giun-cho-virbac-endogard.webp\",\"contentUrl\":\"https:\/\/beoshop.azdigi.shop\/wp-content\/uploads\/2026\/04\/xo-giun-cho-virbac-endogard.webp\",\"width\":1000,\"height\":1000},{\"@type\":\"BreadcrumbList\",\"@id\":\"https:\/\/beoshop.azdigi.shop\/index.php\/san-pham\/xo-giun-virbac-endogard-cho-cho-1-vien-10kg\/#breadcrumb\",\"itemListElement\":[{\"@type\":\"ListItem\",\"position\":1,\"name\":\"Trang ch\u1ee7\",\"item\":\"https:\/\/beoshop.azdigi.shop\/\"},{\"@type\":\"ListItem\",\"position\":2,\"name\":\"S\u1ea3n ph\u1ea9m\",\"item\":\"https:\/\/beoshop.azdigi.shop\/index.php\/cua-hang__trashed\/\"},{\"@type\":\"ListItem\",\"position\":3,\"name\":\"X\u1ed5 Giun Virbac Endogard Cho Ch\u00f3 (1 vi\u00ean 10kg)\"}]},{\"@type\":\"WebSite\",\"@id\":\"https:\/\/beoshop.azdigi.shop\/#website\",\"url\":\"https:\/\/beoshop.azdigi.shop\/\",\"name\":\"thucung123\",\"description\":\"\",\"publisher\":{\"@id\":\"https:\/\/beoshop.azdigi.shop\/#organization\"},\"potentialAction\":[{\"@type\":\"SearchAction\",\"target\":{\"@type\":\"EntryPoint\",\"urlTemplate\":\"https:\/\/beoshop.azdigi.shop\/?s={search_term_string}\"},\"query-input\":{\"@type\":\"PropertyValueSpecification\",\"valueRequired\":true,\"valueName\":\"search_term_string\"}}],\"inLanguage\":\"vi\"},{\"@type\":\"Organization\",\"@id\":\"https:\/\/beoshop.azdigi.shop\/#organization\",\"name\":\"thucung123\",\"url\":\"https:\/\/beoshop.azdigi.shop\/\",\"logo\":{\"@type\":\"ImageObject\",\"inLanguage\":\"vi\",\"@id\":\"https:\/\/beoshop.azdigi.shop\/#\/schema\/logo\/image\/\",\"url\":\"https:\/\/beoshop.azdigi.shop\/wp-content\/uploads\/2026\/03\/Black-and-White-Simple-Cat-Pet-Accessories-Logo.png\",\"contentUrl\":\"https:\/\/beoshop.azdigi.shop\/wp-content\/uploads\/2026\/03\/Black-and-White-Simple-Cat-Pet-Accessories-Logo.png\",\"width\":2000,\"height\":2000,\"caption\":\"thucung123\"},\"image\":{\"@id\":\"https:\/\/beoshop.azdigi.shop\/#\/schema\/logo\/image\/\"}}]}<\/script>\n<!-- \/ Yoast SEO plugin. -->","yoast_head_json":{"title":"X\u1ed5 Giun Virbac Endogard Cho Ch\u00f3 (1 vi\u00ean 10kg) - thucung123","description":"X\u1ed5 Giun Virbac Endogard Cho Ch\u00f3","robots":{"index":"index","follow":"follow","max-snippet":"max-snippet:-1","max-image-preview":"max-image-preview:large","max-video-preview":"max-video-preview:-1"},"canonical":"https:\/\/beoshop.azdigi.shop\/index.php\/san-pham\/xo-giun-virbac-endogard-cho-cho-1-vien-10kg\/","og_locale":"vi_VN","og_type":"article","og_title":"X\u1ed5 Giun Virbac Endogard Cho Ch\u00f3 (1 vi\u00ean 10kg) - thucung123","og_description":"X\u1ed5 Giun Virbac Endogard Cho Ch\u00f3","og_url":"https:\/\/beoshop.azdigi.shop\/index.php\/san-pham\/xo-giun-virbac-endogard-cho-cho-1-vien-10kg\/","og_site_name":"thucung123","article_modified_time":"2026-04-19T11:52:38+00:00","og_image":[{"width":1000,"height":1000,"url":"https:\/\/beoshop.azdigi.shop\/wp-content\/uploads\/2026\/04\/xo-giun-cho-virbac-endogard.webp","type":"image\/webp"}],"twitter_card":"summary_large_image","twitter_misc":{"\u01af\u1edbc t\u00ednh th\u1eddi gian \u0111\u1ecdc":"1 ph\u00fat"},"schema":{"@context":"https:\/\/schema.org","@graph":[{"@type":"WebPage","@id":"https:\/\/beoshop.azdigi.shop\/index.php\/san-pham\/xo-giun-virbac-endogard-cho-cho-1-vien-10kg\/","url":"https:\/\/beoshop.azdigi.shop\/index.php\/san-pham\/xo-giun-virbac-endogard-cho-cho-1-vien-10kg\/","name":"X\u1ed5 Giun Virbac Endogard Cho Ch\u00f3 (1 vi\u00ean 10kg) - thucung123","isPartOf":{"@id":"https:\/\/beoshop.azdigi.shop\/#website"},"primaryImageOfPage":{"@id":"https:\/\/beoshop.azdigi.shop\/index.php\/san-pham\/xo-giun-virbac-endogard-cho-cho-1-vien-10kg\/#primaryimage"},"image":{"@id":"https:\/\/beoshop.azdigi.shop\/index.php\/san-pham\/xo-giun-virbac-endogard-cho-cho-1-vien-10kg\/#primaryimage"},"thumbnailUrl":"https:\/\/beoshop.azdigi.shop\/wp-content\/uploads\/2026\/04\/xo-giun-cho-virbac-endogard.webp","datePublished":"2026-04-18T18:25:51+00:00","dateModified":"2026-04-19T11:52:38+00:00","description":"X\u1ed5 Giun Virbac Endogard Cho Ch\u00f3","breadcrumb":{"@id":"https:\/\/beoshop.azdigi.shop\/index.php\/san-pham\/xo-giun-virbac-endogard-cho-cho-1-vien-10kg\/#breadcrumb"},"inLanguage":"vi","potentialAction":[{"@type":"ReadAction","target":["https:\/\/beoshop.azdigi.shop\/index.php\/san-pham\/xo-giun-virbac-endogard-cho-cho-1-vien-10kg\/"]}]},{"@type":"ImageObject","inLanguage":"vi","@id":"https:\/\/beoshop.azdigi.shop\/index.php\/san-pham\/xo-giun-virbac-endogard-cho-cho-1-vien-10kg\/#primaryimage","url":"https:\/\/beoshop.azdigi.shop\/wp-content\/uploads\/2026\/04\/xo-giun-cho-virbac-endogard.webp","contentUrl":"https:\/\/beoshop.azdigi.shop\/wp-content\/uploads\/2026\/04\/xo-giun-cho-virbac-endogard.webp","width":1000,"height":1000},{"@type":"BreadcrumbList","@id":"https:\/\/beoshop.azdigi.shop\/index.php\/san-pham\/xo-giun-virbac-endogard-cho-cho-1-vien-10kg\/#breadcrumb","itemListElement":[{"@type":"ListItem","position":1,"name":"Trang ch\u1ee7","item":"https:\/\/beoshop.azdigi.shop\/"},{"@type":"ListItem","position":2,"name":"S\u1ea3n ph\u1ea9m","item":"https:\/\/beoshop.azdigi.shop\/index.php\/cua-hang__trashed\/"},{"@type":"ListItem","position":3,"name":"X\u1ed5 Giun Virbac Endogard Cho Ch\u00f3 (1 vi\u00ean 10kg)"}]},{"@type":"WebSite","@id":"https:\/\/beoshop.azdigi.shop\/#website","url":"https:\/\/beoshop.azdigi.shop\/","name":"thucung123","description":"","publisher":{"@id":"https:\/\/beoshop.azdigi.shop\/#organization"},"potentialAction":[{"@type":"SearchAction","target":{"@type":"EntryPoint","urlTemplate":"https:\/\/beoshop.azdigi.shop\/?s={search_term_string}"},"query-input":{"@type":"PropertyValueSpecification","valueRequired":true,"valueName":"search_term_string"}}],"inLanguage":"vi"},{"@type":"Organization","@id":"https:\/\/beoshop.azdigi.shop\/#organization","name":"thucung123","url":"https:\/\/beoshop.azdigi.shop\/","logo":{"@type":"ImageObject","inLanguage":"vi","@id":"https:\/\/beoshop.azdigi.shop\/#\/schema\/logo\/image\/","url":"https:\/\/beoshop.azdigi.shop\/wp-content\/uploads\/2026\/03\/Black-and-White-Simple-Cat-Pet-Accessories-Logo.png","contentUrl":"https:\/\/beoshop.azdigi.shop\/wp-content\/uploads\/2026\/03\/Black-and-White-Simple-Cat-Pet-Accessories-Logo.png","width":2000,"height":2000,"caption":"thucung123"},"image":{"@id":"https:\/\/beoshop.azdigi.shop\/#\/schema\/logo\/image\/"}}]}},"brands":[],"_links":{"self":[{"href":"https:\/\/beoshop.azdigi.shop\/index.php\/wp-json\/wp\/v2\/product\/680","targetHints":{"allow":["GET"]}}],"collection":[{"href":"https:\/\/beoshop.azdigi.shop\/index.php\/wp-json\/wp\/v2\/product"}],"about":[{"href":"https:\/\/beoshop.azdigi.shop\/index.php\/wp-json\/wp\/v2\/types\/product"}],"replies":[{"embeddable":true,"href":"https:\/\/beoshop.azdigi.shop\/index.php\/wp-json\/wp\/v2\/comments?post=680"}],"wp:featuredmedia":[{"embeddable":true,"href":"https:\/\/beoshop.azdigi.shop\/index.php\/wp-json\/wp\/v2\/media\/681"}],"wp:attachment":[{"href":"https:\/\/beoshop.azdigi.shop\/index.php\/wp-json\/wp\/v2\/media?parent=680"}],"wp:term":[{"taxonomy":"pwb-brand","embeddable":true,"href":"https:\/\/beoshop.azdigi.shop\/index.php\/wp-json\/wp\/v2\/pwb-brand?post=680"},{"taxonomy":"product_brand","embeddable":true,"href":"https:\/\/beoshop.azdigi.shop\/index.php\/wp-json\/wp\/v2\/product_brand?post=680"},{"taxonomy":"product_cat","embeddable":true,"href":"https:\/\/beoshop.azdigi.shop\/index.php\/wp-json\/wp\/v2\/product_cat?post=680"},{"taxonomy":"product_tag","embeddable":true,"href":"https:\/\/beoshop.azdigi.shop\/index.php\/wp-json\/wp\/v2\/product_tag?post=680"}],"curies":[{"name":"wp","href":"https:\/\/api.w.org\/{rel}","templated":true}]}}