{"id":682,"date":"2026-04-18T18:30:13","date_gmt":"2026-04-18T18:30:13","guid":{"rendered":"https:\/\/beoshop.azdigi.shop\/?post_type=product&#038;p=682"},"modified":"2026-04-19T11:50:20","modified_gmt":"2026-04-19T11:50:20","slug":"dung-dich-tri-viem-tai-cho-meo-virbac-dexoryl-10g","status":"publish","type":"product","link":"https:\/\/beoshop.azdigi.shop\/index.php\/san-pham\/dung-dich-tri-viem-tai-cho-meo-virbac-dexoryl-10g\/","title":{"rendered":"Dung D\u1ecbch Tr\u1ecb Vi\u00eam Tai Ch\u00f3 M\u00e8o Virbac Dexoryl 10g"},"content":{"rendered":"<h1>Dung D\u1ecbch Vi\u00eam Tai Ch\u00f3 M\u00e8o Virbac Dexoryl 10g<\/h1>\n<p>L\u00e0 dung d\u1ecbch nh\u1ecf tai d\u1ea1ng d\u1ea7u d\u00e0nh cho c\u00fan, m\u00e8o gi\u00fap Tr\u1ecb vi\u00eam tai ch\u00f3, Tr\u1ecb n\u1ea5m tai ch\u00f3, Tr\u1ecb nhi\u1ec5m tr\u00f9ng tai ch\u00f3 m\u00e8o<\/p>\n<h2>1. Th\u00e0nh Ph\u1ea7n<\/h2>\n<p>&#8211; Deroxyl Gentamycin sulfate\u2026\u2026\u2026\u2026\u2026\u2026\u2026\u2026\u2026\u2026\u2026\u2026\u2026\u2026..3mg<br \/>\n&#8211; Thiabendazole\u2026\u2026\u2026\u2026\u2026\u2026..\u2026\u2026\u2026\u2026\u2026\u2026\u2026\u2026\u2026\u202640mg<br \/>\n&#8211; Dexamethasone acetate\u2026\u2026\u2026\u2026\u2026\u2026\u2026\u2026&#8230;0.903mg<br \/>\n&#8211; T\u00e1 d\u01b0\u1ee3c\u2026\u2026\u2026\u2026\u2026\u2026\u2026\u2026\u2026\u2026\u2026\u2026\u2026\u2026\u2026\u2026\u2026\u2026 v\u1eeba \u0111\u1ee7 1g<\/p>\n<p>Dexoryl l\u00e0 s\u1ea3n ph\u1ea9m huy\u1ec5n d\u1ecbch n\u00e2u c\u00f3 ch\u1ee9a Gentamycinho\u1ea1t \u0111\u1ed9ng ch\u1ed1ng l\u1ea1i vi khu\u1ea9n Gram \u00e2m, \u0111\u1eb7c bi\u1ec7t l\u00e0 Psedomonas v\u00e0 Staphylococcus spp, Thiabendazole, c\u00f3 kh\u1ea3 n\u0103ng di\u1ec7t n\u1ea5m m\u1ea1nh \u0111\u1ed3ng th\u1eddi c\u00f9ng c\u00f3 t\u00e1c \u0111\u1ed9ng di\u1ec7t ve gh\u1ebb Dexamethasone l\u00e0 1 ch\u1ea5t kh\u00e1ng vi\u00eam m\u1ea1nh.<\/p>\n<p>\u1ede d\u1ea1ng huy\u1ec5n d\u1ecbch n\u00e2u Dexoryl cho ph\u00e9p khu\u1ebfch t\u00e1n c\u00e1c ho\u1ea1t ch\u1ea5t t\u1ed1t h\u01a1n v\u00e0o c\u00e1c tuy\u1ebfn nh\u1eddn \u1edf \u1ed1ng tai.<\/p>\n<h2>2. C\u00e1ch d\u00f9ng<\/h2>\n<p>Lau s\u1ea1ch tai, nh\u1ecf dexoryl tr\u1ef1c ti\u1ebfp v\u00e0o \u1ed1ng tai, \u0111\u1eb7t b\u00f4ng g\u00f2n b\u00ean ngo\u00e0i \u0111\u1ec3 th\u1ea5m ph\u1ea7n dung d\u1ecbch b\u1ecb tr\u00e0n ra, lau l\u1ea1i tai v\u1edbi b\u00f4ng th\u1ea5m n\u00e0y. Nh\u1eb9 nh\u00e0ng xoa b\u00f3p tai cho ch\u00f3, m\u00e8o sau khi nh\u1ecf thu\u1ed1c \u0111\u1ec3 thu\u1ed1c khu\u1ebfch t\u00e1n v\u00e0o tai t\u1ed1t h\u01a1n.<\/p>\n<p>&nbsp;<\/p>\n<h2>3. Li\u1ec1u D\u00f9ng<\/h2>\n<p>Nh\u1ecf 0.5ml(kho\u1ea3ng 3-4 gi\u1ecdt) cho m\u1ed7i b\u00ean tai, m\u1ed7i ng\u00e0y 2 l\u1ea7n.<br \/>\nTrong tr\u01b0\u1eddng h\u1ee3p b\u1ecb n\u1eb7ng d\u00f9ng li\u00ean t\u1ee5c 7 ng\u00e0y<\/p>\n<h2>4: L\u01b0u \u00fd<\/h2>\n<p>L\u1eafc k\u1ef9 tr\u01b0\u1edbc khi d\u00f9ng.<br \/>\nN\u01a1i kh\u00f4 m\u00e1t, tr\u00e1nh \u00e1nh s\u00e1ng tr\u1ef1c ti\u1ebfp<\/p>\n<p>S\u1ea2N XU\u1ea4T: VIRBAC \u2013 PH\u00c1P<\/p>\n","protected":false},"excerpt":{"rendered":"<p>Dung D\u1ecbch Tr\u1ecb Vi\u00eam Tai Ch\u00f3 M\u00e8o Virbac Dexoryl 10g<\/p>\n","protected":false},"featured_media":683,"comment_status":"open","ping_status":"closed","template":"","meta":[],"pwb-brand":[],"product_brand":[],"product_cat":[19,28,30,60,39,31,59,33,64],"product_tag":[],"class_list":{"0":"post-682","1":"product","2":"type-product","3":"status-publish","4":"has-post-thumbnail","6":"product_cat-cham-soc-suc-khoe","7":"product_cat-cho","8":"product_cat-dieu-tri","9":"product_cat-dieu-tri-meo","10":"product_cat-meo","11":"product_cat-thuc-pham-chuc-nang","12":"product_cat-thuc-pham-chuc-nang-meo","13":"product_cat-ve-sinh-tai-mat","14":"product_cat-ve-sinh-tai-mat-meo","16":"first","17":"instock","18":"shipping-taxable","19":"purchasable","20":"product-type-simple"},"yoast_head":"<!-- This site is optimized with the Yoast SEO plugin v27.1.1 - https:\/\/yoast.com\/product\/yoast-seo-wordpress\/ -->\n<title>Dung D\u1ecbch Tr\u1ecb Vi\u00eam Tai Ch\u00f3 M\u00e8o Virbac Dexoryl 10g - thucung123<\/title>\n<meta name=\"robots\" content=\"index, follow, max-snippet:-1, max-image-preview:large, max-video-preview:-1\" \/>\n<link rel=\"canonical\" href=\"https:\/\/beoshop.azdigi.shop\/index.php\/san-pham\/dung-dich-tri-viem-tai-cho-meo-virbac-dexoryl-10g\/\" \/>\n<meta property=\"og:locale\" content=\"vi_VN\" \/>\n<meta property=\"og:type\" content=\"article\" \/>\n<meta property=\"og:title\" content=\"Dung D\u1ecbch Tr\u1ecb Vi\u00eam Tai Ch\u00f3 M\u00e8o Virbac Dexoryl 10g - thucung123\" \/>\n<meta property=\"og:description\" content=\"Dung D\u1ecbch Tr\u1ecb Vi\u00eam Tai Ch\u00f3 M\u00e8o Virbac Dexoryl 10g\" \/>\n<meta property=\"og:url\" content=\"https:\/\/beoshop.azdigi.shop\/index.php\/san-pham\/dung-dich-tri-viem-tai-cho-meo-virbac-dexoryl-10g\/\" \/>\n<meta property=\"og:site_name\" content=\"thucung123\" \/>\n<meta property=\"article:modified_time\" content=\"2026-04-19T11:50:20+00:00\" \/>\n<meta property=\"og:image\" content=\"https:\/\/beoshop.azdigi.shop\/wp-content\/uploads\/2026\/04\/thuoc-nho-mat-cho-meo-virbac-dexory.webp\" \/>\n\t<meta property=\"og:image:width\" content=\"1000\" \/>\n\t<meta property=\"og:image:height\" content=\"1000\" \/>\n\t<meta property=\"og:image:type\" content=\"image\/webp\" \/>\n<meta name=\"twitter:card\" content=\"summary_large_image\" \/>\n<meta name=\"twitter:label1\" content=\"\u01af\u1edbc t\u00ednh th\u1eddi gian \u0111\u1ecdc\" \/>\n\t<meta name=\"twitter:data1\" content=\"2 ph\u00fat\" \/>\n<script type=\"application\/ld+json\" class=\"yoast-schema-graph\">{\"@context\":\"https:\/\/schema.org\",\"@graph\":[{\"@type\":\"WebPage\",\"@id\":\"https:\/\/beoshop.azdigi.shop\/index.php\/san-pham\/dung-dich-tri-viem-tai-cho-meo-virbac-dexoryl-10g\/\",\"url\":\"https:\/\/beoshop.azdigi.shop\/index.php\/san-pham\/dung-dich-tri-viem-tai-cho-meo-virbac-dexoryl-10g\/\",\"name\":\"Dung D\u1ecbch Tr\u1ecb Vi\u00eam Tai Ch\u00f3 M\u00e8o Virbac Dexoryl 10g - thucung123\",\"isPartOf\":{\"@id\":\"https:\/\/beoshop.azdigi.shop\/#website\"},\"primaryImageOfPage\":{\"@id\":\"https:\/\/beoshop.azdigi.shop\/index.php\/san-pham\/dung-dich-tri-viem-tai-cho-meo-virbac-dexoryl-10g\/#primaryimage\"},\"image\":{\"@id\":\"https:\/\/beoshop.azdigi.shop\/index.php\/san-pham\/dung-dich-tri-viem-tai-cho-meo-virbac-dexoryl-10g\/#primaryimage\"},\"thumbnailUrl\":\"https:\/\/beoshop.azdigi.shop\/wp-content\/uploads\/2026\/04\/thuoc-nho-mat-cho-meo-virbac-dexory.webp\",\"datePublished\":\"2026-04-18T18:30:13+00:00\",\"dateModified\":\"2026-04-19T11:50:20+00:00\",\"breadcrumb\":{\"@id\":\"https:\/\/beoshop.azdigi.shop\/index.php\/san-pham\/dung-dich-tri-viem-tai-cho-meo-virbac-dexoryl-10g\/#breadcrumb\"},\"inLanguage\":\"vi\",\"potentialAction\":[{\"@type\":\"ReadAction\",\"target\":[\"https:\/\/beoshop.azdigi.shop\/index.php\/san-pham\/dung-dich-tri-viem-tai-cho-meo-virbac-dexoryl-10g\/\"]}]},{\"@type\":\"ImageObject\",\"inLanguage\":\"vi\",\"@id\":\"https:\/\/beoshop.azdigi.shop\/index.php\/san-pham\/dung-dich-tri-viem-tai-cho-meo-virbac-dexoryl-10g\/#primaryimage\",\"url\":\"https:\/\/beoshop.azdigi.shop\/wp-content\/uploads\/2026\/04\/thuoc-nho-mat-cho-meo-virbac-dexory.webp\",\"contentUrl\":\"https:\/\/beoshop.azdigi.shop\/wp-content\/uploads\/2026\/04\/thuoc-nho-mat-cho-meo-virbac-dexory.webp\",\"width\":1000,\"height\":1000},{\"@type\":\"BreadcrumbList\",\"@id\":\"https:\/\/beoshop.azdigi.shop\/index.php\/san-pham\/dung-dich-tri-viem-tai-cho-meo-virbac-dexoryl-10g\/#breadcrumb\",\"itemListElement\":[{\"@type\":\"ListItem\",\"position\":1,\"name\":\"Trang ch\u1ee7\",\"item\":\"https:\/\/beoshop.azdigi.shop\/\"},{\"@type\":\"ListItem\",\"position\":2,\"name\":\"S\u1ea3n ph\u1ea9m\",\"item\":\"https:\/\/beoshop.azdigi.shop\/index.php\/cua-hang__trashed\/\"},{\"@type\":\"ListItem\",\"position\":3,\"name\":\"Dung D\u1ecbch Tr\u1ecb Vi\u00eam Tai Ch\u00f3 M\u00e8o Virbac Dexoryl 10g\"}]},{\"@type\":\"WebSite\",\"@id\":\"https:\/\/beoshop.azdigi.shop\/#website\",\"url\":\"https:\/\/beoshop.azdigi.shop\/\",\"name\":\"thucung123\",\"description\":\"\",\"publisher\":{\"@id\":\"https:\/\/beoshop.azdigi.shop\/#organization\"},\"potentialAction\":[{\"@type\":\"SearchAction\",\"target\":{\"@type\":\"EntryPoint\",\"urlTemplate\":\"https:\/\/beoshop.azdigi.shop\/?s={search_term_string}\"},\"query-input\":{\"@type\":\"PropertyValueSpecification\",\"valueRequired\":true,\"valueName\":\"search_term_string\"}}],\"inLanguage\":\"vi\"},{\"@type\":\"Organization\",\"@id\":\"https:\/\/beoshop.azdigi.shop\/#organization\",\"name\":\"thucung123\",\"url\":\"https:\/\/beoshop.azdigi.shop\/\",\"logo\":{\"@type\":\"ImageObject\",\"inLanguage\":\"vi\",\"@id\":\"https:\/\/beoshop.azdigi.shop\/#\/schema\/logo\/image\/\",\"url\":\"https:\/\/beoshop.azdigi.shop\/wp-content\/uploads\/2026\/03\/Black-and-White-Simple-Cat-Pet-Accessories-Logo.png\",\"contentUrl\":\"https:\/\/beoshop.azdigi.shop\/wp-content\/uploads\/2026\/03\/Black-and-White-Simple-Cat-Pet-Accessories-Logo.png\",\"width\":2000,\"height\":2000,\"caption\":\"thucung123\"},\"image\":{\"@id\":\"https:\/\/beoshop.azdigi.shop\/#\/schema\/logo\/image\/\"}}]}<\/script>\n<!-- \/ Yoast SEO plugin. -->","yoast_head_json":{"title":"Dung D\u1ecbch Tr\u1ecb Vi\u00eam Tai Ch\u00f3 M\u00e8o Virbac Dexoryl 10g - thucung123","robots":{"index":"index","follow":"follow","max-snippet":"max-snippet:-1","max-image-preview":"max-image-preview:large","max-video-preview":"max-video-preview:-1"},"canonical":"https:\/\/beoshop.azdigi.shop\/index.php\/san-pham\/dung-dich-tri-viem-tai-cho-meo-virbac-dexoryl-10g\/","og_locale":"vi_VN","og_type":"article","og_title":"Dung D\u1ecbch Tr\u1ecb Vi\u00eam Tai Ch\u00f3 M\u00e8o Virbac Dexoryl 10g - thucung123","og_description":"Dung D\u1ecbch Tr\u1ecb Vi\u00eam Tai Ch\u00f3 M\u00e8o Virbac Dexoryl 10g","og_url":"https:\/\/beoshop.azdigi.shop\/index.php\/san-pham\/dung-dich-tri-viem-tai-cho-meo-virbac-dexoryl-10g\/","og_site_name":"thucung123","article_modified_time":"2026-04-19T11:50:20+00:00","og_image":[{"width":1000,"height":1000,"url":"https:\/\/beoshop.azdigi.shop\/wp-content\/uploads\/2026\/04\/thuoc-nho-mat-cho-meo-virbac-dexory.webp","type":"image\/webp"}],"twitter_card":"summary_large_image","twitter_misc":{"\u01af\u1edbc t\u00ednh th\u1eddi gian \u0111\u1ecdc":"2 ph\u00fat"},"schema":{"@context":"https:\/\/schema.org","@graph":[{"@type":"WebPage","@id":"https:\/\/beoshop.azdigi.shop\/index.php\/san-pham\/dung-dich-tri-viem-tai-cho-meo-virbac-dexoryl-10g\/","url":"https:\/\/beoshop.azdigi.shop\/index.php\/san-pham\/dung-dich-tri-viem-tai-cho-meo-virbac-dexoryl-10g\/","name":"Dung D\u1ecbch Tr\u1ecb Vi\u00eam Tai Ch\u00f3 M\u00e8o Virbac Dexoryl 10g - thucung123","isPartOf":{"@id":"https:\/\/beoshop.azdigi.shop\/#website"},"primaryImageOfPage":{"@id":"https:\/\/beoshop.azdigi.shop\/index.php\/san-pham\/dung-dich-tri-viem-tai-cho-meo-virbac-dexoryl-10g\/#primaryimage"},"image":{"@id":"https:\/\/beoshop.azdigi.shop\/index.php\/san-pham\/dung-dich-tri-viem-tai-cho-meo-virbac-dexoryl-10g\/#primaryimage"},"thumbnailUrl":"https:\/\/beoshop.azdigi.shop\/wp-content\/uploads\/2026\/04\/thuoc-nho-mat-cho-meo-virbac-dexory.webp","datePublished":"2026-04-18T18:30:13+00:00","dateModified":"2026-04-19T11:50:20+00:00","breadcrumb":{"@id":"https:\/\/beoshop.azdigi.shop\/index.php\/san-pham\/dung-dich-tri-viem-tai-cho-meo-virbac-dexoryl-10g\/#breadcrumb"},"inLanguage":"vi","potentialAction":[{"@type":"ReadAction","target":["https:\/\/beoshop.azdigi.shop\/index.php\/san-pham\/dung-dich-tri-viem-tai-cho-meo-virbac-dexoryl-10g\/"]}]},{"@type":"ImageObject","inLanguage":"vi","@id":"https:\/\/beoshop.azdigi.shop\/index.php\/san-pham\/dung-dich-tri-viem-tai-cho-meo-virbac-dexoryl-10g\/#primaryimage","url":"https:\/\/beoshop.azdigi.shop\/wp-content\/uploads\/2026\/04\/thuoc-nho-mat-cho-meo-virbac-dexory.webp","contentUrl":"https:\/\/beoshop.azdigi.shop\/wp-content\/uploads\/2026\/04\/thuoc-nho-mat-cho-meo-virbac-dexory.webp","width":1000,"height":1000},{"@type":"BreadcrumbList","@id":"https:\/\/beoshop.azdigi.shop\/index.php\/san-pham\/dung-dich-tri-viem-tai-cho-meo-virbac-dexoryl-10g\/#breadcrumb","itemListElement":[{"@type":"ListItem","position":1,"name":"Trang ch\u1ee7","item":"https:\/\/beoshop.azdigi.shop\/"},{"@type":"ListItem","position":2,"name":"S\u1ea3n ph\u1ea9m","item":"https:\/\/beoshop.azdigi.shop\/index.php\/cua-hang__trashed\/"},{"@type":"ListItem","position":3,"name":"Dung D\u1ecbch Tr\u1ecb Vi\u00eam Tai Ch\u00f3 M\u00e8o Virbac Dexoryl 10g"}]},{"@type":"WebSite","@id":"https:\/\/beoshop.azdigi.shop\/#website","url":"https:\/\/beoshop.azdigi.shop\/","name":"thucung123","description":"","publisher":{"@id":"https:\/\/beoshop.azdigi.shop\/#organization"},"potentialAction":[{"@type":"SearchAction","target":{"@type":"EntryPoint","urlTemplate":"https:\/\/beoshop.azdigi.shop\/?s={search_term_string}"},"query-input":{"@type":"PropertyValueSpecification","valueRequired":true,"valueName":"search_term_string"}}],"inLanguage":"vi"},{"@type":"Organization","@id":"https:\/\/beoshop.azdigi.shop\/#organization","name":"thucung123","url":"https:\/\/beoshop.azdigi.shop\/","logo":{"@type":"ImageObject","inLanguage":"vi","@id":"https:\/\/beoshop.azdigi.shop\/#\/schema\/logo\/image\/","url":"https:\/\/beoshop.azdigi.shop\/wp-content\/uploads\/2026\/03\/Black-and-White-Simple-Cat-Pet-Accessories-Logo.png","contentUrl":"https:\/\/beoshop.azdigi.shop\/wp-content\/uploads\/2026\/03\/Black-and-White-Simple-Cat-Pet-Accessories-Logo.png","width":2000,"height":2000,"caption":"thucung123"},"image":{"@id":"https:\/\/beoshop.azdigi.shop\/#\/schema\/logo\/image\/"}}]}},"brands":[],"_links":{"self":[{"href":"https:\/\/beoshop.azdigi.shop\/index.php\/wp-json\/wp\/v2\/product\/682","targetHints":{"allow":["GET"]}}],"collection":[{"href":"https:\/\/beoshop.azdigi.shop\/index.php\/wp-json\/wp\/v2\/product"}],"about":[{"href":"https:\/\/beoshop.azdigi.shop\/index.php\/wp-json\/wp\/v2\/types\/product"}],"replies":[{"embeddable":true,"href":"https:\/\/beoshop.azdigi.shop\/index.php\/wp-json\/wp\/v2\/comments?post=682"}],"wp:featuredmedia":[{"embeddable":true,"href":"https:\/\/beoshop.azdigi.shop\/index.php\/wp-json\/wp\/v2\/media\/683"}],"wp:attachment":[{"href":"https:\/\/beoshop.azdigi.shop\/index.php\/wp-json\/wp\/v2\/media?parent=682"}],"wp:term":[{"taxonomy":"pwb-brand","embeddable":true,"href":"https:\/\/beoshop.azdigi.shop\/index.php\/wp-json\/wp\/v2\/pwb-brand?post=682"},{"taxonomy":"product_brand","embeddable":true,"href":"https:\/\/beoshop.azdigi.shop\/index.php\/wp-json\/wp\/v2\/product_brand?post=682"},{"taxonomy":"product_cat","embeddable":true,"href":"https:\/\/beoshop.azdigi.shop\/index.php\/wp-json\/wp\/v2\/product_cat?post=682"},{"taxonomy":"product_tag","embeddable":true,"href":"https:\/\/beoshop.azdigi.shop\/index.php\/wp-json\/wp\/v2\/product_tag?post=682"}],"curies":[{"name":"wp","href":"https:\/\/api.w.org\/{rel}","templated":true}]}}