{"id":686,"date":"2026-04-18T18:37:19","date_gmt":"2026-04-18T18:37:19","guid":{"rendered":"https:\/\/beoshop.azdigi.shop\/?post_type=product&#038;p=686"},"modified":"2026-04-19T11:45:12","modified_gmt":"2026-04-19T11:45:12","slug":"phan-tam-kho-cho-meo-ultracoat-dry-shampoo-100g","status":"publish","type":"product","link":"https:\/\/beoshop.azdigi.shop\/index.php\/san-pham\/phan-tam-kho-cho-meo-ultracoat-dry-shampoo-100g\/","title":{"rendered":"Ph\u1ea5n T\u1eafm Kh\u00f4 Ch\u00f3 M\u00e8o Ultracoat Dry Shampoo 100g"},"content":{"rendered":"<h1 style=\"text-align: center;\"><strong>Ph\u1ea5n Naturalpet Ultracoat 100g<\/strong><\/h1>\n<h2>C\u00d4NG D\u1ee4NG:<\/h2>\n<p>&#8211; Kh\u1eed m\u00f9i h\u00f4i tr\u00ean da v\u00e0 l\u00f4ng. Gi\u00fap gi\u1eef c\u01a1 th\u1ec3 th\u01a1m tho, s\u1ea1ch s\u1ebd m\u00e0 kh\u00f4ng c\u1ea7n t\u1eafm l\u1ea1i b\u1eb1ng n\u01b0\u1edbc.<br \/>\n&#8211; S\u1ea1ch ve r\u1eadn<br \/>\n&#8211; B\u1ea3o v\u1ec7 da, l\u00f4ng kho\u1ebb m\u1ea1nh, ph\u00f2ng ng\u1eeba c\u00e1c nguy c\u01a1 nhi\u1ec5m khu\u1ea9n.<br \/>\n&#8211; \u0110\u1eb7c bi\u1ec7t ti\u1ec7n l\u1ee3i trong m\u00f9a \u0111\u00f4ng, \u0111\u1ed1i v\u1edbi ch\u00f3, m\u00e8o ch\u01b0a quen ho\u1eb7c s\u1ee3 t\u1eafm b\u1eb1ng n\u01b0\u1edbc, ho\u1eb7c ch\u00f3 m\u00e8o \u0111ang b\u1ecb \u1ed1m kh\u00f4ng t\u1eafm \u0111\u01b0\u1ee3c b\u1eb1ng n\u01b0\u1edbc.<\/p>\n<h2>C\u00c1CH D\u00d9NG:<\/h2>\n<p>&#8211; R\u1eafc l\u1edbp ph\u1ea5n m\u1ecfng l\u00ean c\u01a1 th\u1ec3 th\u00fa c\u01b0ng v\u00e0 thoa \u0111\u1ec1u s\u1ea3n ph\u1ea9m l\u00ean da, \u0111\u1eb7c bi\u1ec7t xung quanh m\u00f3ng v\u00e0 k\u1ebb gi\u1eefa c\u00e1c ng\u00f3n ch\u00e2n.<br \/>\n&#8211; Sau m\u1ed9t gi\u1edd, ch\u1ea3i l\u00f4ng cho ve, r\u1eadn v\u00e0 b\u1ecd ch\u00e9t r\u01a1i ra, r\u1ed3i l\u00e0m s\u1ea1ch m\u1ed9t l\u1ea7n n\u1eefa \u0111\u1ec3 kh\u00f4ng c\u00f2n s\u1ea3n ph\u1ea9m d\u01b0 th\u1eeba tr\u00ean c\u01a1 th\u1ec3 th\u00fa c\u01b0ng.<\/p>\n<p>&nbsp;<\/p>\n","protected":false},"excerpt":{"rendered":"<p>Ph\u1ea5n T\u1eafm Kh\u00f4 Ch\u00f3 M\u00e8o Ultracoat Dry Shampoo 100g<\/p>\n","protected":false},"featured_media":687,"comment_status":"open","ping_status":"closed","template":"","meta":[],"pwb-brand":[],"product_brand":[],"product_cat":[57,19,61,20,28,39,62,34,31],"product_tag":[],"class_list":{"0":"post-686","1":"product","2":"type-product","3":"status-publish","4":"has-post-thumbnail","6":"product_cat-cham-soc-suc-khoe-meo","7":"product_cat-cham-soc-suc-khoe","8":"product_cat-cham-soc-ve-sinh-meo","9":"product_cat-cham-soc-ve-sinh","10":"product_cat-cho","11":"product_cat-meo","12":"product_cat-sua-tam-phu-kien-tam-meo","13":"product_cat-sua-tam-phu-kien-tam","14":"product_cat-thuc-pham-chuc-nang","16":"first","17":"instock","18":"shipping-taxable","19":"purchasable","20":"product-type-simple"},"yoast_head":"<!-- This site is optimized with the Yoast SEO plugin v27.1.1 - https:\/\/yoast.com\/product\/yoast-seo-wordpress\/ -->\n<title>Ph\u1ea5n T\u1eafm Kh\u00f4 Ch\u00f3 M\u00e8o Ultracoat Dry Shampoo 100g - thucung123<\/title>\n<meta name=\"description\" content=\"Ph\u1ea5n T\u1eafm Kh\u00f4 Ch\u00f3 M\u00e8o Ultracoat Dry Shampoo 100g\" \/>\n<meta name=\"robots\" content=\"index, follow, max-snippet:-1, max-image-preview:large, max-video-preview:-1\" \/>\n<link rel=\"canonical\" href=\"https:\/\/beoshop.azdigi.shop\/index.php\/san-pham\/phan-tam-kho-cho-meo-ultracoat-dry-shampoo-100g\/\" \/>\n<meta property=\"og:locale\" content=\"vi_VN\" \/>\n<meta property=\"og:type\" content=\"article\" \/>\n<meta property=\"og:title\" content=\"Ph\u1ea5n T\u1eafm Kh\u00f4 Ch\u00f3 M\u00e8o Ultracoat Dry Shampoo 100g - thucung123\" \/>\n<meta property=\"og:description\" content=\"Ph\u1ea5n T\u1eafm Kh\u00f4 Ch\u00f3 M\u00e8o Ultracoat Dry Shampoo 100g\" \/>\n<meta property=\"og:url\" content=\"https:\/\/beoshop.azdigi.shop\/index.php\/san-pham\/phan-tam-kho-cho-meo-ultracoat-dry-shampoo-100g\/\" \/>\n<meta property=\"og:site_name\" content=\"thucung123\" \/>\n<meta property=\"article:modified_time\" content=\"2026-04-19T11:45:12+00:00\" \/>\n<meta property=\"og:image\" content=\"https:\/\/beoshop.azdigi.shop\/wp-content\/uploads\/2026\/04\/phan-tam-kho-cho-meo-ultracoat-dry-shampoo-100g.webp\" \/>\n\t<meta property=\"og:image:width\" content=\"800\" \/>\n\t<meta property=\"og:image:height\" content=\"800\" \/>\n\t<meta property=\"og:image:type\" content=\"image\/webp\" \/>\n<meta name=\"twitter:card\" content=\"summary_large_image\" \/>\n<meta name=\"twitter:label1\" content=\"\u01af\u1edbc t\u00ednh th\u1eddi gian \u0111\u1ecdc\" \/>\n\t<meta name=\"twitter:data1\" content=\"1 ph\u00fat\" \/>\n<script type=\"application\/ld+json\" class=\"yoast-schema-graph\">{\"@context\":\"https:\/\/schema.org\",\"@graph\":[{\"@type\":\"WebPage\",\"@id\":\"https:\/\/beoshop.azdigi.shop\/index.php\/san-pham\/phan-tam-kho-cho-meo-ultracoat-dry-shampoo-100g\/\",\"url\":\"https:\/\/beoshop.azdigi.shop\/index.php\/san-pham\/phan-tam-kho-cho-meo-ultracoat-dry-shampoo-100g\/\",\"name\":\"Ph\u1ea5n T\u1eafm Kh\u00f4 Ch\u00f3 M\u00e8o Ultracoat Dry Shampoo 100g - thucung123\",\"isPartOf\":{\"@id\":\"https:\/\/beoshop.azdigi.shop\/#website\"},\"primaryImageOfPage\":{\"@id\":\"https:\/\/beoshop.azdigi.shop\/index.php\/san-pham\/phan-tam-kho-cho-meo-ultracoat-dry-shampoo-100g\/#primaryimage\"},\"image\":{\"@id\":\"https:\/\/beoshop.azdigi.shop\/index.php\/san-pham\/phan-tam-kho-cho-meo-ultracoat-dry-shampoo-100g\/#primaryimage\"},\"thumbnailUrl\":\"https:\/\/beoshop.azdigi.shop\/wp-content\/uploads\/2026\/04\/phan-tam-kho-cho-meo-ultracoat-dry-shampoo-100g.webp\",\"datePublished\":\"2026-04-18T18:37:19+00:00\",\"dateModified\":\"2026-04-19T11:45:12+00:00\",\"description\":\"Ph\u1ea5n T\u1eafm Kh\u00f4 Ch\u00f3 M\u00e8o Ultracoat Dry Shampoo 100g\",\"breadcrumb\":{\"@id\":\"https:\/\/beoshop.azdigi.shop\/index.php\/san-pham\/phan-tam-kho-cho-meo-ultracoat-dry-shampoo-100g\/#breadcrumb\"},\"inLanguage\":\"vi\",\"potentialAction\":[{\"@type\":\"ReadAction\",\"target\":[\"https:\/\/beoshop.azdigi.shop\/index.php\/san-pham\/phan-tam-kho-cho-meo-ultracoat-dry-shampoo-100g\/\"]}]},{\"@type\":\"ImageObject\",\"inLanguage\":\"vi\",\"@id\":\"https:\/\/beoshop.azdigi.shop\/index.php\/san-pham\/phan-tam-kho-cho-meo-ultracoat-dry-shampoo-100g\/#primaryimage\",\"url\":\"https:\/\/beoshop.azdigi.shop\/wp-content\/uploads\/2026\/04\/phan-tam-kho-cho-meo-ultracoat-dry-shampoo-100g.webp\",\"contentUrl\":\"https:\/\/beoshop.azdigi.shop\/wp-content\/uploads\/2026\/04\/phan-tam-kho-cho-meo-ultracoat-dry-shampoo-100g.webp\",\"width\":800,\"height\":800},{\"@type\":\"BreadcrumbList\",\"@id\":\"https:\/\/beoshop.azdigi.shop\/index.php\/san-pham\/phan-tam-kho-cho-meo-ultracoat-dry-shampoo-100g\/#breadcrumb\",\"itemListElement\":[{\"@type\":\"ListItem\",\"position\":1,\"name\":\"Trang ch\u1ee7\",\"item\":\"https:\/\/beoshop.azdigi.shop\/\"},{\"@type\":\"ListItem\",\"position\":2,\"name\":\"S\u1ea3n ph\u1ea9m\",\"item\":\"https:\/\/beoshop.azdigi.shop\/index.php\/cua-hang__trashed\/\"},{\"@type\":\"ListItem\",\"position\":3,\"name\":\"Ph\u1ea5n T\u1eafm Kh\u00f4 Ch\u00f3 M\u00e8o Ultracoat Dry Shampoo 100g\"}]},{\"@type\":\"WebSite\",\"@id\":\"https:\/\/beoshop.azdigi.shop\/#website\",\"url\":\"https:\/\/beoshop.azdigi.shop\/\",\"name\":\"thucung123\",\"description\":\"\",\"publisher\":{\"@id\":\"https:\/\/beoshop.azdigi.shop\/#organization\"},\"potentialAction\":[{\"@type\":\"SearchAction\",\"target\":{\"@type\":\"EntryPoint\",\"urlTemplate\":\"https:\/\/beoshop.azdigi.shop\/?s={search_term_string}\"},\"query-input\":{\"@type\":\"PropertyValueSpecification\",\"valueRequired\":true,\"valueName\":\"search_term_string\"}}],\"inLanguage\":\"vi\"},{\"@type\":\"Organization\",\"@id\":\"https:\/\/beoshop.azdigi.shop\/#organization\",\"name\":\"thucung123\",\"url\":\"https:\/\/beoshop.azdigi.shop\/\",\"logo\":{\"@type\":\"ImageObject\",\"inLanguage\":\"vi\",\"@id\":\"https:\/\/beoshop.azdigi.shop\/#\/schema\/logo\/image\/\",\"url\":\"https:\/\/beoshop.azdigi.shop\/wp-content\/uploads\/2026\/03\/Black-and-White-Simple-Cat-Pet-Accessories-Logo.png\",\"contentUrl\":\"https:\/\/beoshop.azdigi.shop\/wp-content\/uploads\/2026\/03\/Black-and-White-Simple-Cat-Pet-Accessories-Logo.png\",\"width\":2000,\"height\":2000,\"caption\":\"thucung123\"},\"image\":{\"@id\":\"https:\/\/beoshop.azdigi.shop\/#\/schema\/logo\/image\/\"}}]}<\/script>\n<!-- \/ Yoast SEO plugin. -->","yoast_head_json":{"title":"Ph\u1ea5n T\u1eafm Kh\u00f4 Ch\u00f3 M\u00e8o Ultracoat Dry Shampoo 100g - thucung123","description":"Ph\u1ea5n T\u1eafm Kh\u00f4 Ch\u00f3 M\u00e8o Ultracoat Dry Shampoo 100g","robots":{"index":"index","follow":"follow","max-snippet":"max-snippet:-1","max-image-preview":"max-image-preview:large","max-video-preview":"max-video-preview:-1"},"canonical":"https:\/\/beoshop.azdigi.shop\/index.php\/san-pham\/phan-tam-kho-cho-meo-ultracoat-dry-shampoo-100g\/","og_locale":"vi_VN","og_type":"article","og_title":"Ph\u1ea5n T\u1eafm Kh\u00f4 Ch\u00f3 M\u00e8o Ultracoat Dry Shampoo 100g - thucung123","og_description":"Ph\u1ea5n T\u1eafm Kh\u00f4 Ch\u00f3 M\u00e8o Ultracoat Dry Shampoo 100g","og_url":"https:\/\/beoshop.azdigi.shop\/index.php\/san-pham\/phan-tam-kho-cho-meo-ultracoat-dry-shampoo-100g\/","og_site_name":"thucung123","article_modified_time":"2026-04-19T11:45:12+00:00","og_image":[{"width":800,"height":800,"url":"https:\/\/beoshop.azdigi.shop\/wp-content\/uploads\/2026\/04\/phan-tam-kho-cho-meo-ultracoat-dry-shampoo-100g.webp","type":"image\/webp"}],"twitter_card":"summary_large_image","twitter_misc":{"\u01af\u1edbc t\u00ednh th\u1eddi gian \u0111\u1ecdc":"1 ph\u00fat"},"schema":{"@context":"https:\/\/schema.org","@graph":[{"@type":"WebPage","@id":"https:\/\/beoshop.azdigi.shop\/index.php\/san-pham\/phan-tam-kho-cho-meo-ultracoat-dry-shampoo-100g\/","url":"https:\/\/beoshop.azdigi.shop\/index.php\/san-pham\/phan-tam-kho-cho-meo-ultracoat-dry-shampoo-100g\/","name":"Ph\u1ea5n T\u1eafm Kh\u00f4 Ch\u00f3 M\u00e8o Ultracoat Dry Shampoo 100g - thucung123","isPartOf":{"@id":"https:\/\/beoshop.azdigi.shop\/#website"},"primaryImageOfPage":{"@id":"https:\/\/beoshop.azdigi.shop\/index.php\/san-pham\/phan-tam-kho-cho-meo-ultracoat-dry-shampoo-100g\/#primaryimage"},"image":{"@id":"https:\/\/beoshop.azdigi.shop\/index.php\/san-pham\/phan-tam-kho-cho-meo-ultracoat-dry-shampoo-100g\/#primaryimage"},"thumbnailUrl":"https:\/\/beoshop.azdigi.shop\/wp-content\/uploads\/2026\/04\/phan-tam-kho-cho-meo-ultracoat-dry-shampoo-100g.webp","datePublished":"2026-04-18T18:37:19+00:00","dateModified":"2026-04-19T11:45:12+00:00","description":"Ph\u1ea5n T\u1eafm Kh\u00f4 Ch\u00f3 M\u00e8o Ultracoat Dry Shampoo 100g","breadcrumb":{"@id":"https:\/\/beoshop.azdigi.shop\/index.php\/san-pham\/phan-tam-kho-cho-meo-ultracoat-dry-shampoo-100g\/#breadcrumb"},"inLanguage":"vi","potentialAction":[{"@type":"ReadAction","target":["https:\/\/beoshop.azdigi.shop\/index.php\/san-pham\/phan-tam-kho-cho-meo-ultracoat-dry-shampoo-100g\/"]}]},{"@type":"ImageObject","inLanguage":"vi","@id":"https:\/\/beoshop.azdigi.shop\/index.php\/san-pham\/phan-tam-kho-cho-meo-ultracoat-dry-shampoo-100g\/#primaryimage","url":"https:\/\/beoshop.azdigi.shop\/wp-content\/uploads\/2026\/04\/phan-tam-kho-cho-meo-ultracoat-dry-shampoo-100g.webp","contentUrl":"https:\/\/beoshop.azdigi.shop\/wp-content\/uploads\/2026\/04\/phan-tam-kho-cho-meo-ultracoat-dry-shampoo-100g.webp","width":800,"height":800},{"@type":"BreadcrumbList","@id":"https:\/\/beoshop.azdigi.shop\/index.php\/san-pham\/phan-tam-kho-cho-meo-ultracoat-dry-shampoo-100g\/#breadcrumb","itemListElement":[{"@type":"ListItem","position":1,"name":"Trang ch\u1ee7","item":"https:\/\/beoshop.azdigi.shop\/"},{"@type":"ListItem","position":2,"name":"S\u1ea3n ph\u1ea9m","item":"https:\/\/beoshop.azdigi.shop\/index.php\/cua-hang__trashed\/"},{"@type":"ListItem","position":3,"name":"Ph\u1ea5n T\u1eafm Kh\u00f4 Ch\u00f3 M\u00e8o Ultracoat Dry Shampoo 100g"}]},{"@type":"WebSite","@id":"https:\/\/beoshop.azdigi.shop\/#website","url":"https:\/\/beoshop.azdigi.shop\/","name":"thucung123","description":"","publisher":{"@id":"https:\/\/beoshop.azdigi.shop\/#organization"},"potentialAction":[{"@type":"SearchAction","target":{"@type":"EntryPoint","urlTemplate":"https:\/\/beoshop.azdigi.shop\/?s={search_term_string}"},"query-input":{"@type":"PropertyValueSpecification","valueRequired":true,"valueName":"search_term_string"}}],"inLanguage":"vi"},{"@type":"Organization","@id":"https:\/\/beoshop.azdigi.shop\/#organization","name":"thucung123","url":"https:\/\/beoshop.azdigi.shop\/","logo":{"@type":"ImageObject","inLanguage":"vi","@id":"https:\/\/beoshop.azdigi.shop\/#\/schema\/logo\/image\/","url":"https:\/\/beoshop.azdigi.shop\/wp-content\/uploads\/2026\/03\/Black-and-White-Simple-Cat-Pet-Accessories-Logo.png","contentUrl":"https:\/\/beoshop.azdigi.shop\/wp-content\/uploads\/2026\/03\/Black-and-White-Simple-Cat-Pet-Accessories-Logo.png","width":2000,"height":2000,"caption":"thucung123"},"image":{"@id":"https:\/\/beoshop.azdigi.shop\/#\/schema\/logo\/image\/"}}]}},"brands":[],"_links":{"self":[{"href":"https:\/\/beoshop.azdigi.shop\/index.php\/wp-json\/wp\/v2\/product\/686","targetHints":{"allow":["GET"]}}],"collection":[{"href":"https:\/\/beoshop.azdigi.shop\/index.php\/wp-json\/wp\/v2\/product"}],"about":[{"href":"https:\/\/beoshop.azdigi.shop\/index.php\/wp-json\/wp\/v2\/types\/product"}],"replies":[{"embeddable":true,"href":"https:\/\/beoshop.azdigi.shop\/index.php\/wp-json\/wp\/v2\/comments?post=686"}],"wp:featuredmedia":[{"embeddable":true,"href":"https:\/\/beoshop.azdigi.shop\/index.php\/wp-json\/wp\/v2\/media\/687"}],"wp:attachment":[{"href":"https:\/\/beoshop.azdigi.shop\/index.php\/wp-json\/wp\/v2\/media?parent=686"}],"wp:term":[{"taxonomy":"pwb-brand","embeddable":true,"href":"https:\/\/beoshop.azdigi.shop\/index.php\/wp-json\/wp\/v2\/pwb-brand?post=686"},{"taxonomy":"product_brand","embeddable":true,"href":"https:\/\/beoshop.azdigi.shop\/index.php\/wp-json\/wp\/v2\/product_brand?post=686"},{"taxonomy":"product_cat","embeddable":true,"href":"https:\/\/beoshop.azdigi.shop\/index.php\/wp-json\/wp\/v2\/product_cat?post=686"},{"taxonomy":"product_tag","embeddable":true,"href":"https:\/\/beoshop.azdigi.shop\/index.php\/wp-json\/wp\/v2\/product_tag?post=686"}],"curies":[{"name":"wp","href":"https:\/\/api.w.org\/{rel}","templated":true}]}}