{"id":692,"date":"2026-04-18T18:50:46","date_gmt":"2026-04-18T18:50:46","guid":{"rendered":"https:\/\/beoshop.azdigi.shop\/?post_type=product&#038;p=692"},"modified":"2026-04-18T18:50:47","modified_gmt":"2026-04-18T18:50:47","slug":"kem-danh-rang-cho-cho-meo-vi-ga-jungle-monster","status":"publish","type":"product","link":"https:\/\/beoshop.azdigi.shop\/index.php\/san-pham\/kem-danh-rang-cho-cho-meo-vi-ga-jungle-monster\/","title":{"rendered":"Kem \u0110\u00e1nh R\u0103ng Cho Ch\u00f3 M\u00e8o V\u1ecb G\u00e0 Jungle Monster"},"content":{"rendered":"<h1 style=\"text-align: center;\"><strong>Kem \u0110\u00e1nh R\u0103ng Cho Ch\u00f3 M\u00e8o V\u1ecb G\u00e0 Jungle Monster<\/strong><\/h1>\n<ul>\n<li>Th\u01b0\u01a1ng hi\u1ec7u:\u00a0<strong>Jungle Monster<\/strong><\/li>\n<li>Ph\u00f9 h\u1ee3p cho: Ch\u00f3\/M\u00e8o t\u1eeb 6 th\u00e1ng tu\u1ed5i tr\u1edf l\u00ean<\/li>\n<li>S\u1ea3n ph\u1ea9m\u00a0<strong><a href=\"https:\/\/beoshop.azdigi.shop\/index.php\/danh-muc-san-pham\/meo\/ve-sinh-rang-mieng-meo\/\">ch\u0103m s\u00f3c r\u0103ng mi\u1ec7ng\u00a0cho ch\u00f3 m\u00e8o<\/a><\/strong>, gi\u00fap kh\u1eed m\u00f9i h\u00f4i mi\u1ec7ng, ki\u1ec3m so\u00e1t m\u1ea3ng b\u00e1m v\u00e0 cao r\u0103ng v\u1edbi h\u01b0\u01a1ng v\u1ecb g\u00e0 th\u01a1m ngon d\u1ec5 ch\u1ecbu. Th\u00e0nh ph\u1ea7n an to\u00e0n, d\u1ec5 s\u1eed d\u1ee5ng.<\/li>\n<\/ul>\n<p><strong>L\u1ee3i \u00edch<\/strong><\/p>\n<ul>\n<li data-start=\"125\" data-end=\"184\">Ch\u0103m s\u00f3c r\u0103ng mi\u1ec7ng to\u00e0n di\u1ec7n cho ch\u00f3 m\u00e8o m\u1ecdi k\u00edch c\u1ee1<\/li>\n<li data-start=\"187\" data-end=\"262\">L\u00f4ng b\u00e0n ch\u1ea3i si\u00eau m\u1ec1m, nh\u1eb9 nh\u00e0ng v\u1edbi n\u01b0\u1edbu \u2013 ph\u00f9 h\u1ee3p cho th\u00fa c\u01b0ng nh\u1ecf<\/li>\n<li data-start=\"265\" data-end=\"317\">Tay c\u1ea7m ch\u1ed1ng tr\u01b0\u1ee3t, d\u1ec5 thao t\u00e1c khi \u0111\u00e1nh r\u0103ng<\/li>\n<li data-start=\"320\" data-end=\"408\">Kem \u0111\u00e1nh r\u0103ng v\u1ecb g\u00e0 th\u01a1m ngon, gi\u00fap lo\u1ea1i b\u1ecf m\u00f9i h\u00f4i, ki\u1ec3m so\u00e1t m\u1ea3ng b\u00e1m &amp; cao r\u0103ng<\/li>\n<li data-start=\"411\" data-end=\"485\">Th\u00e0nh ph\u1ea7n an to\u00e0n, c\u00f3 th\u1ec3 nu\u1ed1t \u0111\u01b0\u1ee3c \u2013 y\u00ean t\u00e2m khi s\u1eed d\u1ee5ng h\u00e0ng ng\u00e0y<\/li>\n<li data-start=\"488\" data-end=\"550\">D\u1ec5 d\u00f9ng: c\u00f3 th\u1ec3 b\u00f4i tr\u1ef1c ti\u1ebfp ho\u1eb7c \u0111\u00e1nh r\u0103ng b\u1eb1ng b\u00e0n ch\u1ea3i<\/li>\n<\/ul>\n<p><strong>Th\u00e0nh ph\u1ea7n<\/strong><\/p>\n<ul>\n<li data-pm-slice=\"0 0 []\">\n<p data-pm-slice=\"1 1 []\">N\u01b0\u1edbc tinh khi\u1ebft, Glycerin, D-Sorbitol, Propanediol, Polyglyceryl-10 Laurate, K\u1ebdm Gluconate, Xanthan Gum, Allantoin, Kali Sorbate, Natri Gluconate, H\u01b0\u01a1ng li\u1ec7u, Axit Citric, Natri Citrat, Chi\u1ebft xu\u1ea5t Nothodactylus, Bromelain<\/p>\n<\/li>\n<li data-pm-slice=\"0 0 []\">M\u00e8o n\u1eb7ng d\u01b0\u1edbi 6kg\/ Ch\u00f3 n\u1eb7ng d\u01b0\u1edbi 8kg\u00a0<span dir=\"auto\">\ud83d\udc49\u00a0Dentisoft S<\/span><\/li>\n<li data-pm-slice=\"0 0 []\">\n<p class=\"QN2lPu\"><span dir=\"auto\">M\u00e8o n\u1eb7ng h\u01a1n 6kg\/ Ch\u00f3 n\u1eb7ng h\u01a1n 8kg \ud83d\udc49\u00a0Dentisoft M<\/span><\/p>\n<\/li>\n<\/ul>\n<p><strong>H\u01b0\u1edbng d\u1eabn s\u1eed d\u1ee5ng<\/strong><\/p>\n<ul>\n<li>Nh\u1eb9 nh\u00e0ng m\u1edf mi\u1ec7ng th\u00fa c\u01b0ng v\u00e0 b\u00f4i tr\u1ef1c ti\u1ebfp l\u00ean r\u0103ng c\u1ee7a ch\u00fang.<\/li>\n<li>B\u00f4i m\u1ed9t \u00edt kem \u0111\u00e1nh r\u0103ng l\u00ean b\u00e0n ch\u1ea3i v\u00e0 \u0111\u00e1nh r\u0103ng cho th\u00fa c\u01b0ng c\u1ee7a b\u1ea1n.<\/li>\n<\/ul>\n","protected":false},"excerpt":{"rendered":"<p>Kem \u0110\u00e1nh R\u0103ng Cho Ch\u00f3 M\u00e8o V\u1ecb G\u00e0 Jungle Monster Th\u01b0\u01a1ng hi\u1ec7u:\u00a0Jungle Monster Ph\u00f9 h\u1ee3p cho: Ch\u00f3\/M\u00e8o t\u1eeb 6 th\u00e1ng tu\u1ed5i tr\u1edf l\u00ean S\u1ea3n ph\u1ea9m\u00a0ch\u0103m s\u00f3c r\u0103ng mi\u1ec7ng\u00a0cho ch\u00f3 m\u00e8o, gi\u00fap kh\u1eed m\u00f9i h\u00f4i mi\u1ec7ng, ki\u1ec3m so\u00e1t m\u1ea3ng b\u00e1m v\u00e0 cao r\u0103ng v\u1edbi h\u01b0\u01a1ng v\u1ecb g\u00e0 th\u01a1m ngon d\u1ec5 ch\u1ecbu. Th\u00e0nh ph\u1ea7n an to\u00e0n, d\u1ec5 [&#8230;]\n","protected":false},"featured_media":695,"comment_status":"open","ping_status":"closed","template":"","meta":[],"pwb-brand":[],"product_brand":[],"product_cat":[61,20,28,39,32,63],"product_tag":[],"class_list":{"0":"post-692","1":"product","2":"type-product","3":"status-publish","4":"has-post-thumbnail","6":"product_cat-cham-soc-ve-sinh-meo","7":"product_cat-cham-soc-ve-sinh","8":"product_cat-cho","9":"product_cat-meo","10":"product_cat-ve-sinh-rang-mieng","11":"product_cat-ve-sinh-rang-mieng-meo","13":"first","14":"instock","15":"shipping-taxable","16":"purchasable","17":"product-type-variable"},"yoast_head":"<!-- This site is optimized with the Yoast SEO plugin v27.1.1 - https:\/\/yoast.com\/product\/yoast-seo-wordpress\/ -->\n<title>Kem \u0110\u00e1nh R\u0103ng Cho Ch\u00f3 M\u00e8o V\u1ecb G\u00e0 Jungle Monster - thucung123<\/title>\n<meta name=\"description\" content=\"Kem \u0110\u00e1nh R\u0103ng Cho Ch\u00f3 M\u00e8o V\u1ecb G\u00e0 Jungle Monster\" \/>\n<meta name=\"robots\" content=\"index, follow, max-snippet:-1, max-image-preview:large, max-video-preview:-1\" \/>\n<link rel=\"canonical\" href=\"https:\/\/beoshop.azdigi.shop\/index.php\/san-pham\/kem-danh-rang-cho-cho-meo-vi-ga-jungle-monster\/\" \/>\n<meta property=\"og:locale\" content=\"vi_VN\" \/>\n<meta property=\"og:type\" content=\"article\" \/>\n<meta property=\"og:title\" content=\"Kem \u0110\u00e1nh R\u0103ng Cho Ch\u00f3 M\u00e8o V\u1ecb G\u00e0 Jungle Monster - thucung123\" \/>\n<meta property=\"og:description\" content=\"Kem \u0110\u00e1nh R\u0103ng Cho Ch\u00f3 M\u00e8o V\u1ecb G\u00e0 Jungle Monster\" \/>\n<meta property=\"og:url\" content=\"https:\/\/beoshop.azdigi.shop\/index.php\/san-pham\/kem-danh-rang-cho-cho-meo-vi-ga-jungle-monster\/\" \/>\n<meta property=\"og:site_name\" content=\"thucung123\" \/>\n<meta property=\"article:modified_time\" content=\"2026-04-18T18:50:47+00:00\" \/>\n<meta property=\"og:image\" content=\"https:\/\/beoshop.azdigi.shop\/wp-content\/uploads\/2026\/04\/kem-danh-rang-cho-cho-meo-vi-ga-jungle-monster_2.webp\" \/>\n\t<meta property=\"og:image:width\" content=\"800\" \/>\n\t<meta property=\"og:image:height\" content=\"800\" \/>\n\t<meta property=\"og:image:type\" content=\"image\/webp\" \/>\n<meta name=\"twitter:card\" content=\"summary_large_image\" \/>\n<meta name=\"twitter:label1\" content=\"\u01af\u1edbc t\u00ednh th\u1eddi gian \u0111\u1ecdc\" \/>\n\t<meta name=\"twitter:data1\" content=\"2 ph\u00fat\" \/>\n<script type=\"application\/ld+json\" class=\"yoast-schema-graph\">{\"@context\":\"https:\/\/schema.org\",\"@graph\":[{\"@type\":\"WebPage\",\"@id\":\"https:\/\/beoshop.azdigi.shop\/index.php\/san-pham\/kem-danh-rang-cho-cho-meo-vi-ga-jungle-monster\/\",\"url\":\"https:\/\/beoshop.azdigi.shop\/index.php\/san-pham\/kem-danh-rang-cho-cho-meo-vi-ga-jungle-monster\/\",\"name\":\"Kem \u0110\u00e1nh R\u0103ng Cho Ch\u00f3 M\u00e8o V\u1ecb G\u00e0 Jungle Monster - thucung123\",\"isPartOf\":{\"@id\":\"https:\/\/beoshop.azdigi.shop\/#website\"},\"primaryImageOfPage\":{\"@id\":\"https:\/\/beoshop.azdigi.shop\/index.php\/san-pham\/kem-danh-rang-cho-cho-meo-vi-ga-jungle-monster\/#primaryimage\"},\"image\":{\"@id\":\"https:\/\/beoshop.azdigi.shop\/index.php\/san-pham\/kem-danh-rang-cho-cho-meo-vi-ga-jungle-monster\/#primaryimage\"},\"thumbnailUrl\":\"https:\/\/beoshop.azdigi.shop\/wp-content\/uploads\/2026\/04\/kem-danh-rang-cho-cho-meo-vi-ga-jungle-monster_2.webp\",\"datePublished\":\"2026-04-18T18:50:46+00:00\",\"dateModified\":\"2026-04-18T18:50:47+00:00\",\"description\":\"Kem \u0110\u00e1nh R\u0103ng Cho Ch\u00f3 M\u00e8o V\u1ecb G\u00e0 Jungle Monster\",\"breadcrumb\":{\"@id\":\"https:\/\/beoshop.azdigi.shop\/index.php\/san-pham\/kem-danh-rang-cho-cho-meo-vi-ga-jungle-monster\/#breadcrumb\"},\"inLanguage\":\"vi\",\"potentialAction\":[{\"@type\":\"ReadAction\",\"target\":[\"https:\/\/beoshop.azdigi.shop\/index.php\/san-pham\/kem-danh-rang-cho-cho-meo-vi-ga-jungle-monster\/\"]}]},{\"@type\":\"ImageObject\",\"inLanguage\":\"vi\",\"@id\":\"https:\/\/beoshop.azdigi.shop\/index.php\/san-pham\/kem-danh-rang-cho-cho-meo-vi-ga-jungle-monster\/#primaryimage\",\"url\":\"https:\/\/beoshop.azdigi.shop\/wp-content\/uploads\/2026\/04\/kem-danh-rang-cho-cho-meo-vi-ga-jungle-monster_2.webp\",\"contentUrl\":\"https:\/\/beoshop.azdigi.shop\/wp-content\/uploads\/2026\/04\/kem-danh-rang-cho-cho-meo-vi-ga-jungle-monster_2.webp\",\"width\":800,\"height\":800},{\"@type\":\"BreadcrumbList\",\"@id\":\"https:\/\/beoshop.azdigi.shop\/index.php\/san-pham\/kem-danh-rang-cho-cho-meo-vi-ga-jungle-monster\/#breadcrumb\",\"itemListElement\":[{\"@type\":\"ListItem\",\"position\":1,\"name\":\"Trang ch\u1ee7\",\"item\":\"https:\/\/beoshop.azdigi.shop\/\"},{\"@type\":\"ListItem\",\"position\":2,\"name\":\"S\u1ea3n ph\u1ea9m\",\"item\":\"https:\/\/beoshop.azdigi.shop\/index.php\/cua-hang__trashed\/\"},{\"@type\":\"ListItem\",\"position\":3,\"name\":\"Kem \u0110\u00e1nh R\u0103ng Cho Ch\u00f3 M\u00e8o V\u1ecb G\u00e0 Jungle Monster\"}]},{\"@type\":\"WebSite\",\"@id\":\"https:\/\/beoshop.azdigi.shop\/#website\",\"url\":\"https:\/\/beoshop.azdigi.shop\/\",\"name\":\"thucung123\",\"description\":\"\",\"publisher\":{\"@id\":\"https:\/\/beoshop.azdigi.shop\/#organization\"},\"potentialAction\":[{\"@type\":\"SearchAction\",\"target\":{\"@type\":\"EntryPoint\",\"urlTemplate\":\"https:\/\/beoshop.azdigi.shop\/?s={search_term_string}\"},\"query-input\":{\"@type\":\"PropertyValueSpecification\",\"valueRequired\":true,\"valueName\":\"search_term_string\"}}],\"inLanguage\":\"vi\"},{\"@type\":\"Organization\",\"@id\":\"https:\/\/beoshop.azdigi.shop\/#organization\",\"name\":\"thucung123\",\"url\":\"https:\/\/beoshop.azdigi.shop\/\",\"logo\":{\"@type\":\"ImageObject\",\"inLanguage\":\"vi\",\"@id\":\"https:\/\/beoshop.azdigi.shop\/#\/schema\/logo\/image\/\",\"url\":\"https:\/\/beoshop.azdigi.shop\/wp-content\/uploads\/2026\/03\/Black-and-White-Simple-Cat-Pet-Accessories-Logo.png\",\"contentUrl\":\"https:\/\/beoshop.azdigi.shop\/wp-content\/uploads\/2026\/03\/Black-and-White-Simple-Cat-Pet-Accessories-Logo.png\",\"width\":2000,\"height\":2000,\"caption\":\"thucung123\"},\"image\":{\"@id\":\"https:\/\/beoshop.azdigi.shop\/#\/schema\/logo\/image\/\"}}]}<\/script>\n<!-- \/ Yoast SEO plugin. -->","yoast_head_json":{"title":"Kem \u0110\u00e1nh R\u0103ng Cho Ch\u00f3 M\u00e8o V\u1ecb G\u00e0 Jungle Monster - thucung123","description":"Kem \u0110\u00e1nh R\u0103ng Cho Ch\u00f3 M\u00e8o V\u1ecb G\u00e0 Jungle Monster","robots":{"index":"index","follow":"follow","max-snippet":"max-snippet:-1","max-image-preview":"max-image-preview:large","max-video-preview":"max-video-preview:-1"},"canonical":"https:\/\/beoshop.azdigi.shop\/index.php\/san-pham\/kem-danh-rang-cho-cho-meo-vi-ga-jungle-monster\/","og_locale":"vi_VN","og_type":"article","og_title":"Kem \u0110\u00e1nh R\u0103ng Cho Ch\u00f3 M\u00e8o V\u1ecb G\u00e0 Jungle Monster - thucung123","og_description":"Kem \u0110\u00e1nh R\u0103ng Cho Ch\u00f3 M\u00e8o V\u1ecb G\u00e0 Jungle Monster","og_url":"https:\/\/beoshop.azdigi.shop\/index.php\/san-pham\/kem-danh-rang-cho-cho-meo-vi-ga-jungle-monster\/","og_site_name":"thucung123","article_modified_time":"2026-04-18T18:50:47+00:00","og_image":[{"width":800,"height":800,"url":"https:\/\/beoshop.azdigi.shop\/wp-content\/uploads\/2026\/04\/kem-danh-rang-cho-cho-meo-vi-ga-jungle-monster_2.webp","type":"image\/webp"}],"twitter_card":"summary_large_image","twitter_misc":{"\u01af\u1edbc t\u00ednh th\u1eddi gian \u0111\u1ecdc":"2 ph\u00fat"},"schema":{"@context":"https:\/\/schema.org","@graph":[{"@type":"WebPage","@id":"https:\/\/beoshop.azdigi.shop\/index.php\/san-pham\/kem-danh-rang-cho-cho-meo-vi-ga-jungle-monster\/","url":"https:\/\/beoshop.azdigi.shop\/index.php\/san-pham\/kem-danh-rang-cho-cho-meo-vi-ga-jungle-monster\/","name":"Kem \u0110\u00e1nh R\u0103ng Cho Ch\u00f3 M\u00e8o V\u1ecb G\u00e0 Jungle Monster - thucung123","isPartOf":{"@id":"https:\/\/beoshop.azdigi.shop\/#website"},"primaryImageOfPage":{"@id":"https:\/\/beoshop.azdigi.shop\/index.php\/san-pham\/kem-danh-rang-cho-cho-meo-vi-ga-jungle-monster\/#primaryimage"},"image":{"@id":"https:\/\/beoshop.azdigi.shop\/index.php\/san-pham\/kem-danh-rang-cho-cho-meo-vi-ga-jungle-monster\/#primaryimage"},"thumbnailUrl":"https:\/\/beoshop.azdigi.shop\/wp-content\/uploads\/2026\/04\/kem-danh-rang-cho-cho-meo-vi-ga-jungle-monster_2.webp","datePublished":"2026-04-18T18:50:46+00:00","dateModified":"2026-04-18T18:50:47+00:00","description":"Kem \u0110\u00e1nh R\u0103ng Cho Ch\u00f3 M\u00e8o V\u1ecb G\u00e0 Jungle Monster","breadcrumb":{"@id":"https:\/\/beoshop.azdigi.shop\/index.php\/san-pham\/kem-danh-rang-cho-cho-meo-vi-ga-jungle-monster\/#breadcrumb"},"inLanguage":"vi","potentialAction":[{"@type":"ReadAction","target":["https:\/\/beoshop.azdigi.shop\/index.php\/san-pham\/kem-danh-rang-cho-cho-meo-vi-ga-jungle-monster\/"]}]},{"@type":"ImageObject","inLanguage":"vi","@id":"https:\/\/beoshop.azdigi.shop\/index.php\/san-pham\/kem-danh-rang-cho-cho-meo-vi-ga-jungle-monster\/#primaryimage","url":"https:\/\/beoshop.azdigi.shop\/wp-content\/uploads\/2026\/04\/kem-danh-rang-cho-cho-meo-vi-ga-jungle-monster_2.webp","contentUrl":"https:\/\/beoshop.azdigi.shop\/wp-content\/uploads\/2026\/04\/kem-danh-rang-cho-cho-meo-vi-ga-jungle-monster_2.webp","width":800,"height":800},{"@type":"BreadcrumbList","@id":"https:\/\/beoshop.azdigi.shop\/index.php\/san-pham\/kem-danh-rang-cho-cho-meo-vi-ga-jungle-monster\/#breadcrumb","itemListElement":[{"@type":"ListItem","position":1,"name":"Trang ch\u1ee7","item":"https:\/\/beoshop.azdigi.shop\/"},{"@type":"ListItem","position":2,"name":"S\u1ea3n ph\u1ea9m","item":"https:\/\/beoshop.azdigi.shop\/index.php\/cua-hang__trashed\/"},{"@type":"ListItem","position":3,"name":"Kem \u0110\u00e1nh R\u0103ng Cho Ch\u00f3 M\u00e8o V\u1ecb G\u00e0 Jungle Monster"}]},{"@type":"WebSite","@id":"https:\/\/beoshop.azdigi.shop\/#website","url":"https:\/\/beoshop.azdigi.shop\/","name":"thucung123","description":"","publisher":{"@id":"https:\/\/beoshop.azdigi.shop\/#organization"},"potentialAction":[{"@type":"SearchAction","target":{"@type":"EntryPoint","urlTemplate":"https:\/\/beoshop.azdigi.shop\/?s={search_term_string}"},"query-input":{"@type":"PropertyValueSpecification","valueRequired":true,"valueName":"search_term_string"}}],"inLanguage":"vi"},{"@type":"Organization","@id":"https:\/\/beoshop.azdigi.shop\/#organization","name":"thucung123","url":"https:\/\/beoshop.azdigi.shop\/","logo":{"@type":"ImageObject","inLanguage":"vi","@id":"https:\/\/beoshop.azdigi.shop\/#\/schema\/logo\/image\/","url":"https:\/\/beoshop.azdigi.shop\/wp-content\/uploads\/2026\/03\/Black-and-White-Simple-Cat-Pet-Accessories-Logo.png","contentUrl":"https:\/\/beoshop.azdigi.shop\/wp-content\/uploads\/2026\/03\/Black-and-White-Simple-Cat-Pet-Accessories-Logo.png","width":2000,"height":2000,"caption":"thucung123"},"image":{"@id":"https:\/\/beoshop.azdigi.shop\/#\/schema\/logo\/image\/"}}]}},"brands":[],"_links":{"self":[{"href":"https:\/\/beoshop.azdigi.shop\/index.php\/wp-json\/wp\/v2\/product\/692","targetHints":{"allow":["GET"]}}],"collection":[{"href":"https:\/\/beoshop.azdigi.shop\/index.php\/wp-json\/wp\/v2\/product"}],"about":[{"href":"https:\/\/beoshop.azdigi.shop\/index.php\/wp-json\/wp\/v2\/types\/product"}],"replies":[{"embeddable":true,"href":"https:\/\/beoshop.azdigi.shop\/index.php\/wp-json\/wp\/v2\/comments?post=692"}],"wp:featuredmedia":[{"embeddable":true,"href":"https:\/\/beoshop.azdigi.shop\/index.php\/wp-json\/wp\/v2\/media\/695"}],"wp:attachment":[{"href":"https:\/\/beoshop.azdigi.shop\/index.php\/wp-json\/wp\/v2\/media?parent=692"}],"wp:term":[{"taxonomy":"pwb-brand","embeddable":true,"href":"https:\/\/beoshop.azdigi.shop\/index.php\/wp-json\/wp\/v2\/pwb-brand?post=692"},{"taxonomy":"product_brand","embeddable":true,"href":"https:\/\/beoshop.azdigi.shop\/index.php\/wp-json\/wp\/v2\/product_brand?post=692"},{"taxonomy":"product_cat","embeddable":true,"href":"https:\/\/beoshop.azdigi.shop\/index.php\/wp-json\/wp\/v2\/product_cat?post=692"},{"taxonomy":"product_tag","embeddable":true,"href":"https:\/\/beoshop.azdigi.shop\/index.php\/wp-json\/wp\/v2\/product_tag?post=692"}],"curies":[{"name":"wp","href":"https:\/\/api.w.org\/{rel}","templated":true}]}}